{"id":1502,"date":"2020-08-17T05:48:30","date_gmt":"2020-08-17T05:48:30","guid":{"rendered":"http:\/\/wldstainless.com\/?page_id=1502"},"modified":"2020-09-18T09:28:55","modified_gmt":"2020-09-18T09:28:55","slug":"316-316l-stainless-steel","status":"publish","type":"page","link":"https:\/\/wldstainless.com\/tr\/materials\/austenitic-stainless-steel\/316-316l-stainless-steel\/","title":{"rendered":"316\/316L Paslanmaz \u00c7elik"},"content":{"rendered":"<div class='flex_column_table av-equal-height-column-flextable -flextable' ><div class=\"flex_column av_one_fourth  flex_column_table_cell av-equal-height-column av-align-top av-zero-column-padding first\" style='border-radius:0px; '><p><div class='avia-builder-widget-area clearfix'><div id=\"nav_menu-5\" class=\"widget clearfix widget_nav_menu\"><h3 class=\"widgettitle\">Malzeme<\/h3><div class=\"menu-products-sidebar-menu-container\"><ul id=\"menu-products-sidebar-menu\" class=\"menu\"><li id=\"menu-item-1329\" class=\"menu-item menu-item-type-post_type menu-item-object-page menu-item-1329\"><a href=\"https:\/\/wldstainless.com\/tr\/materials\/ferritic-stainless-steel\/\">Ferritik Paslanmaz \u00c7elik<\/a><\/li>\n<li id=\"menu-item-1328\" class=\"menu-item menu-item-type-post_type menu-item-object-page menu-item-1328\"><a href=\"https:\/\/wldstainless.com\/tr\/materials\/martensitic-stainless-steel\/\">Martensitik Paslanmaz \u00c7elik<\/a><\/li>\n<li id=\"menu-item-1327\" class=\"menu-item menu-item-type-post_type menu-item-object-page menu-item-1327\"><a href=\"https:\/\/wldstainless.com\/tr\/materials\/austenitic-stainless-steel\/\">\u00d6stenitik paslanmaz \u00e7elik<\/a><\/li>\n<li id=\"menu-item-1889\" class=\"menu-item menu-item-type-post_type menu-item-object-page menu-item-1889\"><a href=\"https:\/\/wldstainless.com\/tr\/materials\/duplex-stainless-steel\/\">Dubleks Paslanmaz \u00c7elik<\/a><\/li>\n<\/ul><\/div><\/div><\/div><br \/>\n<div  class='hr hr-default'><span class='hr-inner' ><span class='hr-inner-style'><\/span><\/span><\/div><br \/>\n<div class='avia-button-wrap avia-button-left'><a href='http:\/\/wldstainless.com\/contact\/#contact' class='avia-button   avia-icon_select-yes-left-icon avia-color-custom avia-size-large avia-position-left'  target=\"_blank\"  style='background-color:#e82221; border-color:#e82221; color:#ffffff; ' ><span class='avia_button_icon avia_button_icon_left' aria-hidden='true' data-av_icon='\ue84b' data-av_iconfont='entypo-fontello'><\/span><span class='avia_iconbox_title' >Bir teklif iste\u011fi<\/span><\/a><\/div><\/p><\/div><\/div><!--close column table wrapper. Autoclose: 1 --><div class='flex_column_table av-equal-height-column-flextable -flextable' ><div class='av-flex-placeholder'><\/div><div class=\"flex_column av_three_fourth  flex_column_table_cell av-equal-height-column av-align-top av-zero-column-padding\" style='border-radius:0px; '><p><div style='padding-bottom:10px;color:#d3311f;font-size:26px;' class='av-special-heading av-special-heading-h3 custom-color-heading blockquote modern-quote   av-inherit-size'><h3 class='av-special-heading-tag'  itemprop=\"headline\"  >316\/316L Paslanmaz \u00c7elik<\/h3><div class='special-heading-border'><div class='special-heading-inner-border' style='border-color:#d3311f'><\/div><\/div><\/div><br \/>\n<section class=\"av_textblock_section\"  itemscope=\"itemscope\" itemtype=\"https:\/\/schema.org\/CreativeWork\" ><div class='avia_textblock'   itemprop=\"text\" ><p>WLD Steel, boru, t\u00fcp, levha, levha, \u00e7ubuk, \u00e7ubuk ve melek, kanal, daire, kesilmi\u015f par\u00e7a vb. di\u011fer \u015fekillerdeki 316\/316L paslanmaz \u00e7eli\u011fin lider \u00fcreticisi, tedarik\u00e7isi ve ihracat\u00e7\u0131s\u0131d\u0131r. 304 ve 304L&#039;ye benzer \u015fekilde, daha fazla Mo i\u00e7eri\u011fine sahip olan \u00d6stenitik paslanmaz \u00e7elik 316 ve 316L, iyi mukavemet, plastisite, tokluk ve so\u011fuk \u015fekillendirme \u00f6zellikleri sunar. 316L, 316&#039;n\u0131n biraz daha d\u00fc\u015f\u00fck mukavemete sahip, d\u00fc\u015f\u00fck karbonlu bir versiyonudur.<\/p>\n<p>Her ikisi de korozyon direnci sa\u011flar ve \u00f6zellikle \u00e7e\u015fitli organik asitler, inorganik asitler, bazlar ve tuzlar (s\u00fclf\u00fcrik asit, s\u00fclf\u00fcrik asit, fosforik asit, asetik asit, formik asit vb.) ve deniz suyunda d\u00fc\u015f\u00fck s\u0131cakl\u0131klarda iyi performans g\u00f6sterir. \u0130ndirgeyici asit ortam\u0131nda korozyon diren\u00e7lerinin 304 ve 304L paslanmaz \u00e7eli\u011fe g\u00f6re \u00e7ok daha \u00fcst\u00fcn oldu\u011funu belirtmekte fayda var.<\/p>\n<p>WLD Steel&#039;de 316\/316L&#039;nin mevcut formlar\u0131 ve \u00f6zellikleri nelerdir?<\/p>\n<table>\n<tbody>\n<tr>\n<td width=\"170\">Levha\/plaka\/bobin<\/td>\n<td width=\"170\">Diki\u015fsiz boru\/t\u00fcp<\/td>\n<td width=\"170\">Kaynakl\u0131 boru\/t\u00fcp<\/td>\n<td width=\"170\">Yuvarlak \u00e7ubuk<\/td>\n<td width=\"170\">\u015eekillendirilmi\u015f \u00e7elik (\u015eekilli)<\/td>\n<\/tr>\n<tr>\n<td width=\"170\">ASTM A240<\/td>\n<td width=\"170\">ASTM A789;<\/p>\n<p>ASTM A790<\/td>\n<td width=\"170\">ASTM A928<\/td>\n<td width=\"170\">ASTM A276;<\/p>\n<p>ASTM A479<\/td>\n<td width=\"170\">ASTM A276<\/td>\n<\/tr>\n<\/tbody>\n<\/table>\n<h2><\/h2>\n<\/div><\/section><br \/>\n<div class=\"togglecontainer   toggle_close_all\" >\n<section class=\"av_toggle_section\"  itemscope=\"itemscope\" itemtype=\"https:\/\/schema.org\/CreativeWork\"  >    <div class=\"single_toggle\" data-tags=\"{T\u00fcm\u00fc} \"  >        <p data-fake-id=\"#toggle-id-1\" class=\"toggler\"  itemprop=\"headline\"  >316\/316L E\u015fde\u011fer Kaliteler<span class=\"toggle_icon\" >        <span class=\"vert_icon\"><\/span><span class=\"hor_icon\"><\/span><\/span><\/p>        <div id=\"toggle-id-1-container\" class=\"toggle_wrap\"  >            <div class=\"toggle_content invers-color\"  itemprop=\"text\"   ><table>\n<tbody>\n<tr>\n<td width=\"123\">STANDART<\/td>\n<td width=\"123\">WERKSTOFF NR.<\/td>\n<td width=\"123\">BM<\/td>\n<td width=\"123\">JIS<\/td>\n<td width=\"123\">BS<\/td>\n<td width=\"123\">TR<\/td>\n<td width=\"124\">B\u00fcy\u00fck Britanya<\/td>\n<\/tr>\n<tr>\n<td width=\"123\">SS 316<\/td>\n<td width=\"123\">1.4401\/\u00a01.4436<\/td>\n<td width=\"123\">S31600<\/td>\n<td width=\"123\">SUS 316<\/td>\n<td width=\"123\">316S31 \/ 316S33<\/td>\n<td width=\"123\">X5CrNiMo17-12-2 \/ X3CrNiMo17-13-3<\/td>\n<td width=\"124\">06Cr17Ni12Mo2<\/td>\n<\/tr>\n<tr>\n<td width=\"123\">SS 316L<\/td>\n<td width=\"123\">1.4404\/\u00a01.4435<\/td>\n<td width=\"123\">S31603<\/td>\n<td width=\"123\">SUS 316L<\/td>\n<td width=\"123\">316S11 \/ 316S13<\/td>\n<td width=\"123\">X2CrNiMo17-12-2 \/ X2CrNiMo18-14-3<\/td>\n<td width=\"124\">022Cr17Ni12Mo2<\/td>\n<\/tr>\n<\/tbody>\n<\/table>\n            <\/div>        <\/div>    <\/div><\/section>\n<section class=\"av_toggle_section\"  itemscope=\"itemscope\" itemtype=\"https:\/\/schema.org\/CreativeWork\"  >    <div class=\"single_toggle\" data-tags=\"{T\u00fcm\u00fc} \"  >        <p data-fake-id=\"#toggle-id-2\" class=\"toggler\"  itemprop=\"headline\"  >316\/316L Kimyasal Bile\u015fimi<span class=\"toggle_icon\" >        <span class=\"vert_icon\"><\/span><span class=\"hor_icon\"><\/span><\/span><\/p>        <div id=\"toggle-id-2-container\" class=\"toggle_wrap\"  >            <div class=\"toggle_content invers-color\"  itemprop=\"text\"   ><table>\n<tbody>\n<tr>\n<td width=\"123\">STANDART<\/td>\n<td width=\"123\">WERKSTOFF NR.<\/td>\n<td width=\"102\">BM<\/td>\n<td width=\"95\">JIS<\/td>\n<td width=\"123\">BS<\/td>\n<td width=\"183\">TR<\/td>\n<td width=\"113\">B\u00fcy\u00fck Britanya<\/td>\n<\/tr>\n<tr>\n<td width=\"123\">SS 316<\/td>\n<td width=\"123\">1.4401\/\u00a01.4436<\/td>\n<td width=\"102\">S31600<\/td>\n<td width=\"95\">SUS 316<\/td>\n<td width=\"123\">316S31 \/ 316S33<\/td>\n<td width=\"183\">X5CrNiMo17-12-2 \/X3CrNiMo17-13-3<\/td>\n<td width=\"113\">06Cr17Ni12Mo2<\/td>\n<\/tr>\n<tr>\n<td width=\"123\">SS 316L<\/td>\n<td width=\"123\">1.4404\/\u00a01.4435<\/td>\n<td width=\"102\">S31603<\/td>\n<td width=\"95\">SUS 316L<\/td>\n<td width=\"123\">316S11 \/ 316S13<\/td>\n<td width=\"183\">X2CrNiMo17-12-2 \/X2CrNiMo18-14-3<\/td>\n<td width=\"113\">022Cr17Ni12Mo2<\/td>\n<\/tr>\n<\/tbody>\n<\/table>\n            <\/div>        <\/div>    <\/div><\/section>\n<section class=\"av_toggle_section\"  itemscope=\"itemscope\" itemtype=\"https:\/\/schema.org\/CreativeWork\"  >    <div class=\"single_toggle\" data-tags=\"{T\u00fcm\u00fc} \"  >        <p data-fake-id=\"#toggle-id-3\" class=\"toggler\"  itemprop=\"headline\"  > 316\/316L Mekanik \u00d6zellikler<span class=\"toggle_icon\" >        <span class=\"vert_icon\"><\/span><span class=\"hor_icon\"><\/span><\/span><\/p>        <div id=\"toggle-id-3-container\" class=\"toggle_wrap\"  >            <div class=\"toggle_content invers-color\"  itemprop=\"text\"   ><table>\n<tbody>\n<tr>\n<td width=\"88\">Notlar<\/td>\n<td width=\"88\">C<\/td>\n<td width=\"88\">Mn<\/td>\n<td width=\"88\">Si<\/td>\n<td width=\"88\">P<\/td>\n<td width=\"88\">S<\/td>\n<td width=\"88\">CR<\/td>\n<td width=\"88\">Ni<\/td>\n<td width=\"88\">Ay<\/td>\n<td width=\"88\">N<\/td>\n<\/tr>\n<tr>\n<td width=\"88\">316<br \/>\n(S31600)<\/td>\n<td width=\"88\">\u22640,08<\/td>\n<td width=\"88\">\u22642,0<\/td>\n<td width=\"88\">\u22640,75<\/td>\n<td width=\"88\">\u22640,045<\/td>\n<td width=\"88\">\u22640,03<\/td>\n<td width=\"88\">16.0-18.0<\/td>\n<td width=\"88\">10.0-14.0<\/td>\n<td width=\"88\">2.0-3.0<\/td>\n<td width=\"88\">0.10<\/td>\n<\/tr>\n<tr>\n<td width=\"88\">316L<br \/>\n(S31603)<\/td>\n<td width=\"88\">\u22640,03<\/td>\n<td width=\"88\">\u22642,0<\/td>\n<td width=\"88\">\u22640,75<\/td>\n<td width=\"88\">\u22640,045<\/td>\n<td width=\"88\">\u22640,03<\/td>\n<td width=\"88\">16.0-18.0<\/td>\n<td width=\"88\">10.0-14.0<\/td>\n<td width=\"88\">2.0-3.0<\/td>\n<td width=\"88\">0.10<\/td>\n<\/tr>\n<\/tbody>\n<\/table>\n            <\/div>        <\/div>    <\/div><\/section>\n<\/div><\/p><\/div><\/div><!--close column table wrapper. Autoclose: 1 --><\/p>","protected":false},"excerpt":{"rendered":"","protected":false},"author":1,"featured_media":0,"parent":1323,"menu_order":0,"comment_status":"closed","ping_status":"closed","template":"","meta":{"footnotes":""},"class_list":["post-1502","page","type-page","status-publish","hentry"],"aioseo_notices":[],"_links":{"self":[{"href":"https:\/\/wldstainless.com\/tr\/wp-json\/wp\/v2\/pages\/1502","targetHints":{"allow":["GET"]}}],"collection":[{"href":"https:\/\/wldstainless.com\/tr\/wp-json\/wp\/v2\/pages"}],"about":[{"href":"https:\/\/wldstainless.com\/tr\/wp-json\/wp\/v2\/types\/page"}],"author":[{"embeddable":true,"href":"https:\/\/wldstainless.com\/tr\/wp-json\/wp\/v2\/users\/1"}],"replies":[{"embeddable":true,"href":"https:\/\/wldstainless.com\/tr\/wp-json\/wp\/v2\/comments?post=1502"}],"version-history":[{"count":6,"href":"https:\/\/wldstainless.com\/tr\/wp-json\/wp\/v2\/pages\/1502\/revisions"}],"predecessor-version":[{"id":1901,"href":"https:\/\/wldstainless.com\/tr\/wp-json\/wp\/v2\/pages\/1502\/revisions\/1901"}],"up":[{"embeddable":true,"href":"https:\/\/wldstainless.com\/tr\/wp-json\/wp\/v2\/pages\/1323"}],"wp:attachment":[{"href":"https:\/\/wldstainless.com\/tr\/wp-json\/wp\/v2\/media?parent=1502"}],"curies":[{"name":"wp","href":"https:\/\/api.w.org\/{rel}","templated":true}]}}