{"id":1454,"date":"2020-08-11T09:17:01","date_gmt":"2020-08-11T09:17:01","guid":{"rendered":"http:\/\/wldstainless.com\/?page_id=1454"},"modified":"2020-09-18T09:27:56","modified_gmt":"2020-09-18T09:27:56","slug":"304-304l-stainless-steel","status":"publish","type":"page","link":"https:\/\/wldstainless.com\/tr\/materials\/austenitic-stainless-steel\/304-304l-stainless-steel\/","title":{"rendered":"304\/304L Paslanmaz \u00c7elik"},"content":{"rendered":"<div class='flex_column_table av-equal-height-column-flextable -flextable' ><div class=\"flex_column av_one_fourth  flex_column_table_cell av-equal-height-column av-align-top av-zero-column-padding first\" style='border-radius:0px; '><p><div class='avia-builder-widget-area clearfix'><div id=\"nav_menu-5\" class=\"widget clearfix widget_nav_menu\"><h3 class=\"widgettitle\">Malzeme<\/h3><div class=\"menu-products-sidebar-menu-container\"><ul id=\"menu-products-sidebar-menu\" class=\"menu\"><li id=\"menu-item-1329\" class=\"menu-item menu-item-type-post_type menu-item-object-page menu-item-1329\"><a href=\"https:\/\/wldstainless.com\/tr\/materials\/ferritic-stainless-steel\/\">Ferritik Paslanmaz \u00c7elik<\/a><\/li>\n<li id=\"menu-item-1328\" class=\"menu-item menu-item-type-post_type menu-item-object-page menu-item-1328\"><a href=\"https:\/\/wldstainless.com\/tr\/materials\/martensitic-stainless-steel\/\">Martensitik Paslanmaz \u00c7elik<\/a><\/li>\n<li id=\"menu-item-1327\" class=\"menu-item menu-item-type-post_type menu-item-object-page menu-item-1327\"><a href=\"https:\/\/wldstainless.com\/tr\/materials\/austenitic-stainless-steel\/\">\u00d6stenitik paslanmaz \u00e7elik<\/a><\/li>\n<li id=\"menu-item-1889\" class=\"menu-item menu-item-type-post_type menu-item-object-page menu-item-1889\"><a href=\"https:\/\/wldstainless.com\/tr\/materials\/duplex-stainless-steel\/\">Dubleks Paslanmaz \u00c7elik<\/a><\/li>\n<\/ul><\/div><\/div><\/div><br \/>\n<div  class='hr hr-default'><span class='hr-inner' ><span class='hr-inner-style'><\/span><\/span><\/div><br \/>\n<div class='avia-button-wrap avia-button-left'><a href='http:\/\/wldstainless.com\/contact\/#contact' class='avia-button   avia-icon_select-yes-left-icon avia-color-custom avia-size-large avia-position-left'  target=\"_blank\"  style='background-color:#e82221; border-color:#e82221; color:#ffffff; ' ><span class='avia_button_icon avia_button_icon_left' aria-hidden='true' data-av_icon='\ue84b' data-av_iconfont='entypo-fontello'><\/span><span class='avia_iconbox_title' >Bir teklif iste\u011fi<\/span><\/a><\/div><\/p><\/div><\/div><!--close column table wrapper. Autoclose: 1 -->\n<div class='flex_column_table av-equal-height-column-flextable -flextable' ><div class='av-flex-placeholder'><\/div><div class=\"flex_column av_three_fourth  flex_column_table_cell av-equal-height-column av-align-top av-zero-column-padding\" style='border-radius:0px; '><p><div style='padding-bottom:10px;color:#d3311f;font-size:26px;' class='av-special-heading av-special-heading-h3 custom-color-heading blockquote modern-quote   av-inherit-size'><h3 class='av-special-heading-tag'  itemprop=\"headline\"  >304\/304L Paslanmaz \u00c7elik<\/h3><div class='special-heading-border'><div class='special-heading-inner-border' style='border-color:#d3311f'><\/div><\/div><\/div><br \/>\n<section class=\"av_textblock_section\"  itemscope=\"itemscope\" itemtype=\"https:\/\/schema.org\/CreativeWork\" ><div class='avia_textblock'   itemprop=\"text\" ><p>WLD Paslanmaz, boru, t\u00fcp, levha, levha, \u00e7ubuk, \u00e7ubuk ve melek, kanal, daire, kesilmi\u015f par\u00e7a gibi di\u011fer \u015fekillerdeki 304\/304L paslanmaz \u00e7eli\u011fin lider \u00fcreticisi, tedarik\u00e7isi ve ihracat\u00e7\u0131s\u0131d\u0131r. 304 paslanmaz \u00e7elik en yayg\u0131n olarak kullan\u0131lan, \u00f6stenitik paslanmaz \u00e7eli\u011fin en b\u00fcy\u00fck t\u00fcketimi 18-8 paslanmaz \u00e7eli\u011fe dayal\u0131 bir kalitedir. \u00d6stenit yap\u0131s\u0131 ona iyi so\u011fuk ve s\u0131cak i\u015fleme \u00f6zellikleri, manyetik olmayan ve iyi d\u00fc\u015f\u00fck s\u0131cakl\u0131k \u00f6zellikleri sa\u011flar. 304 paslanmaz \u00e7elik, m\u00fckemmel kristaller aras\u0131 korozyon direnci ve alkali \u00e7\u00f6zeltide ve \u00e7o\u011fu organik asit, inorganik asitin yan\u0131 s\u0131ra atmosfer ve su buhar\u0131nda iyi korozyon direnci sunar. 304L, 304&#039;\u00fcn d\u00fc\u015f\u00fck karbonlu bir versiyonudur ve 304 paslanmaz \u00e7eli\u011fe g\u00f6re biraz daha d\u00fc\u015f\u00fck mukavemete sahiptir ancak kristaller aras\u0131 korozyon direnci \u00f6nemli \u00f6l\u00e7\u00fcde daha iyidir, bazen 321 paslanmaz \u00e7eli\u011fin alternatif bir malzemesi olabilir.<\/p>\n<p><strong>WLD Steel&#039;de 304\/304L&#039;nin mevcut formlar\u0131 ve \u00f6zellikleri nelerdir?<\/strong><\/p>\n<table>\n<tbody>\n<tr>\n<td width=\"170\">Levha\/plaka\/bobin<\/td>\n<td width=\"170\">Diki\u015fsiz boru\/t\u00fcp<\/td>\n<td width=\"170\">Kaynakl\u0131 boru\/t\u00fcp<\/td>\n<td width=\"170\">Yuvarlak \u00e7ubuk<\/td>\n<td width=\"170\">\u015eekillendirilmi\u015f \u00e7elik (\u015eekilli)<\/td>\n<\/tr>\n<tr>\n<td width=\"170\">ASTM A240<\/td>\n<td width=\"170\">ASTM A789;<\/p>\n<p>ASTM A790<\/td>\n<td width=\"170\">ASTM A928<\/td>\n<td width=\"170\">ASTM A276;<\/p>\n<p>ASTM A479<\/td>\n<td width=\"170\">ASTM A276<\/td>\n<\/tr>\n<\/tbody>\n<\/table>\n<h2><\/h2>\n<\/div><\/section><br \/>\n<div class=\"togglecontainer   toggle_close_all\" >\n<section class=\"av_toggle_section\"  itemscope=\"itemscope\" itemtype=\"https:\/\/schema.org\/CreativeWork\"  >    <div class=\"single_toggle\" data-tags=\"{T\u00fcm\u00fc} \"  >        <p data-fake-id=\"#toggle-id-1\" class=\"toggler\"  itemprop=\"headline\"  >304\/304L E\u015fde\u011fer Kaliteler<span class=\"toggle_icon\" >        <span class=\"vert_icon\"><\/span><span class=\"hor_icon\"><\/span><\/span><\/p>        <div id=\"toggle-id-1-container\" class=\"toggle_wrap\"  >            <div class=\"toggle_content invers-color\"  itemprop=\"text\"   ><table>\n<tbody>\n<tr>\n<td>STANDART<\/td>\n<td>WERKSTOFF NR.<\/td>\n<td>BM<\/td>\n<td>JIS<\/td>\n<td>BS<\/td>\n<td>GOST<\/td>\n<td>AFNOR<\/td>\n<td>TR<\/td>\n<\/tr>\n<tr>\n<td>SS 304<\/td>\n<td>1.4301<\/td>\n<td>S30400<\/td>\n<td>SUS 304<\/td>\n<td>304S31<\/td>\n<td>08\u042518\u041d10<\/td>\n<td>Z7CN18-09<\/td>\n<td>X5CrNi18-10<\/td>\n<\/tr>\n<\/tbody>\n<\/table>\n            <\/div>        <\/div>    <\/div><\/section>\n<section class=\"av_toggle_section\"  itemscope=\"itemscope\" itemtype=\"https:\/\/schema.org\/CreativeWork\"  >    <div class=\"single_toggle\" data-tags=\"{T\u00fcm\u00fc} \"  >        <p data-fake-id=\"#toggle-id-2\" class=\"toggler\"  itemprop=\"headline\"  >304\/304L Kimyasal Bile\u015fimi<span class=\"toggle_icon\" >        <span class=\"vert_icon\"><\/span><span class=\"hor_icon\"><\/span><\/span><\/p>        <div id=\"toggle-id-2-container\" class=\"toggle_wrap\"  >            <div class=\"toggle_content invers-color\"  itemprop=\"text\"   ><table>\n<tbody>\n<tr>\n<td>Notlar<\/td>\n<td>C,maks<\/td>\n<td width=\"100\">Mn,maks<\/td>\n<td width=\"102\">Si, maksimum<\/td>\n<td>P,maks<\/td>\n<td>S,maks<\/td>\n<td>Cr, dk<\/td>\n<td>Ni, dk<\/td>\n<td>N<\/td>\n<\/tr>\n<tr>\n<td>304<\/td>\n<td>0.07<\/td>\n<td width=\"100\">2.0<\/td>\n<td width=\"102\">\u22640,75<\/td>\n<td>0.045<\/td>\n<td>0.03<\/td>\n<td>18.0-20.0<\/td>\n<td>8.0-\u00a010.5<\/td>\n<td>\/<\/td>\n<\/tr>\n<tr>\n<td>304L<\/td>\n<td>0.03<\/td>\n<td width=\"100\">2.0<\/td>\n<td width=\"102\">0.75<\/td>\n<td>0.045<\/td>\n<td>0.03<\/td>\n<td>18.0-20.0<\/td>\n<td>8.0-\u00a012.0<\/td>\n<td>0.10<\/td>\n<\/tr>\n<\/tbody>\n<\/table>\n            <\/div>        <\/div>    <\/div><\/section>\n<section class=\"av_toggle_section\"  itemscope=\"itemscope\" itemtype=\"https:\/\/schema.org\/CreativeWork\"  >    <div class=\"single_toggle\" data-tags=\"{T\u00fcm\u00fc} \"  >        <p data-fake-id=\"#toggle-id-3\" class=\"toggler\"  itemprop=\"headline\"  > 304\/304L Mekanik \u00d6zellikler<span class=\"toggle_icon\" >        <span class=\"vert_icon\"><\/span><span class=\"hor_icon\"><\/span><\/span><\/p>        <div id=\"toggle-id-3-container\" class=\"toggle_wrap\"  >            <div class=\"toggle_content invers-color\"  itemprop=\"text\"   ><table>\n<tbody>\n<tr>\n<td>Seviye<\/td>\n<td>\u00c7ekme Dayan\u0131m\u0131 ksi (dak)<\/td>\n<td>Akma Dayan\u0131m\u0131 0,2% ksi (min)<\/td>\n<td>Uzama %<\/td>\n<td>Sertlik (Brinell) MAX<\/td>\n<td>Sertlik (Rockwell B) MAX<\/td>\n<\/tr>\n<tr>\n<td>304<\/td>\n<td>75<\/td>\n<td>30<\/td>\n<td>40<\/td>\n<td>201<\/td>\n<td>92<\/td>\n<\/tr>\n<tr>\n<td>304L<\/td>\n<td>70<\/td>\n<td>25<\/td>\n<td>40<\/td>\n<td>201<\/td>\n<td>92<\/td>\n<\/tr>\n<\/tbody>\n<\/table>\n            <\/div>        <\/div>    <\/div><\/section>\n<\/div><\/p><\/div><\/div><!--close column table wrapper. Autoclose: 1 -->","protected":false},"excerpt":{"rendered":"","protected":false},"author":1,"featured_media":0,"parent":1323,"menu_order":0,"comment_status":"closed","ping_status":"closed","template":"","meta":{"footnotes":""},"class_list":["post-1454","page","type-page","status-publish","hentry"],"aioseo_notices":[],"_links":{"self":[{"href":"https:\/\/wldstainless.com\/tr\/wp-json\/wp\/v2\/pages\/1454","targetHints":{"allow":["GET"]}}],"collection":[{"href":"https:\/\/wldstainless.com\/tr\/wp-json\/wp\/v2\/pages"}],"about":[{"href":"https:\/\/wldstainless.com\/tr\/wp-json\/wp\/v2\/types\/page"}],"author":[{"embeddable":true,"href":"https:\/\/wldstainless.com\/tr\/wp-json\/wp\/v2\/users\/1"}],"replies":[{"embeddable":true,"href":"https:\/\/wldstainless.com\/tr\/wp-json\/wp\/v2\/comments?post=1454"}],"version-history":[{"count":8,"href":"https:\/\/wldstainless.com\/tr\/wp-json\/wp\/v2\/pages\/1454\/revisions"}],"predecessor-version":[{"id":1897,"href":"https:\/\/wldstainless.com\/tr\/wp-json\/wp\/v2\/pages\/1454\/revisions\/1897"}],"up":[{"embeddable":true,"href":"https:\/\/wldstainless.com\/tr\/wp-json\/wp\/v2\/pages\/1323"}],"wp:attachment":[{"href":"https:\/\/wldstainless.com\/tr\/wp-json\/wp\/v2\/media?parent=1454"}],"curies":[{"name":"wp","href":"https:\/\/api.w.org\/{rel}","templated":true}]}}