{"id":1448,"date":"2020-08-11T03:36:57","date_gmt":"2020-08-11T03:36:57","guid":{"rendered":"http:\/\/wldstainless.com\/?page_id=1448"},"modified":"2020-09-18T09:29:21","modified_gmt":"2020-09-18T09:29:21","slug":"347-347h-stainless-steel","status":"publish","type":"page","link":"https:\/\/wldstainless.com\/tr\/materials\/austenitic-stainless-steel\/347-347h-stainless-steel\/","title":{"rendered":"347\/347H Paslanmaz \u00c7elik"},"content":{"rendered":"<div class='flex_column_table av-equal-height-column-flextable -flextable' ><div class=\"flex_column av_one_fourth  flex_column_table_cell av-equal-height-column av-align-top av-zero-column-padding first\" style='border-radius:0px; '><p><div class='avia-builder-widget-area clearfix'><div id=\"nav_menu-5\" class=\"widget clearfix widget_nav_menu\"><h3 class=\"widgettitle\">Malzeme<\/h3><div class=\"menu-products-sidebar-menu-container\"><ul id=\"menu-products-sidebar-menu\" class=\"menu\"><li id=\"menu-item-1329\" class=\"menu-item menu-item-type-post_type menu-item-object-page menu-item-1329\"><a href=\"https:\/\/wldstainless.com\/tr\/materials\/ferritic-stainless-steel\/\">Ferritik Paslanmaz \u00c7elik<\/a><\/li>\n<li id=\"menu-item-1328\" class=\"menu-item menu-item-type-post_type menu-item-object-page menu-item-1328\"><a href=\"https:\/\/wldstainless.com\/tr\/materials\/martensitic-stainless-steel\/\">Martensitik Paslanmaz \u00c7elik<\/a><\/li>\n<li id=\"menu-item-1327\" class=\"menu-item menu-item-type-post_type menu-item-object-page menu-item-1327\"><a href=\"https:\/\/wldstainless.com\/tr\/materials\/austenitic-stainless-steel\/\">\u00d6stenitik paslanmaz \u00e7elik<\/a><\/li>\n<li id=\"menu-item-1889\" class=\"menu-item menu-item-type-post_type menu-item-object-page menu-item-1889\"><a href=\"https:\/\/wldstainless.com\/tr\/materials\/duplex-stainless-steel\/\">Dubleks Paslanmaz \u00c7elik<\/a><\/li>\n<\/ul><\/div><\/div><\/div><br \/>\n<div  class='hr hr-default'><span class='hr-inner' ><span class='hr-inner-style'><\/span><\/span><\/div><br \/>\n<div class='avia-button-wrap avia-button-left'><a href='http:\/\/wldstainless.com\/contact\/#contact' class='avia-button   avia-icon_select-yes-left-icon avia-color-custom avia-size-large avia-position-left'  target=\"_blank\"  style='background-color:#e82221; border-color:#e82221; color:#ffffff; ' ><span class='avia_button_icon avia_button_icon_left' aria-hidden='true' data-av_icon='\ue84b' data-av_iconfont='entypo-fontello'><\/span><span class='avia_iconbox_title' >Bir teklif iste\u011fi<\/span><\/a><\/div><\/p><\/div><\/div><!--close column table wrapper. Autoclose: 1 -->\n<div class='flex_column_table av-equal-height-column-flextable -flextable' ><div class='av-flex-placeholder'><\/div><div class=\"flex_column av_three_fourth  flex_column_table_cell av-equal-height-column av-align-top av-zero-column-padding\" style='border-radius:0px; '><p><div style='padding-bottom:10px;color:#d3311f;' class='av-special-heading av-special-heading-h3 custom-color-heading'><h3 class='av-special-heading-tag'  itemprop=\"headline\"  >347\/347H Paslanmaz \u00c7elik <\/h3><div class='special-heading-border'><div class='special-heading-inner-border' style='border-color:#d3311f'><\/div><\/div><\/div><br \/>\n<section class=\"av_textblock_section\"  itemscope=\"itemscope\" itemtype=\"https:\/\/schema.org\/CreativeWork\" ><div class='avia_textblock'   itemprop=\"text\" ><p>WLD Steel, boru, t\u00fcp, levha, levha, \u00e7ubuk, \u00e7ubuk ve melek, kanal, kiri\u015f vb. gibi \u015fekillendirilmi\u015f \u015fekiller de dahil olmak \u00fczere \u00e7e\u015fitli boyut ve formlarda mevcut olan 347\/347H paslanmaz \u00e7eli\u011fin lider \u00fcreticisi, tedarik\u00e7isi ve ihracat\u00e7\u0131s\u0131d\u0131r. . \u00d6stenitik paslanmaz \u00e7elik 347, Niyobyum ilavesiyle y\u00fcksek karbonlu bir ala\u015f\u0131m t\u00fcr\u00fcd\u00fcr. 347H paslanmaz \u00e7elik, 347 \u00e7eli\u011fin daha y\u00fcksek karbonlu versiyonudur ve daha y\u00fcksek karbon, daha iyi y\u00fcksek s\u0131cakl\u0131kta s\u00fcr\u00fcnme \u00f6zelliklerine olanak tan\u0131r. Nb eklenmesi, \u00f6zellikle asit, alkali ve tuz gibi a\u015f\u0131nd\u0131r\u0131c\u0131 ortamlara kar\u015f\u0131 kristaller aras\u0131 korozyon direncinin iyi olmas\u0131n\u0131 sa\u011flar. Korozyon direnci, Ti ilaveli \u00d6stenitik paslanmaz \u00e7elik 321&#039;e benzer olup, \u0131s\u0131 e\u015fanj\u00f6r\u00fcnde, k\u0131zd\u0131r\u0131c\u0131 boruda, yeniden \u0131s\u0131t\u0131c\u0131 boruda, enerji \u00fcretimi, petrol, kimya end\u00fcstrisi, sentetik elyaf, g\u0131da ve ka\u011f\u0131t end\u00fcstrisindeki kazanlardaki buhar borusunda yayg\u0131n olarak kullan\u0131lmaktad\u0131r.<\/p>\n<p>WLD Steel&#039;de 347\/347H&#039;nin mevcut formlar\u0131 ve \u00f6zellikleri nelerdir?<\/p>\n<table>\n<tbody>\n<tr>\n<td width=\"170\">Levha\/Levha\/Bobin<\/td>\n<td width=\"170\">Diki\u015fsiz Boru\/T\u00fcp<\/td>\n<td width=\"170\">Kaynakl\u0131 Boru \/ T\u00fcp<\/td>\n<td width=\"170\">Yuvarlak \u00e7ubuk<\/td>\n<td width=\"170\">\u015eekillendirilmi\u015f \u00c7elik (\u015eekillendirilmi\u015f)<\/td>\n<\/tr>\n<tr>\n<td width=\"170\">ASTM A240<\/p>\n<p>ASTM A480<\/td>\n<td width=\"170\">ASTM A789<\/p>\n<p>ASTM A790<\/td>\n<td width=\"170\">ASTM A928<\/td>\n<td width=\"170\">ASTM A276<\/p>\n<p>ASTM A479<\/td>\n<td width=\"170\">ASTM A276<\/td>\n<\/tr>\n<\/tbody>\n<\/table>\n<h2><\/h2>\n<\/div><\/section><br \/>\n<div class=\"togglecontainer   toggle_close_all\" >\n<section class=\"av_toggle_section\"  itemscope=\"itemscope\" itemtype=\"https:\/\/schema.org\/CreativeWork\"  >    <div class=\"single_toggle\" data-tags=\"{T\u00fcm\u00fc} \"  >        <p data-fake-id=\"#toggle-id-1\" class=\"toggler\"  itemprop=\"headline\"  >347\/347H \u00c7elik E\u015fde\u011fer Malzemeler<span class=\"toggle_icon\" >        <span class=\"vert_icon\"><\/span><span class=\"hor_icon\"><\/span><\/span><\/p>        <div id=\"toggle-id-1-container\" class=\"toggle_wrap\"  >            <div class=\"toggle_content invers-color\"  itemprop=\"text\"   ><table>\n<tbody>\n<tr>\n<td>Notlar<\/td>\n<td>C<\/td>\n<td>CR<\/td>\n<td>Mn<\/td>\n<td>Ni<\/td>\n<td>P<\/td>\n<td>S<\/td>\n<td>Si<\/td>\n<td>Cb\/Ta<\/td>\n<\/tr>\n<tr>\n<td>347<\/td>\n<td>maksimum 0,08<\/td>\n<td>17.0-20.0<\/td>\n<td>Maksimum 2,0<\/td>\n<td>9.0-13.0<\/td>\n<td>0.04<\/td>\n<td>0.30<\/td>\n<td>0.75<\/td>\n<td>0x C-1.0<\/td>\n<\/tr>\n<tr>\n<td>347H<\/td>\n<td>0.04-\u00a00.10<\/td>\n<td>17.0-20.0<\/td>\n<td>Maksimum 2,0<\/td>\n<td>9.0-13.0<\/td>\n<td>0.03<\/td>\n<td>0.30<\/td>\n<td>0.75<\/td>\n<td>10x C-1.0<\/td>\n<\/tr>\n<\/tbody>\n<\/table>\n            <\/div>        <\/div>    <\/div><\/section>\n<section class=\"av_toggle_section\"  itemscope=\"itemscope\" itemtype=\"https:\/\/schema.org\/CreativeWork\"  >    <div class=\"single_toggle\" data-tags=\"{T\u00fcm\u00fc} \"  >        <p data-fake-id=\"#toggle-id-2\" class=\"toggler\"  itemprop=\"headline\"  >347\/347H Kimyasal Bile\u015fimi<span class=\"toggle_icon\" >        <span class=\"vert_icon\"><\/span><span class=\"hor_icon\"><\/span><\/span><\/p>        <div id=\"toggle-id-2-container\" class=\"toggle_wrap\"  >            <div class=\"toggle_content invers-color\"  itemprop=\"text\"   ><table>\n<tbody>\n<tr>\n<td>Notlar<\/td>\n<td>C<\/td>\n<td>CR<\/td>\n<td>Mn<\/td>\n<td>Ni<\/td>\n<td>P<\/td>\n<td>S<\/td>\n<td>Si<\/td>\n<td>Cb\/Ta<\/td>\n<\/tr>\n<tr>\n<td>347<\/td>\n<td>maksimum 0,08<\/td>\n<td>17.0-20.0<\/td>\n<td>Maksimum 2,0<\/td>\n<td>9.0-13.0<\/td>\n<td>0.04<\/td>\n<td>0.30<\/td>\n<td>0.75<\/td>\n<td>0x C-1.0<\/td>\n<\/tr>\n<tr>\n<td>347H<\/td>\n<td>0.04-\u00a00.10<\/td>\n<td>17.0-20.0<\/td>\n<td>Maksimum 2,0<\/td>\n<td>9.0-13.0<\/td>\n<td>0.03<\/td>\n<td>0.30<\/td>\n<td>0.75<\/td>\n<td>10x C-1.0<\/td>\n<\/tr>\n<\/tbody>\n<\/table>\n            <\/div>        <\/div>    <\/div><\/section>\n<section class=\"av_toggle_section\"  itemscope=\"itemscope\" itemtype=\"https:\/\/schema.org\/CreativeWork\"  >    <div class=\"single_toggle\" data-tags=\"{T\u00fcm\u00fc} \"  >        <p data-fake-id=\"#toggle-id-3\" class=\"toggler\"  itemprop=\"headline\"  >347\/347H Mekanik \u00d6zellikler<span class=\"toggle_icon\" >        <span class=\"vert_icon\"><\/span><span class=\"hor_icon\"><\/span><\/span><\/p>        <div id=\"toggle-id-3-container\" class=\"toggle_wrap\"  >            <div class=\"toggle_content invers-color\"  itemprop=\"text\"   ><table>\n<tbody>\n<tr>\n<td>Seviye<\/td>\n<td>\u00c7ekme Dayan\u0131m\u0131 (MPa)<\/td>\n<td>Akma Dayan\u0131m\u0131 (MPa)<\/td>\n<td>Uzama %<\/td>\n<td width=\"268\">Sertlik (Brinell) MAX<\/td>\n<\/tr>\n<tr>\n<td>347\/347H<\/td>\n<td>515<\/td>\n<td>205<\/td>\n<td>40<\/td>\n<td width=\"268\">201<\/td>\n<\/tr>\n<\/tbody>\n<\/table>\n            <\/div>        <\/div>    <\/div><\/section>\n<\/div><\/p><\/div><\/div><!--close column table wrapper. Autoclose: 1 -->","protected":false},"excerpt":{"rendered":"","protected":false},"author":1,"featured_media":0,"parent":1323,"menu_order":0,"comment_status":"closed","ping_status":"closed","template":"","meta":{"footnotes":""},"class_list":["post-1448","page","type-page","status-publish","hentry"],"aioseo_notices":[],"_links":{"self":[{"href":"https:\/\/wldstainless.com\/tr\/wp-json\/wp\/v2\/pages\/1448","targetHints":{"allow":["GET"]}}],"collection":[{"href":"https:\/\/wldstainless.com\/tr\/wp-json\/wp\/v2\/pages"}],"about":[{"href":"https:\/\/wldstainless.com\/tr\/wp-json\/wp\/v2\/types\/page"}],"author":[{"embeddable":true,"href":"https:\/\/wldstainless.com\/tr\/wp-json\/wp\/v2\/users\/1"}],"replies":[{"embeddable":true,"href":"https:\/\/wldstainless.com\/tr\/wp-json\/wp\/v2\/comments?post=1448"}],"version-history":[{"count":7,"href":"https:\/\/wldstainless.com\/tr\/wp-json\/wp\/v2\/pages\/1448\/revisions"}],"predecessor-version":[{"id":1904,"href":"https:\/\/wldstainless.com\/tr\/wp-json\/wp\/v2\/pages\/1448\/revisions\/1904"}],"up":[{"embeddable":true,"href":"https:\/\/wldstainless.com\/tr\/wp-json\/wp\/v2\/pages\/1323"}],"wp:attachment":[{"href":"https:\/\/wldstainless.com\/tr\/wp-json\/wp\/v2\/media?parent=1448"}],"curies":[{"name":"wp","href":"https:\/\/api.w.org\/{rel}","templated":true}]}}