{"id":1446,"date":"2020-08-11T03:30:24","date_gmt":"2020-08-11T03:30:24","guid":{"rendered":"http:\/\/wldstainless.com\/?page_id=1446"},"modified":"2020-09-18T09:29:08","modified_gmt":"2020-09-18T09:29:08","slug":"321-321h-stainless-steel","status":"publish","type":"page","link":"https:\/\/wldstainless.com\/tr\/materials\/austenitic-stainless-steel\/321-321h-stainless-steel\/","title":{"rendered":"321\/321H Paslanmaz \u00c7elik"},"content":{"rendered":"<div class='flex_column_table av-equal-height-column-flextable -flextable' ><div class=\"flex_column av_one_fourth  flex_column_table_cell av-equal-height-column av-align-top av-zero-column-padding first\" style='border-radius:0px; '><p><div class='avia-builder-widget-area clearfix'><div id=\"nav_menu-5\" class=\"widget clearfix widget_nav_menu\"><h3 class=\"widgettitle\">Malzeme<\/h3><div class=\"menu-products-sidebar-menu-container\"><ul id=\"menu-products-sidebar-menu\" class=\"menu\"><li id=\"menu-item-1329\" class=\"menu-item menu-item-type-post_type menu-item-object-page menu-item-1329\"><a href=\"https:\/\/wldstainless.com\/tr\/materials\/ferritic-stainless-steel\/\">Ferritik Paslanmaz \u00c7elik<\/a><\/li>\n<li id=\"menu-item-1328\" class=\"menu-item menu-item-type-post_type menu-item-object-page menu-item-1328\"><a href=\"https:\/\/wldstainless.com\/tr\/materials\/martensitic-stainless-steel\/\">Martensitik Paslanmaz \u00c7elik<\/a><\/li>\n<li id=\"menu-item-1327\" class=\"menu-item menu-item-type-post_type menu-item-object-page menu-item-1327\"><a href=\"https:\/\/wldstainless.com\/tr\/materials\/austenitic-stainless-steel\/\">\u00d6stenitik paslanmaz \u00e7elik<\/a><\/li>\n<li id=\"menu-item-1889\" class=\"menu-item menu-item-type-post_type menu-item-object-page menu-item-1889\"><a href=\"https:\/\/wldstainless.com\/tr\/materials\/duplex-stainless-steel\/\">Dubleks Paslanmaz \u00c7elik<\/a><\/li>\n<\/ul><\/div><\/div><\/div><br \/>\n<div  class='hr hr-default'><span class='hr-inner' ><span class='hr-inner-style'><\/span><\/span><\/div><br \/>\n<div class='avia-button-wrap avia-button-left'><a href='http:\/\/wldstainless.com\/contact\/#contact' class='avia-button   avia-icon_select-yes-left-icon avia-color-custom avia-size-large avia-position-left'  target=\"_blank\"  style='background-color:#e82221; border-color:#e82221; color:#ffffff; ' ><span class='avia_button_icon avia_button_icon_left' aria-hidden='true' data-av_icon='\ue84b' data-av_iconfont='entypo-fontello'><\/span><span class='avia_iconbox_title' >Bir teklif iste\u011fi<\/span><\/a><\/div><\/p><\/div><\/div><!--close column table wrapper. Autoclose: 1 --><div class='flex_column_table av-equal-height-column-flextable -flextable' ><div class='av-flex-placeholder'><\/div><div class=\"flex_column av_three_fourth  flex_column_table_cell av-equal-height-column av-align-top av-zero-column-padding\" style='border-radius:0px; '><p><div style='padding-bottom:10px;color:#d3311f;' class='av-special-heading av-special-heading-h3 custom-color-heading'><h3 class='av-special-heading-tag'  itemprop=\"headline\"  >321\/321H Paslanmaz \u00c7elik<\/h3><div class='special-heading-border'><div class='special-heading-inner-border' style='border-color:#d3311f'><\/div><\/div><\/div><br \/>\n<section class=\"av_textblock_section\"  itemscope=\"itemscope\" itemtype=\"https:\/\/schema.org\/CreativeWork\" ><div class='avia_textblock'   itemprop=\"text\" ><p>WLD Steel, boru, t\u00fcp, levha, levha, \u00e7ubuk, \u00e7ubuk ve melek, kanal, daire, kesim gibi di\u011fer \u015fekiller de dahil olmak \u00fczere \u00e7e\u015fitli boyut ve formlarda mevcut olan 321\/321H paslanmaz \u00e7eli\u011fin lider \u00fcreticisi, tedarik\u00e7isi ve ihracat\u00e7\u0131s\u0131d\u0131r. par\u00e7a vb. Tip 321 (UNS S32100), tanecikler aras\u0131 korozyona ve y\u00fcksek s\u0131cakl\u0131k \u00f6zelliklerine kar\u015f\u0131 m\u00fckemmel dirence sahip, titanyumla stabilize edilmi\u015f \u00d6stenitik paslanmaz \u00e7eliktir. Ala\u015f\u0131m 321H (UNS S 32109), ala\u015f\u0131m\u0131n daha y\u00fcksek karbonlu versiyonudur ve geli\u015fmi\u015f s\u00fcr\u00fcnme direncinin gerekli oldu\u011fu veya 537\u00b0C&#039;nin \u00fczerindeki s\u0131cakl\u0131klarda daha y\u00fcksek mukavemetin gerekli oldu\u011fu yerlerde kullan\u0131lm\u0131\u015ft\u0131r.<\/p>\n<p><strong>WLD Steel&#039;de 321\/321H&#039;nin mevcut formlar\u0131 ve \u00f6zellikleri nelerdir?<\/strong><\/p>\n<table>\n<tbody>\n<tr>\n<td width=\"170\">Levha\/Levha\/Bobin<\/td>\n<td width=\"170\">Diki\u015fsiz Boru\/T\u00fcp<\/td>\n<td width=\"170\">Kaynakl\u0131 Boru \/ T\u00fcp<\/td>\n<td width=\"170\">Yuvarlak \u00e7ubuk<\/td>\n<td width=\"170\">\u015eekillendirilmi\u015f \u00c7elik (\u015eekillendirilmi\u015f)<\/td>\n<\/tr>\n<tr>\n<td width=\"170\">ASTM A240<\/td>\n<td width=\"170\">ASTM A789<\/p>\n<p>ASTM A790<\/td>\n<td width=\"170\">ASTM A928<\/td>\n<td width=\"170\">ASTM A276<\/p>\n<p>ASTM A479<\/td>\n<td width=\"170\">ASTM A276<\/td>\n<\/tr>\n<\/tbody>\n<\/table>\n<h2><\/h2>\n<\/div><\/section><br \/>\n<div class=\"togglecontainer   toggle_close_all\" >\n<section class=\"av_toggle_section\"  itemscope=\"itemscope\" itemtype=\"https:\/\/schema.org\/CreativeWork\"  >    <div class=\"single_toggle\" data-tags=\"{T\u00fcm\u00fc} \"  >        <p data-fake-id=\"#toggle-id-1\" class=\"toggler\"  itemprop=\"headline\"  >321\/321H \u00c7elik E\u015fde\u011fer Malzemeler<span class=\"toggle_icon\" >        <span class=\"vert_icon\"><\/span><span class=\"hor_icon\"><\/span><\/span><\/p>        <div id=\"toggle-id-1-container\" class=\"toggle_wrap\"  >            <div class=\"toggle_content invers-color\"  itemprop=\"text\"   ><table>\n<tbody>\n<tr>\n<td width=\"170\">Standartlar<\/td>\n<td width=\"170\">D\u0130N<\/td>\n<td width=\"170\">BM<\/td>\n<td width=\"170\">JIS<\/td>\n<td width=\"171\">B\u00fcy\u00fck Britanya<\/td>\n<\/tr>\n<tr>\n<td width=\"170\">321<\/td>\n<td width=\"170\">1.4541 \/ 1.4878<\/td>\n<td width=\"170\">S32100<\/td>\n<td width=\"170\">SUS321<\/td>\n<td width=\"171\">06Cr18Ni11Ti<\/td>\n<\/tr>\n<tr>\n<td width=\"170\">321H<\/td>\n<td width=\"170\">\/<\/td>\n<td width=\"170\">321S20<\/td>\n<td width=\"170\">SUS 321H<\/td>\n<td width=\"171\">\/<\/td>\n<\/tr>\n<\/tbody>\n<\/table>\n            <\/div>        <\/div>    <\/div><\/section>\n<section class=\"av_toggle_section\"  itemscope=\"itemscope\" itemtype=\"https:\/\/schema.org\/CreativeWork\"  >    <div class=\"single_toggle\" data-tags=\"{T\u00fcm\u00fc} \"  >        <p data-fake-id=\"#toggle-id-2\" class=\"toggler\"  itemprop=\"headline\"  >321\/321H Kimyasal Bile\u015fimi<span class=\"toggle_icon\" >        <span class=\"vert_icon\"><\/span><span class=\"hor_icon\"><\/span><\/span><\/p>        <div id=\"toggle-id-2-container\" class=\"toggle_wrap\"  >            <div class=\"toggle_content invers-color\"  itemprop=\"text\"   ><table>\n<tbody>\n<tr>\n<td>Notlar<\/td>\n<td>CR<\/td>\n<td>Ni<\/td>\n<td>C<\/td>\n<td>Si<\/td>\n<td>Mn<\/td>\n<td>P<\/td>\n<td width=\"78\">S<\/td>\n<td width=\"177\">Ti<\/td>\n<\/tr>\n<tr>\n<td>321<\/td>\n<td>17.0<br \/>\n-19.0<\/td>\n<td>9.0<br \/>\n-12.0<\/td>\n<td>0.08<\/td>\n<td>0.75<\/td>\n<td>2.0<\/td>\n<td>0.045<\/td>\n<td width=\"78\">0.03<\/td>\n<td width=\"177\">\u22645 x (C+N) min.-0,70<\/td>\n<\/tr>\n<tr>\n<td>321H<\/td>\n<td>17.0<br \/>\n-19.0<\/td>\n<td>9.0<br \/>\n-12.0<\/td>\n<td>0.04-<br \/>\n0.10<\/td>\n<td>0.75<\/td>\n<td>2.0<\/td>\n<td>0.045<\/td>\n<td width=\"78\">0.03<\/td>\n<td width=\"177\">\u22644 x (C+N) min.-0,70<\/td>\n<\/tr>\n<\/tbody>\n<\/table>\n            <\/div>        <\/div>    <\/div><\/section>\n<section class=\"av_toggle_section\"  itemscope=\"itemscope\" itemtype=\"https:\/\/schema.org\/CreativeWork\"  >    <div class=\"single_toggle\" data-tags=\"{T\u00fcm\u00fc} \"  >        <p data-fake-id=\"#toggle-id-3\" class=\"toggler\"  itemprop=\"headline\"  >321\/321H Mekanik \u00d6zellikler<span class=\"toggle_icon\" >        <span class=\"vert_icon\"><\/span><span class=\"hor_icon\"><\/span><\/span><\/p>        <div id=\"toggle-id-3-container\" class=\"toggle_wrap\"  >            <div class=\"toggle_content invers-color\"  itemprop=\"text\"   ><table>\n<tbody>\n<tr>\n<td>Seviye<\/td>\n<td>Gerilme direnci<\/td>\n<td width=\"200\">Akma Dayan\u0131m\u0131 0,2%<\/td>\n<td width=\"160\">Uzama -%<\/td>\n<td width=\"146\">Sertlik<\/td>\n<\/tr>\n<tr>\n<td>321\/321H<\/td>\n<td>515<\/td>\n<td width=\"200\">205<\/td>\n<td width=\"160\">40<\/td>\n<td width=\"146\">217Brinell<\/td>\n<\/tr>\n<\/tbody>\n<\/table>\n            <\/div>        <\/div>    <\/div><\/section>\n<\/div><\/p><\/div><\/div><!--close column table wrapper. Autoclose: 1 --><\/p>","protected":false},"excerpt":{"rendered":"","protected":false},"author":1,"featured_media":0,"parent":1323,"menu_order":0,"comment_status":"closed","ping_status":"closed","template":"","meta":{"footnotes":""},"class_list":["post-1446","page","type-page","status-publish","hentry"],"aioseo_notices":[],"_links":{"self":[{"href":"https:\/\/wldstainless.com\/tr\/wp-json\/wp\/v2\/pages\/1446","targetHints":{"allow":["GET"]}}],"collection":[{"href":"https:\/\/wldstainless.com\/tr\/wp-json\/wp\/v2\/pages"}],"about":[{"href":"https:\/\/wldstainless.com\/tr\/wp-json\/wp\/v2\/types\/page"}],"author":[{"embeddable":true,"href":"https:\/\/wldstainless.com\/tr\/wp-json\/wp\/v2\/users\/1"}],"replies":[{"embeddable":true,"href":"https:\/\/wldstainless.com\/tr\/wp-json\/wp\/v2\/comments?post=1446"}],"version-history":[{"count":6,"href":"https:\/\/wldstainless.com\/tr\/wp-json\/wp\/v2\/pages\/1446\/revisions"}],"predecessor-version":[{"id":1902,"href":"https:\/\/wldstainless.com\/tr\/wp-json\/wp\/v2\/pages\/1446\/revisions\/1902"}],"up":[{"embeddable":true,"href":"https:\/\/wldstainless.com\/tr\/wp-json\/wp\/v2\/pages\/1323"}],"wp:attachment":[{"href":"https:\/\/wldstainless.com\/tr\/wp-json\/wp\/v2\/media?parent=1446"}],"curies":[{"name":"wp","href":"https:\/\/api.w.org\/{rel}","templated":true}]}}