{"id":1375,"date":"2020-08-10T05:14:35","date_gmt":"2020-08-10T05:14:35","guid":{"rendered":"http:\/\/wldstainless.com\/?page_id=1375"},"modified":"2020-12-11T05:51:52","modified_gmt":"2020-12-11T05:51:52","slug":"stainless-steel-hot-rolled-plate-sheet-coil","status":"publish","type":"page","link":"https:\/\/wldstainless.com\/tr\/products\/stainless-steel-hot-rolled-plate-sheet-coil\/","title":{"rendered":"Paslanmaz \u00c7elik S\u0131cak Haddelenmi\u015f Levha \/ Levha \/ Rulo"},"content":{"rendered":"<div class=\"flex_column av_one_fourth  flex_column_div av-zero-column-padding first\" style='border-radius:0px; '><p><div class='avia-builder-widget-area clearfix'><div id=\"nav_menu-7\" class=\"widget clearfix widget_nav_menu\"><h3 class=\"widgettitle\">\u00dcr\u00fcnler<\/h3><div class=\"menu-accessories-container\"><ul id=\"menu-accessories\" class=\"menu\"><li id=\"menu-item-1924\" class=\"menu-item menu-item-type-post_type menu-item-object-page menu-item-1924\"><a href=\"https:\/\/wldstainless.com\/tr\/products\/stainless-steel-angle\/\">Paslanmaz \u00c7elik A\u00e7\u0131<\/a><\/li>\n<li id=\"menu-item-1925\" class=\"menu-item menu-item-type-post_type menu-item-object-page menu-item-1925\"><a href=\"https:\/\/wldstainless.com\/tr\/products\/stainless-steel-beam\/\">Paslanmaz \u00c7elik Kiri\u015f<\/a><\/li>\n<li id=\"menu-item-1926\" class=\"menu-item menu-item-type-post_type menu-item-object-page menu-item-1926\"><a href=\"https:\/\/wldstainless.com\/tr\/products\/stainless-steel-capillary-tubes\/\">Paslanmaz \u00c7elik K\u0131lcal Borular<\/a><\/li>\n<li id=\"menu-item-1927\" class=\"menu-item menu-item-type-post_type menu-item-object-page menu-item-1927\"><a href=\"https:\/\/wldstainless.com\/tr\/products\/stainless-steel-channel\/\">Paslanmaz \u00c7elik Kanal<\/a><\/li>\n<li id=\"menu-item-1928\" class=\"menu-item menu-item-type-post_type menu-item-object-page menu-item-1928\"><a href=\"https:\/\/wldstainless.com\/tr\/products\/stainless-steel-coiled-tube\/\">Paslanmaz \u00c7elik Sarmal Boru<\/a><\/li>\n<li id=\"menu-item-1929\" class=\"menu-item menu-item-type-post_type menu-item-object-page menu-item-1929\"><a href=\"https:\/\/wldstainless.com\/tr\/products\/stainless-steel-cold-rolled-plate-sheet-coil\/\">Paslanmaz \u00c7elik So\u011fuk Haddelenmi\u015f Levha \/ Levha \/ Rulo<\/a><\/li>\n<li id=\"menu-item-1930\" class=\"menu-item menu-item-type-post_type menu-item-object-page menu-item-1930\"><a href=\"https:\/\/wldstainless.com\/tr\/products\/stainless-steel-flats\/\">Paslanmaz \u00c7elik Yass\u0131lar<\/a><\/li>\n<li id=\"menu-item-1931\" class=\"menu-item menu-item-type-post_type menu-item-object-page menu-item-1931\"><a href=\"https:\/\/wldstainless.com\/tr\/products\/stainless-steel-hexagon-bars\/\">Paslanmaz \u00c7elik Alt\u0131gen \u00c7ubuklar<\/a><\/li>\n<li id=\"menu-item-1932\" class=\"menu-item menu-item-type-post_type menu-item-object-page menu-item-1932\"><a href=\"https:\/\/wldstainless.com\/tr\/products\/stainless-steel-hot-rolled-plate-sheet-coil\/\">Paslanmaz \u00c7elik S\u0131cak Haddelenmi\u015f Levha \/ Levha \/ Rulo<\/a><\/li>\n<li id=\"menu-item-1933\" class=\"menu-item menu-item-type-post_type menu-item-object-page menu-item-1933\"><a href=\"https:\/\/wldstainless.com\/tr\/products\/stainless-steel-large-diameter-pipe\/\">Paslanmaz \u00c7elik B\u00fcy\u00fck \u00c7apl\u0131 Boru<\/a><\/li>\n<li id=\"menu-item-1934\" class=\"menu-item menu-item-type-post_type menu-item-object-page menu-item-1934\"><a href=\"https:\/\/wldstainless.com\/tr\/products\/stainless-steel-round-bars\/\">Paslanmaz \u00c7elik Yuvarlak \u00c7ubuklar<\/a><\/li>\n<li id=\"menu-item-1935\" class=\"menu-item menu-item-type-post_type menu-item-object-page menu-item-1935\"><a href=\"https:\/\/wldstainless.com\/tr\/products\/stainless-steel-square-tube\/\">Paslanmaz \u00c7elik Kare Boru<\/a><\/li>\n<li id=\"menu-item-1936\" class=\"menu-item menu-item-type-post_type menu-item-object-page menu-item-1936\"><a href=\"https:\/\/wldstainless.com\/tr\/products\/stainless-steel-u-bend-tube\/\">Paslanmaz \u00c7elik U-B\u00fck\u00fcm Borusu<\/a><\/li>\n<\/ul><\/div><\/div><\/div><br \/>\n<div  class='hr hr-default'><span class='hr-inner' ><span class='hr-inner-style'><\/span><\/span><\/div><br \/>\n<div class='avia-button-wrap avia-button-left'><a href='http:\/\/wldstainless.com\/contact\/#contact' class='avia-button   avia-icon_select-yes-left-icon avia-color-custom avia-size-large avia-position-left'  target=\"_blank\"  style='background-color:#e82221; border-color:#e82221; color:#ffffff; ' ><span class='avia_button_icon avia_button_icon_left' aria-hidden='true' data-av_icon='\ue84b' data-av_iconfont='entypo-fontello'><\/span><span class='avia_iconbox_title' >Bir teklif iste\u011fi<\/span><\/a><\/div><\/p><\/div>\n<div class=\"flex_column av_three_fourth  flex_column_div\" style='padding:0px 0px 50px 0px ; border-radius:0px; '><p><div style='padding-bottom:10px;color:#d3311f;' class='av-special-heading av-special-heading-h3 custom-color-heading'><h3 class='av-special-heading-tag'  itemprop=\"headline\"  >S\u0131cak Haddelenmi\u015f Paslanmaz \u00c7elik Sac \/ Levha \/ Rulo<\/h3><div class='special-heading-border'><div class='special-heading-inner-border' style='border-color:#d3311f'><\/div><\/div><\/div><br \/>\n<div  class='hr hr-default'><span class='hr-inner' ><span class='hr-inner-style'><\/span><\/span><\/div><br \/>\n<section class=\"av_textblock_section\"  itemscope=\"itemscope\" itemtype=\"https:\/\/schema.org\/CreativeWork\" ><div class='avia_textblock'   itemprop=\"text\" ><p>Paslanmaz \u00e7elik s\u0131cak haddeleme plakas\u0131, kaba haddehane ve bitirme de\u011firmeni taraf\u0131ndan \u0131s\u0131t\u0131ld\u0131ktan sonra levhadan (esas olarak s\u00fcrekli d\u00f6k\u00fcm levhas\u0131) yap\u0131l\u0131r. S\u0131cak haddelenmi\u015f paslanmaz \u00e7elik levha iyi tokluk ve s\u00fcnekli\u011fe, d\u00fc\u015f\u00fck sertli\u011fe, kolay i\u015flenebilirli\u011fe, iyi s\u00fcnekli\u011fe, d\u00fc\u015f\u00fck fiyata sahiptir, ancak mekanik \u00f6zellikler ve y\u00fczey kalitesi, yaln\u0131zca d\u00f6vme \u00e7elik levhadan sonra ikinci olarak so\u011fuk i\u015flenmi\u015f paslanmaz \u00e7elik levhadan daha d\u00fc\u015f\u00fckt\u00fcr. So\u011fuk haddelenmi\u015f sac ile kar\u015f\u0131la\u015ft\u0131r\u0131ld\u0131\u011f\u0131nda, paslanmaz \u00e7elik s\u0131cak haddelenmi\u015f sac oksit \u00f6l\u00e7e\u011fine ve gri y\u00fczeye sahiptir. A\u011f\u0131rl\u0131kl\u0131 olarak gemilerde, petrol ve do\u011fal gazda, kimya sanayinde, g\u0131dada, mutfak e\u015fyalar\u0131nda, genel ev aletlerinde vb. kullan\u0131lmaktad\u0131r.<\/p>\n<p>ASTM, ASME ve EN standartlar\u0131na uygun paslanmaz \u00e7elik sac, levha tedarik\u00e7isi ve \u00fcreticisi olarak. WLD \u00e7elik, 201, 304\/304L, 316\/316L, 430, 410S, 409\/409L ve dubleks kalite 2205 tipinde s\u0131cak haddelenmi\u015f paslanmaz \u00e7elik \u00fcr\u00fcnler (sac, levha, rulo, \u015ferit) tedarik eder, t\u00fcm \u00fcr\u00fcnlerimiz yeniden \u00fcretilebilir. b\u00fckme, d\u00fczeltme, dekapaj, \u0131s\u0131l i\u015flem, kaplama veya di\u011ferleri i\u00e7in i\u015flem.<\/p>\n<\/div><\/section><br \/>\n<div  class='hr hr-default'><span class='hr-inner' ><span class='hr-inner-style'><\/span><\/span><\/div><br \/>\n<section class=\"av_textblock_section\"  itemscope=\"itemscope\" itemtype=\"https:\/\/schema.org\/CreativeWork\" ><div class='avia_textblock'   itemprop=\"text\" ><p>\u00d6zellikler: ASTM A240, ASTM A480<\/p>\n<p>Y\u00fczey kaplamas\u0131: No1<\/p>\n<p>Boyut: 800-2000*3-10.0mm(Levha)<\/p>\n<p>Mevcut kaliteler: 201, <a href=\"https:\/\/wldstainless.com\/materials\/austenitic-stainless-steel\/304-304l-stainless-steel\/\">304\/304L<\/a>, <a href=\"https:\/\/wldstainless.com\/materials\/austenitic-stainless-steel\/316-316l-stainless-steel\/\">316\/316L<\/a>, 317, 309S, 321H, 347, 409L, <a href=\"https:\/\/wldstainless.com\/materials\/austenitic-stainless-steel\/904l-stainless-steel\/\">904L<\/a>, <a href=\"https:\/\/wldstainless.com\/materials\/duplex-stainless-steel\/alloy-2205-stainless-steel\/\">2205<\/a><\/p>\n<h4>Paslanmaz \u00e7elik s\u0131cak haddelenmi\u015f Sac \/ Levha \/ Rulo boyutu<\/h4>\n<table>\n<tbody>\n<tr>\n<td>Y\u00fczey kaplama t\u00fcrleri<\/td>\n<td colspan=\"2\">\u00dcr\u00fcn t\u00fcr\u00fc<\/td>\n<td>Nominal kal\u0131nl\u0131k<br \/>\nmm<\/td>\n<td>Nominal geni\u015flik<br \/>\nmm<\/td>\n<td>Plakan\u0131n nominal uzunlu\u011fu veya bobinlerin i\u00e7 \u00e7ap\u0131, mm<\/td>\n<\/tr>\n<tr>\n<td>No.1U<br \/>\nNo.1C<\/td>\n<td>\u00c7elik bobin<\/td>\n<td>Kenar kesmeyen<\/td>\n<td>2.0~10.0<\/td>\n<td>750~1600<\/td>\n<td>760(Bobin)<\/td>\n<\/tr>\n<tr>\n<td rowspan=\"4\">1 numara<\/td>\n<td rowspan=\"2\">\u00c7elik levha<\/td>\n<td>Kenar kesme<\/td>\n<td rowspan=\"2\">2.0~10.0<\/td>\n<td>730~1570<\/td>\n<td rowspan=\"2\">1000~12000(Levha)<\/td>\n<\/tr>\n<tr>\n<td>Kenar kesmeyen<\/td>\n<td>750~1600<\/td>\n<\/tr>\n<tr>\n<td rowspan=\"2\">\u00c7elik bobin<\/td>\n<td>Kenar kesme<\/td>\n<td rowspan=\"2\">2.0~10.0<\/td>\n<td>730~1570<\/td>\n<td rowspan=\"2\">610(Bobin)<\/td>\n<\/tr>\n<tr>\n<td>Kenar kesmeyen<\/td>\n<td>750~1600<\/td>\n<\/tr>\n<\/tbody>\n<\/table>\n<\/div><\/section><\/p><\/div>","protected":false},"excerpt":{"rendered":"","protected":false},"author":1,"featured_media":0,"parent":346,"menu_order":0,"comment_status":"closed","ping_status":"closed","template":"","meta":{"footnotes":""},"class_list":["post-1375","page","type-page","status-publish","hentry"],"aioseo_notices":[],"_links":{"self":[{"href":"https:\/\/wldstainless.com\/tr\/wp-json\/wp\/v2\/pages\/1375","targetHints":{"allow":["GET"]}}],"collection":[{"href":"https:\/\/wldstainless.com\/tr\/wp-json\/wp\/v2\/pages"}],"about":[{"href":"https:\/\/wldstainless.com\/tr\/wp-json\/wp\/v2\/types\/page"}],"author":[{"embeddable":true,"href":"https:\/\/wldstainless.com\/tr\/wp-json\/wp\/v2\/users\/1"}],"replies":[{"embeddable":true,"href":"https:\/\/wldstainless.com\/tr\/wp-json\/wp\/v2\/comments?post=1375"}],"version-history":[{"count":12,"href":"https:\/\/wldstainless.com\/tr\/wp-json\/wp\/v2\/pages\/1375\/revisions"}],"predecessor-version":[{"id":2057,"href":"https:\/\/wldstainless.com\/tr\/wp-json\/wp\/v2\/pages\/1375\/revisions\/2057"}],"up":[{"embeddable":true,"href":"https:\/\/wldstainless.com\/tr\/wp-json\/wp\/v2\/pages\/346"}],"wp:attachment":[{"href":"https:\/\/wldstainless.com\/tr\/wp-json\/wp\/v2\/media?parent=1375"}],"curies":[{"name":"wp","href":"https:\/\/api.w.org\/{rel}","templated":true}]}}