{"id":114,"date":"2019-04-25T09:02:31","date_gmt":"2019-04-25T09:02:31","guid":{"rendered":"http:\/\/wldstainless.com\/?page_id=114"},"modified":"2020-12-11T06:24:33","modified_gmt":"2020-12-11T06:24:33","slug":"markets","status":"publish","type":"page","link":"https:\/\/wldstainless.com\/tr\/markets\/","title":{"rendered":"PAZARLAR"},"content":{"rendered":"<div id='fullscreen_slider_1' class='avia-fullscreen-slider main_color   container_wrap sidebar_left'   ><div  data-size='no scaling'  data-lightbox_size='large'  data-animation='slide'  data-ids='2034'  data-video_counter='0'  data-autoplay='false'  data-bg_slider='true'  data-slide_height='100'  data-handle='av_fullscreen'  data-interval='5'  data-class=' '  data-css_id='fullscreen_slider_1'  data-scroll_down=''  data-control_layout='av-control-default'  data-custom_markup=''  data-perma_caption=''  data-autoplay_stopper=''  data-image_attachment=''  data-min_height='0px'  data-stretch=''  class='avia-slideshow avia-slideshow-1  av-control-default av-default-height-applied avia-slideshow-no scaling av_fullscreen   avia-slide-slider'  itemprop=\"ImageObject\" itemscope=\"itemscope\" itemtype=\"https:\/\/schema.org\/ImageObject\" ><ul class='avia-slideshow-inner' style='padding-bottom: 43.9453125%;'><li style='background-position:center center;' data-img-url='https:\/\/wldstainless.com\/wp-content\/uploads\/2020\/10\/WLDSS.jpg' class='av-single-slide slide-1' ><div data-rel='slideshow-1' class='avia-slide-wrap'  ><\/div><\/li><\/ul><\/div><\/div>\n<div class=\"flex_column av_one_full  flex_column_div av-zero-column-padding first\" style='border-radius:0px; '><section class=\"av_textblock_section\"  itemscope=\"itemscope\" itemtype=\"https:\/\/schema.org\/CreativeWork\" ><div class='avia_textblock'   itemprop=\"text\" ><p>WLD Steel, uzun y\u0131llara dayanan deneyimiyle g\u0131da i\u015fleme, petrokimya, otomotiv, g\u00fcbre, t\u0131p, suyun tuzdan ar\u0131nd\u0131r\u0131lmas\u0131 n\u00fckleer end\u00fcstrisi ve di\u011fer sekt\u00f6rlerdeki son derece zorlu proseslere y\u00f6nelik paslanmaz \u00e7elik \u00fcr\u00fcnlerin lider tedarik\u00e7isi olmu\u015ftur.<\/p>\n<p>M\u00fckemmel metal\u00fcrjik, istikrarl\u0131 kalite g\u00fcvence standartlar\u0131 ve h\u0131zl\u0131 yan\u0131t veren hizmet, WLD Steel&#039;in, bulunmas\u0131 zor olan spesifikasyonlar\u0131 ve malzemeleri elde etme konusunda m\u00fc\u015fterilerine rehberlik eden ger\u00e7ek bir ortak olmas\u0131na yard\u0131mc\u0131 oldu. WLD \u00e7eli\u011fi, mevcut en iyi metal ala\u015f\u0131mlar\u0131n\u0131 gerektiren \u00e7ok \u00e7e\u015fitli end\u00fcstrilere hizmet vermektedir.<\/p>\n<\/div><\/section><\/div>\n<div class=\"flex_column av_one_fourth  flex_column_div av-zero-column-padding first\" style='border-radius:0px; '><div class='avia-image-container  av-styling-    avia-align-center'  itemprop=\"ImageObject\" itemscope=\"itemscope\" itemtype=\"https:\/\/schema.org\/ImageObject\"  ><div class='avia-image-container-inner'><img class='avia_image' src='https:\/\/wldstainless.com\/wp-content\/uploads\/2020\/09\/Food-processing.png' alt='' title='G\u0131da i\u015fleme'   itemprop=\"thumbnailUrl\"  \/><\/div><\/div><\/div>\n<div class=\"flex_column av_three_fourth  flex_column_div av-zero-column-padding\" style='border-radius:0px; '><section class=\"av_textblock_section\"  itemscope=\"itemscope\" itemtype=\"https:\/\/schema.org\/CreativeWork\" ><div class='avia_textblock'   itemprop=\"text\" ><h3>Yiyecek &amp; \u0130\u00e7ecek<\/h3>\n<p>Paslanmaz \u00e7elik, yiyecek ve i\u00e7ecek end\u00fcstrisinde yayg\u0131n olarak kullan\u0131lmaktad\u0131r.<br \/>\nY\u00fczey ko\u015fullar\u0131, petrol ve gaz \u00fcretimi gibi di\u011fer alanlara g\u00f6re daha \u00f6nemli g\u00f6r\u00fcnmektedir. Sadece korozyona kar\u015f\u0131 diren\u00e7li olmakla kalmaz, ayn\u0131 zamanda hijyenik ve yap\u0131\u015fmayan \u00f6zellikleri de optimum y\u00fczey durumunu belirler. Ana sanayi ve segmentler \u015funlar\u0131 i\u00e7erir:<\/p>\n<ul>\n<li>Bira yap\u0131m\u0131<\/li>\n<li>S\u00fct end\u00fcstrisi<\/li>\n<li>Eczac\u0131l\u0131\u011fa ait<\/li>\n<li>Kozmetik veya di\u011fer genel end\u00fcstriler <span class=\"tran\" data-group=\"20_16\">fiziksel<\/span> <span class=\"tran\" data-group=\"21_17\">temas etmek<\/span>.<\/li>\n<\/ul>\n<\/div><\/section><\/div>\n<div class=\"flex_column av_one_fourth  flex_column_div av-zero-column-padding first\" style='border-radius:0px; '><div class='avia-image-container  av-styling-    avia-align-center'  itemprop=\"ImageObject\" itemscope=\"itemscope\" itemtype=\"https:\/\/schema.org\/ImageObject\"  ><div class='avia-image-container-inner'><img class='avia_image' src='https:\/\/wldstainless.com\/wp-content\/uploads\/2020\/09\/Chemical.png' alt='' title='Kimyasal'   itemprop=\"thumbnailUrl\"  \/><\/div><\/div><\/div>\n<div class=\"flex_column av_three_fourth  flex_column_div av-zero-column-padding\" style='border-radius:0px; '><section class=\"av_textblock_section\"  itemscope=\"itemscope\" itemtype=\"https:\/\/schema.org\/CreativeWork\" ><div class='avia_textblock'   itemprop=\"text\" ><h3>Kimyasal<\/h3>\n<p>Kimyasal talep, iyi bir mukavemet ve korozyon direnci talep etmektedir ve birinci s\u0131n\u0131f kalitede \u00fcr\u00fcnler sunan \u00fcr\u00fcnlerimiz, bu pazarlardaki m\u00fc\u015fterilerimizin ihtiya\u00e7lar\u0131n\u0131 kar\u015f\u0131lamaktad\u0131r. WLD \u00e7elikleri, petrol sondajlar\u0131nda ve kimyasal proses tesislerinde bulunan y\u00fcksek a\u015f\u0131nd\u0131r\u0131c\u0131 veya de\u011fi\u015fken asitli ve klorlu ortamlar i\u00e7in gerekli \u00f6zelliklere sahiptir.<\/p>\n<p>Dubleks paslanmaz \u00e7elik <a href=\"https:\/\/wldstainless.com\/materials\/duplex-stainless-steel\/alloy-2205-stainless-steel\/\">2205 t\u00fcp<\/a> Nispeten y\u00fcksek krom, molibden, tungsten ve nitrojen i\u00e7eri\u011fi i\u00e7erir, bu da onu g\u00fc\u00e7l\u00fc bir korozyon direncine ve dayan\u0131kl\u0131l\u0131\u011fa sahip yapar ve \u00f6zellikle \u00e7e\u015fitli kimyasal ve petrokimya uygulamalar\u0131 i\u00e7in uygun olan \u00e7e\u015fitli a\u015f\u0131nd\u0131r\u0131c\u0131 kimyasallara kar\u015f\u0131 dayan\u0131kl\u0131 olabilir.<\/p>\n<\/div><\/section><\/div><div class=\"flex_column av_one_fourth  flex_column_div av-zero-column-padding first\" style='border-radius:0px; '><div class='avia-image-container  av-styling-    avia-align-center'  itemprop=\"ImageObject\" itemscope=\"itemscope\" itemtype=\"https:\/\/schema.org\/ImageObject\"  ><div class='avia-image-container-inner'><img class='avia_image' src='https:\/\/wldstainless.com\/wp-content\/uploads\/2020\/09\/medical.jpg' alt='' title='t\u0131bbi'   itemprop=\"thumbnailUrl\"  \/><\/div><\/div><\/div><\/p>\n<div class=\"flex_column av_three_fourth  flex_column_div av-zero-column-padding\" style='border-radius:0px; '><section class=\"av_textblock_section\"  itemscope=\"itemscope\" itemtype=\"https:\/\/schema.org\/CreativeWork\" ><div class='avia_textblock'   itemprop=\"text\" ><h3>Biyolojik<\/h3>\n<p>Biyoteknoloji end\u00fcstrilerine y\u00f6nelik kaplar\u0131n ve boru sistemlerinin imalat\u0131nda kullan\u0131lan malzeme, \u00fcr\u00fcn\u00fcn safl\u0131\u011f\u0131n\u0131 ve kalitesini sa\u011flamak i\u00e7in m\u00fckemmel korozyon direnci sa\u011flamal\u0131d\u0131r. \u00c7elik malzeme ayr\u0131ca \u00fcretim, dezenfeksiyon ve temizleme i\u015flemlerinde y\u00fcksek s\u0131cakl\u0131k ve bas\u0131nca kar\u015f\u0131 iyi bir dirence sahip olmal\u0131, ayr\u0131ca iyi kaynaklanabilirlik ve iyi y\u00fczey kalitesine sahip olmal\u0131d\u0131r.<\/p>\n<p>316L \u00d6stenitik paslanmaz \u00e7elik, iyi korozyon direnci, kaynaklanabilirlik, elektrolitik cilalama \u00f6zellikleri nedeniyle biyoteknoloji end\u00fcstrileri i\u00e7in ana malzeme ve ideal bir alternatif malzemedir. M\u00fc\u015fteriler ayr\u0131ca performans\u0131n\u0131 da geli\u015ftirdi <a href=\"https:\/\/wldstainless.com\/materials\/austenitic-stainless-steel\/316-316l-stainless-steel\/\">316L<\/a> \u00f6zel kimyasal bile\u015fimlerini dikkatle se\u00e7erek paslanmaz \u00e7elik <a href=\"https:\/\/wldstainless.com\/materials\/austenitic-stainless-steel\/316-316l-stainless-steel\/\">316L<\/a> paslanmaz \u00e7elik ve geli\u015ftirilmi\u015f ESR \u00fcretim s\u00fcre\u00e7leri ile. Dubleks paslanmaz \u00e7elik 2205 son y\u0131llarda bu pazarlar i\u00e7in daha pop\u00fcler.<\/p>\n<\/div><\/section><\/div><div class=\"flex_column av_one_fourth  flex_column_div av-zero-column-padding first\" style='border-radius:0px; '><div class='avia-image-container  av-styling-    avia-align-center'  itemprop=\"ImageObject\" itemscope=\"itemscope\" itemtype=\"https:\/\/schema.org\/ImageObject\"  ><div class='avia-image-container-inner'><img class='avia_image' src='https:\/\/wldstainless.com\/wp-content\/uploads\/2020\/09\/Power.png' alt='' title='G\u00fc\u00e7'   itemprop=\"thumbnailUrl\"  \/><\/div><\/div><\/div><\/p>\n<div class=\"flex_column av_three_fourth  flex_column_div av-zero-column-padding\" style='border-radius:0px; '><section class=\"av_textblock_section\"  itemscope=\"itemscope\" itemtype=\"https:\/\/schema.org\/CreativeWork\" ><div class='avia_textblock'   itemprop=\"text\" ><h3>G\u00fc\u00e7<\/h3>\n<p>Termal g\u00fc\u00e7 \u00fcretimi, k\u00f6m\u00fcr yak\u0131ld\u0131\u011f\u0131nda olu\u015fan \u0131s\u0131y\u0131 kullanarak suyu y\u00fcksek bas\u0131n\u00e7l\u0131 buhara d\u00f6n\u00fc\u015ft\u00fcr\u00fcp jenerat\u00f6r\u00fc \u00e7al\u0131\u015ft\u0131rarak elektrik \u00fcretmenin bir yoludur. K\u00f6m\u00fcrle \u00e7al\u0131\u015fan elektrik santralleri esas olarak bir kazan, buhar t\u00fcrbini ve jenerat\u00f6rden olu\u015fur; kazan buhar ve su borusunda yeniden \u0131s\u0131tma borusu, su duvar\u0131, s\u00fcper \u0131s\u0131t\u0131c\u0131, ekonomizer borusu, hava \u00f6n \u0131s\u0131tma borusu, \u0131s\u0131 borusu, ini\u015f borusu ve gaz ve buharda y\u00fcksek s\u0131cakl\u0131k ve y\u00fcksek bas\u0131n\u00e7ta \u00e7al\u0131\u015fan ve zorlu ortamlarda oksidasyon ve korozyona neden olacak her t\u00fcrl\u00fc ekipman kontrol\u00fc. Bu nedenle paslanmaz \u00e7elik boru termal g\u00fc\u00e7 kazanlar\u0131nda yayg\u0131n olarak kullan\u0131l\u0131r. <a href=\"https:\/\/wldstainless.com\/materials\/austenitic-stainless-steel\/309s-stainless-steel\/\">309 saat<\/a>, <a href=\"https:\/\/wldstainless.com\/materials\/austenitic-stainless-steel\/321-321h-stainless-steel\/\">321H<\/a> Ve <a href=\"https:\/\/wldstainless.com\/materials\/austenitic-stainless-steel\/347-347h-stainless-steel\/\">347H<\/a> paslanmaz \u00e7elik boru, lama ve levha \u00fcr\u00fcnleri \u00f6ncelikle kazanlar, buhar ve gaz t\u00fcrbinleri i\u00e7in kanatlar \u00fcretmek amac\u0131yla kullan\u0131lmaktad\u0131r.<\/p>\n<\/div><\/section><\/div>","protected":false},"excerpt":{"rendered":"","protected":false},"author":1,"featured_media":0,"parent":0,"menu_order":0,"comment_status":"closed","ping_status":"closed","template":"","meta":{"footnotes":""},"class_list":["post-114","page","type-page","status-publish","hentry"],"aioseo_notices":[],"_links":{"self":[{"href":"https:\/\/wldstainless.com\/tr\/wp-json\/wp\/v2\/pages\/114","targetHints":{"allow":["GET"]}}],"collection":[{"href":"https:\/\/wldstainless.com\/tr\/wp-json\/wp\/v2\/pages"}],"about":[{"href":"https:\/\/wldstainless.com\/tr\/wp-json\/wp\/v2\/types\/page"}],"author":[{"embeddable":true,"href":"https:\/\/wldstainless.com\/tr\/wp-json\/wp\/v2\/users\/1"}],"replies":[{"embeddable":true,"href":"https:\/\/wldstainless.com\/tr\/wp-json\/wp\/v2\/comments?post=114"}],"version-history":[{"count":13,"href":"https:\/\/wldstainless.com\/tr\/wp-json\/wp\/v2\/pages\/114\/revisions"}],"predecessor-version":[{"id":2062,"href":"https:\/\/wldstainless.com\/tr\/wp-json\/wp\/v2\/pages\/114\/revisions\/2062"}],"wp:attachment":[{"href":"https:\/\/wldstainless.com\/tr\/wp-json\/wp\/v2\/media?parent=114"}],"curies":[{"name":"wp","href":"https:\/\/api.w.org\/{rel}","templated":true}]}}