{"id":106,"date":"2019-04-25T08:36:57","date_gmt":"2019-04-25T08:36:57","guid":{"rendered":"http:\/\/wldstainless.com\/?page_id=106"},"modified":"2020-12-15T05:27:34","modified_gmt":"2020-12-15T05:27:34","slug":"materials","status":"publish","type":"page","link":"https:\/\/wldstainless.com\/tr\/materials\/","title":{"rendered":"MALZEMELER"},"content":{"rendered":"<div id='fullscreen_slider_1' class='avia-fullscreen-slider main_color   container_wrap sidebar_left'   ><div  data-size='no scaling'  data-lightbox_size='large'  data-animation='slide'  data-ids='2063'  data-video_counter='0'  data-autoplay='false'  data-bg_slider='true'  data-slide_height='100'  data-handle='av_fullscreen'  data-interval='5'  data-class=' '  data-css_id='fullscreen_slider_1'  data-scroll_down=''  data-control_layout='av-control-default'  data-custom_markup=''  data-perma_caption=''  data-autoplay_stopper=''  data-image_attachment=''  data-min_height='0px'  data-stretch=''  class='avia-slideshow avia-slideshow-1  av-control-default av-default-height-applied avia-slideshow-no scaling av_fullscreen   avia-slide-slider'  itemprop=\"ImageObject\" itemscope=\"itemscope\" itemtype=\"https:\/\/schema.org\/ImageObject\" ><ul class='avia-slideshow-inner' style='padding-bottom: 22.03125%;'><li style='background-position:center center;' data-img-url='https:\/\/wldstainless.com\/wp-content\/uploads\/2020\/12\/Material.png' class='av-single-slide slide-1' ><div data-rel='slideshow-1' class='avia-slide-wrap'  ><\/div><\/li><\/ul><\/div><\/div>\n<div class=\"flex_column av_one_fourth  flex_column_div av-zero-column-padding first\" style='border-radius:0px; '><p><div class='avia-builder-widget-area clearfix'><div id=\"nav_menu-5\" class=\"widget clearfix widget_nav_menu\"><h3 class=\"widgettitle\">Malzeme<\/h3><div class=\"menu-products-sidebar-menu-container\"><ul id=\"menu-products-sidebar-menu\" class=\"menu\"><li id=\"menu-item-1329\" class=\"menu-item menu-item-type-post_type menu-item-object-page menu-item-1329\"><a href=\"https:\/\/wldstainless.com\/tr\/materials\/ferritic-stainless-steel\/\">Ferritik Paslanmaz \u00c7elik<\/a><\/li>\n<li id=\"menu-item-1328\" class=\"menu-item menu-item-type-post_type menu-item-object-page menu-item-1328\"><a href=\"https:\/\/wldstainless.com\/tr\/materials\/martensitic-stainless-steel\/\">Martensitik Paslanmaz \u00c7elik<\/a><\/li>\n<li id=\"menu-item-1327\" class=\"menu-item menu-item-type-post_type menu-item-object-page menu-item-1327\"><a href=\"https:\/\/wldstainless.com\/tr\/materials\/austenitic-stainless-steel\/\">\u00d6stenitik paslanmaz \u00e7elik<\/a><\/li>\n<li id=\"menu-item-1889\" class=\"menu-item menu-item-type-post_type menu-item-object-page menu-item-1889\"><a href=\"https:\/\/wldstainless.com\/tr\/materials\/duplex-stainless-steel\/\">Dubleks Paslanmaz \u00c7elik<\/a><\/li>\n<\/ul><\/div><\/div><\/div><br \/>\n<div  class='hr hr-default'><span class='hr-inner' ><span class='hr-inner-style'><\/span><\/span><\/div><br \/>\n<div class='avia-button-wrap avia-button-left'><a href='http:\/\/wldstainless.com\/contact\/#contact' class='avia-button   avia-icon_select-yes-left-icon avia-color-custom avia-size-large avia-position-left'  target=\"_blank\"  style='background-color:#e82221; border-color:#e82221; color:#ffffff; ' ><span class='avia_button_icon avia_button_icon_left' aria-hidden='true' data-av_icon='\ue84b' data-av_iconfont='entypo-fontello'><\/span><span class='avia_iconbox_title' >Bir teklif iste\u011fi<\/span><\/a><\/div><\/p><\/div>\n<div class=\"flex_column av_three_fourth  flex_column_div\" style='padding:0px 0px 50px 0px ; border-radius:0px; '><section class=\"av_textblock_section\"  itemscope=\"itemscope\" itemtype=\"https:\/\/schema.org\/CreativeWork\" ><div class='avia_textblock'   itemprop=\"text\" ><p>D\u00fcnya \u00e7ap\u0131nda be\u015f farkl\u0131 paslanmaz \u00e7elik s\u0131n\u0131f\u0131 bulunmaktad\u0131r ve \u00d6stenitik paslanmaz \u00e7elik s\u0131n\u0131f\u0131, paslanmaz \u00e7elik uygulamalar\u0131n\u0131n 70% t\u00fcketimini almaktad\u0131r. 200 ve 300 serisi paslanmaz \u00e7elik kalitelerinin tamam\u0131 bu paslanmaz \u00e7elik s\u0131n\u0131f\u0131ndad\u0131r. Ferritik paslanmaz \u00e7elik manyetiktir ve y\u00fcksek s\u0131cakl\u0131kta iyi oksidasyon direnci sunar. Martensitik paslanmaz \u00e7elik, \u0131s\u0131l i\u015flem kabiliyeti nedeniyle \u00fcnl\u00fc olan ba\u015fka bir paslanmaz s\u0131n\u0131f\u0131d\u0131r. Dubleks ve \u00e7\u00f6keltme sertle\u015ftirmeli paslanmaz \u00e7elikler baz\u0131 \u00f6zel uygulamalar i\u00e7in daha pop\u00fclerdir.<\/p>\n<p>Y\u00fcksek kaliteli \u00d6stenitik paslanmaz \u00e7elik, Ferritik paslanmaz \u00e7elik, Martensitik paslanmaz \u00e7elik, dubleks paslanmaz \u00e7elik ve nikel bazl\u0131 ala\u015f\u0131ml\u0131 \u00e7elik borular ve i\u015fleme hizmetleri sa\u011flamaya kararl\u0131y\u0131z. Bu malzemeler \u015funlar\u0131 i\u00e7erir:<\/p>\n<p>\u00d6stenitik paslanmaz \u00e7elik: 201, 202, 301, <a href=\"https:\/\/wldstainless.com\/materials\/austenitic-stainless-steel\/304-304l-stainless-steel\/\">304<\/a>, 316, 317, 309, 310, <a href=\"https:\/\/wldstainless.com\/materials\/austenitic-stainless-steel\/321-321h-stainless-steel\/\">321<\/a>, <a href=\"https:\/\/wldstainless.com\/materials\/austenitic-stainless-steel\/347-347h-stainless-steel\/\">347<\/a>, <a href=\"https:\/\/wldstainless.com\/materials\/austenitic-stainless-steel\/904l-stainless-steel\/\">904L<\/a><\/p>\n<p>Ferritikler:<a href=\"https:\/\/wldstainless.com\/materials\/ferritic-stainless-steel\/409-409l-stainless-steel\/\">409<\/a>410S, <a href=\"https:\/\/wldstainless.com\/materials\/ferritic-stainless-steel\/430-430f-stainless-steel\/\">430\/430F<\/a>, 430Ti (439), 441, 444<\/p>\n<p>Martensitikler:<a href=\"https:\/\/wldstainless.com\/materials\/ferritic-stainless-steel\/410-410s-stainless-steel\/\">410<\/a>, 420, 431<\/p>\n<p>Ya\u011f\u0131\u015f sertle\u015fmesi:<a href=\"https:\/\/wldstainless.com\/materials\/martensitic-stainless-steel\/17-4-ph-stainless-steel\/\">17\/4PH<\/a>, 17\/7PH<\/p>\n<p>Dubleks \u00c7elik :31803 , <a href=\"https:\/\/wldstainless.com\/materials\/duplex-stainless-steel\/alloy-2205-stainless-steel\/\">S 32205<\/a>, <a href=\"https:\/\/wldstainless.com\/materials\/duplex-stainless-steel\/alloy-2205-stainless-steel\/\">S 32550<\/a>, S 32750 , S 32760.<\/p>\n<\/div><\/section><\/div>","protected":false},"excerpt":{"rendered":"","protected":false},"author":1,"featured_media":0,"parent":0,"menu_order":0,"comment_status":"closed","ping_status":"closed","template":"","meta":{"footnotes":""},"class_list":["post-106","page","type-page","status-publish","hentry"],"aioseo_notices":[],"_links":{"self":[{"href":"https:\/\/wldstainless.com\/tr\/wp-json\/wp\/v2\/pages\/106","targetHints":{"allow":["GET"]}}],"collection":[{"href":"https:\/\/wldstainless.com\/tr\/wp-json\/wp\/v2\/pages"}],"about":[{"href":"https:\/\/wldstainless.com\/tr\/wp-json\/wp\/v2\/types\/page"}],"author":[{"embeddable":true,"href":"https:\/\/wldstainless.com\/tr\/wp-json\/wp\/v2\/users\/1"}],"replies":[{"embeddable":true,"href":"https:\/\/wldstainless.com\/tr\/wp-json\/wp\/v2\/comments?post=106"}],"version-history":[{"count":23,"href":"https:\/\/wldstainless.com\/tr\/wp-json\/wp\/v2\/pages\/106\/revisions"}],"predecessor-version":[{"id":1756,"href":"https:\/\/wldstainless.com\/tr\/wp-json\/wp\/v2\/pages\/106\/revisions\/1756"}],"wp:attachment":[{"href":"https:\/\/wldstainless.com\/tr\/wp-json\/wp\/v2\/media?parent=106"}],"curies":[{"name":"wp","href":"https:\/\/api.w.org\/{rel}","templated":true}]}}