{"id":76,"date":"2019-04-24T18:14:45","date_gmt":"2019-04-24T18:14:45","guid":{"rendered":"http:\/\/wldstainless.com\/?page_id=76"},"modified":"2020-12-11T03:34:19","modified_gmt":"2020-12-11T03:34:19","slug":"about","status":"publish","type":"page","link":"https:\/\/wldstainless.com\/pt\/about\/","title":{"rendered":"SOBRE"},"content":{"rendered":"<div id='fullscreen_slider_1' class='avia-fullscreen-slider main_color   container_wrap sidebar_left'   ><div  data-size='no scaling'  data-lightbox_size='large'  data-animation='slide'  data-ids='2030'  data-video_counter='0'  data-autoplay='false'  data-bg_slider='true'  data-slide_height='100'  data-handle='av_fullscreen'  data-interval='5'  data-class=' '  data-css_id='fullscreen_slider_1'  data-scroll_down=''  data-control_layout='av-control-default'  data-custom_markup=''  data-perma_caption=''  data-autoplay_stopper=''  data-image_attachment=''  data-min_height='0px'  data-stretch=''  class='avia-slideshow avia-slideshow-1  av-control-default av-default-height-applied avia-slideshow-no scaling av_fullscreen   avia-slide-slider'  itemprop=\"ImageObject\" itemscope=\"itemscope\" itemtype=\"https:\/\/schema.org\/ImageObject\" ><ul class='avia-slideshow-inner' style='padding-bottom: 43.9453125%;'><li style='background-position:center center;' data-img-url='https:\/\/wldstainless.com\/wp-content\/uploads\/2020\/10\/About-SS.jpg' class='av-single-slide slide-1' ><div data-rel='slideshow-1' class='avia-slide-wrap'  ><\/div><\/li><\/ul><\/div><\/div>\n<div class=\"flex_column av_one_full  flex_column_div av-zero-column-padding first\" style='border-radius:0px; '><p><section class=\"av_textblock_section\"  itemscope=\"itemscope\" itemtype=\"https:\/\/schema.org\/CreativeWork\" ><div class='avia_textblock'   itemprop=\"text\" ><p>WLD Stainless \u00e9 um fornecedor, fabricante e distribuidor profissional de produtos de a\u00e7o inoxid\u00e1vel semiacabados e acabados, incluindo a\u00e7o inoxid\u00e1vel s\u00e9rie 200, a\u00e7o inoxid\u00e1vel s\u00e9rie 300, a\u00e7o inoxid\u00e1vel s\u00e9rie 400, a\u00e7o inoxid\u00e1vel endurecido por precipita\u00e7\u00e3o e a\u00e7o inoxid\u00e1vel duplex em uma ampla variedade de graus e formas. Nossos produtos vendidos para centros de servi\u00e7os, falsificadores, rolos e fabricantes de equipamentos originais s\u00e3o posteriormente processados por nossos clientes para uso em uma variedade de ind\u00fastrias, incluindo offshore, aeroespacial, gera\u00e7\u00e3o de energia, petr\u00f3leo e g\u00e1s, petroqu\u00edmica e fabrica\u00e7\u00e3o de equipamentos pesados.<\/p>\n<p>N\u00f3s fornecemos principalmente tubos de a\u00e7o inoxid\u00e1vel, <a href=\"https:\/\/wldstainless.com\/products\/stainless-steel-square-tube\/\">tubos<\/a>, <a href=\"https:\/\/wldstainless.com\/products\/stainless-steel-cold-rolled-plate-sheet-coil\/\">folhas<\/a>, placas, bobinas, tiras, <a href=\"https:\/\/wldstainless.com\/products\/stainless-steel-round-bars\/\">rodada do bar<\/a>, barra sextavada, plana e a\u00e7o formado, como <a href=\"https:\/\/wldstainless.com\/products\/stainless-steel-angle\/\">\u00e2ngulos<\/a>, <a href=\"https:\/\/wldstainless.com\/products\/stainless-steel-beam\/\">feixes<\/a> e <a href=\"https:\/\/wldstainless.com\/products\/stainless-steel-channel\/\">canais<\/a>. O que oferecemos \u00e9 fabricado com mat\u00e9rias-primas qualificadas e t\u00e9cnicas de ponta. Dependendo de suas necessidades, garantimos que nossos produtos atendam aos termos das especifica\u00e7\u00f5es e padr\u00f5es bem definidos na ind\u00fastria.<\/p>\n<h3><\/h3>\n<\/div><\/section><br \/>\n<div style='padding-bottom:10px;color:#d3311f;' class='av-special-heading av-special-heading-h3 custom-color-heading'><h3 class='av-special-heading-tag'  itemprop=\"headline\"  >Porque escolher-nos?<\/h3><div class='special-heading-border'><div class='special-heading-inner-border' style='border-color:#d3311f'><\/div><\/div><\/div><\/p><\/div><div class=\"flex_column av_one_full  flex_column_div av-zero-column-padding first\" style='border-radius:0px; '><section class=\"av_textblock_section\"  itemscope=\"itemscope\" itemtype=\"https:\/\/schema.org\/CreativeWork\" ><div class='avia_textblock'   itemprop=\"text\" ><h3><\/h3>\n<h4>Qualidade em primeiro lugar<\/h4>\n<p>\u201cFazemos o que podemos fazer e o que n\u00e3o podemos fazer\u201d. Ao longo de d\u00e9cadas de progresso, percebemos que somente os produtos qualificados s\u00e3o nosso princ\u00edpio fundamental, \u00e9 exatamente disso que temos orgulho. A WLD Steel colaborou com a f\u00e1brica de processamento equipada com conforma\u00e7\u00e3o, retifica\u00e7\u00e3o, soldagem, brunimento, usinagem, tratamento t\u00e9rmico e instala\u00e7\u00f5es para testes f\u00edsicos e qu\u00edmicos, o que nos permite atender aos rigorosos requisitos dos clientes.<\/p>\n<h4>Equipe experiente<\/h4>\n<p>A WLD Steel conta com uma equipe com fortes habilidades multil\u00edngues para clientes de todo o mundo, o que \u00e9 a base de um neg\u00f3cio de alto desempenho. Nossa equipe conta ainda com o engenheiro metal\u00fargico, especialista em log\u00edstica que possui amplo know-how t\u00e9cnico para atender suas necessidades de produtos em um curto espa\u00e7o de tempo.<\/p>\n<h4>Servico adicional<\/h4>\n<p>Com equipamentos avan\u00e7ados e um plano de produ\u00e7\u00e3o rigoroso, fabricamos produtos especiais sob medida de acordo com as necessidades e desenhos espec\u00edficos do cliente, al\u00e9m de nossos produtos padr\u00e3o. Nosso engenheiro e trabalhador qualificados se unem para oferecer uma gama de servi\u00e7os adicionais para ajudar voc\u00ea a economizar tempo e dinheiro.<\/p>\n<h4>Materiais amplos<\/h4>\n<p>O a\u00e7o WLD armazena uma ampla variedade de materiais certificados ASME\/EN\/JIS e tamb\u00e9m armazena uma gama completa imediatamente dispon\u00edvel de qualidade alimentar, m\u00e9dica, ureia e n\u00edtrica. Grande estoque de tubos, chapas, conformados, conex\u00f5es, flanges, barras, placas e conex\u00f5es forjadas em geral, industriais e especiais.<\/p>\n<\/div><\/section><\/div><\/p>","protected":false},"excerpt":{"rendered":"","protected":false},"author":1,"featured_media":0,"parent":0,"menu_order":0,"comment_status":"closed","ping_status":"closed","template":"","meta":{"footnotes":""},"class_list":["post-76","page","type-page","status-publish","hentry"],"aioseo_notices":[],"_links":{"self":[{"href":"https:\/\/wldstainless.com\/pt\/wp-json\/wp\/v2\/pages\/76","targetHints":{"allow":["GET"]}}],"collection":[{"href":"https:\/\/wldstainless.com\/pt\/wp-json\/wp\/v2\/pages"}],"about":[{"href":"https:\/\/wldstainless.com\/pt\/wp-json\/wp\/v2\/types\/page"}],"author":[{"embeddable":true,"href":"https:\/\/wldstainless.com\/pt\/wp-json\/wp\/v2\/users\/1"}],"replies":[{"embeddable":true,"href":"https:\/\/wldstainless.com\/pt\/wp-json\/wp\/v2\/comments?post=76"}],"version-history":[{"count":29,"href":"https:\/\/wldstainless.com\/pt\/wp-json\/wp\/v2\/pages\/76\/revisions"}],"predecessor-version":[{"id":2047,"href":"https:\/\/wldstainless.com\/pt\/wp-json\/wp\/v2\/pages\/76\/revisions\/2047"}],"wp:attachment":[{"href":"https:\/\/wldstainless.com\/pt\/wp-json\/wp\/v2\/media?parent=76"}],"curies":[{"name":"wp","href":"https:\/\/api.w.org\/{rel}","templated":true}]}}