{"id":558,"date":"2019-06-26T00:45:37","date_gmt":"2019-06-26T00:45:37","guid":{"rendered":"http:\/\/wldstainless.com\/?page_id=558"},"modified":"2020-12-11T05:43:53","modified_gmt":"2020-12-11T05:43:53","slug":"stainless-steel-cold-rolled-plate-sheet-coil","status":"publish","type":"page","link":"https:\/\/wldstainless.com\/pt\/products\/stainless-steel-cold-rolled-plate-sheet-coil\/","title":{"rendered":"Placa\/folha\/bobina laminada a frio de a\u00e7o inoxid\u00e1vel"},"content":{"rendered":"<div class=\"flex_column av_one_fourth  flex_column_div av-zero-column-padding first\" style='border-radius:0px; '><p><div class='avia-builder-widget-area clearfix'><div id=\"nav_menu-7\" class=\"widget clearfix widget_nav_menu\"><h3 class=\"widgettitle\">Produtos<\/h3><div class=\"menu-accessories-container\"><ul id=\"menu-accessories\" class=\"menu\"><li id=\"menu-item-1924\" class=\"menu-item menu-item-type-post_type menu-item-object-page menu-item-1924\"><a href=\"https:\/\/wldstainless.com\/pt\/products\/stainless-steel-angle\/\">\u00c2ngulo de a\u00e7o inoxid\u00e1vel<\/a><\/li>\n<li id=\"menu-item-1925\" class=\"menu-item menu-item-type-post_type menu-item-object-page menu-item-1925\"><a href=\"https:\/\/wldstainless.com\/pt\/products\/stainless-steel-beam\/\">Viga de a\u00e7o inoxid\u00e1vel<\/a><\/li>\n<li id=\"menu-item-1926\" class=\"menu-item menu-item-type-post_type menu-item-object-page menu-item-1926\"><a href=\"https:\/\/wldstainless.com\/pt\/products\/stainless-steel-capillary-tubes\/\">Tubos capilares de a\u00e7o inoxid\u00e1vel<\/a><\/li>\n<li id=\"menu-item-1927\" class=\"menu-item menu-item-type-post_type menu-item-object-page menu-item-1927\"><a href=\"https:\/\/wldstainless.com\/pt\/products\/stainless-steel-channel\/\">Canal de a\u00e7o inoxid\u00e1vel<\/a><\/li>\n<li id=\"menu-item-1928\" class=\"menu-item menu-item-type-post_type menu-item-object-page menu-item-1928\"><a href=\"https:\/\/wldstainless.com\/pt\/products\/stainless-steel-coiled-tube\/\">Tubo espiralado de a\u00e7o inoxid\u00e1vel<\/a><\/li>\n<li id=\"menu-item-1929\" class=\"menu-item menu-item-type-post_type menu-item-object-page menu-item-1929\"><a href=\"https:\/\/wldstainless.com\/pt\/products\/stainless-steel-cold-rolled-plate-sheet-coil\/\">Placa\/folha\/bobina laminada a frio de a\u00e7o inoxid\u00e1vel<\/a><\/li>\n<li id=\"menu-item-1930\" class=\"menu-item menu-item-type-post_type menu-item-object-page menu-item-1930\"><a href=\"https:\/\/wldstainless.com\/pt\/products\/stainless-steel-flats\/\">Planos de a\u00e7o inoxid\u00e1vel<\/a><\/li>\n<li id=\"menu-item-1931\" class=\"menu-item menu-item-type-post_type menu-item-object-page menu-item-1931\"><a href=\"https:\/\/wldstainless.com\/pt\/products\/stainless-steel-hexagon-bars\/\">Barras hexagonais de a\u00e7o inoxid\u00e1vel<\/a><\/li>\n<li id=\"menu-item-1932\" class=\"menu-item menu-item-type-post_type menu-item-object-page menu-item-1932\"><a href=\"https:\/\/wldstainless.com\/pt\/products\/stainless-steel-hot-rolled-plate-sheet-coil\/\">Placa\/folha\/bobina laminada a quente de a\u00e7o inoxid\u00e1vel<\/a><\/li>\n<li id=\"menu-item-1933\" class=\"menu-item menu-item-type-post_type menu-item-object-page menu-item-1933\"><a href=\"https:\/\/wldstainless.com\/pt\/products\/stainless-steel-large-diameter-pipe\/\">Tubo de a\u00e7o inoxid\u00e1vel de grande di\u00e2metro<\/a><\/li>\n<li id=\"menu-item-1934\" class=\"menu-item menu-item-type-post_type menu-item-object-page menu-item-1934\"><a href=\"https:\/\/wldstainless.com\/pt\/products\/stainless-steel-round-bars\/\">Barras redondas de a\u00e7o inoxid\u00e1vel<\/a><\/li>\n<li id=\"menu-item-1935\" class=\"menu-item menu-item-type-post_type menu-item-object-page menu-item-1935\"><a href=\"https:\/\/wldstainless.com\/pt\/products\/stainless-steel-square-tube\/\">Tubo quadrado de a\u00e7o inoxid\u00e1vel<\/a><\/li>\n<li id=\"menu-item-1936\" class=\"menu-item menu-item-type-post_type menu-item-object-page menu-item-1936\"><a href=\"https:\/\/wldstainless.com\/pt\/products\/stainless-steel-u-bend-tube\/\">Tubo curvado em U de a\u00e7o inoxid\u00e1vel<\/a><\/li>\n<\/ul><\/div><\/div><\/div><br \/>\n<div  class='hr hr-default'><span class='hr-inner' ><span class='hr-inner-style'><\/span><\/span><\/div><br \/>\n<div class='avia-button-wrap avia-button-left'><a href='http:\/\/wldstainless.com\/contact\/#contact' class='avia-button   avia-icon_select-yes-left-icon avia-color-custom avia-size-large avia-position-left'  target=\"_blank\"  style='background-color:#e82221; border-color:#e82221; color:#ffffff; ' ><span class='avia_button_icon avia_button_icon_left' aria-hidden='true' data-av_icon='\ue84b' data-av_iconfont='entypo-fontello'><\/span><span class='avia_iconbox_title' >Solicite um or\u00e7amento<\/span><\/a><\/div><\/p><\/div>\n<div class=\"flex_column av_three_fourth  flex_column_div\" style='padding:0px 0px 50px 0px ; border-radius:0px; '><p><div style='padding-bottom:10px;color:#d3311f;' class='av-special-heading av-special-heading-h3 custom-color-heading'><h3 class='av-special-heading-tag'  itemprop=\"headline\"  >Chapa\/placa\/bobina de a\u00e7o inoxid\u00e1vel laminada a frio<\/h3><div class='special-heading-border'><div class='special-heading-inner-border' style='border-color:#d3311f'><\/div><\/div><\/div><br \/>\n<div  class='hr hr-default'><span class='hr-inner' ><span class='hr-inner-style'><\/span><\/span><\/div><br \/>\n<section class=\"av_textblock_section\"  itemscope=\"itemscope\" itemtype=\"https:\/\/schema.org\/CreativeWork\" ><div class='avia_textblock'   itemprop=\"text\" ><p>Como o nome indica, chapa laminada a frio de a\u00e7o inoxid\u00e1vel \u00e9 uma chapa de a\u00e7o inoxid\u00e1vel produzida pelo processo de lamina\u00e7\u00e3o a frio. Geralmente referimo-nos a espessura inferior a 3 mm para a chapa e superior a 3 mm para a chapa. Chapas\/placas laminadas a frio de a\u00e7o inoxid\u00e1vel, bobinas e produtos de tiras t\u00eam excelente resist\u00eancia \u00e0 corros\u00e3o, boas propriedades mec\u00e2nicas, propriedades de processamento e uma variedade de acabamentos de superf\u00edcie, t\u00eam sido amplamente utilizadas em eletrodom\u00e9sticos, petroqu\u00edmicos, equipamentos m\u00e9dicos, autom\u00f3veis, navios, eletr\u00f4nicos de precis\u00e3o e outros campos.<\/p>\n<p>O reprocessamento da superf\u00edcie laminada a frio permite que a superf\u00edcie do a\u00e7o inoxid\u00e1vel apresente acabamento, textura e cor diferenciados. Os acabamentos superficiais das placas laminadas a frio de a\u00e7o inoxid\u00e1vel incluem 2D, 2B, No.3, No.4, 240, 320, No.7, No.8, HL, BA, TR, estado duro, relevo e outros graus de superf\u00edcie. Pode ser posteriormente processado por galvanoplastia, eletropolimento, ataque qu\u00edmico, shot peening, colora\u00e7\u00e3o, revestimento e diversas combina\u00e7\u00f5es baseadas em lamina\u00e7\u00e3o a frio.<\/p>\n<p>Como fornecedor e fabricante de chapas de a\u00e7o inoxid\u00e1vel, chapas em conformidade com as normas ASTM, ASME e EN. O a\u00e7o WLD fornece esses produtos dispon\u00edveis nos tipos 201, 304\/304L, 316\/316L, 430, 410S, 409\/409L e grau duplex 2205, todos os nossos produtos podem ser reprocessados para dobrar, aparar, decapagem, tratamento t\u00e9rmico, revestido ou outros.<\/p>\n<\/div><\/section><br \/>\n<section class=\"av_textblock_section\"  itemscope=\"itemscope\" itemtype=\"https:\/\/schema.org\/CreativeWork\" ><div class='avia_textblock'   itemprop=\"text\" ><p>Especifica\u00e7\u00f5es: ASTM A240, ASTM A480<\/p>\n<p>Acabamento de superf\u00edcie: No1, 2D, 2B, BA, No 3, No4, No8, HL,<\/p>\n<p>Tamanho: 800-1300*0,2-3,0 mm (Bobina); 800-2000*0,2-100mm(Placa)<\/p>\n<p>Notas dispon\u00edveis: 201, <a href=\"https:\/\/wldstainless.com\/materials\/austenitic-stainless-steel\/304-304l-stainless-steel\/\">304\/304L<\/a>, <a href=\"https:\/\/wldstainless.com\/materials\/austenitic-stainless-steel\/316-316l-stainless-steel\/\">316\/316L<\/a>, 317, 309S, 321H, <a href=\"https:\/\/wldstainless.com\/materials\/austenitic-stainless-steel\/347-347h-stainless-steel\/\">347<\/a>, 409L,<a href=\"https:\/\/wldstainless.com\/materials\/austenitic-stainless-steel\/904l-stainless-steel\/\"> 904L<\/a>,<a href=\"https:\/\/wldstainless.com\/materials\/duplex-stainless-steel\/alloy-2205-stainless-steel\/\"> 2205<\/a><\/p>\n<h4>O tamanho da chapa\/placa\/bobina laminada a frio de a\u00e7o inoxid\u00e1vel<\/h4>\n<table>\n<tbody>\n<tr>\n<td width=\"13.1000%\">Tipos de acabamento de superf\u00edcie<\/td>\n<td colspan=\"2\" width=\"32.5400%\">Produtos<\/td>\n<td width=\"14.6200%\">Espessura nominal, mm<\/td>\n<td width=\"14.6400%\">Largura nominal, mm<\/td>\n<td width=\"22.9000%\">Comprimento nominal da placa ou di\u00e2metro interno da bobina, mm<\/td>\n<\/tr>\n<tr>\n<td rowspan=\"5\" width=\"13.1000%\">N\u00ba2E<\/td>\n<td rowspan=\"2\" width=\"14.4200%\">Chapa de a\u00e7o<\/td>\n<td width=\"17.7600%\">Corte de borda<\/td>\n<td rowspan=\"2\" width=\"14.6200%\">1,4~6,5<\/td>\n<td width=\"14.6400%\">730~1570<\/td>\n<td rowspan=\"2\" width=\"22.9000%\">1000~12000(Placa)<\/td>\n<\/tr>\n<tr>\n<td width=\"17.7600%\">Sem corte de borda<\/td>\n<td width=\"14.6400%\">750~1600<\/td>\n<\/tr>\n<tr>\n<td rowspan=\"2\" width=\"14.4200%\">Bobina de a\u00e7o<\/td>\n<td width=\"17.7600%\">Corte de borda<\/td>\n<td rowspan=\"2\" width=\"14.6200%\">1,4~6,5<\/td>\n<td width=\"14.6400%\">730~1570<\/td>\n<td rowspan=\"2\" width=\"22.9000%\">610 (Bobina)<\/td>\n<\/tr>\n<tr>\n<td width=\"17.7600%\">Sem corte de borda<\/td>\n<td width=\"14.6400%\">750~1600<\/td>\n<\/tr>\n<tr>\n<td colspan=\"2\" width=\"32.5400%\">Bobina de a\u00e7o de corte longitudinal<\/td>\n<td width=\"14.6200%\">1,4~3,0<\/td>\n<td width=\"14.6400%\">120~700<\/td>\n<td width=\"22.9000%\">508\/610 (Bobina)<\/td>\n<\/tr>\n<tr>\n<td rowspan=\"5\" width=\"13.1000%\">N\u00ba2D<br \/>\nN\u00ba 2B<\/td>\n<td rowspan=\"2\" width=\"14.4200%\">Chapa de a\u00e7o<\/td>\n<td width=\"17.7600%\">Corte de borda<\/td>\n<td rowspan=\"2\" width=\"14.6200%\">0,20~3,0<\/td>\n<td width=\"14.6400%\">730~1350<\/td>\n<td rowspan=\"2\" width=\"22.9000%\">1000~5000 (Placa)<\/td>\n<\/tr>\n<tr>\n<td width=\"17.7600%\">Sem corte de borda<\/td>\n<td width=\"14.6400%\">750~1350<\/td>\n<\/tr>\n<tr>\n<td rowspan=\"2\" width=\"14.4200%\">Bobina de a\u00e7o<\/td>\n<td width=\"17.7600%\">Corte de borda<\/td>\n<td rowspan=\"2\" width=\"14.6200%\">0,20~5,0<\/td>\n<td width=\"14.6400%\">730~1570<\/td>\n<td rowspan=\"3\" width=\"22.9000%\">508\/610 (Bobina)<\/td>\n<\/tr>\n<tr>\n<td width=\"17.7600%\">Sem corte de borda<\/td>\n<td width=\"14.6400%\">750~1600<\/td>\n<\/tr>\n<tr>\n<td colspan=\"2\" width=\"32.5400%\">Bobina de a\u00e7o de corte longitudinal<\/td>\n<td width=\"14.6200%\">0,20~3,0<\/td>\n<td width=\"14.6400%\">120~700<\/td>\n<\/tr>\n<tr>\n<td rowspan=\"5\" width=\"13.1000%\">N \u00b0 3<br \/>\nN\u00ba 4<br \/>\nHL<br \/>\nBA<\/td>\n<td rowspan=\"2\" width=\"14.4200%\">Chapa de a\u00e7o<\/td>\n<td width=\"17.7600%\">Corte de borda<\/td>\n<td rowspan=\"2\" width=\"14.6200%\">0,20~3,0<\/td>\n<td width=\"14.6400%\">730~1350<\/td>\n<td rowspan=\"2\" width=\"22.9000%\">1000~9000 (Placa)<\/td>\n<\/tr>\n<tr>\n<td width=\"17.7600%\">Sem corte de borda<\/td>\n<td width=\"14.6400%\">750~1350<\/td>\n<\/tr>\n<tr>\n<td rowspan=\"2\" width=\"14.4200%\">Bobina de a\u00e7o<\/td>\n<td width=\"17.7600%\">Corte de borda<\/td>\n<td rowspan=\"2\" width=\"14.6200%\">0,20~3,0<\/td>\n<td width=\"14.6400%\">730~1570<\/td>\n<td rowspan=\"3\" width=\"22.9000%\">508\/610 (Bobina)<\/td>\n<\/tr>\n<tr>\n<td width=\"17.7600%\">Sem corte de borda<\/td>\n<td width=\"14.6400%\">750~1600<\/td>\n<\/tr>\n<tr>\n<td colspan=\"2\" width=\"32.5400%\">Corte longitudinal de tira de a\u00e7o<\/td>\n<td width=\"14.6200%\">0,20~3,0<\/td>\n<td width=\"14.6400%\">120~700<\/td>\n<\/tr>\n<\/tbody>\n<\/table>\n<\/div><\/section><\/p><\/div>","protected":false},"excerpt":{"rendered":"","protected":false},"author":1,"featured_media":0,"parent":346,"menu_order":0,"comment_status":"closed","ping_status":"closed","template":"","meta":{"footnotes":""},"class_list":["post-558","page","type-page","status-publish","hentry"],"aioseo_notices":[],"_links":{"self":[{"href":"https:\/\/wldstainless.com\/pt\/wp-json\/wp\/v2\/pages\/558","targetHints":{"allow":["GET"]}}],"collection":[{"href":"https:\/\/wldstainless.com\/pt\/wp-json\/wp\/v2\/pages"}],"about":[{"href":"https:\/\/wldstainless.com\/pt\/wp-json\/wp\/v2\/types\/page"}],"author":[{"embeddable":true,"href":"https:\/\/wldstainless.com\/pt\/wp-json\/wp\/v2\/users\/1"}],"replies":[{"embeddable":true,"href":"https:\/\/wldstainless.com\/pt\/wp-json\/wp\/v2\/comments?post=558"}],"version-history":[{"count":16,"href":"https:\/\/wldstainless.com\/pt\/wp-json\/wp\/v2\/pages\/558\/revisions"}],"predecessor-version":[{"id":2054,"href":"https:\/\/wldstainless.com\/pt\/wp-json\/wp\/v2\/pages\/558\/revisions\/2054"}],"up":[{"embeddable":true,"href":"https:\/\/wldstainless.com\/pt\/wp-json\/wp\/v2\/pages\/346"}],"wp:attachment":[{"href":"https:\/\/wldstainless.com\/pt\/wp-json\/wp\/v2\/media?parent=558"}],"curies":[{"name":"wp","href":"https:\/\/api.w.org\/{rel}","templated":true}]}}