{"id":197,"date":"2019-05-16T14:56:59","date_gmt":"2019-05-16T14:56:59","guid":{"rendered":"http:\/\/wldstainless.com\/?page_id=197"},"modified":"2020-12-11T03:38:18","modified_gmt":"2020-12-11T03:38:18","slug":"steel-services","status":"publish","type":"page","link":"https:\/\/wldstainless.com\/pt\/about\/steel-services\/","title":{"rendered":"SERVI\u00c7OS"},"content":{"rendered":"<\/div><\/div><\/div><!-- close content main div --><\/div><\/div><div id='aboutpage' class='avia-section main_color avia-section-small avia-no-shadow avia-bg-style-scroll   container_wrap sidebar_left'   ><div class='container' ><div class='template-page content  av-content-small units'><div class='post-entry post-entry-type-page post-entry-197'><div class='entry-content-wrapper clearfix'>\n<div class=\"flex_column av_one_full  flex_column_div av-zero-column-padding first\" style='border-radius:0px; '><section class=\"av_textblock_section\"  itemscope=\"itemscope\" itemtype=\"https:\/\/schema.org\/CreativeWork\" ><div class='avia_textblock'   itemprop=\"text\" ><p>Com equipamentos avan\u00e7ados e um plano de produ\u00e7\u00e3o rigoroso, a WLD fabrica produtos especiais sob medida de acordo com as necessidades e desenhos espec\u00edficos do cliente, al\u00e9m de nossos produtos padr\u00e3o. Tamb\u00e9m oferecemos aos clientes uma variedade de servi\u00e7os de processamento completo de a\u00e7o inoxid\u00e1vel, como soldagem, perfura\u00e7\u00e3o, dobra, polimento e usinagem de torno.<\/p>\n<\/div><\/section><\/div><div class=\"flex_column av_one_fourth  flex_column_div av-zero-column-padding first\" style='border-radius:0px; '><div class='avia-image-container  av-styling-circle    avia-align-center'  itemprop=\"ImageObject\" itemscope=\"itemscope\" itemtype=\"https:\/\/schema.org\/ImageObject\"  ><div class='avia-image-container-inner'><img class='avia_image' src='https:\/\/wldstainless.com\/wp-content\/uploads\/2020\/08\/Water-jet-cutting.jpg' alt='' title='Corte a jato de \u00e1gua'   itemprop=\"thumbnailUrl\"  \/><\/div><\/div><\/div><div class=\"flex_column av_three_fourth  flex_column_div\" style='padding:50px 0px 50px 0px ; border-radius:0px; '><section class=\"av_textblock_section\"  itemscope=\"itemscope\" itemtype=\"https:\/\/schema.org\/CreativeWork\" ><div class='avia_textblock'   itemprop=\"text\" ><h3 align=\"justify\"><\/h3>\n<h3>Servi\u00e7o de corte de precis\u00e3o<\/h3>\n<p>Corte a laser<\/p>\n<p>O corte a laser pode ser usado para cortar formas complexas ou onde for necess\u00e1ria uma dimens\u00e3o de alta precis\u00e3o, pode ser cortado em ambos os lados da pe\u00e7a SS ao mesmo tempo com alta efici\u00eancia. Aqui na WLD Steel nos orgulhamos de nossa capacidade de usinar <a href=\"https:\/\/wldstainless.com\/products\/stainless-steel-coiled-tube\/\">tubo de a\u00e7o inoxid\u00e1vel<\/a> ou haste com di\u00e2metro m\u00e1ximo de 508mm, comprimento de 15,5m e chapa de a\u00e7o inoxid\u00e1vel com largura m\u00e1xima de 4,5m e espessura de 16mm.<\/p>\n<p>Corte Plasma<\/p>\n<p>O corte a plasma \u00e9 um processo de corte por fus\u00e3o que USA o calor do plasma quente para derreter o metal e soprar o metal fundido para longe do corte. Este m\u00e9todo \u00e9 eficaz para cortar placas de a\u00e7o inoxid\u00e1vel com espessura inferior a 30 mm. Tem a vantagem de baixa deforma\u00e7\u00e3o porque o corte \u00e9 realizado em uma \u00e1rea estreita e de alta temperatura.<\/p>\n<p>Corte de serra<\/p>\n<p>A WLD Steel \u00e9 capaz de processar pedidos de acordo com as necessidades exatas do cliente. Nossos tubos e perfis de a\u00e7o inoxid\u00e1vel podem ser cortados em linha reta ou no \u00e2ngulo desejado, que depende das especifica\u00e7\u00f5es especificadas. O processo \u00e9 especialmente para a ind\u00fastria de constru\u00e7\u00e3o e engenharia.<\/p>\n<p>Corte de chama<\/p>\n<p>WLD Steel aceita corte por chama e jato de \u00e1gua de alta press\u00e3o. O corte por chama \u00e9 um processo no qual uma mistura de oxig\u00eanio e g\u00e1s \u00e9 usada para derreter o a\u00e7o e o metal fundido \u00e9 queimado por uma pistola de oxig\u00eanio, adequada para cortar placas espessas de a\u00e7o inoxid\u00e1vel.<\/p>\n<p>Corte a jato de \u00e1gua Hp<\/p>\n<p>O corte por jato de \u00e1gua \u00e9 um processo que usa um jato de \u00e1gua de alta press\u00e3o para transportar um gr\u00e3o abrasivo. que se caracteriza pela precis\u00e3o, \u00e9 econ\u00f4mico, ecologicamente correto e sem tratamento posterior e n\u00e3o causa deforma\u00e7\u00e3o t\u00e9rmica da \u00e1rea de corte.<\/p>\n<\/div><\/section><br \/>\n<div style='height:50px' class='hr hr-invisible'><span class='hr-inner' ><span class='hr-inner-style'><\/span><\/span><\/div><\/p><\/div><\/div><\/div><\/div><!-- close content main div --><\/div><\/div><div id='after_section_1' class='main_color av_default_container_wrap container_wrap sidebar_left'   ><div class='container' ><div class='template-page content  av-content-small units'><div class='post-entry post-entry-type-page post-entry-197'><div class='entry-content-wrapper clearfix'><div class=\"flex_column av_one_fourth  flex_column_div av-zero-column-padding first\" style='border-radius:0px; '><div class='avia-image-container  av-styling-circle    avia-align-center'  itemprop=\"ImageObject\" itemscope=\"itemscope\" itemtype=\"https:\/\/schema.org\/ImageObject\"  ><div class='avia-image-container-inner'><img class='avia_image' src='https:\/\/wldstainless.com\/wp-content\/uploads\/2020\/08\/Sandblasting.jpg' alt='' title='Jato de areia'   itemprop=\"thumbnailUrl\"  \/><\/div><\/div><\/div><\/p>\n<div class=\"flex_column av_three_fourth  flex_column_div av-zero-column-padding\" style='border-radius:0px; '><section class=\"av_textblock_section\"  itemscope=\"itemscope\" itemtype=\"https:\/\/schema.org\/CreativeWork\" ><div class='avia_textblock'   itemprop=\"text\" ><h3>Servi\u00e7o de tratamento de superf\u00edcie<\/h3>\n<p>A WLD Steel sempre processou uma s\u00e9rie personalizada de tratamento de superf\u00edcie em chapas e placas de a\u00e7o inoxid\u00e1vel, incluindo 2B Mill, BA (Bright Annealed), #4 escovado \/ acabamento acetinado No 4, acabamento fino, acabamento espelhado, linha fina cruzada, revestimento colorido \/ PVD Acabamentos, revestimento anti-impress\u00e3o digital<\/p>\n<\/div><\/section><br \/>\n<div style='height:50px' class='hr hr-invisible'><span class='hr-inner' ><span class='hr-inner-style'><\/span><\/span><\/div><\/p><\/div><div class=\"flex_column av_one_fourth  flex_column_div av-zero-column-padding first\" style='border-radius:0px; '><div class='avia-image-container  av-styling-circle    avia-align-center'  itemprop=\"ImageObject\" itemscope=\"itemscope\" itemtype=\"https:\/\/schema.org\/ImageObject\"  ><div class='avia-image-container-inner'><img class='avia_image' src='https:\/\/wldstainless.com\/wp-content\/uploads\/2020\/08\/Bending-2.jpg' alt='' title='Dobrando'   itemprop=\"thumbnailUrl\"  \/><\/div><\/div><\/div><\/p>\n<div class=\"flex_column av_three_fourth  flex_column_div av-zero-column-padding\" style='border-radius:0px; '><section class=\"av_textblock_section\"  itemscope=\"itemscope\" itemtype=\"https:\/\/schema.org\/CreativeWork\" ><div class='avia_textblock'   itemprop=\"text\" ><h3>Servi\u00e7o de dobra CNC<\/h3>\n<p>A dobra \u00e9 principalmente para chapas e perfis de a\u00e7o inoxid\u00e1vel. Nossa dobradeira CNC nos permite manter um controle de qualidade r\u00edgido sobre nossos processos de fabrica\u00e7\u00e3o, proporcionando \u00e2ngulos de dobra e qualidade de superf\u00edcie perfeita. Tamb\u00e9m oferecemos servi\u00e7os de testes de flex\u00e3o de acordo com especifica\u00e7\u00f5es rigorosas, como ANSI, ASTM e ASME.<\/p>\n<\/div><\/section><\/div>","protected":false},"excerpt":{"rendered":"","protected":false},"author":1,"featured_media":0,"parent":76,"menu_order":0,"comment_status":"closed","ping_status":"closed","template":"","meta":{"footnotes":""},"class_list":["post-197","page","type-page","status-publish","hentry"],"aioseo_notices":[],"_links":{"self":[{"href":"https:\/\/wldstainless.com\/pt\/wp-json\/wp\/v2\/pages\/197","targetHints":{"allow":["GET"]}}],"collection":[{"href":"https:\/\/wldstainless.com\/pt\/wp-json\/wp\/v2\/pages"}],"about":[{"href":"https:\/\/wldstainless.com\/pt\/wp-json\/wp\/v2\/types\/page"}],"author":[{"embeddable":true,"href":"https:\/\/wldstainless.com\/pt\/wp-json\/wp\/v2\/users\/1"}],"replies":[{"embeddable":true,"href":"https:\/\/wldstainless.com\/pt\/wp-json\/wp\/v2\/comments?post=197"}],"version-history":[{"count":19,"href":"https:\/\/wldstainless.com\/pt\/wp-json\/wp\/v2\/pages\/197\/revisions"}],"predecessor-version":[{"id":2048,"href":"https:\/\/wldstainless.com\/pt\/wp-json\/wp\/v2\/pages\/197\/revisions\/2048"}],"up":[{"embeddable":true,"href":"https:\/\/wldstainless.com\/pt\/wp-json\/wp\/v2\/pages\/76"}],"wp:attachment":[{"href":"https:\/\/wldstainless.com\/pt\/wp-json\/wp\/v2\/media?parent=197"}],"curies":[{"name":"wp","href":"https:\/\/api.w.org\/{rel}","templated":true}]}}