{"id":1684,"date":"2020-09-09T02:13:05","date_gmt":"2020-09-09T02:13:05","guid":{"rendered":"http:\/\/wldstainless.com\/?page_id=1684"},"modified":"2020-12-11T05:46:08","modified_gmt":"2020-12-11T05:46:08","slug":"stainless-steel-flats","status":"publish","type":"page","link":"https:\/\/wldstainless.com\/pt\/products\/stainless-steel-flats\/","title":{"rendered":"Planos de a\u00e7o inoxid\u00e1vel"},"content":{"rendered":"<div class=\"flex_column av_one_fourth  flex_column_div av-zero-column-padding first\" style='border-radius:0px; '><p><div class='avia-builder-widget-area clearfix'><div id=\"nav_menu-7\" class=\"widget clearfix widget_nav_menu\"><h3 class=\"widgettitle\">Produtos<\/h3><div class=\"menu-accessories-container\"><ul id=\"menu-accessories\" class=\"menu\"><li id=\"menu-item-1924\" class=\"menu-item menu-item-type-post_type menu-item-object-page menu-item-1924\"><a href=\"https:\/\/wldstainless.com\/pt\/products\/stainless-steel-angle\/\">\u00c2ngulo de a\u00e7o inoxid\u00e1vel<\/a><\/li>\n<li id=\"menu-item-1925\" class=\"menu-item menu-item-type-post_type menu-item-object-page menu-item-1925\"><a href=\"https:\/\/wldstainless.com\/pt\/products\/stainless-steel-beam\/\">Viga de a\u00e7o inoxid\u00e1vel<\/a><\/li>\n<li id=\"menu-item-1926\" class=\"menu-item menu-item-type-post_type menu-item-object-page menu-item-1926\"><a href=\"https:\/\/wldstainless.com\/pt\/products\/stainless-steel-capillary-tubes\/\">Tubos capilares de a\u00e7o inoxid\u00e1vel<\/a><\/li>\n<li id=\"menu-item-1927\" class=\"menu-item menu-item-type-post_type menu-item-object-page menu-item-1927\"><a href=\"https:\/\/wldstainless.com\/pt\/products\/stainless-steel-channel\/\">Canal de a\u00e7o inoxid\u00e1vel<\/a><\/li>\n<li id=\"menu-item-1928\" class=\"menu-item menu-item-type-post_type menu-item-object-page menu-item-1928\"><a href=\"https:\/\/wldstainless.com\/pt\/products\/stainless-steel-coiled-tube\/\">Tubo espiralado de a\u00e7o inoxid\u00e1vel<\/a><\/li>\n<li id=\"menu-item-1929\" class=\"menu-item menu-item-type-post_type menu-item-object-page menu-item-1929\"><a href=\"https:\/\/wldstainless.com\/pt\/products\/stainless-steel-cold-rolled-plate-sheet-coil\/\">Placa\/folha\/bobina laminada a frio de a\u00e7o inoxid\u00e1vel<\/a><\/li>\n<li id=\"menu-item-1930\" class=\"menu-item menu-item-type-post_type menu-item-object-page menu-item-1930\"><a href=\"https:\/\/wldstainless.com\/pt\/products\/stainless-steel-flats\/\">Planos de a\u00e7o inoxid\u00e1vel<\/a><\/li>\n<li id=\"menu-item-1931\" class=\"menu-item menu-item-type-post_type menu-item-object-page menu-item-1931\"><a href=\"https:\/\/wldstainless.com\/pt\/products\/stainless-steel-hexagon-bars\/\">Barras hexagonais de a\u00e7o inoxid\u00e1vel<\/a><\/li>\n<li id=\"menu-item-1932\" class=\"menu-item menu-item-type-post_type menu-item-object-page menu-item-1932\"><a href=\"https:\/\/wldstainless.com\/pt\/products\/stainless-steel-hot-rolled-plate-sheet-coil\/\">Placa\/folha\/bobina laminada a quente de a\u00e7o inoxid\u00e1vel<\/a><\/li>\n<li id=\"menu-item-1933\" class=\"menu-item menu-item-type-post_type menu-item-object-page menu-item-1933\"><a href=\"https:\/\/wldstainless.com\/pt\/products\/stainless-steel-large-diameter-pipe\/\">Tubo de a\u00e7o inoxid\u00e1vel de grande di\u00e2metro<\/a><\/li>\n<li id=\"menu-item-1934\" class=\"menu-item menu-item-type-post_type menu-item-object-page menu-item-1934\"><a href=\"https:\/\/wldstainless.com\/pt\/products\/stainless-steel-round-bars\/\">Barras redondas de a\u00e7o inoxid\u00e1vel<\/a><\/li>\n<li id=\"menu-item-1935\" class=\"menu-item menu-item-type-post_type menu-item-object-page menu-item-1935\"><a href=\"https:\/\/wldstainless.com\/pt\/products\/stainless-steel-square-tube\/\">Tubo quadrado de a\u00e7o inoxid\u00e1vel<\/a><\/li>\n<li id=\"menu-item-1936\" class=\"menu-item menu-item-type-post_type menu-item-object-page menu-item-1936\"><a href=\"https:\/\/wldstainless.com\/pt\/products\/stainless-steel-u-bend-tube\/\">Tubo curvado em U de a\u00e7o inoxid\u00e1vel<\/a><\/li>\n<\/ul><\/div><\/div><\/div><br \/>\n<div  class='hr hr-default'><span class='hr-inner' ><span class='hr-inner-style'><\/span><\/span><\/div><br \/>\n<div class='avia-button-wrap avia-button-left'><a href='http:\/\/wldstainless.com\/contact\/#contact' class='avia-button   avia-icon_select-yes-left-icon avia-color-custom avia-size-large avia-position-left'  target=\"_blank\"  style='background-color:#e82221; border-color:#e82221; color:#ffffff; ' ><span class='avia_button_icon avia_button_icon_left' aria-hidden='true' data-av_icon='\ue84b' data-av_iconfont='entypo-fontello'><\/span><span class='avia_iconbox_title' >Solicite um or\u00e7amento<\/span><\/a><\/div><\/p><\/div>\n<div class=\"flex_column av_three_fourth  flex_column_div\" style='padding:0px 0px 50px 0px ; border-radius:0px; '><p><div style='padding-bottom:10px;color:#d3311f;' class='av-special-heading av-special-heading-h3 custom-color-heading'><h3 class='av-special-heading-tag'  itemprop=\"headline\"  >Flats\/barras planas de a\u00e7o inoxid\u00e1vel<\/h3><div class='special-heading-border'><div class='special-heading-inner-border' style='border-color:#d3311f'><\/div><\/div><\/div><br \/>\n<div  class='hr hr-default'><span class='hr-inner' ><span class='hr-inner-style'><\/span><\/span><\/div><br \/>\n<section class=\"av_textblock_section\"  itemscope=\"itemscope\" itemtype=\"https:\/\/schema.org\/CreativeWork\" ><div class='avia_textblock'   itemprop=\"text\" ><p>O a\u00e7o plano de a\u00e7o inoxid\u00e1vel \u00e9 um a\u00e7o plano retangular. O plano de a\u00e7o inoxid\u00e1vel pode ser semiacabado, incluindo o plano de a\u00e7o inoxid\u00e1vel polido trefilado a frio e o plano de a\u00e7o inoxid\u00e1vel de decapagem laminado a quente. Pode ser usado como uma variedade de membros de conex\u00e3o de tens\u00e3o de acordo com diferentes necessidades em estruturas de constru\u00e7\u00e3o e engenharia, como vigas, pontes, torres de transmiss\u00e3o, m\u00e1quinas de eleva\u00e7\u00e3o e transporte, navios, fornos industriais, torres de rea\u00e7\u00e3o, racks de cont\u00eaineres e prateleiras de armaz\u00e9ns. Tamb\u00e9m pode ser usado como pontes, caixas, cercas, navios de transmiss\u00e3o, ve\u00edculos, etc. O a\u00e7o plano de a\u00e7o inoxid\u00e1vel \u00e9 entregue laminado a frio ou a quente. WLD Steel \u00e9 um fabricante, fornecedor e estoque l\u00edder de placas de a\u00e7o inoxid\u00e1vel dispon\u00edveis em diversos graus e tamanhos.<\/p>\n<\/div><\/section><br \/>\n<div class='avia-gallery  avia-gallery-1 avia_lazyload avia_animate_when_visible'  itemprop=\"ImageObject\" itemscope=\"itemscope\" itemtype=\"https:\/\/schema.org\/ImageObject\" ><div class='avia-gallery-thumb'> <a href='https:\/\/wldstainless.com\/wp-content\/uploads\/2020\/09\/SS-flat-bar-1.jpg' data-rel='gallery-1' data-prev-img='https:\/\/wldstainless.com\/wp-content\/uploads\/2020\/09\/SS-flat-bar-1.jpg' class='first_thumb lightbox' data-onclick='1' title='304 apartamentos'  itemprop=\"thumbnailUrl\" ><img data-avia-tooltip='304 Flats' src='https:\/\/wldstainless.com\/wp-content\/uploads\/2020\/09\/SS-flat-bar-1.jpg' width='300' height='300'  title='Barra plana SS' alt='' \/><\/a> <a href='https:\/\/wldstainless.com\/wp-content\/uploads\/2020\/09\/SS-flats-1.jpg' data-rel='gallery-1' data-prev-img='https:\/\/wldstainless.com\/wp-content\/uploads\/2020\/09\/SS-flats-1.jpg' class='lightbox' data-onclick='2' title='304 Barra Plana'  itemprop=\"thumbnailUrl\" ><img data-avia-tooltip='304 Flat Bar' src='https:\/\/wldstainless.com\/wp-content\/uploads\/2020\/09\/SS-flats-1.jpg' width='300' height='300'  title='Apartamentos SS' alt='' \/><\/a> <a href='https:\/\/wldstainless.com\/wp-content\/uploads\/2020\/09\/SS-flat-2.jpg' data-rel='gallery-1' data-prev-img='https:\/\/wldstainless.com\/wp-content\/uploads\/2020\/09\/SS-flat-2.jpg' class='lightbox' data-onclick='3' title='Plano de a\u00e7o inoxid\u00e1vel 316'  itemprop=\"thumbnailUrl\" ><img data-avia-tooltip='316 Stainlesss Steel Flat ' src='https:\/\/wldstainless.com\/wp-content\/uploads\/2020\/09\/SS-flat-2.jpg' width='300' height='300'  title='SS plano' alt='' \/><\/a><\/div><\/div><br \/>\n<div  class='hr hr-default'><span class='hr-inner' ><span class='hr-inner-style'><\/span><\/span><\/div><br \/>\n<section class=\"av_textblock_section\"  itemscope=\"itemscope\" itemtype=\"https:\/\/schema.org\/CreativeWork\" ><div class='avia_textblock'   itemprop=\"text\" ><h4>Classes dispon\u00edveis de SS Flat na WID Steel<\/h4>\n<ul>\n<li>A\u00e7o inoxid\u00e1vel <a href=\"https:\/\/wldstainless.com\/materials\/austenitic-stainless-steel\/304-304l-stainless-steel\/\">304\/304L\/304H<\/a> Plano<\/li>\n<li>A\u00e7o inoxid\u00e1vel <a href=\"https:\/\/wldstainless.com\/materials\/austenitic-stainless-steel\/316-316l-stainless-steel\/\">316\/316L\/316Ti<\/a> Plano<\/li>\n<li>A\u00e7o inoxid\u00e1vel <a href=\"https:\/\/wldstainless.com\/materials\/austenitic-stainless-steel\/309s-stainless-steel\/\">309S<\/a> Plano<\/li>\n<li>A\u00e7o inoxid\u00e1vel <a href=\"https:\/\/wldstainless.com\/materials\/austenitic-stainless-steel\/310s-stainless-steel\/\">310\/310S<\/a> Plano<\/li>\n<li>A\u00e7o inoxid\u00e1vel 317\/317L plano<\/li>\n<li>A\u00e7o inoxid\u00e1vel <a href=\"https:\/\/wldstainless.com\/materials\/austenitic-stainless-steel\/321-321h-stainless-steel\/\">321\/321H<\/a> Plano<\/li>\n<li>A\u00e7o inoxid\u00e1vel <a href=\"https:\/\/wldstainless.com\/materials\/austenitic-stainless-steel\/347-347h-stainless-steel\/\">347\/347H<\/a> Plano<\/li>\n<li>Duplex A\u00e7o 31803 Plano<\/li>\n<li>A\u00e7o Duplex <a href=\"https:\/\/wldstainless.com\/materials\/duplex-stainless-steel\/alloy-2205-stainless-steel\/\">32550<\/a> Plano<\/li>\n<\/ul>\n<\/div><\/section><\/p><\/div>","protected":false},"excerpt":{"rendered":"","protected":false},"author":1,"featured_media":0,"parent":346,"menu_order":0,"comment_status":"closed","ping_status":"closed","template":"","meta":{"footnotes":""},"class_list":["post-1684","page","type-page","status-publish","hentry"],"aioseo_notices":[],"_links":{"self":[{"href":"https:\/\/wldstainless.com\/pt\/wp-json\/wp\/v2\/pages\/1684","targetHints":{"allow":["GET"]}}],"collection":[{"href":"https:\/\/wldstainless.com\/pt\/wp-json\/wp\/v2\/pages"}],"about":[{"href":"https:\/\/wldstainless.com\/pt\/wp-json\/wp\/v2\/types\/page"}],"author":[{"embeddable":true,"href":"https:\/\/wldstainless.com\/pt\/wp-json\/wp\/v2\/users\/1"}],"replies":[{"embeddable":true,"href":"https:\/\/wldstainless.com\/pt\/wp-json\/wp\/v2\/comments?post=1684"}],"version-history":[{"count":7,"href":"https:\/\/wldstainless.com\/pt\/wp-json\/wp\/v2\/pages\/1684\/revisions"}],"predecessor-version":[{"id":2055,"href":"https:\/\/wldstainless.com\/pt\/wp-json\/wp\/v2\/pages\/1684\/revisions\/2055"}],"up":[{"embeddable":true,"href":"https:\/\/wldstainless.com\/pt\/wp-json\/wp\/v2\/pages\/346"}],"wp:attachment":[{"href":"https:\/\/wldstainless.com\/pt\/wp-json\/wp\/v2\/media?parent=1684"}],"curies":[{"name":"wp","href":"https:\/\/api.w.org\/{rel}","templated":true}]}}