{"id":1678,"date":"2020-09-09T02:11:01","date_gmt":"2020-09-09T02:11:01","guid":{"rendered":"http:\/\/wldstainless.com\/?page_id=1678"},"modified":"2020-09-18T10:04:14","modified_gmt":"2020-09-18T10:04:14","slug":"stainless-steel-round-bars","status":"publish","type":"page","link":"https:\/\/wldstainless.com\/pt\/products\/stainless-steel-round-bars\/","title":{"rendered":"Barras redondas de a\u00e7o inoxid\u00e1vel"},"content":{"rendered":"<div class=\"flex_column av_one_fourth  flex_column_div av-zero-column-padding first\" style='border-radius:0px; '><p><div class='avia-builder-widget-area clearfix'><div id=\"nav_menu-7\" class=\"widget clearfix widget_nav_menu\"><h3 class=\"widgettitle\">Produtos<\/h3><div class=\"menu-accessories-container\"><ul id=\"menu-accessories\" class=\"menu\"><li id=\"menu-item-1924\" class=\"menu-item menu-item-type-post_type menu-item-object-page menu-item-1924\"><a href=\"https:\/\/wldstainless.com\/pt\/products\/stainless-steel-angle\/\">\u00c2ngulo de a\u00e7o inoxid\u00e1vel<\/a><\/li>\n<li id=\"menu-item-1925\" class=\"menu-item menu-item-type-post_type menu-item-object-page menu-item-1925\"><a href=\"https:\/\/wldstainless.com\/pt\/products\/stainless-steel-beam\/\">Viga de a\u00e7o inoxid\u00e1vel<\/a><\/li>\n<li id=\"menu-item-1926\" class=\"menu-item menu-item-type-post_type menu-item-object-page menu-item-1926\"><a href=\"https:\/\/wldstainless.com\/pt\/products\/stainless-steel-capillary-tubes\/\">Tubos capilares de a\u00e7o inoxid\u00e1vel<\/a><\/li>\n<li id=\"menu-item-1927\" class=\"menu-item menu-item-type-post_type menu-item-object-page menu-item-1927\"><a href=\"https:\/\/wldstainless.com\/pt\/products\/stainless-steel-channel\/\">Canal de a\u00e7o inoxid\u00e1vel<\/a><\/li>\n<li id=\"menu-item-1928\" class=\"menu-item menu-item-type-post_type menu-item-object-page menu-item-1928\"><a href=\"https:\/\/wldstainless.com\/pt\/products\/stainless-steel-coiled-tube\/\">Tubo espiralado de a\u00e7o inoxid\u00e1vel<\/a><\/li>\n<li id=\"menu-item-1929\" class=\"menu-item menu-item-type-post_type menu-item-object-page menu-item-1929\"><a href=\"https:\/\/wldstainless.com\/pt\/products\/stainless-steel-cold-rolled-plate-sheet-coil\/\">Placa\/folha\/bobina laminada a frio de a\u00e7o inoxid\u00e1vel<\/a><\/li>\n<li id=\"menu-item-1930\" class=\"menu-item menu-item-type-post_type menu-item-object-page menu-item-1930\"><a href=\"https:\/\/wldstainless.com\/pt\/products\/stainless-steel-flats\/\">Planos de a\u00e7o inoxid\u00e1vel<\/a><\/li>\n<li id=\"menu-item-1931\" class=\"menu-item menu-item-type-post_type menu-item-object-page menu-item-1931\"><a href=\"https:\/\/wldstainless.com\/pt\/products\/stainless-steel-hexagon-bars\/\">Barras hexagonais de a\u00e7o inoxid\u00e1vel<\/a><\/li>\n<li id=\"menu-item-1932\" class=\"menu-item menu-item-type-post_type menu-item-object-page menu-item-1932\"><a href=\"https:\/\/wldstainless.com\/pt\/products\/stainless-steel-hot-rolled-plate-sheet-coil\/\">Placa\/folha\/bobina laminada a quente de a\u00e7o inoxid\u00e1vel<\/a><\/li>\n<li id=\"menu-item-1933\" class=\"menu-item menu-item-type-post_type menu-item-object-page menu-item-1933\"><a href=\"https:\/\/wldstainless.com\/pt\/products\/stainless-steel-large-diameter-pipe\/\">Tubo de a\u00e7o inoxid\u00e1vel de grande di\u00e2metro<\/a><\/li>\n<li id=\"menu-item-1934\" class=\"menu-item menu-item-type-post_type menu-item-object-page menu-item-1934\"><a href=\"https:\/\/wldstainless.com\/pt\/products\/stainless-steel-round-bars\/\">Barras redondas de a\u00e7o inoxid\u00e1vel<\/a><\/li>\n<li id=\"menu-item-1935\" class=\"menu-item menu-item-type-post_type menu-item-object-page menu-item-1935\"><a href=\"https:\/\/wldstainless.com\/pt\/products\/stainless-steel-square-tube\/\">Tubo quadrado de a\u00e7o inoxid\u00e1vel<\/a><\/li>\n<li id=\"menu-item-1936\" class=\"menu-item menu-item-type-post_type menu-item-object-page menu-item-1936\"><a href=\"https:\/\/wldstainless.com\/pt\/products\/stainless-steel-u-bend-tube\/\">Tubo curvado em U de a\u00e7o inoxid\u00e1vel<\/a><\/li>\n<\/ul><\/div><\/div><\/div><br \/>\n<div  class='hr hr-default'><span class='hr-inner' ><span class='hr-inner-style'><\/span><\/span><\/div><br \/>\n<div class='avia-button-wrap avia-button-left'><a href='http:\/\/wldstainless.com\/contact\/#contact' class='avia-button   avia-icon_select-yes-left-icon avia-color-custom avia-size-large avia-position-left'  target=\"_blank\"  style='background-color:#e82221; border-color:#e82221; color:#ffffff; ' ><span class='avia_button_icon avia_button_icon_left' aria-hidden='true' data-av_icon='\ue84b' data-av_iconfont='entypo-fontello'><\/span><span class='avia_iconbox_title' >Solicite um or\u00e7amento<\/span><\/a><\/div><\/p><\/div><div class=\"flex_column av_three_fourth  flex_column_div\" style='padding:0px 0px 50px 0px ; border-radius:0px; '><p><div style='padding-bottom:10px;color:#d3311f;' class='av-special-heading av-special-heading-h3 custom-color-heading'><h3 class='av-special-heading-tag'  itemprop=\"headline\"  >Barras redondas de a\u00e7o inoxid\u00e1vel<\/h3><div class='special-heading-border'><div class='special-heading-inner-border' style='border-color:#d3311f'><\/div><\/div><\/div><br \/>\n<div  class='hr hr-default'><span class='hr-inner' ><span class='hr-inner-style'><\/span><\/span><\/div><br \/>\n<section class=\"av_textblock_section\"  itemscope=\"itemscope\" itemtype=\"https:\/\/schema.org\/CreativeWork\" ><div class='avia_textblock'   itemprop=\"text\" ><p>A barra ou haste redonda de a\u00e7o inoxid\u00e1vel \u00e9 fabricada por trefila\u00e7\u00e3o a frio ou lamina\u00e7\u00e3o a quente. De acordo com a estrutura e composi\u00e7\u00e3o qu\u00edmica do a\u00e7o, a barra de a\u00e7o inoxid\u00e1vel pode ser dividida em barra de a\u00e7o inoxid\u00e1vel martens\u00edtica, barra de a\u00e7o inoxid\u00e1vel ferr\u00edtica, barra de a\u00e7o inoxid\u00e1vel austen\u00edtica, barra de a\u00e7o inoxid\u00e1vel duplex e barra de a\u00e7o inoxid\u00e1vel de endurecimento precipitado ou barra de a\u00e7o inoxid\u00e1vel cromo-cromo e n\u00edquel -barra de a\u00e7o inoxid\u00e1vel. De acordo com sua forma e formatos, a barra de a\u00e7o inoxid\u00e1vel pode ser uma barra plana, barra hexagonal, barra quadrada, barra redonda.<\/p>\n<p>A barra redonda de a\u00e7o inoxid\u00e1vel oferece diversas aplica\u00e7\u00f5es e pode ser usada em quase todos os lugares que exigem boa resist\u00eancia \u00e0 corros\u00e3o e excelente resist\u00eancia. \u00c9 o material base para a fabrica\u00e7\u00e3o de tubos de a\u00e7o inoxid\u00e1vel sem costura. Na WLD Steel, fornecemos e fabricamos barras redondas de a\u00e7o inoxid\u00e1vel em diversas dimens\u00f5es e classes, com condi\u00e7\u00f5es laminadas, recozidas e normalizadas. Tamb\u00e9m oferecemos corte sob medida e tratamento t\u00e9rmico atrav\u00e9s de nosso centro de servi\u00e7os.<\/p>\n<\/div><\/section><br \/>\n<div  class='hr hr-default'><span class='hr-inner' ><span class='hr-inner-style'><\/span><\/span><\/div><br \/>\n<section class=\"av_textblock_section\"  itemscope=\"itemscope\" itemtype=\"https:\/\/schema.org\/CreativeWork\" ><div class='avia_textblock'   itemprop=\"text\" ><h4>Especifica\u00e7\u00f5es industriais das barras redondas SS<\/h4>\n<table>\n<tbody>\n<tr>\n<td width=\"323\">Formul\u00e1rios:<\/td>\n<td width=\"529\">Rodada do bar<\/td>\n<\/tr>\n<tr>\n<td width=\"323\">Material<\/td>\n<td width=\"529\">A\u00e7o inoxid\u00e1vel<\/p>\n<p>A\u00e7o Inoxid\u00e1vel Duplex<\/td>\n<\/tr>\n<tr>\n<td width=\"323\">Acabamento de superf\u00edcie<\/td>\n<td width=\"529\">Polido, brilhante, mo\u00eddo, jato de areia, decapado, acabado em moinho<\/td>\n<\/tr>\n<tr>\n<td width=\"323\">Especifica\u00e7\u00e3o<\/td>\n<td width=\"529\">ASTM A276<\/p>\n<p>ASTM A484<\/p>\n<p>ASTM A564<\/p>\n<p>ASTM A581<\/p>\n<p>ASTM A582<\/td>\n<\/tr>\n<tr>\n<td width=\"323\">Tamanho<\/td>\n<td width=\"529\">3,17 mm \u2013 350 mm<\/td>\n<\/tr>\n<tr>\n<td width=\"323\">Grossura<\/td>\n<td width=\"529\">0,3 mm a 120 mm<\/td>\n<\/tr>\n<\/tbody>\n<\/table>\n<h4>Classes dispon\u00edveis de vergalh\u00f5es e barras na WID Steel<\/h4>\n<ul>\n<li>Barra\/haste redonda de a\u00e7o inoxid\u00e1vel 304\/304L<\/li>\n<li>Barra\/haste redonda de a\u00e7o inoxid\u00e1vel 310\/310S<\/li>\n<li>Barra\/haste redonda de a\u00e7o inoxid\u00e1vel 316\/316L<\/li>\n<li>Barras\/hastes redondas de a\u00e7o inoxid\u00e1vel 321<\/li>\n<li>Barra\/haste redonda de a\u00e7o inoxid\u00e1vel 347H<\/li>\n<li>Barra\/haste redonda de a\u00e7o inoxid\u00e1vel 904L<\/li>\n<li>Barra\/haste redonda de a\u00e7o inoxid\u00e1vel 409\/409L<\/li>\n<li>Barra\/haste redonda de a\u00e7o inoxid\u00e1vel 410\/410S<\/li>\n<li>Barra\/haste redonda de a\u00e7o inoxid\u00e1vel 430<\/li>\n<li>Barra\/haste redonda de a\u00e7o inoxid\u00e1vel duplex 2205<\/li>\n<\/ul>\n<\/div><\/section><\/p><\/div><\/p>","protected":false},"excerpt":{"rendered":"","protected":false},"author":1,"featured_media":0,"parent":346,"menu_order":0,"comment_status":"closed","ping_status":"closed","template":"","meta":{"footnotes":""},"class_list":["post-1678","page","type-page","status-publish","hentry"],"aioseo_notices":[],"_links":{"self":[{"href":"https:\/\/wldstainless.com\/pt\/wp-json\/wp\/v2\/pages\/1678","targetHints":{"allow":["GET"]}}],"collection":[{"href":"https:\/\/wldstainless.com\/pt\/wp-json\/wp\/v2\/pages"}],"about":[{"href":"https:\/\/wldstainless.com\/pt\/wp-json\/wp\/v2\/types\/page"}],"author":[{"embeddable":true,"href":"https:\/\/wldstainless.com\/pt\/wp-json\/wp\/v2\/users\/1"}],"replies":[{"embeddable":true,"href":"https:\/\/wldstainless.com\/pt\/wp-json\/wp\/v2\/comments?post=1678"}],"version-history":[{"count":5,"href":"https:\/\/wldstainless.com\/pt\/wp-json\/wp\/v2\/pages\/1678\/revisions"}],"predecessor-version":[{"id":1951,"href":"https:\/\/wldstainless.com\/pt\/wp-json\/wp\/v2\/pages\/1678\/revisions\/1951"}],"up":[{"embeddable":true,"href":"https:\/\/wldstainless.com\/pt\/wp-json\/wp\/v2\/pages\/346"}],"wp:attachment":[{"href":"https:\/\/wldstainless.com\/pt\/wp-json\/wp\/v2\/media?parent=1678"}],"curies":[{"name":"wp","href":"https:\/\/api.w.org\/{rel}","templated":true}]}}