{"id":1627,"date":"2020-08-26T09:28:37","date_gmt":"2020-08-26T09:28:37","guid":{"rendered":"http:\/\/wldstainless.com\/?page_id=1627"},"modified":"2020-12-11T05:35:29","modified_gmt":"2020-12-11T05:35:29","slug":"stainless-steel-capillary-tubes","status":"publish","type":"page","link":"https:\/\/wldstainless.com\/pt\/products\/stainless-steel-capillary-tubes\/","title":{"rendered":"Tubos capilares de a\u00e7o inoxid\u00e1vel"},"content":{"rendered":"<div class=\"flex_column av_one_fourth  flex_column_div av-zero-column-padding first\" style='border-radius:0px; '><p><div class='avia-builder-widget-area clearfix'><div id=\"nav_menu-7\" class=\"widget clearfix widget_nav_menu\"><h3 class=\"widgettitle\">Produtos<\/h3><div class=\"menu-accessories-container\"><ul id=\"menu-accessories\" class=\"menu\"><li id=\"menu-item-1924\" class=\"menu-item menu-item-type-post_type menu-item-object-page menu-item-1924\"><a href=\"https:\/\/wldstainless.com\/pt\/products\/stainless-steel-angle\/\">\u00c2ngulo de a\u00e7o inoxid\u00e1vel<\/a><\/li>\n<li id=\"menu-item-1925\" class=\"menu-item menu-item-type-post_type menu-item-object-page menu-item-1925\"><a href=\"https:\/\/wldstainless.com\/pt\/products\/stainless-steel-beam\/\">Viga de a\u00e7o inoxid\u00e1vel<\/a><\/li>\n<li id=\"menu-item-1926\" class=\"menu-item menu-item-type-post_type menu-item-object-page menu-item-1926\"><a href=\"https:\/\/wldstainless.com\/pt\/products\/stainless-steel-capillary-tubes\/\">Tubos capilares de a\u00e7o inoxid\u00e1vel<\/a><\/li>\n<li id=\"menu-item-1927\" class=\"menu-item menu-item-type-post_type menu-item-object-page menu-item-1927\"><a href=\"https:\/\/wldstainless.com\/pt\/products\/stainless-steel-channel\/\">Canal de a\u00e7o inoxid\u00e1vel<\/a><\/li>\n<li id=\"menu-item-1928\" class=\"menu-item menu-item-type-post_type menu-item-object-page menu-item-1928\"><a href=\"https:\/\/wldstainless.com\/pt\/products\/stainless-steel-coiled-tube\/\">Tubo espiralado de a\u00e7o inoxid\u00e1vel<\/a><\/li>\n<li id=\"menu-item-1929\" class=\"menu-item menu-item-type-post_type menu-item-object-page menu-item-1929\"><a href=\"https:\/\/wldstainless.com\/pt\/products\/stainless-steel-cold-rolled-plate-sheet-coil\/\">Placa\/folha\/bobina laminada a frio de a\u00e7o inoxid\u00e1vel<\/a><\/li>\n<li id=\"menu-item-1930\" class=\"menu-item menu-item-type-post_type menu-item-object-page menu-item-1930\"><a href=\"https:\/\/wldstainless.com\/pt\/products\/stainless-steel-flats\/\">Planos de a\u00e7o inoxid\u00e1vel<\/a><\/li>\n<li id=\"menu-item-1931\" class=\"menu-item menu-item-type-post_type menu-item-object-page menu-item-1931\"><a href=\"https:\/\/wldstainless.com\/pt\/products\/stainless-steel-hexagon-bars\/\">Barras hexagonais de a\u00e7o inoxid\u00e1vel<\/a><\/li>\n<li id=\"menu-item-1932\" class=\"menu-item menu-item-type-post_type menu-item-object-page menu-item-1932\"><a href=\"https:\/\/wldstainless.com\/pt\/products\/stainless-steel-hot-rolled-plate-sheet-coil\/\">Placa\/folha\/bobina laminada a quente de a\u00e7o inoxid\u00e1vel<\/a><\/li>\n<li id=\"menu-item-1933\" class=\"menu-item menu-item-type-post_type menu-item-object-page menu-item-1933\"><a href=\"https:\/\/wldstainless.com\/pt\/products\/stainless-steel-large-diameter-pipe\/\">Tubo de a\u00e7o inoxid\u00e1vel de grande di\u00e2metro<\/a><\/li>\n<li id=\"menu-item-1934\" class=\"menu-item menu-item-type-post_type menu-item-object-page menu-item-1934\"><a href=\"https:\/\/wldstainless.com\/pt\/products\/stainless-steel-round-bars\/\">Barras redondas de a\u00e7o inoxid\u00e1vel<\/a><\/li>\n<li id=\"menu-item-1935\" class=\"menu-item menu-item-type-post_type menu-item-object-page menu-item-1935\"><a href=\"https:\/\/wldstainless.com\/pt\/products\/stainless-steel-square-tube\/\">Tubo quadrado de a\u00e7o inoxid\u00e1vel<\/a><\/li>\n<li id=\"menu-item-1936\" class=\"menu-item menu-item-type-post_type menu-item-object-page menu-item-1936\"><a href=\"https:\/\/wldstainless.com\/pt\/products\/stainless-steel-u-bend-tube\/\">Tubo curvado em U de a\u00e7o inoxid\u00e1vel<\/a><\/li>\n<\/ul><\/div><\/div><\/div><br \/>\n<div  class='hr hr-default'><span class='hr-inner' ><span class='hr-inner-style'><\/span><\/span><\/div><br \/>\n<div class='avia-button-wrap avia-button-left'><a href='http:\/\/wldstainless.com\/contact\/#contact' class='avia-button   avia-icon_select-yes-left-icon avia-color-custom avia-size-large avia-position-left'  target=\"_blank\"  style='background-color:#e82221; border-color:#e82221; color:#ffffff; ' ><span class='avia_button_icon avia_button_icon_left' aria-hidden='true' data-av_icon='\ue84b' data-av_iconfont='entypo-fontello'><\/span><span class='avia_iconbox_title' >Solicite um or\u00e7amento<\/span><\/a><\/div><\/p><\/div>\n<div class=\"flex_column av_three_fourth  flex_column_div\" style='padding:0px 0px 50px 0px ; border-radius:0px; '><p><div style='padding-bottom:10px;color:#d3311f;' class='av-special-heading av-special-heading-h3 custom-color-heading'><h3 class='av-special-heading-tag'  itemprop=\"headline\"  >Tubos capilares de a\u00e7o inoxid\u00e1vel<\/h3><div class='special-heading-border'><div class='special-heading-inner-border' style='border-color:#d3311f'><\/div><\/div><\/div><br \/>\n<section class=\"av_textblock_section\"  itemscope=\"itemscope\" itemtype=\"https:\/\/schema.org\/CreativeWork\" ><div class='avia_textblock'   itemprop=\"text\" ><p>Tubos de a\u00e7o inoxid\u00e1vel com di\u00e2metro externo variando de 0,32 mm a 8,0 mm s\u00e3o chamados de tubos capilares, cuja espessura de parede varia de 0,08 mm a 2,0 mm. Os tubos capilares s\u00e3o caracterizados por toler\u00e2ncias restritas e o tubo dentro da superf\u00edcie est\u00e1 livre de \u00f3leo, graxa e outras part\u00edculas. Na WLDSTEEL, geralmente produzimos e fabricamos tubos de a\u00e7o capilar de acordo com ASTM A\/ASME SA 213\/269\/632\/511. Podemos oferecer servi\u00e7os personalizados se os clientes tiverem requisitos mais rigorosos em precis\u00e3o dimensional capilar e acabamento superficial, incluindo tubo recozido brilhante de a\u00e7o inoxid\u00e1vel, tubo polido eletroliticamente, al\u00e9m disso, fornecemos descama\u00e7\u00e3o, fechamento, puncionamento, corte, dobra e outros servi\u00e7os de processamento<\/p>\n<\/div><\/section><br \/>\n<div class='avia-gallery  avia-gallery-1 avia_lazyload avia_animate_when_visible'  itemprop=\"ImageObject\" itemscope=\"itemscope\" itemtype=\"https:\/\/schema.org\/ImageObject\" ><div class='avia-gallery-thumb'> <a href='https:\/\/wldstainless.com\/wp-content\/uploads\/2020\/09\/SS-Capillary-Tubes.jpg' data-rel='gallery-1' data-prev-img='https:\/\/wldstainless.com\/wp-content\/uploads\/2020\/09\/SS-Capillary-Tubes.jpg' class='first_thumb lightbox' data-onclick='1' title=''  itemprop=\"thumbnailUrl\" ><img  src='https:\/\/wldstainless.com\/wp-content\/uploads\/2020\/09\/SS-Capillary-Tubes.jpg' width='300' height='300'  title='Tubos capilares SS' alt='' \/><\/a> <a href='https:\/\/wldstainless.com\/wp-content\/uploads\/2020\/09\/Capillary-Tubes-for-medical-1.jpg' data-rel='gallery-1' data-prev-img='https:\/\/wldstainless.com\/wp-content\/uploads\/2020\/09\/Capillary-Tubes-for-medical-1.jpg' class='lightbox' data-onclick='2' title=''  itemprop=\"thumbnailUrl\" ><img  src='https:\/\/wldstainless.com\/wp-content\/uploads\/2020\/09\/Capillary-Tubes-for-medical-1.jpg' width='300' height='300'  title='Tubos capilares para uso m\u00e9dico' alt='' \/><\/a> <a href='https:\/\/wldstainless.com\/wp-content\/uploads\/2020\/09\/Coiled-capillary-tubes.jpg' data-rel='gallery-1' data-prev-img='https:\/\/wldstainless.com\/wp-content\/uploads\/2020\/09\/Coiled-capillary-tubes.jpg' class='lightbox' data-onclick='3' title=''  itemprop=\"thumbnailUrl\" ><img  src='https:\/\/wldstainless.com\/wp-content\/uploads\/2020\/09\/Coiled-capillary-tubes.jpg' width='300' height='300'  title='Tubos capilares enrolados' alt='' \/><\/a><\/div><\/div><br \/>\n<div  class='hr hr-default'><span class='hr-inner' ><span class='hr-inner-style'><\/span><\/span><\/div><br \/>\n<section class=\"av_textblock_section\"  itemscope=\"itemscope\" itemtype=\"https:\/\/schema.org\/CreativeWork\" ><div class='avia_textblock'   itemprop=\"text\" ><h4><strong>As especifica\u00e7\u00f5es dos tubos capilares de a\u00e7o inoxid\u00e1vel<\/strong><\/h4>\n<ul>\n<li>Tubos capilares ASTM A\/ASME SA 213<\/li>\n<li>Tubos capilares ASTM A\/ASME SA269<\/li>\n<li>Tubos capilares ASTM A\/ASME SA511<\/li>\n<li>Tubos capilares ASTM A\/ASME SA632<\/li>\n<li>&#8230;&#8230;<\/li>\n<\/ul>\n<hr \/>\n<h4><strong>Graus dispon\u00edveis de tubos capilares de a\u00e7o inoxid\u00e1vel<\/strong><\/h4>\n<ul>\n<li><a href=\"https:\/\/wldstainless.com\/materials\/austenitic-stainless-steel\/304-304l-stainless-steel\/\">TP304\/304L<\/a> Tubos Capilares<\/li>\n<li><a href=\"https:\/\/wldstainless.com\/materials\/austenitic-stainless-steel\/316-316l-stainless-steel\/\">TP316\/316L<\/a> Tubos Capilares<\/li>\n<li><a href=\"https:\/\/wldstainless.com\/materials\/austenitic-stainless-steel\/321-321h-stainless-steel\/\">TP321<\/a> Tubos Capilares<\/li>\n<li><a href=\"https:\/\/wldstainless.com\/materials\/austenitic-stainless-steel\/310s-stainless-steel\/\">TP310\/310S<\/a> Tubos Capilares<\/li>\n<li><a href=\"https:\/\/wldstainless.com\/materials\/duplex-stainless-steel\/alloy-2205-stainless-steel\/\">2205<\/a> Tubos capilares duplex de a\u00e7o inoxid\u00e1vel<\/li>\n<li>&#8230;&#8230;<\/li>\n<\/ul>\n<hr \/>\n<h4><strong>As caracter\u00edsticas dos tubos capilares de a\u00e7o inoxid\u00e1vel<\/strong><\/h4>\n<ul>\n<li>Alta precis\u00e3o dimensional.<\/li>\n<\/ul>\n<p>A toler\u00e2ncia do di\u00e2metro externo do capilar de a\u00e7o inoxid\u00e1vel est\u00e1 geralmente dentro de \u00b1 0,10 mm e a espessura da parede est\u00e1 dentro de \u00b1 10%. Ele tamb\u00e9m pode ser personalizado para tornar a toler\u00e2ncia do di\u00e2metro externo dentro de \u00b1 0,05 mm e a espessura da parede dentro de \u00b1 5% de acordo com os requisitos do cliente.<\/p>\n<ul>\n<li>Alto acabamento superficial.<\/li>\n<\/ul>\n<p>Geralmente, o recozimento brilhante ou o polimento fino podem tornar a rugosidade da superf\u00edcie inferior a 0,2um.<\/p>\n<ul>\n<li>A dureza superficial do tubo de a\u00e7o pode ser controlada entre 70HRB-80HRB.<\/li>\n<\/ul>\n<hr \/>\n<h4><strong>As aplica\u00e7\u00f5es dos tubos capilares de a\u00e7o inoxid\u00e1vel<\/strong><\/h4>\n<p>Capilar de a\u00e7o inoxid\u00e1vel amplamente utilizado em petroqu\u00edmica, eletr\u00f4nica, m\u00e9dica, aeroespacial, m\u00e9dica, farmac\u00eautica, m\u00e1quinas aliment\u00edcias, gera\u00e7\u00e3o de energia, semicondutores, joias e outros campos.<\/p>\n<ul>\n<li>Equipamento m\u00e9dico. Tubo de agulha de inje\u00e7\u00e3o, tubo de agulha de pun\u00e7\u00e3o, tubo de temperatura do sensor de temperatura, tubo de term\u00f4metro, tubo controlador de temperatura.<\/li>\n<li>Instrumentos autom\u00e1ticos. Tubo de sinal de instrumento autom\u00e1tico, tubo de prote\u00e7\u00e3o; Circuito de r\u00e9gua \u00f3ptica de precis\u00e3o, sensores industriais, tubo de prote\u00e7\u00e3o de circuito de equipamentos eletr\u00f4nicos, todos os tipos de microtubos eletr\u00f4nicos, acess\u00f3rios de fibra \u00f3ptica, misturador \u00f3ptico.<\/li>\n<li>Fabrica\u00e7\u00e3o de canetas. Tubo central, tubo de caneta.<\/li>\n<li>Artigos el\u00e9tricos e esportivos. Todos os tipos de tubo de antena, antena traseira de carro, antena de extens\u00e3o de celular, antena de laptop e tubo de pesca, vara de pescar, etc.<\/li>\n<\/ul>\n<\/div><\/section><\/p><\/div>","protected":false},"excerpt":{"rendered":"","protected":false},"author":1,"featured_media":0,"parent":346,"menu_order":0,"comment_status":"closed","ping_status":"closed","template":"","meta":{"footnotes":""},"class_list":["post-1627","page","type-page","status-publish","hentry"],"aioseo_notices":[],"_links":{"self":[{"href":"https:\/\/wldstainless.com\/pt\/wp-json\/wp\/v2\/pages\/1627","targetHints":{"allow":["GET"]}}],"collection":[{"href":"https:\/\/wldstainless.com\/pt\/wp-json\/wp\/v2\/pages"}],"about":[{"href":"https:\/\/wldstainless.com\/pt\/wp-json\/wp\/v2\/types\/page"}],"author":[{"embeddable":true,"href":"https:\/\/wldstainless.com\/pt\/wp-json\/wp\/v2\/users\/1"}],"replies":[{"embeddable":true,"href":"https:\/\/wldstainless.com\/pt\/wp-json\/wp\/v2\/comments?post=1627"}],"version-history":[{"count":12,"href":"https:\/\/wldstainless.com\/pt\/wp-json\/wp\/v2\/pages\/1627\/revisions"}],"predecessor-version":[{"id":2051,"href":"https:\/\/wldstainless.com\/pt\/wp-json\/wp\/v2\/pages\/1627\/revisions\/2051"}],"up":[{"embeddable":true,"href":"https:\/\/wldstainless.com\/pt\/wp-json\/wp\/v2\/pages\/346"}],"wp:attachment":[{"href":"https:\/\/wldstainless.com\/pt\/wp-json\/wp\/v2\/media?parent=1627"}],"curies":[{"name":"wp","href":"https:\/\/api.w.org\/{rel}","templated":true}]}}