{"id":1622,"date":"2020-08-26T09:26:00","date_gmt":"2020-08-26T09:26:00","guid":{"rendered":"http:\/\/wldstainless.com\/?page_id=1622"},"modified":"2020-12-11T05:52:43","modified_gmt":"2020-12-11T05:52:43","slug":"stainless-steel-large-diameter-pipe","status":"publish","type":"page","link":"https:\/\/wldstainless.com\/pt\/products\/stainless-steel-large-diameter-pipe\/","title":{"rendered":"Tubo de a\u00e7o inoxid\u00e1vel de grande di\u00e2metro"},"content":{"rendered":"<div class=\"flex_column av_one_fourth  flex_column_div av-zero-column-padding first\" style='border-radius:0px; '><p><div class='avia-builder-widget-area clearfix'><div id=\"nav_menu-7\" class=\"widget clearfix widget_nav_menu\"><h3 class=\"widgettitle\">Produtos<\/h3><div class=\"menu-accessories-container\"><ul id=\"menu-accessories\" class=\"menu\"><li id=\"menu-item-1924\" class=\"menu-item menu-item-type-post_type menu-item-object-page menu-item-1924\"><a href=\"https:\/\/wldstainless.com\/pt\/products\/stainless-steel-angle\/\">\u00c2ngulo de a\u00e7o inoxid\u00e1vel<\/a><\/li>\n<li id=\"menu-item-1925\" class=\"menu-item menu-item-type-post_type menu-item-object-page menu-item-1925\"><a href=\"https:\/\/wldstainless.com\/pt\/products\/stainless-steel-beam\/\">Viga de a\u00e7o inoxid\u00e1vel<\/a><\/li>\n<li id=\"menu-item-1926\" class=\"menu-item menu-item-type-post_type menu-item-object-page menu-item-1926\"><a href=\"https:\/\/wldstainless.com\/pt\/products\/stainless-steel-capillary-tubes\/\">Tubos capilares de a\u00e7o inoxid\u00e1vel<\/a><\/li>\n<li id=\"menu-item-1927\" class=\"menu-item menu-item-type-post_type menu-item-object-page menu-item-1927\"><a href=\"https:\/\/wldstainless.com\/pt\/products\/stainless-steel-channel\/\">Canal de a\u00e7o inoxid\u00e1vel<\/a><\/li>\n<li id=\"menu-item-1928\" class=\"menu-item menu-item-type-post_type menu-item-object-page menu-item-1928\"><a href=\"https:\/\/wldstainless.com\/pt\/products\/stainless-steel-coiled-tube\/\">Tubo espiralado de a\u00e7o inoxid\u00e1vel<\/a><\/li>\n<li id=\"menu-item-1929\" class=\"menu-item menu-item-type-post_type menu-item-object-page menu-item-1929\"><a href=\"https:\/\/wldstainless.com\/pt\/products\/stainless-steel-cold-rolled-plate-sheet-coil\/\">Placa\/folha\/bobina laminada a frio de a\u00e7o inoxid\u00e1vel<\/a><\/li>\n<li id=\"menu-item-1930\" class=\"menu-item menu-item-type-post_type menu-item-object-page menu-item-1930\"><a href=\"https:\/\/wldstainless.com\/pt\/products\/stainless-steel-flats\/\">Planos de a\u00e7o inoxid\u00e1vel<\/a><\/li>\n<li id=\"menu-item-1931\" class=\"menu-item menu-item-type-post_type menu-item-object-page menu-item-1931\"><a href=\"https:\/\/wldstainless.com\/pt\/products\/stainless-steel-hexagon-bars\/\">Barras hexagonais de a\u00e7o inoxid\u00e1vel<\/a><\/li>\n<li id=\"menu-item-1932\" class=\"menu-item menu-item-type-post_type menu-item-object-page menu-item-1932\"><a href=\"https:\/\/wldstainless.com\/pt\/products\/stainless-steel-hot-rolled-plate-sheet-coil\/\">Placa\/folha\/bobina laminada a quente de a\u00e7o inoxid\u00e1vel<\/a><\/li>\n<li id=\"menu-item-1933\" class=\"menu-item menu-item-type-post_type menu-item-object-page menu-item-1933\"><a href=\"https:\/\/wldstainless.com\/pt\/products\/stainless-steel-large-diameter-pipe\/\">Tubo de a\u00e7o inoxid\u00e1vel de grande di\u00e2metro<\/a><\/li>\n<li id=\"menu-item-1934\" class=\"menu-item menu-item-type-post_type menu-item-object-page menu-item-1934\"><a href=\"https:\/\/wldstainless.com\/pt\/products\/stainless-steel-round-bars\/\">Barras redondas de a\u00e7o inoxid\u00e1vel<\/a><\/li>\n<li id=\"menu-item-1935\" class=\"menu-item menu-item-type-post_type menu-item-object-page menu-item-1935\"><a href=\"https:\/\/wldstainless.com\/pt\/products\/stainless-steel-square-tube\/\">Tubo quadrado de a\u00e7o inoxid\u00e1vel<\/a><\/li>\n<li id=\"menu-item-1936\" class=\"menu-item menu-item-type-post_type menu-item-object-page menu-item-1936\"><a href=\"https:\/\/wldstainless.com\/pt\/products\/stainless-steel-u-bend-tube\/\">Tubo curvado em U de a\u00e7o inoxid\u00e1vel<\/a><\/li>\n<\/ul><\/div><\/div><\/div><br \/>\n<div  class='hr hr-default'><span class='hr-inner' ><span class='hr-inner-style'><\/span><\/span><\/div><br \/>\n<div class='avia-button-wrap avia-button-left'><a href='http:\/\/wldstainless.com\/contact\/#contact' class='avia-button   avia-icon_select-yes-left-icon avia-color-custom avia-size-large avia-position-left'  target=\"_blank\"  style='background-color:#e82221; border-color:#e82221; color:#ffffff; ' ><span class='avia_button_icon avia_button_icon_left' aria-hidden='true' data-av_icon='\ue84b' data-av_iconfont='entypo-fontello'><\/span><span class='avia_iconbox_title' >Solicite um or\u00e7amento<\/span><\/a><\/div><\/p><\/div>\n<div class=\"flex_column av_three_fourth  flex_column_div\" style='padding:0px 0px 50px 0px ; border-radius:0px; '><section class=\"av_textblock_section\"  itemscope=\"itemscope\" itemtype=\"https:\/\/schema.org\/CreativeWork\" ><div class='avia_textblock'   itemprop=\"text\" ><h3>Tubo de a\u00e7o inoxid\u00e1vel de grande di\u00e2metro<\/h3>\n<\/div><\/section><br \/>\n<div class='avia-gallery  avia-gallery-1 avia_lazyload avia_animate_when_visible'  itemprop=\"ImageObject\" itemscope=\"itemscope\" itemtype=\"https:\/\/schema.org\/ImageObject\" ><div class='avia-gallery-thumb'> <a href='https:\/\/wldstainless.com\/wp-content\/uploads\/2020\/09\/304-heavy-thickness-tube.jpg' data-rel='gallery-1' data-prev-img='https:\/\/wldstainless.com\/wp-content\/uploads\/2020\/09\/304-heavy-thickness-tube.jpg' class='first_thumb lightbox' data-onclick='1' title=''  itemprop=\"thumbnailUrl\" ><img  src='https:\/\/wldstainless.com\/wp-content\/uploads\/2020\/09\/304-heavy-thickness-tube.jpg' width='300' height='300'  title='tubo de 304 espessuras pesadas' alt='' \/><\/a> <a href='https:\/\/wldstainless.com\/wp-content\/uploads\/2020\/09\/304-Welded-pipe.jpg' data-rel='gallery-1' data-prev-img='https:\/\/wldstainless.com\/wp-content\/uploads\/2020\/09\/304-Welded-pipe.jpg' class='lightbox' data-onclick='2' title=''  itemprop=\"thumbnailUrl\" ><img  src='https:\/\/wldstainless.com\/wp-content\/uploads\/2020\/09\/304-Welded-pipe.jpg' width='300' height='300'  title='304 tubo soldado' alt='' \/><\/a> <a href='https:\/\/wldstainless.com\/wp-content\/uploads\/2020\/09\/stainless-steel-pipe.jpg' data-rel='gallery-1' data-prev-img='https:\/\/wldstainless.com\/wp-content\/uploads\/2020\/09\/stainless-steel-pipe.jpg' class='lightbox' data-onclick='3' title=''  itemprop=\"thumbnailUrl\" ><img  src='https:\/\/wldstainless.com\/wp-content\/uploads\/2020\/09\/stainless-steel-pipe.jpg' width='300' height='300'  title='cano de a\u00e7o inoxid\u00e1vel' alt='' \/><\/a><\/div><\/div><br \/>\n<div  class='hr hr-default'><span class='hr-inner' ><span class='hr-inner-style'><\/span><\/span><\/div><br \/>\n<section class=\"av_textblock_section\"  itemscope=\"itemscope\" itemtype=\"https:\/\/schema.org\/CreativeWork\" ><div class='avia_textblock'   itemprop=\"text\" ><p>Tubos soldados e sem costura de a\u00e7o inoxid\u00e1vel com di\u00e2metro externo superior a 8 \u2033 (219,1 mm) s\u00e3o geralmente chamados de tubos de grande di\u00e2metro. Ambos possuem as caracter\u00edsticas especificadas do a\u00e7o inoxid\u00e1vel, como excelente resist\u00eancia \u00e0 corros\u00e3o e boas propriedades mec\u00e2nicas, que t\u00eam sido utilizadas principalmente em m\u00e1quinas, transporte, avia\u00e7\u00e3o, constru\u00e7\u00e3o e outras \u00e1reas. O tamanho do a\u00e7o inoxid\u00e1vel sem costura de grande di\u00e2metro \u00e9 de 8 \u2033 a 30 \u2033 ou mais (219,1 mm a 830 mm) e uma faixa de espessura de 0,5 mm a 59,54 mm. O tubo de a\u00e7o inoxid\u00e1vel soldado de grande di\u00e2metro tem um di\u00e2metro externo de 219,1 mm a 1800 mm e uma espessura varia de 0,5 mm a 20 mm<\/p>\n<p>A WLD Stainless fornece uma ampla gama de tubos e canos soldados principalmente de a\u00e7o inoxid\u00e1vel em conformidade com ASTM, AISI, JIS, DIN, ISO e GB. Oferecemos tubos personalizados n\u00e3o padronizados conforme sua solicita\u00e7\u00e3o, dispon\u00edveis em diferentes dimens\u00f5es e graus, esses tubos e canos de a\u00e7o inoxid\u00e1vel s\u00e3o amplamente utilizados em diferentes ind\u00fastrias, como energia, engenharia, constru\u00e7\u00e3o e muito mais. Oferecemos produtos a pre\u00e7os altamente competitivos e entregamos a remessa em breve. Outras op\u00e7\u00f5es de processamento incluem perfura\u00e7\u00e3o, mandrilamento, fresamento e rosqueamento.<\/p>\n<hr \/>\n<p><strong>Especifica\u00e7\u00f5es industriais de tubos SS de grande di\u00e2metro<\/strong><\/p>\n<table>\n<tbody>\n<tr>\n<td width=\"189\">Material<\/td>\n<td width=\"640\">Tubo de a\u00e7o inoxid\u00e1vel sem costura de grande di\u00e2metro<\/p>\n<p>Tubo de a\u00e7o inoxid\u00e1vel soldado de grande di\u00e2metro<\/td>\n<\/tr>\n<tr>\n<td width=\"189\">Especifica\u00e7\u00e3o<\/td>\n<td width=\"640\">ASTM A269\/ A270\/ A249\/ A312\/ A789\/ A790\/ A554\/ A688\/ A778<\/p>\n<p>ASTM A358<\/td>\n<\/tr>\n<tr>\n<td width=\"189\">Tamanho<\/td>\n<td width=\"640\">Soldado: OD: 219,1 mm a 830 mm; Peso: 0,5 mm a 59,5 mm<\/p>\n<p>Sem costura: 219,1 mm a 1800 mm; Peso: 0,5 mm a 20 mm<\/td>\n<\/tr>\n<tr>\n<td width=\"189\">Aplicativo<\/td>\n<td width=\"640\">Constru\u00e7\u00e3o, tratamento m\u00e9dico e alimentar, tratamento de esgoto, petroqu\u00edmica, fabrica\u00e7\u00e3o de papel, energia el\u00e9trica, militar, marinha, aeroespacial e outros campos.<\/td>\n<\/tr>\n<\/tbody>\n<\/table>\n<\/div><\/section><br \/>\n<div  class='hr hr-default'><span class='hr-inner' ><span class='hr-inner-style'><\/span><\/span><\/div><br \/>\n<section class=\"av_textblock_section\"  itemscope=\"itemscope\" itemtype=\"https:\/\/schema.org\/CreativeWork\" ><div class='avia_textblock'   itemprop=\"text\" ><h4>Classes dispon\u00edveis de grande di\u00e2metro na WID Steel<\/h4>\n<ul>\n<li>A\u00e7o inoxid\u00e1vel <a href=\"https:\/\/wldstainless.com\/materials\/austenitic-stainless-steel\/304-304l-stainless-steel\/\">304\/304L<\/a> Tubos sem costura\/soldados<\/li>\n<li>A\u00e7o inoxid\u00e1vel <a href=\"https:\/\/wldstainless.com\/materials\/austenitic-stainless-steel\/316-316l-stainless-steel\/\">316\/316L<\/a> Tubos Soldados<\/li>\n<li>Tubos soldados de a\u00e7o inoxid\u00e1vel 317<\/li>\n<\/ul>\n<\/div><\/section><\/p><\/div>","protected":false},"excerpt":{"rendered":"","protected":false},"author":1,"featured_media":0,"parent":346,"menu_order":0,"comment_status":"closed","ping_status":"closed","template":"","meta":{"footnotes":""},"class_list":["post-1622","page","type-page","status-publish","hentry"],"aioseo_notices":[],"_links":{"self":[{"href":"https:\/\/wldstainless.com\/pt\/wp-json\/wp\/v2\/pages\/1622","targetHints":{"allow":["GET"]}}],"collection":[{"href":"https:\/\/wldstainless.com\/pt\/wp-json\/wp\/v2\/pages"}],"about":[{"href":"https:\/\/wldstainless.com\/pt\/wp-json\/wp\/v2\/types\/page"}],"author":[{"embeddable":true,"href":"https:\/\/wldstainless.com\/pt\/wp-json\/wp\/v2\/users\/1"}],"replies":[{"embeddable":true,"href":"https:\/\/wldstainless.com\/pt\/wp-json\/wp\/v2\/comments?post=1622"}],"version-history":[{"count":13,"href":"https:\/\/wldstainless.com\/pt\/wp-json\/wp\/v2\/pages\/1622\/revisions"}],"predecessor-version":[{"id":2058,"href":"https:\/\/wldstainless.com\/pt\/wp-json\/wp\/v2\/pages\/1622\/revisions\/2058"}],"up":[{"embeddable":true,"href":"https:\/\/wldstainless.com\/pt\/wp-json\/wp\/v2\/pages\/346"}],"wp:attachment":[{"href":"https:\/\/wldstainless.com\/pt\/wp-json\/wp\/v2\/media?parent=1622"}],"curies":[{"name":"wp","href":"https:\/\/api.w.org\/{rel}","templated":true}]}}