{"id":1613,"date":"2020-08-26T09:22:28","date_gmt":"2020-08-26T09:22:28","guid":{"rendered":"http:\/\/wldstainless.com\/?page_id=1613"},"modified":"2020-12-11T05:16:12","modified_gmt":"2020-12-11T05:16:12","slug":"stainless-steel-angle","status":"publish","type":"page","link":"https:\/\/wldstainless.com\/pt\/products\/stainless-steel-angle\/","title":{"rendered":"\u00c2ngulo de a\u00e7o inoxid\u00e1vel"},"content":{"rendered":"<div class=\"flex_column av_one_fourth  flex_column_div av-zero-column-padding first\" style='border-radius:0px; '><p><div class='avia-builder-widget-area clearfix'><div id=\"nav_menu-7\" class=\"widget clearfix widget_nav_menu\"><h3 class=\"widgettitle\">Produtos<\/h3><div class=\"menu-accessories-container\"><ul id=\"menu-accessories\" class=\"menu\"><li id=\"menu-item-1924\" class=\"menu-item menu-item-type-post_type menu-item-object-page menu-item-1924\"><a href=\"https:\/\/wldstainless.com\/pt\/products\/stainless-steel-angle\/\">\u00c2ngulo de a\u00e7o inoxid\u00e1vel<\/a><\/li>\n<li id=\"menu-item-1925\" class=\"menu-item menu-item-type-post_type menu-item-object-page menu-item-1925\"><a href=\"https:\/\/wldstainless.com\/pt\/products\/stainless-steel-beam\/\">Viga de a\u00e7o inoxid\u00e1vel<\/a><\/li>\n<li id=\"menu-item-1926\" class=\"menu-item menu-item-type-post_type menu-item-object-page menu-item-1926\"><a href=\"https:\/\/wldstainless.com\/pt\/products\/stainless-steel-capillary-tubes\/\">Tubos capilares de a\u00e7o inoxid\u00e1vel<\/a><\/li>\n<li id=\"menu-item-1927\" class=\"menu-item menu-item-type-post_type menu-item-object-page menu-item-1927\"><a href=\"https:\/\/wldstainless.com\/pt\/products\/stainless-steel-channel\/\">Canal de a\u00e7o inoxid\u00e1vel<\/a><\/li>\n<li id=\"menu-item-1928\" class=\"menu-item menu-item-type-post_type menu-item-object-page menu-item-1928\"><a href=\"https:\/\/wldstainless.com\/pt\/products\/stainless-steel-coiled-tube\/\">Tubo espiralado de a\u00e7o inoxid\u00e1vel<\/a><\/li>\n<li id=\"menu-item-1929\" class=\"menu-item menu-item-type-post_type menu-item-object-page menu-item-1929\"><a href=\"https:\/\/wldstainless.com\/pt\/products\/stainless-steel-cold-rolled-plate-sheet-coil\/\">Placa\/folha\/bobina laminada a frio de a\u00e7o inoxid\u00e1vel<\/a><\/li>\n<li id=\"menu-item-1930\" class=\"menu-item menu-item-type-post_type menu-item-object-page menu-item-1930\"><a href=\"https:\/\/wldstainless.com\/pt\/products\/stainless-steel-flats\/\">Planos de a\u00e7o inoxid\u00e1vel<\/a><\/li>\n<li id=\"menu-item-1931\" class=\"menu-item menu-item-type-post_type menu-item-object-page menu-item-1931\"><a href=\"https:\/\/wldstainless.com\/pt\/products\/stainless-steel-hexagon-bars\/\">Barras hexagonais de a\u00e7o inoxid\u00e1vel<\/a><\/li>\n<li id=\"menu-item-1932\" class=\"menu-item menu-item-type-post_type menu-item-object-page menu-item-1932\"><a href=\"https:\/\/wldstainless.com\/pt\/products\/stainless-steel-hot-rolled-plate-sheet-coil\/\">Placa\/folha\/bobina laminada a quente de a\u00e7o inoxid\u00e1vel<\/a><\/li>\n<li id=\"menu-item-1933\" class=\"menu-item menu-item-type-post_type menu-item-object-page menu-item-1933\"><a href=\"https:\/\/wldstainless.com\/pt\/products\/stainless-steel-large-diameter-pipe\/\">Tubo de a\u00e7o inoxid\u00e1vel de grande di\u00e2metro<\/a><\/li>\n<li id=\"menu-item-1934\" class=\"menu-item menu-item-type-post_type menu-item-object-page menu-item-1934\"><a href=\"https:\/\/wldstainless.com\/pt\/products\/stainless-steel-round-bars\/\">Barras redondas de a\u00e7o inoxid\u00e1vel<\/a><\/li>\n<li id=\"menu-item-1935\" class=\"menu-item menu-item-type-post_type menu-item-object-page menu-item-1935\"><a href=\"https:\/\/wldstainless.com\/pt\/products\/stainless-steel-square-tube\/\">Tubo quadrado de a\u00e7o inoxid\u00e1vel<\/a><\/li>\n<li id=\"menu-item-1936\" class=\"menu-item menu-item-type-post_type menu-item-object-page menu-item-1936\"><a href=\"https:\/\/wldstainless.com\/pt\/products\/stainless-steel-u-bend-tube\/\">Tubo curvado em U de a\u00e7o inoxid\u00e1vel<\/a><\/li>\n<\/ul><\/div><\/div><\/div><br \/>\n<div  class='hr hr-default'><span class='hr-inner' ><span class='hr-inner-style'><\/span><\/span><\/div><br \/>\n<div class='avia-button-wrap avia-button-left'><a href='http:\/\/wldstainless.com\/contact\/#contact' class='avia-button   avia-icon_select-yes-left-icon avia-color-custom avia-size-large avia-position-left'  target=\"_blank\"  style='background-color:#e82221; border-color:#e82221; color:#ffffff; ' ><span class='avia_button_icon avia_button_icon_left' aria-hidden='true' data-av_icon='\ue84b' data-av_iconfont='entypo-fontello'><\/span><span class='avia_iconbox_title' >Solicite um or\u00e7amento<\/span><\/a><\/div><\/p><\/div>\n<div class=\"flex_column av_three_fourth  flex_column_div\" style='padding:0px 0px 50px 0px ; border-radius:0px; '><section class=\"av_textblock_section\"  itemscope=\"itemscope\" itemtype=\"https:\/\/schema.org\/CreativeWork\" ><div class='avia_textblock'   itemprop=\"text\" ><h3>\u00c2ngulo de a\u00e7o inoxid\u00e1vel<\/h3>\n<\/div><\/section><br \/>\n<div class='avia-gallery  avia-gallery-1 avia_lazyload avia_animate_when_visible'  itemprop=\"ImageObject\" itemscope=\"itemscope\" itemtype=\"https:\/\/schema.org\/ImageObject\" ><div class='avia-gallery-thumb'> <a href='https:\/\/wldstainless.com\/wp-content\/uploads\/2020\/09\/316-angle.jpg' data-rel='gallery-1' data-prev-img='https:\/\/wldstainless.com\/wp-content\/uploads\/2020\/09\/316-angle.jpg' class='first_thumb lightbox' data-onclick='1' title='\u00c2ngulo de a\u00e7o inoxid\u00e1vel 316'  itemprop=\"thumbnailUrl\" ><img data-avia-tooltip='316 Stainless Steel Angle' src='https:\/\/wldstainless.com\/wp-content\/uploads\/2020\/09\/316-angle.jpg' width='300' height='300'  title='316 \u00e2ngulo' alt='' \/><\/a> <a href='https:\/\/wldstainless.com\/wp-content\/uploads\/2020\/09\/304-angle.jpg' data-rel='gallery-1' data-prev-img='https:\/\/wldstainless.com\/wp-content\/uploads\/2020\/09\/304-angle.jpg' class='lightbox' data-onclick='2' title='\u00c2ngulo 304'  itemprop=\"thumbnailUrl\" ><img data-avia-tooltip='304 Angle' src='https:\/\/wldstainless.com\/wp-content\/uploads\/2020\/09\/304-angle.jpg' width='300' height='300'  title='\u00c2ngulo 304' alt='' \/><\/a> <a href='https:\/\/wldstainless.com\/wp-content\/uploads\/2020\/09\/347-angle.jpg' data-rel='gallery-1' data-prev-img='https:\/\/wldstainless.com\/wp-content\/uploads\/2020\/09\/347-angle.jpg' class='lightbox' data-onclick='3' title='347 \u00c2ngulo'  itemprop=\"thumbnailUrl\" ><img data-avia-tooltip='347 Angle' src='https:\/\/wldstainless.com\/wp-content\/uploads\/2020\/09\/347-angle.jpg' width='300' height='300'  title='347 \u00e2ngulo' alt='' \/><\/a><\/div><\/div><br \/>\n<div  class='hr hr-default'><span class='hr-inner' ><span class='hr-inner-style'><\/span><\/span><\/div><br \/>\n<section class=\"av_textblock_section\"  itemscope=\"itemscope\" itemtype=\"https:\/\/schema.org\/CreativeWork\" ><div class='avia_textblock'   itemprop=\"text\" ><p>Perfil de a\u00e7o inoxid\u00e1vel \u00e9 o a\u00e7o formado com uma se\u00e7\u00e3o obtida por fus\u00e3o a quente, conforma\u00e7\u00e3o, fus\u00e3o a laser, lamina\u00e7\u00e3o a frio, extrus\u00e3o ou outros m\u00e9todos na barra ou tira de a\u00e7o inoxid\u00e1vel. Os tipos comuns, incluindo a\u00e7o inoxid\u00e1vel angular r, a\u00e7o inoxid\u00e1vel plano, a\u00e7o inoxid\u00e1vel de canal (canal C, canal U), viga (feixe H, viga I) e formatos quase l\u00edquidos completamente personalizados em nossas ligas. WLD Steel \u00e9 um fabricante, fornecedor e exportador l\u00edder de cantoneiras de a\u00e7o inoxid\u00e1vel em diversos tamanhos e especifica\u00e7\u00f5es.<\/p>\n<p><img decoding=\"async\" class=\"aligncenter size-full wp-image-1663\" src=\"http:\/\/wldstainless.com\/wp-content\/uploads\/2020\/09\/SS-angles.jpg\" alt=\"\" width=\"127\" height=\"120\" \/><\/p>\n<p>O \u00e2ngulo do a\u00e7o inoxid\u00e1vel \u00e9 perpendicular a ambos os lados com um \u00e2ngulo especificado do a\u00e7o formado. Possui excelente resist\u00eancia, resist\u00eancia \u00e0 corros\u00e3o e soldabilidade, indicadas largura por largura por espessura da borda (mm). Por exemplo, 25\u00d725\u00d73 \u201c\u00c2ngulo representa um \u00e2ngulo de a\u00e7o inoxid\u00e1vel de lados iguais com largura lateral de 25 mm e espessura lateral de 3 mm. \u00c9 dividido principalmente em \u00e2ngulo de a\u00e7o inoxid\u00e1vel igual e \u00e2ngulo de a\u00e7o inoxid\u00e1vel desigual pode ser usado como a conex\u00e3o entre diferentes pe\u00e7as e componentes de tens\u00e3o, amplamente utilizado em todos os tipos de estruturas de constru\u00e7\u00e3o e estruturas de engenharia, como vigas, pontes, torres de transmiss\u00e3o, eleva\u00e7\u00e3o e m\u00e1quinas de transporte, navios, fornos industriais, torres de rea\u00e7\u00e3o, estantes para cont\u00eaineres e prateleiras de armaz\u00e9ns.<\/p>\n<h4><strong>Especifica\u00e7\u00f5es de \u00e2ngulos industriais<\/strong><\/h4>\n<table>\n<tbody>\n<tr>\n<td width=\"426\">Formul\u00e1rios:<\/td>\n<td width=\"426\">\n<ul>\n<li>\u00c2ngulos iguais das pernas<\/li>\n<li>\u00c2ngulos de perna desiguais<\/li>\n<li>\u00c2ngulos L-estruturais<\/li>\n<li>\u00c2ngulos C-Estruturais<\/li>\n<\/ul>\n<\/td>\n<\/tr>\n<tr>\n<td width=\"426\">Material<\/td>\n<td width=\"426\">A\u00e7o inoxid\u00e1vel<\/p>\n<p>A\u00e7o Inoxid\u00e1vel Duplex<\/td>\n<\/tr>\n<tr>\n<td width=\"426\">Especifica\u00e7\u00e3o<\/td>\n<td width=\"426\">\n<ul>\n<li>ASTM A 276\/A 276M<\/li>\n<li>ASTM A 484\/A 484M<\/li>\n<li>ASTM A 564\/A 564M<\/li>\n<li>ASTM A 582\/A 582M<\/li>\n<li>ASTM A 638\/A 638M<\/li>\n<li>ASTM A 705\/A 705M<\/li>\n<\/ul>\n<\/td>\n<\/tr>\n<tr>\n<td width=\"426\">Tamanho<\/td>\n<td width=\"426\">\u00c2ngulo: 3\u20149m\u30014\u201412m\u30014\u201419m\u30016\u201419m ou tamanhos de corte personalizados<\/td>\n<\/tr>\n<\/tbody>\n<\/table>\n<\/div><\/section><br \/>\n<div  class='hr hr-default'><span class='hr-inner' ><span class='hr-inner-style'><\/span><\/span><\/div><br \/>\n<section class=\"av_textblock_section\"  itemscope=\"itemscope\" itemtype=\"https:\/\/schema.org\/CreativeWork\" ><div class='avia_textblock'   itemprop=\"text\" ><h4>Classes de \u00e2ngulos dispon\u00edveis na WID Steel<\/h4>\n<ul>\n<li>A\u00e7o inoxid\u00e1vel <a href=\"https:\/\/wldstainless.com\/materials\/austenitic-stainless-steel\/201-stainless-steel\/\">201<\/a> \u00c2ngulo<\/li>\n<li>A\u00e7o inoxid\u00e1vel <a href=\"https:\/\/wldstainless.com\/materials\/austenitic-stainless-steel\/304-304l-stainless-steel\/\">304\/304L<\/a> \u00c2ngulo<\/li>\n<li>A\u00e7o inoxid\u00e1vel <a href=\"https:\/\/wldstainless.com\/materials\/austenitic-stainless-steel\/310s-stainless-steel\/\">310\/310S<\/a> \u00c2ngulo<\/li>\n<li>A\u00e7o inoxid\u00e1vel <a href=\"https:\/\/wldstainless.com\/materials\/austenitic-stainless-steel\/316-316l-stainless-steel\/\">316\/316L<\/a> \u00c2ngulo<\/li>\n<li>A\u00e7o inoxid\u00e1vel <a href=\"https:\/\/wldstainless.com\/materials\/austenitic-stainless-steel\/321-321h-stainless-steel\/\">321<\/a> \u00c2ngulo<\/li>\n<li>A\u00e7o inoxid\u00e1vel <a href=\"https:\/\/wldstainless.com\/materials\/austenitic-stainless-steel\/347-347h-stainless-steel\/\">347H<\/a> \u00c2ngulo<\/li>\n<li>A\u00e7o inoxid\u00e1vel <a href=\"https:\/\/wldstainless.com\/materials\/austenitic-stainless-steel\/904l-stainless-steel\/\">904L<\/a> Feixe<\/li>\n<li>A\u00e7o inoxid\u00e1vel <a href=\"https:\/\/wldstainless.com\/materials\/ferritic-stainless-steel\/409-409l-stainless-steel\/\">409\/409L<\/a> \u00c2ngulo<\/li>\n<li>A\u00e7o inoxid\u00e1vel <a href=\"https:\/\/wldstainless.com\/materials\/ferritic-stainless-steel\/410-410s-stainless-steel\/\">410\/410S<\/a> \u00c2ngulo<\/li>\n<li>A\u00e7o inoxid\u00e1vel <a href=\"https:\/\/wldstainless.com\/materials\/martensitic-stainless-steel\/420-stainless-steel\/\">420<\/a> \u00c2ngulo<\/li>\n<li>A\u00e7o Inoxid\u00e1vel Duplex <a href=\"https:\/\/wldstainless.com\/materials\/duplex-stainless-steel\/alloy-2205-stainless-steel\/\">2205<\/a> \u00c2ngulo<\/li>\n<\/ul>\n<\/div><\/section><\/p><\/div>","protected":false},"excerpt":{"rendered":"","protected":false},"author":1,"featured_media":0,"parent":346,"menu_order":0,"comment_status":"closed","ping_status":"closed","template":"","meta":{"footnotes":""},"class_list":["post-1613","page","type-page","status-publish","hentry"],"aioseo_notices":[],"_links":{"self":[{"href":"https:\/\/wldstainless.com\/pt\/wp-json\/wp\/v2\/pages\/1613","targetHints":{"allow":["GET"]}}],"collection":[{"href":"https:\/\/wldstainless.com\/pt\/wp-json\/wp\/v2\/pages"}],"about":[{"href":"https:\/\/wldstainless.com\/pt\/wp-json\/wp\/v2\/types\/page"}],"author":[{"embeddable":true,"href":"https:\/\/wldstainless.com\/pt\/wp-json\/wp\/v2\/users\/1"}],"replies":[{"embeddable":true,"href":"https:\/\/wldstainless.com\/pt\/wp-json\/wp\/v2\/comments?post=1613"}],"version-history":[{"count":11,"href":"https:\/\/wldstainless.com\/pt\/wp-json\/wp\/v2\/pages\/1613\/revisions"}],"predecessor-version":[{"id":2049,"href":"https:\/\/wldstainless.com\/pt\/wp-json\/wp\/v2\/pages\/1613\/revisions\/2049"}],"up":[{"embeddable":true,"href":"https:\/\/wldstainless.com\/pt\/wp-json\/wp\/v2\/pages\/346"}],"wp:attachment":[{"href":"https:\/\/wldstainless.com\/pt\/wp-json\/wp\/v2\/media?parent=1613"}],"curies":[{"name":"wp","href":"https:\/\/api.w.org\/{rel}","templated":true}]}}