{"id":1589,"date":"2020-08-25T09:18:09","date_gmt":"2020-08-25T09:18:09","guid":{"rendered":"http:\/\/wldstainless.com\/?page_id=1589"},"modified":"2020-09-18T09:26:44","modified_gmt":"2020-09-18T09:26:44","slug":"301-301l-stainless-steel","status":"publish","type":"page","link":"https:\/\/wldstainless.com\/pt\/materials\/austenitic-stainless-steel\/301-301l-stainless-steel\/","title":{"rendered":"A\u00e7o inoxid\u00e1vel 301\/301L"},"content":{"rendered":"<div class='flex_column_table av-equal-height-column-flextable -flextable' ><div class=\"flex_column av_one_fourth  flex_column_table_cell av-equal-height-column av-align-top av-zero-column-padding first\" style='border-radius:0px; '><p><div class='avia-button-wrap avia-button-left'><a href='http:\/\/wldstainless.com\/contact\/#contact' class='avia-button   avia-icon_select-yes-left-icon avia-color-custom avia-size-large avia-position-left'  target=\"_blank\"  style='background-color:#e82221; border-color:#e82221; color:#ffffff; ' ><span class='avia_button_icon avia_button_icon_left' aria-hidden='true' data-av_icon='\ue84b' data-av_iconfont='entypo-fontello'><\/span><span class='avia_iconbox_title' >Solicite um or\u00e7amento<\/span><\/a><\/div><br \/>\n<div  class='hr hr-default'><span class='hr-inner' ><span class='hr-inner-style'><\/span><\/span><\/div><br \/>\n<div class='avia-builder-widget-area clearfix'><div id=\"nav_menu-5\" class=\"widget clearfix widget_nav_menu\"><h3 class=\"widgettitle\">Material<\/h3><div class=\"menu-products-sidebar-menu-container\"><ul id=\"menu-products-sidebar-menu\" class=\"menu\"><li id=\"menu-item-1329\" class=\"menu-item menu-item-type-post_type menu-item-object-page menu-item-1329\"><a href=\"https:\/\/wldstainless.com\/pt\/materials\/ferritic-stainless-steel\/\">A\u00e7o Inoxid\u00e1vel Ferr\u00edtico<\/a><\/li>\n<li id=\"menu-item-1328\" class=\"menu-item menu-item-type-post_type menu-item-object-page menu-item-1328\"><a href=\"https:\/\/wldstainless.com\/pt\/materials\/martensitic-stainless-steel\/\">A\u00e7o Inoxid\u00e1vel Martens\u00edtico<\/a><\/li>\n<li id=\"menu-item-1327\" class=\"menu-item menu-item-type-post_type menu-item-object-page menu-item-1327\"><a href=\"https:\/\/wldstainless.com\/pt\/materials\/austenitic-stainless-steel\/\">A\u00e7o Inoxid\u00e1vel Austen\u00edtico<\/a><\/li>\n<li id=\"menu-item-1889\" class=\"menu-item menu-item-type-post_type menu-item-object-page menu-item-1889\"><a href=\"https:\/\/wldstainless.com\/pt\/materials\/duplex-stainless-steel\/\">A\u00e7o Inoxid\u00e1vel Duplex<\/a><\/li>\n<\/ul><\/div><\/div><\/div><\/p><\/div><\/div><!--close column table wrapper. Autoclose: 1 --><div class='flex_column_table av-equal-height-column-flextable -flextable' ><div class='av-flex-placeholder'><\/div><div class=\"flex_column av_three_fourth  flex_column_table_cell av-equal-height-column av-align-top av-zero-column-padding\" style='border-radius:0px; '><p><div style='padding-bottom:10px;color:#d3311f;font-size:26px;' class='av-special-heading av-special-heading-h3 custom-color-heading blockquote modern-quote   av-inherit-size'><h3 class='av-special-heading-tag'  itemprop=\"headline\"  >A\u00e7o inoxid\u00e1vel 301\/301L<\/h3><div class='special-heading-border'><div class='special-heading-inner-border' style='border-color:#d3311f'><\/div><\/div><\/div><br \/>\n<section class=\"av_textblock_section\"  itemscope=\"itemscope\" itemtype=\"https:\/\/schema.org\/CreativeWork\" ><div class='avia_textblock'   itemprop=\"text\" ><p>WLD Stainless \u00e9 um fabricante, fornecedor e exportador l\u00edder de a\u00e7o inoxid\u00e1vel 301\/301L no formato de cano, tubo, chapa, placa, barra, haste e outros formatos como anjo, canal, c\u00edrculo, pe\u00e7a cortada.<\/p>\n<p>O a\u00e7o inoxid\u00e1vel tipo 301 \u00e9 um a\u00e7o inoxid\u00e1vel austen\u00edtico comumente usado com maior endurecimento por deforma\u00e7\u00e3o. Oferece boa resist\u00eancia \u00e0 corros\u00e3o, alta resist\u00eancia e elevado teor de carbono para permitir o trabalho a frio em uma variedade de temperamentos. Pode ser obtido nas t\u00eamperas 1\/4 duro, 1\/2 duro, totalmente duro e extra duro. Ele ret\u00e9m ductilidade suficiente sob condi\u00e7\u00f5es de endurecimento de 1\/2 para ser formado por lamina\u00e7\u00e3o ou dobra em pe\u00e7as de aeronaves, pe\u00e7as estruturais de edif\u00edcios e, especialmente, pe\u00e7as de vag\u00f5es ferrovi\u00e1rios. Placas laminadas a frio endurecidas em 3\/4 at\u00e9 o endurecimento total devem ser usadas para pe\u00e7as que requerem alta resist\u00eancia ao desgaste e elasticidade. O tipo 301L \u00e9 a vers\u00e3o de baixo carbono do a\u00e7o inoxid\u00e1vel 301. A aplica\u00e7\u00e3o t\u00edpica de 301 e 301L inclui juntas, molas, cal\u00e7os, fixadores, ferramentas, l\u00e2minas, pe\u00e7as automotivas, componentes aeroespaciais, utens\u00edlios de cozinha e talheres, componentes el\u00e9tricos e outros.<\/p>\n<p><strong>Quais s\u00e3o as formas e especifica\u00e7\u00f5es 301\/301L dispon\u00edveis na WLD Steel?<\/strong><\/p>\n<table>\n<tbody>\n<tr>\n<td width=\"170\">Folha\/placa\/bobina<\/td>\n<td width=\"170\">Tubo\/tubo sem costura<\/td>\n<td width=\"170\">Tubo\/tubo soldado<\/td>\n<td width=\"170\">Rodada do bar<\/td>\n<td width=\"170\">A\u00e7o formado (em forma)<\/td>\n<\/tr>\n<tr>\n<td width=\"170\">ASTM A240<\/p>\n<p>ASTM A480<\/p>\n<p>ASTM A666<\/td>\n<td width=\"170\">ASTM A789<\/p>\n<p>ASTM A790<\/td>\n<td width=\"170\">ASTM A269<\/p>\n<p>ASTM A790<\/td>\n<td width=\"170\">ASTM A276<\/p>\n<p>ASTM A479<\/td>\n<td width=\"170\">ASTM A276<\/td>\n<\/tr>\n<\/tbody>\n<\/table>\n<h2><\/h2>\n<\/div><\/section><br \/>\n<div class=\"togglecontainer   toggle_close_all\" >\n<section class=\"av_toggle_section\"  itemscope=\"itemscope\" itemtype=\"https:\/\/schema.org\/CreativeWork\"  >    <div class=\"single_toggle\" data-tags=\"{All} \"  >        <p data-fake-id=\"#toggle-id-1\" class=\"toggler\"  itemprop=\"headline\"  >Classes equivalentes 301\/301L<span class=\"toggle_icon\" >        <span class=\"vert_icon\"><\/span><span class=\"hor_icon\"><\/span><\/span><\/p>        <div id=\"toggle-id-1-container\" class=\"toggle_wrap\"  >            <div class=\"toggle_content invers-color\"  itemprop=\"text\"   ><table>\n<tbody>\n<tr>\n<td width=\"136\">PADR\u00c3O<\/td>\n<td width=\"136\">ONU<\/td>\n<td width=\"136\">EN\/DIN<\/td>\n<td width=\"136\">JIS<\/td>\n<td width=\"136\">Bobagem<\/td>\n<td width=\"137\">GB<\/td>\n<\/tr>\n<tr>\n<td width=\"136\">301<\/td>\n<td width=\"136\">S30100<\/td>\n<td width=\"136\">1.4319<\/p>\n<p>X5CrNi17-7<\/td>\n<td width=\"136\">SUS 301<\/td>\n<td width=\"136\">\/<\/td>\n<td width=\"137\">1Cr17Ni7<\/td>\n<\/tr>\n<tr>\n<td width=\"136\">301L<\/td>\n<td width=\"136\">S30103<\/td>\n<td width=\"136\">\/<\/td>\n<td width=\"136\">SUS 301L<\/td>\n<td width=\"136\">\/<\/td>\n<td width=\"137\">\/<\/td>\n<\/tr>\n<\/tbody>\n<\/table>\n            <\/div>        <\/div>    <\/div><\/section>\n<section class=\"av_toggle_section\"  itemscope=\"itemscope\" itemtype=\"https:\/\/schema.org\/CreativeWork\"  >    <div class=\"single_toggle\" data-tags=\"{All} \"  >        <p data-fake-id=\"#toggle-id-2\" class=\"toggler\"  itemprop=\"headline\"  >Composi\u00e7\u00e3o Qu\u00edmica 301\/301L<span class=\"toggle_icon\" >        <span class=\"vert_icon\"><\/span><span class=\"hor_icon\"><\/span><\/span><\/p>        <div id=\"toggle-id-2-container\" class=\"toggle_wrap\"  >            <div class=\"toggle_content invers-color\"  itemprop=\"text\"   ><table>\n<tbody>\n<tr>\n<td width=\"94\">Nota<\/td>\n<td width=\"94\">C<\/td>\n<td width=\"94\">Cr<\/td>\n<td width=\"94\">N\u00e3o<\/td>\n<td width=\"94\">Si<\/td>\n<td width=\"94\">Mn<\/td>\n<td width=\"94\">P<\/td>\n<td width=\"94\">S<\/td>\n<td width=\"94\">N<\/td>\n<\/tr>\n<tr>\n<td width=\"94\">301<\/td>\n<td width=\"94\">0.15<\/td>\n<td width=\"94\">16.0-18.0<\/td>\n<td width=\"94\">6.00-8.00<\/td>\n<td width=\"94\">1.00<\/td>\n<td width=\"94\">2.0<\/td>\n<td width=\"94\">0.045<\/td>\n<td width=\"94\">0.030<\/td>\n<td width=\"94\">0.10<\/td>\n<\/tr>\n<tr>\n<td width=\"94\">301L<\/td>\n<td width=\"94\">0.03<\/td>\n<td width=\"94\">16.0-18.0<\/td>\n<td width=\"94\">6.00-8.00<\/td>\n<td width=\"94\">1.00<\/td>\n<td width=\"94\">2.0<\/td>\n<td width=\"94\">0.045<\/td>\n<td width=\"94\">0.030<\/td>\n<td width=\"94\">0.10<\/td>\n<\/tr>\n<\/tbody>\n<\/table>\n            <\/div>        <\/div>    <\/div><\/section>\n<section class=\"av_toggle_section\"  itemscope=\"itemscope\" itemtype=\"https:\/\/schema.org\/CreativeWork\"  >    <div class=\"single_toggle\" data-tags=\"{All} \"  >        <p data-fake-id=\"#toggle-id-3\" class=\"toggler\"  itemprop=\"headline\"  >Propriedades Mec\u00e2nicas 301\/301L<span class=\"toggle_icon\" >        <span class=\"vert_icon\"><\/span><span class=\"hor_icon\"><\/span><\/span><\/p>        <div id=\"toggle-id-3-container\" class=\"toggle_wrap\"  >            <div class=\"toggle_content invers-color\"  itemprop=\"text\"   ><table>\n<tbody>\n<tr>\n<td width=\"213\">Nota\/r<\/td>\n<td width=\"213\">Resist\u00eancia \u00e0 tra\u00e7\u00e3o, Mpa (min.)<\/td>\n<td width=\"213\">Resist\u00eancia ao rendimento 0,2%<br \/>\nMPa (m\u00edn.)<\/td>\n<td width=\"213\">Alongamento -% em 50 mm (min.)<\/td>\n<\/tr>\n<tr>\n<td width=\"213\">301 recozido<\/td>\n<td width=\"213\">515<\/td>\n<td width=\"213\">205<\/td>\n<td width=\"213\">40<\/td>\n<\/tr>\n<tr>\n<td width=\"213\">301 1\/4 Tempero<\/td>\n<td width=\"213\">860<\/td>\n<td width=\"213\">515<\/td>\n<td width=\"213\">25<\/td>\n<\/tr>\n<tr>\n<td width=\"213\">301 1\/2 Tempero<\/td>\n<td width=\"213\">1035<\/td>\n<td width=\"213\">760<\/td>\n<td width=\"213\">18<\/td>\n<\/tr>\n<tr>\n<td width=\"213\">301 Totalmente Dif\u00edcil<\/td>\n<td width=\"213\">1275<\/td>\n<td width=\"213\">965<\/td>\n<td width=\"213\">9<\/td>\n<\/tr>\n<\/tbody>\n<\/table>\n            <\/div>        <\/div>    <\/div><\/section>\n<\/div><br \/>\n<\/p><\/div><\/div><!--close column table wrapper. Autoclose: 1 --><\/p>","protected":false},"excerpt":{"rendered":"","protected":false},"author":1,"featured_media":0,"parent":1323,"menu_order":0,"comment_status":"closed","ping_status":"closed","template":"","meta":{"footnotes":""},"class_list":["post-1589","page","type-page","status-publish","hentry"],"aioseo_notices":[],"_links":{"self":[{"href":"https:\/\/wldstainless.com\/pt\/wp-json\/wp\/v2\/pages\/1589","targetHints":{"allow":["GET"]}}],"collection":[{"href":"https:\/\/wldstainless.com\/pt\/wp-json\/wp\/v2\/pages"}],"about":[{"href":"https:\/\/wldstainless.com\/pt\/wp-json\/wp\/v2\/types\/page"}],"author":[{"embeddable":true,"href":"https:\/\/wldstainless.com\/pt\/wp-json\/wp\/v2\/users\/1"}],"replies":[{"embeddable":true,"href":"https:\/\/wldstainless.com\/pt\/wp-json\/wp\/v2\/comments?post=1589"}],"version-history":[{"count":5,"href":"https:\/\/wldstainless.com\/pt\/wp-json\/wp\/v2\/pages\/1589\/revisions"}],"predecessor-version":[{"id":1895,"href":"https:\/\/wldstainless.com\/pt\/wp-json\/wp\/v2\/pages\/1589\/revisions\/1895"}],"up":[{"embeddable":true,"href":"https:\/\/wldstainless.com\/pt\/wp-json\/wp\/v2\/pages\/1323"}],"wp:attachment":[{"href":"https:\/\/wldstainless.com\/pt\/wp-json\/wp\/v2\/media?parent=1589"}],"curies":[{"name":"wp","href":"https:\/\/api.w.org\/{rel}","templated":true}]}}