{"id":1544,"date":"2020-08-21T01:43:23","date_gmt":"2020-08-21T01:43:23","guid":{"rendered":"http:\/\/wldstainless.com\/?page_id=1544"},"modified":"2020-09-18T09:35:27","modified_gmt":"2020-09-18T09:35:27","slug":"15-5ph-stainless-steel","status":"publish","type":"page","link":"https:\/\/wldstainless.com\/pt\/materials\/martensitic-stainless-steel\/15-5ph-stainless-steel\/","title":{"rendered":"A\u00e7o inoxid\u00e1vel 15-5PH"},"content":{"rendered":"<div class='flex_column_table av-equal-height-column-flextable -flextable' ><div class=\"flex_column av_one_fourth  flex_column_table_cell av-equal-height-column av-align-top av-zero-column-padding first\" style='border-radius:0px; '><p><div class='avia-builder-widget-area clearfix'><div id=\"nav_menu-5\" class=\"widget clearfix widget_nav_menu\"><h3 class=\"widgettitle\">Material<\/h3><div class=\"menu-products-sidebar-menu-container\"><ul id=\"menu-products-sidebar-menu\" class=\"menu\"><li id=\"menu-item-1329\" class=\"menu-item menu-item-type-post_type menu-item-object-page menu-item-1329\"><a href=\"https:\/\/wldstainless.com\/pt\/materials\/ferritic-stainless-steel\/\">A\u00e7o Inoxid\u00e1vel Ferr\u00edtico<\/a><\/li>\n<li id=\"menu-item-1328\" class=\"menu-item menu-item-type-post_type menu-item-object-page menu-item-1328\"><a href=\"https:\/\/wldstainless.com\/pt\/materials\/martensitic-stainless-steel\/\">A\u00e7o Inoxid\u00e1vel Martens\u00edtico<\/a><\/li>\n<li id=\"menu-item-1327\" class=\"menu-item menu-item-type-post_type menu-item-object-page menu-item-1327\"><a href=\"https:\/\/wldstainless.com\/pt\/materials\/austenitic-stainless-steel\/\">A\u00e7o Inoxid\u00e1vel Austen\u00edtico<\/a><\/li>\n<li id=\"menu-item-1889\" class=\"menu-item menu-item-type-post_type menu-item-object-page menu-item-1889\"><a href=\"https:\/\/wldstainless.com\/pt\/materials\/duplex-stainless-steel\/\">A\u00e7o Inoxid\u00e1vel Duplex<\/a><\/li>\n<\/ul><\/div><\/div><\/div><br \/>\n<div  class='hr hr-default'><span class='hr-inner' ><span class='hr-inner-style'><\/span><\/span><\/div><br \/>\n<div class='avia-button-wrap avia-button-left'><a href='http:\/\/wldstainless.com\/contact\/#contact' class='avia-button   avia-icon_select-yes-left-icon avia-color-custom avia-size-large avia-position-left'  target=\"_blank\"  style='background-color:#e82221; border-color:#e82221; color:#ffffff; ' ><span class='avia_button_icon avia_button_icon_left' aria-hidden='true' data-av_icon='\ue84b' data-av_iconfont='entypo-fontello'><\/span><span class='avia_iconbox_title' >Solicite um or\u00e7amento<\/span><\/a><\/div><\/p><\/div><\/div><!--close column table wrapper. Autoclose: 1 --><div class='flex_column_table av-equal-height-column-flextable -flextable' ><div class='av-flex-placeholder'><\/div><div class=\"flex_column av_three_fourth  flex_column_table_cell av-equal-height-column av-align-top av-zero-column-padding\" style='border-radius:0px; '><p><div style='padding-bottom:10px;color:#d3311f;font-size:26px;' class='av-special-heading av-special-heading-h3 custom-color-heading blockquote modern-quote   av-inherit-size'><h3 class='av-special-heading-tag'  itemprop=\"headline\"  >A\u00e7o inoxid\u00e1vel 15-5PH<\/h3><div class='special-heading-border'><div class='special-heading-inner-border' style='border-color:#d3311f'><\/div><\/div><\/div><br \/>\n<section class=\"av_textblock_section\"  itemscope=\"itemscope\" itemtype=\"https:\/\/schema.org\/CreativeWork\" ><div class='avia_textblock'   itemprop=\"text\" ><p>WLD Steel \u00e9 um fabricante, fornecedor e exportador l\u00edder de a\u00e7o inoxid\u00e1vel 15-5 PH dispon\u00edvel em v\u00e1rios tamanhos e formas diferentes, incluindo barras, placas e fios. N\u00f3s armazenamos principalmente 15-5 em condi\u00e7\u00f5es de recozimento. 15-5 PH \u00e9 um a\u00e7o inoxid\u00e1vel martens\u00edtico de endurecimento por precipita\u00e7\u00e3o desenvolvido com base no a\u00e7o 17-4PH e \u00e9 a vers\u00e3o livre de ferrita do a\u00e7o inoxid\u00e1vel Tipo 17-4 PH. Fornece alta resist\u00eancia, boa resist\u00eancia \u00e0 corros\u00e3o, boas propriedades mec\u00e2nicas e tenacidade. Possui aplica\u00e7\u00e3o semelhante ao a\u00e7o 17-4 PH, ambos podem ser utilizados onde for necess\u00e1ria melhor resist\u00eancia \u00e0 corros\u00e3o e propriedades transversais, como nas ind\u00fastrias aeroespacial, qu\u00edmica, petroqu\u00edmica, de processamento de alimentos, papel e metalmec\u00e2nica em geral.<\/p>\n<p><strong>Quais s\u00e3o as formas de a\u00e7o inoxid\u00e1vel 15-5 PH dispon\u00edveis na WLD Steel?<\/strong><\/p>\n<ul>\n<li>Folha\/Placa: ASTM A 693 \/ ASME SA 693<\/li>\n<li>Barra Redonda: ASTM A 564\/ASME SA 564<\/li>\n<\/ul>\n<\/div><\/section><br \/>\n<div class=\"togglecontainer   toggle_close_all\" >\n<section class=\"av_toggle_section\"  itemscope=\"itemscope\" itemtype=\"https:\/\/schema.org\/CreativeWork\"  >    <div class=\"single_toggle\" data-tags=\"{All} \"  >        <p data-fake-id=\"#toggle-id-1\" class=\"toggler\"  itemprop=\"headline\"  style='background-color: #d3311f; '>Classes equivalentes de a\u00e7o 15-5PH<span class=\"toggle_icon\" >        <span class=\"vert_icon\"><\/span><span class=\"hor_icon\"><\/span><\/span><\/p>        <div id=\"toggle-id-1-container\" class=\"toggle_wrap\"  >            <div class=\"toggle_content invers-color\"  itemprop=\"text\"  style='background-color: #d3311f; ' ><table>\n<tbody>\n<tr>\n<td width=\"142\">Padr\u00e3o<\/td>\n<td width=\"142\">ONU<\/td>\n<td width=\"142\">ASTM<\/td>\n<td width=\"142\">DIN<\/td>\n<td width=\"142\">PT<\/td>\n<td width=\"142\">GB<\/td>\n<\/tr>\n<tr>\n<td width=\"142\">A\u00e7o PH 15-5<\/td>\n<td width=\"142\">\u00a0S15500<\/td>\n<td width=\"142\">XM-12<\/td>\n<td width=\"142\">1.4545<\/td>\n<td width=\"142\">X5CrNiCuNb15-5-4<\/td>\n<td width=\"142\">0Cr15Ni5Cu3Nb<\/td>\n<\/tr>\n<\/tbody>\n<\/table>\n            <\/div>        <\/div>    <\/div><\/section>\n<section class=\"av_toggle_section\"  itemscope=\"itemscope\" itemtype=\"https:\/\/schema.org\/CreativeWork\"  >    <div class=\"single_toggle\" data-tags=\"{All} \"  >        <p data-fake-id=\"#toggle-id-2\" class=\"toggler\"  itemprop=\"headline\"  style='background-color: #d3311f; '>Composi\u00e7\u00e3o Qu\u00edmica do A\u00e7o 15-5PH<span class=\"toggle_icon\" >        <span class=\"vert_icon\"><\/span><span class=\"hor_icon\"><\/span><\/span><\/p>        <div id=\"toggle-id-2-container\" class=\"toggle_wrap\"  >            <div class=\"toggle_content invers-color\"  itemprop=\"text\"  style='background-color: #d3311f; ' ><table>\n<tbody>\n<tr>\n<td width=\"94\">C<\/td>\n<td width=\"94\">Cr<\/td>\n<td width=\"94\">Cu<\/td>\n<td width=\"94\">Mn<\/td>\n<td width=\"94\">N\u00e3o<\/td>\n<td width=\"94\">N.\u00ba<\/td>\n<td width=\"94\">P<\/td>\n<td width=\"94\">S<\/td>\n<td width=\"94\">Si<\/td>\n<\/tr>\n<tr>\n<td width=\"94\">0,07 m\u00e1x.<\/td>\n<td width=\"94\">14-\u00a015.5<\/td>\n<td width=\"94\">2.5 &#8211; 4.5<\/td>\n<td width=\"94\">1 m\u00e1x.<\/td>\n<td width=\"94\">3.5 &#8211; 5.5<\/td>\n<td width=\"94\">0.15-\u00a00.45<\/td>\n<td width=\"94\">0,04 m\u00e1x.<\/td>\n<td width=\"94\">0,03 m\u00e1x.<\/td>\n<td width=\"94\">1 m\u00e1x.<\/td>\n<\/tr>\n<\/tbody>\n<\/table>\n            <\/div>        <\/div>    <\/div><\/section>\n<section class=\"av_toggle_section\"  itemscope=\"itemscope\" itemtype=\"https:\/\/schema.org\/CreativeWork\"  >    <div class=\"single_toggle\" data-tags=\"{All} \"  >        <p data-fake-id=\"#toggle-id-3\" class=\"toggler\"  itemprop=\"headline\"  style='background-color: #d3311f; '>Propriedades mec\u00e2nicas do a\u00e7o 15-5PH<span class=\"toggle_icon\" >        <span class=\"vert_icon\"><\/span><span class=\"hor_icon\"><\/span><\/span><\/p>        <div id=\"toggle-id-3-container\" class=\"toggle_wrap\"  >            <div class=\"toggle_content invers-color\"  itemprop=\"text\"  style='background-color: #d3311f; ' ><table>\n<tbody>\n<tr>\n<td width=\"170\">Doen\u00e7a<\/td>\n<td width=\"170\">Resist\u00eancia \u00e0 tra\u00e7\u00e3o (psi)<\/td>\n<td width=\"170\">For\u00e7a de rendimento (psi)<\/td>\n<td width=\"170\">Alongamento,(em 2 pol.)%)<\/td>\n<td width=\"170\">Dureza, HBW<\/td>\n<\/tr>\n<tr>\n<td width=\"170\">H900 envelhecido<\/td>\n<td width=\"170\">190,000<\/td>\n<td width=\"170\">170,000<\/td>\n<td width=\"170\">6<\/td>\n<td width=\"170\">388<\/td>\n<\/tr>\n<tr>\n<td width=\"170\">H1025 envelhecido<\/td>\n<td width=\"170\">155,000<\/td>\n<td width=\"170\">125,000<\/td>\n<td width=\"170\">8<\/td>\n<td width=\"170\">331<\/td>\n<\/tr>\n<tr>\n<td width=\"170\">H1075 envelhecido<\/td>\n<td width=\"170\">145,000<\/td>\n<td width=\"170\">125,000<\/td>\n<td width=\"170\">9<\/td>\n<td width=\"170\">311<\/td>\n<\/tr>\n<tr>\n<td width=\"170\">H1150 envelhecido<\/td>\n<td width=\"170\">135,000<\/td>\n<td width=\"170\">105,000<\/td>\n<td width=\"170\">11<\/td>\n<td width=\"170\">277<\/td>\n<\/tr>\n<\/tbody>\n<\/table>\n            <\/div>        <\/div>    <\/div><\/section>\n<\/div><\/p><\/div><\/div><!--close column table wrapper. Autoclose: 1 --><\/p>","protected":false},"excerpt":{"rendered":"","protected":false},"author":1,"featured_media":0,"parent":1321,"menu_order":0,"comment_status":"closed","ping_status":"closed","template":"","meta":{"footnotes":""},"class_list":["post-1544","page","type-page","status-publish","hentry"],"aioseo_notices":[],"_links":{"self":[{"href":"https:\/\/wldstainless.com\/pt\/wp-json\/wp\/v2\/pages\/1544","targetHints":{"allow":["GET"]}}],"collection":[{"href":"https:\/\/wldstainless.com\/pt\/wp-json\/wp\/v2\/pages"}],"about":[{"href":"https:\/\/wldstainless.com\/pt\/wp-json\/wp\/v2\/types\/page"}],"author":[{"embeddable":true,"href":"https:\/\/wldstainless.com\/pt\/wp-json\/wp\/v2\/users\/1"}],"replies":[{"embeddable":true,"href":"https:\/\/wldstainless.com\/pt\/wp-json\/wp\/v2\/comments?post=1544"}],"version-history":[{"count":6,"href":"https:\/\/wldstainless.com\/pt\/wp-json\/wp\/v2\/pages\/1544\/revisions"}],"predecessor-version":[{"id":1918,"href":"https:\/\/wldstainless.com\/pt\/wp-json\/wp\/v2\/pages\/1544\/revisions\/1918"}],"up":[{"embeddable":true,"href":"https:\/\/wldstainless.com\/pt\/wp-json\/wp\/v2\/pages\/1321"}],"wp:attachment":[{"href":"https:\/\/wldstainless.com\/pt\/wp-json\/wp\/v2\/media?parent=1544"}],"curies":[{"name":"wp","href":"https:\/\/api.w.org\/{rel}","templated":true}]}}