{"id":1526,"date":"2020-08-19T08:22:01","date_gmt":"2020-08-19T08:22:01","guid":{"rendered":"http:\/\/wldstainless.com\/?page_id=1526"},"modified":"2020-09-18T09:30:09","modified_gmt":"2020-09-18T09:30:09","slug":"904l-stainless-steel","status":"publish","type":"page","link":"https:\/\/wldstainless.com\/pt\/materials\/austenitic-stainless-steel\/904l-stainless-steel\/","title":{"rendered":"A\u00e7o inoxid\u00e1vel 904L"},"content":{"rendered":"<div class='flex_column_table av-equal-height-column-flextable -flextable' ><div class=\"flex_column av_one_fourth  flex_column_table_cell av-equal-height-column av-align-top av-zero-column-padding first\" style='border-radius:0px; '><p><div class='avia-builder-widget-area clearfix'><div id=\"nav_menu-5\" class=\"widget clearfix widget_nav_menu\"><h3 class=\"widgettitle\">Material<\/h3><div class=\"menu-products-sidebar-menu-container\"><ul id=\"menu-products-sidebar-menu\" class=\"menu\"><li id=\"menu-item-1329\" class=\"menu-item menu-item-type-post_type menu-item-object-page menu-item-1329\"><a href=\"https:\/\/wldstainless.com\/pt\/materials\/ferritic-stainless-steel\/\">A\u00e7o Inoxid\u00e1vel Ferr\u00edtico<\/a><\/li>\n<li id=\"menu-item-1328\" class=\"menu-item menu-item-type-post_type menu-item-object-page menu-item-1328\"><a href=\"https:\/\/wldstainless.com\/pt\/materials\/martensitic-stainless-steel\/\">A\u00e7o Inoxid\u00e1vel Martens\u00edtico<\/a><\/li>\n<li id=\"menu-item-1327\" class=\"menu-item menu-item-type-post_type menu-item-object-page menu-item-1327\"><a href=\"https:\/\/wldstainless.com\/pt\/materials\/austenitic-stainless-steel\/\">A\u00e7o Inoxid\u00e1vel Austen\u00edtico<\/a><\/li>\n<li id=\"menu-item-1889\" class=\"menu-item menu-item-type-post_type menu-item-object-page menu-item-1889\"><a href=\"https:\/\/wldstainless.com\/pt\/materials\/duplex-stainless-steel\/\">A\u00e7o Inoxid\u00e1vel Duplex<\/a><\/li>\n<\/ul><\/div><\/div><\/div><br \/>\n<div  class='hr hr-default'><span class='hr-inner' ><span class='hr-inner-style'><\/span><\/span><\/div><br \/>\n<div class='avia-button-wrap avia-button-left'><a href='http:\/\/wldstainless.com\/contact\/#contact' class='avia-button   avia-icon_select-yes-left-icon avia-color-custom avia-size-large avia-position-left'  target=\"_blank\"  style='background-color:#e82221; border-color:#e82221; color:#ffffff; ' ><span class='avia_button_icon avia_button_icon_left' aria-hidden='true' data-av_icon='\ue84b' data-av_iconfont='entypo-fontello'><\/span><span class='avia_iconbox_title' >Solicite um or\u00e7amento<\/span><\/a><\/div><\/p><\/div><\/div><!--close column table wrapper. Autoclose: 1 --><div class='flex_column_table av-equal-height-column-flextable -flextable' ><div class='av-flex-placeholder'><\/div><div class=\"flex_column av_three_fourth  flex_column_table_cell av-equal-height-column av-align-top av-zero-column-padding\" style='border-radius:0px; '><p><div style='padding-bottom:10px;color:#d3311f;' class='av-special-heading av-special-heading-h3 custom-color-heading'><h3 class='av-special-heading-tag'  itemprop=\"headline\"  >A\u00e7o inoxid\u00e1vel 904L <\/h3><div class='special-heading-border'><div class='special-heading-inner-border' style='border-color:#d3311f'><\/div><\/div><\/div><br \/>\n<section class=\"av_textblock_section\"  itemscope=\"itemscope\" itemtype=\"https:\/\/schema.org\/CreativeWork\" ><div class='avia_textblock'   itemprop=\"text\" ><p>WLD Steel \u00e9 um fabricante, fornecedor e exportador l\u00edder de a\u00e7o inoxid\u00e1vel 904L dispon\u00edvel em v\u00e1rios tamanhos e formas diferentes, incluindo tubo, tubo, chapa, placa, barra, haste e outras formas como \u00e2ngulo, canal, c\u00edrculo, pe\u00e7a cortada e assim sobre. O tipo 904L \u00e9 um tipo de a\u00e7o inoxid\u00e1vel superausten\u00edtico conhecido por sua alta resist\u00eancia a fissuras e corros\u00e3o sob tens\u00e3o aos \u00e1cidos sulf\u00farico, fosf\u00f3rico e ac\u00e9tico. A adi\u00e7\u00e3o do elemento Cobre torna o a\u00e7o inoxid\u00e1vel 904L mais resistente ao desgaste e \u00e0 corros\u00e3o. O a\u00e7o 904L \u00e9 amplamente utilizado para equipamentos de resfriamento de \u00e1gua do mar, trocadores de calor, tubos condensadores, controle e instrumenta\u00e7\u00e3o, ind\u00fastria de petr\u00f3leo e g\u00e1s.<\/p>\n<p><strong>Quais s\u00e3o as formas e especifica\u00e7\u00f5es do 904L dispon\u00edveis na WLD Steel?<\/strong><\/p>\n<table>\n<tbody>\n<tr>\n<td width=\"170\">Folha\/Placa\/Bobina<\/td>\n<td width=\"170\">Tubo\/Tubo Sem Costura<\/td>\n<td width=\"170\">Tubo\/tubo soldado<\/td>\n<td width=\"170\">Rodada do bar<\/td>\n<td width=\"170\">A\u00e7o formado (em forma)<\/td>\n<\/tr>\n<tr>\n<td width=\"170\">ASTM A240<\/p>\n<p>ASTM A480<\/td>\n<td width=\"170\">ASTM A312<\/p>\n<p>ASTM A213<\/td>\n<td width=\"170\">ASTM A554<\/td>\n<td width=\"170\">ASTM A276<\/p>\n<p>ASTM A479<\/td>\n<td width=\"170\">ASTM A276<\/td>\n<\/tr>\n<\/tbody>\n<\/table>\n<\/div><\/section><br \/>\n<div class=\"togglecontainer   toggle_close_all\" >\n<section class=\"av_toggle_section\"  itemscope=\"itemscope\" itemtype=\"https:\/\/schema.org\/CreativeWork\"  >    <div class=\"single_toggle\" data-tags=\"{All} \"  >        <p data-fake-id=\"#toggle-id-1\" class=\"toggler\"  itemprop=\"headline\"  >Materiais equivalentes de a\u00e7o 904L<span class=\"toggle_icon\" >        <span class=\"vert_icon\"><\/span><span class=\"hor_icon\"><\/span><\/span><\/p>        <div id=\"toggle-id-1-container\" class=\"toggle_wrap\"  >            <div class=\"toggle_content invers-color\"  itemprop=\"text\"   ><table>\n<tbody>\n<tr>\n<td width=\"142\">Padr\u00f5es<\/td>\n<td width=\"142\">ONU<\/td>\n<td width=\"142\">DIN<\/td>\n<td width=\"142\">JIS<\/td>\n<td width=\"142\">Bobagem<\/td>\n<td width=\"142\">PT<\/td>\n<\/tr>\n<tr>\n<td width=\"142\">904L<\/td>\n<td width=\"142\">N08904<\/td>\n<td width=\"142\">1.4539<\/td>\n<td width=\"142\">SUS 890L<\/td>\n<td width=\"142\">904S13<\/td>\n<td width=\"142\">X1NiCrMoCu25-20-5<\/td>\n<\/tr>\n<\/tbody>\n<\/table>\n            <\/div>        <\/div>    <\/div><\/section>\n<section class=\"av_toggle_section\"  itemscope=\"itemscope\" itemtype=\"https:\/\/schema.org\/CreativeWork\"  >    <div class=\"single_toggle\" data-tags=\"{All} \"  >        <p data-fake-id=\"#toggle-id-2\" class=\"toggler\"  itemprop=\"headline\"  >Composi\u00e7\u00e3o Qu\u00edmica 904L<span class=\"toggle_icon\" >        <span class=\"vert_icon\"><\/span><span class=\"hor_icon\"><\/span><\/span><\/p>        <div id=\"toggle-id-2-container\" class=\"toggle_wrap\"  >            <div class=\"toggle_content invers-color\"  itemprop=\"text\"   ><table>\n<tbody>\n<tr>\n<td width=\"105\">N\u00e3o<\/td>\n<td width=\"105\">Cr<\/td>\n<td width=\"105\">Cu<\/td>\n<td width=\"105\">Mn<\/td>\n<td width=\"105\">Mo<\/td>\n<td width=\"105\">Si<\/td>\n<td width=\"105\">C<\/td>\n<td width=\"105\">P<\/td>\n<td width=\"106\">S<\/td>\n<\/tr>\n<tr>\n<td width=\"105\">23,0 \u2013 28,0<\/td>\n<td width=\"105\">19h00 \u2013 23h00<\/td>\n<td width=\"105\">1,0 \u2013 2,0<\/td>\n<td width=\"105\">2,0 m\u00e1x.<\/td>\n<td width=\"105\">4,0 \u2013 5,0<\/td>\n<td width=\"105\">1,0 m\u00e1x.<\/td>\n<td width=\"105\">0,20 m\u00e1x.<\/td>\n<td width=\"105\">0,040 m\u00e1x.<\/td>\n<td width=\"106\">0,030 m\u00e1x.<\/td>\n<\/tr>\n<\/tbody>\n<\/table>\n            <\/div>        <\/div>    <\/div><\/section>\n<section class=\"av_toggle_section\"  itemscope=\"itemscope\" itemtype=\"https:\/\/schema.org\/CreativeWork\"  >    <div class=\"single_toggle\" data-tags=\"{All} \"  >        <p data-fake-id=\"#toggle-id-3\" class=\"toggler\"  itemprop=\"headline\"  >Propriedades Mec\u00e2nicas 904L<span class=\"toggle_icon\" >        <span class=\"vert_icon\"><\/span><span class=\"hor_icon\"><\/span><\/span><\/p>        <div id=\"toggle-id-3-container\" class=\"toggle_wrap\"  >            <div class=\"toggle_content invers-color\"  itemprop=\"text\"   ><table>\n<tbody>\n<tr>\n<td width=\"213\">Resist\u00eancia \u00e0 tra\u00e7\u00e3o (MPa) min<\/td>\n<td width=\"213\">Prova de resist\u00eancia ao escoamento 0,2% (MPa) min<\/td>\n<td width=\"213\">Alongamento (% em 50 mm) min<\/td>\n<td width=\"213\">Dureza, Brinell<\/td>\n<\/tr>\n<tr>\n<td width=\"213\">490<\/td>\n<td width=\"213\">220<\/td>\n<td width=\"213\">36<\/td>\n<td width=\"213\">150<\/td>\n<\/tr>\n<\/tbody>\n<\/table>\n            <\/div>        <\/div>    <\/div><\/section>\n<\/div><\/p><\/div><\/div><!--close column table wrapper. Autoclose: 1 --><\/p>","protected":false},"excerpt":{"rendered":"","protected":false},"author":1,"featured_media":0,"parent":1323,"menu_order":0,"comment_status":"closed","ping_status":"closed","template":"","meta":{"footnotes":""},"class_list":["post-1526","page","type-page","status-publish","hentry"],"aioseo_notices":[],"_links":{"self":[{"href":"https:\/\/wldstainless.com\/pt\/wp-json\/wp\/v2\/pages\/1526","targetHints":{"allow":["GET"]}}],"collection":[{"href":"https:\/\/wldstainless.com\/pt\/wp-json\/wp\/v2\/pages"}],"about":[{"href":"https:\/\/wldstainless.com\/pt\/wp-json\/wp\/v2\/types\/page"}],"author":[{"embeddable":true,"href":"https:\/\/wldstainless.com\/pt\/wp-json\/wp\/v2\/users\/1"}],"replies":[{"embeddable":true,"href":"https:\/\/wldstainless.com\/pt\/wp-json\/wp\/v2\/comments?post=1526"}],"version-history":[{"count":6,"href":"https:\/\/wldstainless.com\/pt\/wp-json\/wp\/v2\/pages\/1526\/revisions"}],"predecessor-version":[{"id":1905,"href":"https:\/\/wldstainless.com\/pt\/wp-json\/wp\/v2\/pages\/1526\/revisions\/1905"}],"up":[{"embeddable":true,"href":"https:\/\/wldstainless.com\/pt\/wp-json\/wp\/v2\/pages\/1323"}],"wp:attachment":[{"href":"https:\/\/wldstainless.com\/pt\/wp-json\/wp\/v2\/media?parent=1526"}],"curies":[{"name":"wp","href":"https:\/\/api.w.org\/{rel}","templated":true}]}}