{"id":1522,"date":"2020-08-19T06:49:25","date_gmt":"2020-08-19T06:49:25","guid":{"rendered":"http:\/\/wldstainless.com\/?page_id=1522"},"modified":"2020-09-18T09:34:26","modified_gmt":"2020-09-18T09:34:26","slug":"410-410s-stainless-steel","status":"publish","type":"page","link":"https:\/\/wldstainless.com\/pt\/materials\/ferritic-stainless-steel\/410-410s-stainless-steel\/","title":{"rendered":"A\u00e7o inoxid\u00e1vel 410\/410S"},"content":{"rendered":"<div class='flex_column_table av-equal-height-column-flextable -flextable' ><div class=\"flex_column av_one_fourth  flex_column_table_cell av-equal-height-column av-align-top av-zero-column-padding first\" style='border-radius:0px; '><p><div class='avia-builder-widget-area clearfix'><div id=\"nav_menu-5\" class=\"widget clearfix widget_nav_menu\"><h3 class=\"widgettitle\">Material<\/h3><div class=\"menu-products-sidebar-menu-container\"><ul id=\"menu-products-sidebar-menu\" class=\"menu\"><li id=\"menu-item-1329\" class=\"menu-item menu-item-type-post_type menu-item-object-page menu-item-1329\"><a href=\"https:\/\/wldstainless.com\/pt\/materials\/ferritic-stainless-steel\/\">A\u00e7o Inoxid\u00e1vel Ferr\u00edtico<\/a><\/li>\n<li id=\"menu-item-1328\" class=\"menu-item menu-item-type-post_type menu-item-object-page menu-item-1328\"><a href=\"https:\/\/wldstainless.com\/pt\/materials\/martensitic-stainless-steel\/\">A\u00e7o Inoxid\u00e1vel Martens\u00edtico<\/a><\/li>\n<li id=\"menu-item-1327\" class=\"menu-item menu-item-type-post_type menu-item-object-page menu-item-1327\"><a href=\"https:\/\/wldstainless.com\/pt\/materials\/austenitic-stainless-steel\/\">A\u00e7o Inoxid\u00e1vel Austen\u00edtico<\/a><\/li>\n<li id=\"menu-item-1889\" class=\"menu-item menu-item-type-post_type menu-item-object-page menu-item-1889\"><a href=\"https:\/\/wldstainless.com\/pt\/materials\/duplex-stainless-steel\/\">A\u00e7o Inoxid\u00e1vel Duplex<\/a><\/li>\n<\/ul><\/div><\/div><\/div><br \/>\n<div  class='hr hr-default'><span class='hr-inner' ><span class='hr-inner-style'><\/span><\/span><\/div><br \/>\n<div class='avia-button-wrap avia-button-left'><a href='http:\/\/wldstainless.com\/contact\/#contact' class='avia-button   avia-icon_select-yes-left-icon avia-color-custom avia-size-large avia-position-left'  target=\"_blank\"  style='background-color:#e82221; border-color:#e82221; color:#ffffff; ' ><span class='avia_button_icon avia_button_icon_left' aria-hidden='true' data-av_icon='\ue84b' data-av_iconfont='entypo-fontello'><\/span><span class='avia_iconbox_title' >Solicite um or\u00e7amento<\/span><\/a><\/div><\/p><\/div><\/div><!--close column table wrapper. Autoclose: 1 --><div class='flex_column_table av-equal-height-column-flextable -flextable' ><div class='av-flex-placeholder'><\/div><div class=\"flex_column av_three_fourth  flex_column_table_cell av-equal-height-column av-align-top av-zero-column-padding\" style='border-radius:0px; '><p><div style='padding-bottom:10px;color:#d3311f;' class='av-special-heading av-special-heading-h3 custom-color-heading'><h3 class='av-special-heading-tag'  itemprop=\"headline\"  >A\u00e7o inoxid\u00e1vel 410\/410S <\/h3><div class='special-heading-border'><div class='special-heading-inner-border' style='border-color:#d3311f'><\/div><\/div><\/div><br \/>\n<section class=\"av_textblock_section\"  itemscope=\"itemscope\" itemtype=\"https:\/\/schema.org\/CreativeWork\" ><div class='avia_textblock'   itemprop=\"text\" ><p>WLD Steel \u00e9 um fabricante, fornecedor e exportador l\u00edder de a\u00e7o inoxid\u00e1vel 410\/410S dispon\u00edvel em v\u00e1rios tamanhos e formas diferentes, incluindo tubo, tubo, chapa, placa, barra, haste e outras formas como anjo, canal, c\u00edrculo, corte pe\u00e7a e assim por diante.<\/p>\n<p>O a\u00e7o inoxid\u00e1vel 410 \u00e9 um tipo de a\u00e7o inoxid\u00e1vel trat\u00e1vel termicamente de baixo custo para uso geral, tem sido amplamente utilizado onde a corros\u00e3o n\u00e3o \u00e9 severa (ar, \u00e1gua, alguns produtos qu\u00edmicos e \u00e1cidos alimentares, ou pe\u00e7as altamente tensionadas onde \u00e9 necess\u00e1ria a combina\u00e7\u00e3o de resist\u00eancia e resist\u00eancia \u00e0 corros\u00e3o, como fixadores e pe\u00e7as de v\u00e1lvulas, 410S \u00e9 a vers\u00e3o com menor teor de carbono do Tipo 410. Oferece melhor soldabilidade, mas menor temperabilidade recomendada para aplica\u00e7\u00f5es resistentes \u00e0 corros\u00e3o \u00e9 o principal consumo do dispositivo de tratamento de vapor de exaust\u00e3o de autom\u00f3veis, c\u00e2mara de combust\u00e3o de caldeira ou bocal.<\/p>\n<p><strong>Quais s\u00e3o as formas 410\/410S dispon\u00edveis na WLD Steel?<\/strong><\/p>\n<table>\n<tbody>\n<tr>\n<td width=\"170\">Folha\/Placa\/Bobina<\/td>\n<td width=\"170\">Tubo\/Tubo Sem Costura<\/td>\n<td width=\"170\">Tubo\/tubo soldado<\/td>\n<td width=\"170\">Rodada do bar<\/td>\n<td width=\"170\">A\u00e7o formado (em forma)<\/td>\n<\/tr>\n<tr>\n<td width=\"170\">ASTM A240<\/p>\n<p>ASTM A480<\/td>\n<td width=\"170\">ASTM A312<\/p>\n<p>ASTM A213<\/td>\n<td width=\"170\">ASTM A554<\/td>\n<td width=\"170\">ASTM A276<\/p>\n<p>ASTM A479<\/td>\n<td width=\"170\">ASTM A276<\/td>\n<\/tr>\n<\/tbody>\n<\/table>\n<\/div><\/section><br \/>\n<div class=\"togglecontainer\" >\n<section class=\"av_toggle_section\"  itemscope=\"itemscope\" itemtype=\"https:\/\/schema.org\/CreativeWork\"  >    <div class=\"single_toggle\" data-tags=\"{All} \"  >        <p data-fake-id=\"#toggle-id-1\" class=\"toggler\"  itemprop=\"headline\"  >Materiais equivalentes em a\u00e7o 410\/410S<span class=\"toggle_icon\" >        <span class=\"vert_icon\"><\/span><span class=\"hor_icon\"><\/span><\/span><\/p>        <div id=\"toggle-id-1-container\" class=\"toggle_wrap\"  >            <div class=\"toggle_content invers-color\"  itemprop=\"text\"   ><table>\n<tbody>\n<tr>\n<td width=\"106\">Nota<\/td>\n<td width=\"106\">ONU<\/td>\n<td width=\"106\">AISI<\/td>\n<td width=\"106\">Bobagem<\/td>\n<td width=\"106\">DIN<\/td>\n<td width=\"106\">PT<\/td>\n<td width=\"106\">JIS<\/td>\n<td width=\"106\">GB<\/td>\n<\/tr>\n<tr>\n<td width=\"106\">SS 410<\/td>\n<td width=\"106\">S41000<\/td>\n<td width=\"106\">410<\/td>\n<td width=\"106\">410S21<\/td>\n<td width=\"106\">1.4006<\/td>\n<td width=\"106\">X12Cr13<\/td>\n<td width=\"106\">SUS410<\/td>\n<td width=\"106\">1Cr13<\/td>\n<\/tr>\n<tr>\n<td width=\"106\">SS410S<\/td>\n<td width=\"106\">S41008<\/td>\n<td width=\"106\">410S<\/td>\n<td width=\"106\"><\/td>\n<td width=\"106\">1.4000<\/td>\n<td width=\"106\"><\/td>\n<td width=\"106\"><\/td>\n<td width=\"106\">00Cr12<\/td>\n<\/tr>\n<\/tbody>\n<\/table>\n            <\/div>        <\/div>    <\/div><\/section>\n<section class=\"av_toggle_section\"  itemscope=\"itemscope\" itemtype=\"https:\/\/schema.org\/CreativeWork\"  >    <div class=\"single_toggle\" data-tags=\"{All} \"  >        <p data-fake-id=\"#toggle-id-2\" class=\"toggler\"  itemprop=\"headline\"  >Composi\u00e7\u00e3o Qu\u00edmica 410\/410S <span class=\"toggle_icon\" >        <span class=\"vert_icon\"><\/span><span class=\"hor_icon\"><\/span><\/span><\/p>        <div id=\"toggle-id-2-container\" class=\"toggle_wrap\"  >            <div class=\"toggle_content invers-color\"  itemprop=\"text\"   ><table>\n<tbody>\n<tr>\n<td width=\"73\">Nota<\/td>\n<td width=\"126\">Cr<\/td>\n<td width=\"76\">Mn<\/td>\n<td width=\"76\">Si<\/td>\n<td width=\"97\">N\u00e3o<\/td>\n<td width=\"81\">C<\/td>\n<td width=\"87\">P<\/td>\n<td width=\"87\">S<\/td>\n<td width=\"81\">F\u00e9<\/td>\n<\/tr>\n<tr>\n<td width=\"73\">SS 410<\/td>\n<td width=\"126\">11h50 \u2013 13h50<\/td>\n<td width=\"76\">\u22641,50<\/td>\n<td width=\"76\">\u22641,00<\/td>\n<td width=\"97\">\u2264 0,75<\/td>\n<td width=\"81\">0,08 \u2013 0,15<\/td>\n<td width=\"87\">0.04<\/td>\n<td width=\"87\">0.02<\/td>\n<td width=\"81\">Equil\u00edbrio<\/td>\n<\/tr>\n<tr>\n<td width=\"73\">SS410S<\/td>\n<td width=\"126\">11h50\u201313h50<\/td>\n<td width=\"76\">1,00 no m\u00e1ximo<\/td>\n<td width=\"76\">1.00<\/td>\n<td width=\"97\">0.20-0.55<\/td>\n<td width=\"81\">0.08<\/td>\n<td width=\"87\">0.040<\/td>\n<td width=\"87\">0.030<\/td>\n<td width=\"81\">Equil\u00edbrio<\/td>\n<\/tr>\n<\/tbody>\n<\/table>\n            <\/div>        <\/div>    <\/div><\/section>\n<section class=\"av_toggle_section\"  itemscope=\"itemscope\" itemtype=\"https:\/\/schema.org\/CreativeWork\"  >    <div class=\"single_toggle\" data-tags=\"{All} \"  >        <p data-fake-id=\"#toggle-id-3\" class=\"toggler\"  itemprop=\"headline\"  >Propriedades Mec\u00e2nicas do 410\/410S<span class=\"toggle_icon\" >        <span class=\"vert_icon\"><\/span><span class=\"hor_icon\"><\/span><\/span><\/p>        <div id=\"toggle-id-3-container\" class=\"toggle_wrap\"  >            <div class=\"toggle_content invers-color\"  itemprop=\"text\"   ><table>\n<tbody>\n<tr>\n<td width=\"116\">Notas<\/td>\n<td width=\"162\">Resist\u00eancia \u00e0 tra\u00e7\u00e3o (Mpa)<\/td>\n<td width=\"190\">For\u00e7a de rendimento compensada de 0,2% (Mpa)<\/td>\n<td width=\"214\">Alongamento, % em 2\u2033 (51 mm)<\/td>\n<td width=\"160\">Resposta de endurecimento HRC<\/td>\n<\/tr>\n<tr>\n<td width=\"116\">SS 410\/410S<\/td>\n<td width=\"162\">450-510<\/td>\n<td width=\"190\">205 \u2013 290<\/td>\n<td width=\"214\">20 \u2013 34<\/td>\n<td width=\"160\">38-45<\/td>\n<\/tr>\n<\/tbody>\n<\/table>\n            <\/div>        <\/div>    <\/div><\/section>\n<\/div><\/p><\/div><\/div><!--close column table wrapper. Autoclose: 1 --><\/p>","protected":false},"excerpt":{"rendered":"","protected":false},"author":1,"featured_media":0,"parent":159,"menu_order":0,"comment_status":"closed","ping_status":"closed","template":"","meta":{"footnotes":""},"class_list":["post-1522","page","type-page","status-publish","hentry"],"aioseo_notices":[],"_links":{"self":[{"href":"https:\/\/wldstainless.com\/pt\/wp-json\/wp\/v2\/pages\/1522","targetHints":{"allow":["GET"]}}],"collection":[{"href":"https:\/\/wldstainless.com\/pt\/wp-json\/wp\/v2\/pages"}],"about":[{"href":"https:\/\/wldstainless.com\/pt\/wp-json\/wp\/v2\/types\/page"}],"author":[{"embeddable":true,"href":"https:\/\/wldstainless.com\/pt\/wp-json\/wp\/v2\/users\/1"}],"replies":[{"embeddable":true,"href":"https:\/\/wldstainless.com\/pt\/wp-json\/wp\/v2\/comments?post=1522"}],"version-history":[{"count":6,"href":"https:\/\/wldstainless.com\/pt\/wp-json\/wp\/v2\/pages\/1522\/revisions"}],"predecessor-version":[{"id":1913,"href":"https:\/\/wldstainless.com\/pt\/wp-json\/wp\/v2\/pages\/1522\/revisions\/1913"}],"up":[{"embeddable":true,"href":"https:\/\/wldstainless.com\/pt\/wp-json\/wp\/v2\/pages\/159"}],"wp:attachment":[{"href":"https:\/\/wldstainless.com\/pt\/wp-json\/wp\/v2\/media?parent=1522"}],"curies":[{"name":"wp","href":"https:\/\/api.w.org\/{rel}","templated":true}]}}