{"id":1446,"date":"2020-08-11T03:30:24","date_gmt":"2020-08-11T03:30:24","guid":{"rendered":"http:\/\/wldstainless.com\/?page_id=1446"},"modified":"2020-09-18T09:29:08","modified_gmt":"2020-09-18T09:29:08","slug":"321-321h-stainless-steel","status":"publish","type":"page","link":"https:\/\/wldstainless.com\/pt\/materials\/austenitic-stainless-steel\/321-321h-stainless-steel\/","title":{"rendered":"A\u00e7o inoxid\u00e1vel 321\/321H"},"content":{"rendered":"<div class='flex_column_table av-equal-height-column-flextable -flextable' ><div class=\"flex_column av_one_fourth  flex_column_table_cell av-equal-height-column av-align-top av-zero-column-padding first\" style='border-radius:0px; '><p><div class='avia-builder-widget-area clearfix'><div id=\"nav_menu-5\" class=\"widget clearfix widget_nav_menu\"><h3 class=\"widgettitle\">Material<\/h3><div class=\"menu-products-sidebar-menu-container\"><ul id=\"menu-products-sidebar-menu\" class=\"menu\"><li id=\"menu-item-1329\" class=\"menu-item menu-item-type-post_type menu-item-object-page menu-item-1329\"><a href=\"https:\/\/wldstainless.com\/pt\/materials\/ferritic-stainless-steel\/\">A\u00e7o Inoxid\u00e1vel Ferr\u00edtico<\/a><\/li>\n<li id=\"menu-item-1328\" class=\"menu-item menu-item-type-post_type menu-item-object-page menu-item-1328\"><a href=\"https:\/\/wldstainless.com\/pt\/materials\/martensitic-stainless-steel\/\">A\u00e7o Inoxid\u00e1vel Martens\u00edtico<\/a><\/li>\n<li id=\"menu-item-1327\" class=\"menu-item menu-item-type-post_type menu-item-object-page menu-item-1327\"><a href=\"https:\/\/wldstainless.com\/pt\/materials\/austenitic-stainless-steel\/\">A\u00e7o Inoxid\u00e1vel Austen\u00edtico<\/a><\/li>\n<li id=\"menu-item-1889\" class=\"menu-item menu-item-type-post_type menu-item-object-page menu-item-1889\"><a href=\"https:\/\/wldstainless.com\/pt\/materials\/duplex-stainless-steel\/\">A\u00e7o Inoxid\u00e1vel Duplex<\/a><\/li>\n<\/ul><\/div><\/div><\/div><br \/>\n<div  class='hr hr-default'><span class='hr-inner' ><span class='hr-inner-style'><\/span><\/span><\/div><br \/>\n<div class='avia-button-wrap avia-button-left'><a href='http:\/\/wldstainless.com\/contact\/#contact' class='avia-button   avia-icon_select-yes-left-icon avia-color-custom avia-size-large avia-position-left'  target=\"_blank\"  style='background-color:#e82221; border-color:#e82221; color:#ffffff; ' ><span class='avia_button_icon avia_button_icon_left' aria-hidden='true' data-av_icon='\ue84b' data-av_iconfont='entypo-fontello'><\/span><span class='avia_iconbox_title' >Solicite um or\u00e7amento<\/span><\/a><\/div><\/p><\/div><\/div><!--close column table wrapper. Autoclose: 1 --><div class='flex_column_table av-equal-height-column-flextable -flextable' ><div class='av-flex-placeholder'><\/div><div class=\"flex_column av_three_fourth  flex_column_table_cell av-equal-height-column av-align-top av-zero-column-padding\" style='border-radius:0px; '><p><div style='padding-bottom:10px;color:#d3311f;' class='av-special-heading av-special-heading-h3 custom-color-heading'><h3 class='av-special-heading-tag'  itemprop=\"headline\"  >A\u00e7o inoxid\u00e1vel 321\/321H<\/h3><div class='special-heading-border'><div class='special-heading-inner-border' style='border-color:#d3311f'><\/div><\/div><\/div><br \/>\n<section class=\"av_textblock_section\"  itemscope=\"itemscope\" itemtype=\"https:\/\/schema.org\/CreativeWork\" ><div class='avia_textblock'   itemprop=\"text\" ><p>WLD Steel \u00e9 um fabricante, fornecedor e exportador l\u00edder de a\u00e7o inoxid\u00e1vel 321\/321H dispon\u00edvel em v\u00e1rios tamanhos e formas diferentes, incluindo tubo, tubo, chapa, placa, barra, haste e outras formas como anjo, canal, c\u00edrculo, corte pe\u00e7a e assim por diante. O tipo 321 (UNS S32100) \u00e9 um a\u00e7o inoxid\u00e1vel austen\u00edtico estabilizado com tit\u00e2nio com excelente resist\u00eancia \u00e0 corros\u00e3o intergranular e propriedades em altas temperaturas. A liga 321H (UNS S 32109) \u00e9 a vers\u00e3o com maior teor de carbono da liga, foi usada onde \u00e9 necess\u00e1ria maior resist\u00eancia \u00e0 flu\u00eancia ou maior resist\u00eancia em temperaturas acima de 537\u00b0C.<\/p>\n<p><strong>Quais s\u00e3o as formas e especifica\u00e7\u00f5es do 321\/321H dispon\u00edveis na WLD Steel?<\/strong><\/p>\n<table>\n<tbody>\n<tr>\n<td width=\"170\">Folha\/Placa\/Bobina<\/td>\n<td width=\"170\">Tubo\/Tubo Sem Costura<\/td>\n<td width=\"170\">Tubo\/tubo soldado<\/td>\n<td width=\"170\">Rodada do bar<\/td>\n<td width=\"170\">A\u00e7o formado (em forma)<\/td>\n<\/tr>\n<tr>\n<td width=\"170\">ASTM A240<\/td>\n<td width=\"170\">ASTM A789<\/p>\n<p>ASTM A790<\/td>\n<td width=\"170\">ASTM A928<\/td>\n<td width=\"170\">ASTM A276<\/p>\n<p>ASTM A479<\/td>\n<td width=\"170\">ASTM A276<\/td>\n<\/tr>\n<\/tbody>\n<\/table>\n<h2><\/h2>\n<\/div><\/section><br \/>\n<div class=\"togglecontainer   toggle_close_all\" >\n<section class=\"av_toggle_section\"  itemscope=\"itemscope\" itemtype=\"https:\/\/schema.org\/CreativeWork\"  >    <div class=\"single_toggle\" data-tags=\"{All} \"  >        <p data-fake-id=\"#toggle-id-1\" class=\"toggler\"  itemprop=\"headline\"  >Materiais equivalentes de a\u00e7o 321\/321H<span class=\"toggle_icon\" >        <span class=\"vert_icon\"><\/span><span class=\"hor_icon\"><\/span><\/span><\/p>        <div id=\"toggle-id-1-container\" class=\"toggle_wrap\"  >            <div class=\"toggle_content invers-color\"  itemprop=\"text\"   ><table>\n<tbody>\n<tr>\n<td width=\"170\">Padr\u00f5es<\/td>\n<td width=\"170\">DIN<\/td>\n<td width=\"170\">ONU<\/td>\n<td width=\"170\">JIS<\/td>\n<td width=\"171\">GB<\/td>\n<\/tr>\n<tr>\n<td width=\"170\">321<\/td>\n<td width=\"170\">1.4541 \/ 1.4878<\/td>\n<td width=\"170\">S32100<\/td>\n<td width=\"170\">SUS321<\/td>\n<td width=\"171\">06Cr18Ni11Ti<\/td>\n<\/tr>\n<tr>\n<td width=\"170\">321H<\/td>\n<td width=\"170\">\/<\/td>\n<td width=\"170\">321S20<\/td>\n<td width=\"170\">SUS 321H<\/td>\n<td width=\"171\">\/<\/td>\n<\/tr>\n<\/tbody>\n<\/table>\n            <\/div>        <\/div>    <\/div><\/section>\n<section class=\"av_toggle_section\"  itemscope=\"itemscope\" itemtype=\"https:\/\/schema.org\/CreativeWork\"  >    <div class=\"single_toggle\" data-tags=\"{All} \"  >        <p data-fake-id=\"#toggle-id-2\" class=\"toggler\"  itemprop=\"headline\"  >Composi\u00e7\u00e3o Qu\u00edmica 321\/321H<span class=\"toggle_icon\" >        <span class=\"vert_icon\"><\/span><span class=\"hor_icon\"><\/span><\/span><\/p>        <div id=\"toggle-id-2-container\" class=\"toggle_wrap\"  >            <div class=\"toggle_content invers-color\"  itemprop=\"text\"   ><table>\n<tbody>\n<tr>\n<td>Notas<\/td>\n<td>Cr<\/td>\n<td>N\u00e3o<\/td>\n<td>C<\/td>\n<td>Si<\/td>\n<td>Mn<\/td>\n<td>P<\/td>\n<td width=\"78\">S<\/td>\n<td width=\"177\">Ti<\/td>\n<\/tr>\n<tr>\n<td>321<\/td>\n<td>17.0<br \/>\n-19.0<\/td>\n<td>9.0<br \/>\n-12.0<\/td>\n<td>0.08<\/td>\n<td>0.75<\/td>\n<td>2.0<\/td>\n<td>0.045<\/td>\n<td width=\"78\">0.03<\/td>\n<td width=\"177\">\u22645 x (C + N) m\u00edn.-0,70<\/td>\n<\/tr>\n<tr>\n<td>321H<\/td>\n<td>17.0<br \/>\n-19.0<\/td>\n<td>9.0<br \/>\n-12.0<\/td>\n<td>0.04-<br \/>\n0.10<\/td>\n<td>0.75<\/td>\n<td>2.0<\/td>\n<td>0.045<\/td>\n<td width=\"78\">0.03<\/td>\n<td width=\"177\">\u22644 x (C + N) m\u00edn.-0,70<\/td>\n<\/tr>\n<\/tbody>\n<\/table>\n            <\/div>        <\/div>    <\/div><\/section>\n<section class=\"av_toggle_section\"  itemscope=\"itemscope\" itemtype=\"https:\/\/schema.org\/CreativeWork\"  >    <div class=\"single_toggle\" data-tags=\"{All} \"  >        <p data-fake-id=\"#toggle-id-3\" class=\"toggler\"  itemprop=\"headline\"  >Propriedades Mec\u00e2nicas 321\/321H<span class=\"toggle_icon\" >        <span class=\"vert_icon\"><\/span><span class=\"hor_icon\"><\/span><\/span><\/p>        <div id=\"toggle-id-3-container\" class=\"toggle_wrap\"  >            <div class=\"toggle_content invers-color\"  itemprop=\"text\"   ><table>\n<tbody>\n<tr>\n<td>Nota<\/td>\n<td>Resist\u00eancia \u00e0 trac\u00e7\u00e3o<\/td>\n<td width=\"200\">Resist\u00eancia ao rendimento 0,2%<\/td>\n<td width=\"160\">Alongamento -%<\/td>\n<td width=\"146\">Dureza<\/td>\n<\/tr>\n<tr>\n<td>321\/321H<\/td>\n<td>515<\/td>\n<td width=\"200\">205<\/td>\n<td width=\"160\">40<\/td>\n<td width=\"146\">217 Brinell<\/td>\n<\/tr>\n<\/tbody>\n<\/table>\n            <\/div>        <\/div>    <\/div><\/section>\n<\/div><\/p><\/div><\/div><!--close column table wrapper. Autoclose: 1 --><\/p>","protected":false},"excerpt":{"rendered":"","protected":false},"author":1,"featured_media":0,"parent":1323,"menu_order":0,"comment_status":"closed","ping_status":"closed","template":"","meta":{"footnotes":""},"class_list":["post-1446","page","type-page","status-publish","hentry"],"aioseo_notices":[],"_links":{"self":[{"href":"https:\/\/wldstainless.com\/pt\/wp-json\/wp\/v2\/pages\/1446","targetHints":{"allow":["GET"]}}],"collection":[{"href":"https:\/\/wldstainless.com\/pt\/wp-json\/wp\/v2\/pages"}],"about":[{"href":"https:\/\/wldstainless.com\/pt\/wp-json\/wp\/v2\/types\/page"}],"author":[{"embeddable":true,"href":"https:\/\/wldstainless.com\/pt\/wp-json\/wp\/v2\/users\/1"}],"replies":[{"embeddable":true,"href":"https:\/\/wldstainless.com\/pt\/wp-json\/wp\/v2\/comments?post=1446"}],"version-history":[{"count":6,"href":"https:\/\/wldstainless.com\/pt\/wp-json\/wp\/v2\/pages\/1446\/revisions"}],"predecessor-version":[{"id":1902,"href":"https:\/\/wldstainless.com\/pt\/wp-json\/wp\/v2\/pages\/1446\/revisions\/1902"}],"up":[{"embeddable":true,"href":"https:\/\/wldstainless.com\/pt\/wp-json\/wp\/v2\/pages\/1323"}],"wp:attachment":[{"href":"https:\/\/wldstainless.com\/pt\/wp-json\/wp\/v2\/media?parent=1446"}],"curies":[{"name":"wp","href":"https:\/\/api.w.org\/{rel}","templated":true}]}}