{"id":1427,"date":"2020-08-11T01:31:50","date_gmt":"2020-08-11T01:31:50","guid":{"rendered":"http:\/\/wldstainless.com\/?page_id=1427"},"modified":"2020-09-18T09:28:29","modified_gmt":"2020-09-18T09:28:29","slug":"309s-stainless-steel","status":"publish","type":"page","link":"https:\/\/wldstainless.com\/pt\/materials\/austenitic-stainless-steel\/309s-stainless-steel\/","title":{"rendered":"A\u00e7o inoxid\u00e1vel 309S"},"content":{"rendered":"<div class='flex_column_table av-equal-height-column-flextable -flextable' ><div class=\"flex_column av_one_fourth  flex_column_table_cell av-equal-height-column av-align-top av-zero-column-padding first\" style='border-radius:0px; '><p><div class='avia-builder-widget-area clearfix'><div id=\"nav_menu-5\" class=\"widget clearfix widget_nav_menu\"><h3 class=\"widgettitle\">Material<\/h3><div class=\"menu-products-sidebar-menu-container\"><ul id=\"menu-products-sidebar-menu\" class=\"menu\"><li id=\"menu-item-1329\" class=\"menu-item menu-item-type-post_type menu-item-object-page menu-item-1329\"><a href=\"https:\/\/wldstainless.com\/pt\/materials\/ferritic-stainless-steel\/\">A\u00e7o Inoxid\u00e1vel Ferr\u00edtico<\/a><\/li>\n<li id=\"menu-item-1328\" class=\"menu-item menu-item-type-post_type menu-item-object-page menu-item-1328\"><a href=\"https:\/\/wldstainless.com\/pt\/materials\/martensitic-stainless-steel\/\">A\u00e7o Inoxid\u00e1vel Martens\u00edtico<\/a><\/li>\n<li id=\"menu-item-1327\" class=\"menu-item menu-item-type-post_type menu-item-object-page menu-item-1327\"><a href=\"https:\/\/wldstainless.com\/pt\/materials\/austenitic-stainless-steel\/\">A\u00e7o Inoxid\u00e1vel Austen\u00edtico<\/a><\/li>\n<li id=\"menu-item-1889\" class=\"menu-item menu-item-type-post_type menu-item-object-page menu-item-1889\"><a href=\"https:\/\/wldstainless.com\/pt\/materials\/duplex-stainless-steel\/\">A\u00e7o Inoxid\u00e1vel Duplex<\/a><\/li>\n<\/ul><\/div><\/div><\/div><br \/>\n<div  class='hr hr-default'><span class='hr-inner' ><span class='hr-inner-style'><\/span><\/span><\/div><br \/>\n<div class='avia-button-wrap avia-button-left'><a href='http:\/\/wldstainless.com\/contact\/#contact' class='avia-button   avia-icon_select-yes-left-icon avia-color-custom avia-size-large avia-position-left'  target=\"_blank\"  style='background-color:#e82221; border-color:#e82221; color:#ffffff; ' ><span class='avia_button_icon avia_button_icon_left' aria-hidden='true' data-av_icon='\ue84b' data-av_iconfont='entypo-fontello'><\/span><span class='avia_iconbox_title' >Solicite um or\u00e7amento<\/span><\/a><\/div><\/p><\/div><\/div><!--close column table wrapper. Autoclose: 1 --><div class='flex_column_table av-equal-height-column-flextable -flextable' ><div class='av-flex-placeholder'><\/div><div class=\"flex_column av_three_fourth  flex_column_table_cell av-equal-height-column av-align-top av-zero-column-padding\" style='border-radius:0px; '><p><div style='padding-bottom:10px;color:#d3311f;' class='av-special-heading av-special-heading-h3 custom-color-heading'><h3 class='av-special-heading-tag'  itemprop=\"headline\"  >A\u00e7o inoxid\u00e1vel 309S <\/h3><div class='special-heading-border'><div class='special-heading-inner-border' style='border-color:#d3311f'><\/div><\/div><\/div><br \/>\n<section class=\"av_textblock_section\"  itemscope=\"itemscope\" itemtype=\"https:\/\/schema.org\/CreativeWork\" ><div class='avia_textblock'   itemprop=\"text\" ><p>WLD Steel \u00e9 um fabricante, fornecedor e exportador l\u00edder de a\u00e7o inoxid\u00e1vel 309\/309S dispon\u00edvel em v\u00e1rios tamanhos e formas diferentes, incluindo tubo, tubo, chapa, placa, barra, haste e outras formas como anjo, canal, c\u00edrculo e assim sobre. O 309S \u00e9 um tipo de a\u00e7o inoxid\u00e1vel de corte livre contendo enxofre, \u00e9 um a\u00e7o inoxid\u00e1vel 309 com baixo teor de carbono. O baixo teor de carbono minimiza a precipita\u00e7\u00e3o de carboneto e melhora a soldabilidade. Pode suportar aquecimento repetido abaixo de 980 \u2103, com resist\u00eancia a altas temperaturas e resist\u00eancia \u00e0 oxida\u00e7\u00e3o, o desempenho anti-cementa\u00e7\u00e3o tem sido amplamente utilizado em caldeiras, energia (energia nuclear, energia t\u00e9rmica, c\u00e9lulas de combust\u00edvel), forno industrial, incinerador, forno de aquecimento, produtos qu\u00edmicos , petroqu\u00edmica e outros campos.<\/p>\n<p>Quais s\u00e3o as formas e especifica\u00e7\u00f5es do 309S dispon\u00edveis na WLD Steel?<\/p>\n<table>\n<tbody>\n<tr>\n<td width=\"170\">Folha\/placa\/bobina<\/td>\n<td width=\"170\">Tubo\/tubo sem costura<\/td>\n<td width=\"170\">Tubo\/tubo soldado<\/td>\n<td width=\"170\">Rodada do bar<\/td>\n<td width=\"170\">A\u00e7o formado (em forma)<\/td>\n<\/tr>\n<tr>\n<td width=\"170\">ASTM A240<\/td>\n<td width=\"170\">ASTM A789;<\/p>\n<p>ASTM A790<\/td>\n<td width=\"170\">ASTM A928<\/td>\n<td width=\"170\">ASTM A276;<\/p>\n<p>ASTM A479<\/td>\n<td width=\"170\">ASTM A276<\/td>\n<\/tr>\n<\/tbody>\n<\/table>\n<\/div><\/section><br \/>\n<div class=\"togglecontainer   toggle_close_all\" >\n<section class=\"av_toggle_section\"  itemscope=\"itemscope\" itemtype=\"https:\/\/schema.org\/CreativeWork\"  >    <div class=\"single_toggle\" data-tags=\"{All} \"  >        <p data-fake-id=\"#toggle-id-1\" class=\"toggler\"  itemprop=\"headline\"  >Materiais equivalentes de a\u00e7o 309S<span class=\"toggle_icon\" >        <span class=\"vert_icon\"><\/span><span class=\"hor_icon\"><\/span><\/span><\/p>        <div id=\"toggle-id-1-container\" class=\"toggle_wrap\"  >            <div class=\"toggle_content invers-color\"  itemprop=\"text\"   ><table>\n<tbody>\n<tr>\n<td width=\"170\">Folha\/placa\/bobina<\/td>\n<td width=\"170\">Tubo\/tubo sem costura<\/td>\n<td width=\"170\">Tubo\/tubo soldado<\/td>\n<td width=\"170\">Rodada do bar<\/td>\n<td width=\"170\">A\u00e7o formado (em forma)<\/td>\n<\/tr>\n<tr>\n<td width=\"170\">ASTM A240<\/td>\n<td width=\"170\">ASTM A789;<\/p>\n<p>ASTM A790<\/td>\n<td width=\"170\">ASTM A928<\/td>\n<td width=\"170\">ASTM A276;<\/p>\n<p>ASTM A479<\/td>\n<td width=\"170\">ASTM A276<\/td>\n<\/tr>\n<\/tbody>\n<\/table>\n            <\/div>        <\/div>    <\/div><\/section>\n<section class=\"av_toggle_section\"  itemscope=\"itemscope\" itemtype=\"https:\/\/schema.org\/CreativeWork\"  >    <div class=\"single_toggle\" data-tags=\"{All} \"  >        <p data-fake-id=\"#toggle-id-2\" class=\"toggler\"  itemprop=\"headline\"  >Composi\u00e7\u00e3o Qu\u00edmica 309S<span class=\"toggle_icon\" >        <span class=\"vert_icon\"><\/span><span class=\"hor_icon\"><\/span><\/span><\/p>        <div id=\"toggle-id-2-container\" class=\"toggle_wrap\"  >            <div class=\"toggle_content invers-color\"  itemprop=\"text\"   ><table>\n<tbody>\n<tr>\n<td width=\"141\">ASTM\/AISI<\/td>\n<td width=\"141\">ONU<\/td>\n<td width=\"141\">SAE<\/td>\n<td width=\"141\">JIS<\/td>\n<td width=\"141\">DIN<\/td>\n<td width=\"142\">GB<\/td>\n<\/tr>\n<tr>\n<td width=\"141\">309S<\/td>\n<td width=\"141\">S30908<\/td>\n<td width=\"141\">30309S<\/td>\n<td width=\"141\">SUS 309<\/td>\n<td width=\"141\">X7CrNi23.14<\/td>\n<td width=\"142\">0Cr23Ni13<\/td>\n<\/tr>\n<\/tbody>\n<\/table>\n            <\/div>        <\/div>    <\/div><\/section>\n<section class=\"av_toggle_section\"  itemscope=\"itemscope\" itemtype=\"https:\/\/schema.org\/CreativeWork\"  >    <div class=\"single_toggle\" data-tags=\"{All} \"  >        <p data-fake-id=\"#toggle-id-3\" class=\"toggler\"  itemprop=\"headline\"  >Propriedades Mec\u00e2nicas 309S<span class=\"toggle_icon\" >        <span class=\"vert_icon\"><\/span><span class=\"hor_icon\"><\/span><\/span><\/p>        <div id=\"toggle-id-3-container\" class=\"toggle_wrap\"  >            <div class=\"toggle_content invers-color\"  itemprop=\"text\"   ><table>\n<tbody>\n<tr>\n<td width=\"94\">Nota<\/td>\n<td width=\"94\">N\u00e3o<\/td>\n<td width=\"94\">Cr<\/td>\n<td width=\"94\">C<\/td>\n<td width=\"94\">Mn<\/td>\n<td width=\"94\">Si<\/td>\n<td width=\"94\">S<\/td>\n<td width=\"94\">P<\/td>\n<td width=\"94\">F\u00e9<\/td>\n<\/tr>\n<tr>\n<td width=\"94\">309S<\/td>\n<td width=\"94\">12.0-15.0<\/td>\n<td width=\"94\">22.0-24.0<\/td>\n<td width=\"94\">0.08<\/td>\n<td width=\"94\">2.0<\/td>\n<td width=\"94\">0.75<\/td>\n<td width=\"94\">0.03<\/td>\n<td width=\"94\">0.045<\/td>\n<td width=\"94\">Equil\u00edbrio<\/td>\n<\/tr>\n<\/tbody>\n<\/table>\n            <\/div>        <\/div>    <\/div><\/section>\n<\/div><\/p><\/div><\/div><!--close column table wrapper. Autoclose: 1 --><\/p>","protected":false},"excerpt":{"rendered":"","protected":false},"author":1,"featured_media":0,"parent":1323,"menu_order":0,"comment_status":"closed","ping_status":"closed","template":"","meta":{"footnotes":""},"class_list":["post-1427","page","type-page","status-publish","hentry"],"aioseo_notices":[],"_links":{"self":[{"href":"https:\/\/wldstainless.com\/pt\/wp-json\/wp\/v2\/pages\/1427","targetHints":{"allow":["GET"]}}],"collection":[{"href":"https:\/\/wldstainless.com\/pt\/wp-json\/wp\/v2\/pages"}],"about":[{"href":"https:\/\/wldstainless.com\/pt\/wp-json\/wp\/v2\/types\/page"}],"author":[{"embeddable":true,"href":"https:\/\/wldstainless.com\/pt\/wp-json\/wp\/v2\/users\/1"}],"replies":[{"embeddable":true,"href":"https:\/\/wldstainless.com\/pt\/wp-json\/wp\/v2\/comments?post=1427"}],"version-history":[{"count":8,"href":"https:\/\/wldstainless.com\/pt\/wp-json\/wp\/v2\/pages\/1427\/revisions"}],"predecessor-version":[{"id":1899,"href":"https:\/\/wldstainless.com\/pt\/wp-json\/wp\/v2\/pages\/1427\/revisions\/1899"}],"up":[{"embeddable":true,"href":"https:\/\/wldstainless.com\/pt\/wp-json\/wp\/v2\/pages\/1323"}],"wp:attachment":[{"href":"https:\/\/wldstainless.com\/pt\/wp-json\/wp\/v2\/media?parent=1427"}],"curies":[{"name":"wp","href":"https:\/\/api.w.org\/{rel}","templated":true}]}}