{"id":1377,"date":"2020-08-10T05:15:05","date_gmt":"2020-08-10T05:15:05","guid":{"rendered":"http:\/\/wldstainless.com\/?page_id=1377"},"modified":"2020-12-11T05:41:57","modified_gmt":"2020-12-11T05:41:57","slug":"stainless-steel-coiled-tube","status":"publish","type":"page","link":"https:\/\/wldstainless.com\/pt\/products\/stainless-steel-coiled-tube\/","title":{"rendered":"Tubo espiralado de a\u00e7o inoxid\u00e1vel"},"content":{"rendered":"<div class=\"flex_column av_one_fourth  flex_column_div av-zero-column-padding first\" style='border-radius:0px; '><p><div class='avia-builder-widget-area clearfix'><div id=\"nav_menu-7\" class=\"widget clearfix widget_nav_menu\"><h3 class=\"widgettitle\">Produtos<\/h3><div class=\"menu-accessories-container\"><ul id=\"menu-accessories\" class=\"menu\"><li id=\"menu-item-1924\" class=\"menu-item menu-item-type-post_type menu-item-object-page menu-item-1924\"><a href=\"https:\/\/wldstainless.com\/pt\/products\/stainless-steel-angle\/\">\u00c2ngulo de a\u00e7o inoxid\u00e1vel<\/a><\/li>\n<li id=\"menu-item-1925\" class=\"menu-item menu-item-type-post_type menu-item-object-page menu-item-1925\"><a href=\"https:\/\/wldstainless.com\/pt\/products\/stainless-steel-beam\/\">Viga de a\u00e7o inoxid\u00e1vel<\/a><\/li>\n<li id=\"menu-item-1926\" class=\"menu-item menu-item-type-post_type menu-item-object-page menu-item-1926\"><a href=\"https:\/\/wldstainless.com\/pt\/products\/stainless-steel-capillary-tubes\/\">Tubos capilares de a\u00e7o inoxid\u00e1vel<\/a><\/li>\n<li id=\"menu-item-1927\" class=\"menu-item menu-item-type-post_type menu-item-object-page menu-item-1927\"><a href=\"https:\/\/wldstainless.com\/pt\/products\/stainless-steel-channel\/\">Canal de a\u00e7o inoxid\u00e1vel<\/a><\/li>\n<li id=\"menu-item-1928\" class=\"menu-item menu-item-type-post_type menu-item-object-page menu-item-1928\"><a href=\"https:\/\/wldstainless.com\/pt\/products\/stainless-steel-coiled-tube\/\">Tubo espiralado de a\u00e7o inoxid\u00e1vel<\/a><\/li>\n<li id=\"menu-item-1929\" class=\"menu-item menu-item-type-post_type menu-item-object-page menu-item-1929\"><a href=\"https:\/\/wldstainless.com\/pt\/products\/stainless-steel-cold-rolled-plate-sheet-coil\/\">Placa\/folha\/bobina laminada a frio de a\u00e7o inoxid\u00e1vel<\/a><\/li>\n<li id=\"menu-item-1930\" class=\"menu-item menu-item-type-post_type menu-item-object-page menu-item-1930\"><a href=\"https:\/\/wldstainless.com\/pt\/products\/stainless-steel-flats\/\">Planos de a\u00e7o inoxid\u00e1vel<\/a><\/li>\n<li id=\"menu-item-1931\" class=\"menu-item menu-item-type-post_type menu-item-object-page menu-item-1931\"><a href=\"https:\/\/wldstainless.com\/pt\/products\/stainless-steel-hexagon-bars\/\">Barras hexagonais de a\u00e7o inoxid\u00e1vel<\/a><\/li>\n<li id=\"menu-item-1932\" class=\"menu-item menu-item-type-post_type menu-item-object-page menu-item-1932\"><a href=\"https:\/\/wldstainless.com\/pt\/products\/stainless-steel-hot-rolled-plate-sheet-coil\/\">Placa\/folha\/bobina laminada a quente de a\u00e7o inoxid\u00e1vel<\/a><\/li>\n<li id=\"menu-item-1933\" class=\"menu-item menu-item-type-post_type menu-item-object-page menu-item-1933\"><a href=\"https:\/\/wldstainless.com\/pt\/products\/stainless-steel-large-diameter-pipe\/\">Tubo de a\u00e7o inoxid\u00e1vel de grande di\u00e2metro<\/a><\/li>\n<li id=\"menu-item-1934\" class=\"menu-item menu-item-type-post_type menu-item-object-page menu-item-1934\"><a href=\"https:\/\/wldstainless.com\/pt\/products\/stainless-steel-round-bars\/\">Barras redondas de a\u00e7o inoxid\u00e1vel<\/a><\/li>\n<li id=\"menu-item-1935\" class=\"menu-item menu-item-type-post_type menu-item-object-page menu-item-1935\"><a href=\"https:\/\/wldstainless.com\/pt\/products\/stainless-steel-square-tube\/\">Tubo quadrado de a\u00e7o inoxid\u00e1vel<\/a><\/li>\n<li id=\"menu-item-1936\" class=\"menu-item menu-item-type-post_type menu-item-object-page menu-item-1936\"><a href=\"https:\/\/wldstainless.com\/pt\/products\/stainless-steel-u-bend-tube\/\">Tubo curvado em U de a\u00e7o inoxid\u00e1vel<\/a><\/li>\n<\/ul><\/div><\/div><\/div><br \/>\n<div  class='hr hr-default'><span class='hr-inner' ><span class='hr-inner-style'><\/span><\/span><\/div><br \/>\n<div class='avia-button-wrap avia-button-left'><a href='http:\/\/wldstainless.com\/contact\/#contact' class='avia-button   avia-icon_select-yes-left-icon avia-color-custom avia-size-large avia-position-left'  target=\"_blank\"  style='background-color:#e82221; border-color:#e82221; color:#ffffff; ' ><span class='avia_button_icon avia_button_icon_left' aria-hidden='true' data-av_icon='\ue84b' data-av_iconfont='entypo-fontello'><\/span><span class='avia_iconbox_title' >Solicite um or\u00e7amento<\/span><\/a><\/div><\/p><\/div>\n<div class=\"flex_column av_three_fourth  flex_column_div\" style='padding:0px 0px 50px 0px ; border-radius:0px; '><p><div style='padding-bottom:10px;color:#d3311f;' class='av-special-heading av-special-heading-h3 custom-color-heading'><h3 class='av-special-heading-tag'  itemprop=\"headline\"  >Tubo espiralado de a\u00e7o inoxid\u00e1vel<\/h3><div class='special-heading-border'><div class='special-heading-inner-border' style='border-color:#d3311f'><\/div><\/div><\/div><br \/>\n<section class=\"av_textblock_section\"  itemscope=\"itemscope\" itemtype=\"https:\/\/schema.org\/CreativeWork\" ><div class='avia_textblock'   itemprop=\"text\" ><p>O tubo enrolado \u00e9 geralmente enrolado em bobinas de tubo espiral redondo com um di\u00e2metro de 0,5 a 25 mm e uma espessura de 0,1 a 2,5 mm. Oferece a excelente propriedade do a\u00e7o inoxid\u00e1vel que \u00e9 resistente a altas temperaturas e corros\u00e3o, longa vida \u00fatil e o formato enrolado tamb\u00e9m economiza custos de armazenamento e transporte. O tubo enrolado de a\u00e7o inoxid\u00e1vel brilhante \u00e9 feito de tubo de a\u00e7o inoxid\u00e1vel com um processo de redu\u00e7\u00e3o de parede por tratamento de recozimento brilhante, geralmente recozimento brilhante ou polimento fino pode tornar a rugosidade da superf\u00edcie at\u00e9 menos de 0,2um, o que forma uma precis\u00e3o e paredes internas e externas mais lisas e n\u00e3o aparecer\u00e1 \u00f3xido preto. A toler\u00e2ncia do di\u00e2metro externo pode ser controlada em \u00b1 0,05 mm e o di\u00e2metro externo em \u00b1 0,02 mm, melhor do que o tubo de a\u00e7o inoxid\u00e1vel comum. Os tubos enrolados de a\u00e7o inoxid\u00e1vel s\u00e3o amplamente utilizados na perfura\u00e7\u00e3o de petr\u00f3leo, equipamentos completos (dutos e cabos), ind\u00fastria qu\u00edmica, ind\u00fastria farmac\u00eautica, ind\u00fastria aliment\u00edcia, ind\u00fastria de m\u00e1quinas, ind\u00fastria de caldeiras, ind\u00fastria de fabrica\u00e7\u00e3o de navios, etc.<\/p>\n<p>Na WLD Steel, fornecemos e fabricamos tubos enrolados de a\u00e7o inoxid\u00e1vel com di\u00e2metro externo de 1,6 mm a 25 mm e espessura de parede de 0,4 mm a 2,1 mm. Aqui geralmente produzimos e controlamos a qualidade dos tubos enrolados de acordo com ASTM A\/ASME SA 213\/269\/511\/632. Podemos oferecer servi\u00e7os personalizados se os clientes tiverem requisitos mais rigorosos em precis\u00e3o dimensional capilar e acabamento superficial, incluindo tubo recozido brilhante de a\u00e7o inoxid\u00e1vel, tubo polido eletroliticamente, al\u00e9m disso, fornecemos descama\u00e7\u00e3o, fechamento, puncionamento, corte, dobra e outros servi\u00e7os de processamento<\/p>\n<\/div><\/section><br \/>\n<div class='avia-gallery  avia-gallery-1 avia_lazyload avia_animate_when_visible'  itemprop=\"ImageObject\" itemscope=\"itemscope\" itemtype=\"https:\/\/schema.org\/ImageObject\" ><div class='avia-gallery-thumb'> <a href='https:\/\/wldstainless.com\/wp-content\/uploads\/2020\/09\/316-coild-boiler-tube.jpg' data-rel='gallery-1' data-prev-img='https:\/\/wldstainless.com\/wp-content\/uploads\/2020\/09\/316-coild-boiler-tube.jpg' class='first_thumb lightbox' data-onclick='1' title=''  itemprop=\"thumbnailUrl\" ><img  src='https:\/\/wldstainless.com\/wp-content\/uploads\/2020\/09\/316-coild-boiler-tube.jpg' width='300' height='300'  title='tubo de caldeira 316 coild' alt='' \/><\/a> <a href='https:\/\/wldstainless.com\/wp-content\/uploads\/2020\/09\/304-coild-tube.jpg' data-rel='gallery-1' data-prev-img='https:\/\/wldstainless.com\/wp-content\/uploads\/2020\/09\/304-coild-tube.jpg' class='lightbox' data-onclick='2' title=''  itemprop=\"thumbnailUrl\" ><img  src='https:\/\/wldstainless.com\/wp-content\/uploads\/2020\/09\/304-coild-tube.jpg' width='300' height='300'  title='tubo de 304 bobinas' alt='' \/><\/a> <a href='https:\/\/wldstainless.com\/wp-content\/uploads\/2020\/09\/SS-BA-tube-1.jpg' data-rel='gallery-1' data-prev-img='https:\/\/wldstainless.com\/wp-content\/uploads\/2020\/09\/SS-BA-tube-1.jpg' class='lightbox' data-onclick='3' title=''  itemprop=\"thumbnailUrl\" ><img  src='https:\/\/wldstainless.com\/wp-content\/uploads\/2020\/09\/SS-BA-tube-1.jpg' width='300' height='300'  title='Tubo SS BA' alt='' \/><\/a><\/div><\/div><br \/>\n<section class=\"av_textblock_section\"  itemscope=\"itemscope\" itemtype=\"https:\/\/schema.org\/CreativeWork\" ><div class='avia_textblock'   itemprop=\"text\" ><h4><strong>Especifica\u00e7\u00f5es industriais da tubula\u00e7\u00e3o espiralada SS<\/strong><\/h4>\n<table>\n<tbody>\n<tr>\n<td width=\"191\">Material<\/td>\n<td width=\"661\">A\u00e7o inoxid\u00e1vel<\/p>\n<p>A\u00e7o Inoxid\u00e1vel Duplex<\/td>\n<\/tr>\n<tr>\n<td width=\"191\">Especifica\u00e7\u00e3o<\/td>\n<td width=\"661\">ASTM A269\/A312\/A213\/A511<\/td>\n<\/tr>\n<tr>\n<td width=\"191\">Tamanho<\/td>\n<td width=\"661\">DE:3,18-19,05mm, PESO:0,5-2,1mm<\/td>\n<\/tr>\n<tr>\n<td width=\"191\">Usos<\/td>\n<td width=\"661\">Tubo espiral SS para instrumenta\u00e7\u00e3o, evaporador, caldeira, trocador de calor, condensador<\/td>\n<\/tr>\n<\/tbody>\n<\/table>\n<\/div><\/section><br \/>\n<section class=\"av_textblock_section\"  itemscope=\"itemscope\" itemtype=\"https:\/\/schema.org\/CreativeWork\" ><div class='avia_textblock'   itemprop=\"text\" ><h4><strong>Classes dispon\u00edveis de tubo espiralado SS na WID Steel<\/strong><\/h4>\n<ul>\n<li>A\u00e7o inoxid\u00e1vel <a href=\"https:\/\/wldstainless.com\/materials\/austenitic-stainless-steel\/304-304l-stainless-steel\/\">304\/304L<\/a> Tubos Espiralados<\/li>\n<li>A\u00e7o inoxid\u00e1vel <a href=\"https:\/\/wldstainless.com\/materials\/austenitic-stainless-steel\/316-316l-stainless-steel\/\">316\/316L<\/a>\u00a0Tubos Espiralados<\/li>\n<li>A\u00e7o inoxid\u00e1vel <a href=\"https:\/\/wldstainless.com\/materials\/austenitic-stainless-steel\/309s-stainless-steel\/\">309\/309S<\/a>\u00a0Tubos Espiralados<\/li>\n<li>A\u00e7o inoxid\u00e1vel <a href=\"https:\/\/wldstainless.com\/materials\/austenitic-stainless-steel\/310s-stainless-steel\/\">310\/310S<\/a> Tubos Espiralados<\/li>\n<li>A\u00e7o inoxid\u00e1vel <a href=\"https:\/\/wldstainless.com\/materials\/austenitic-stainless-steel\/321-321h-stainless-steel\/\">321\/321H<\/a> Tubos Espiralados<\/li>\n<li>A\u00e7o inoxid\u00e1vel <a href=\"https:\/\/wldstainless.com\/materials\/austenitic-stainless-steel\/347-347h-stainless-steel\/\">347\/347H<\/a> Tubos Espiralados<\/li>\n<li>A\u00e7o Duplex <a href=\"https:\/\/wldstainless.com\/materials\/duplex-stainless-steel\/alloy-2304-stainless-steel\/\">31803<\/a> Tubos enrolados<\/li>\n<li>A\u00e7o Duplex <a href=\"https:\/\/wldstainless.com\/materials\/duplex-stainless-steel\/alloy-2205-stainless-steel\/\">32550<\/a> Tubos enrolados<\/li>\n<\/ul>\n<p><!--more--><\/p>\n<\/div><\/section><\/p><\/div>","protected":false},"excerpt":{"rendered":"<p>Graus dispon\u00edveis de Tubos Espirais de A\u00e7o Inoxid\u00e1vel na WID Steel Tubos Espirais de A\u00e7o Inoxid\u00e1vel 304\/304L Tubos Espirais de A\u00e7o Inoxid\u00e1vel 316\/316L Tubos Espirais de A\u00e7o Inoxid\u00e1vel 309\/309S Tubos Espirais de A\u00e7o Inoxid\u00e1vel 310\/310S Tubos Espirais de A\u00e7o Inoxid\u00e1vel 321\/321H Tubos Espirais de A\u00e7o Inoxid\u00e1vel 347\/347H Tubos Espirais de A\u00e7o Duplex 31803 Tubos Espirais de A\u00e7o Duplex 32550<\/p>","protected":false},"author":1,"featured_media":0,"parent":346,"menu_order":0,"comment_status":"closed","ping_status":"closed","template":"","meta":{"footnotes":""},"class_list":["post-1377","page","type-page","status-publish","hentry"],"aioseo_notices":[],"_links":{"self":[{"href":"https:\/\/wldstainless.com\/pt\/wp-json\/wp\/v2\/pages\/1377","targetHints":{"allow":["GET"]}}],"collection":[{"href":"https:\/\/wldstainless.com\/pt\/wp-json\/wp\/v2\/pages"}],"about":[{"href":"https:\/\/wldstainless.com\/pt\/wp-json\/wp\/v2\/types\/page"}],"author":[{"embeddable":true,"href":"https:\/\/wldstainless.com\/pt\/wp-json\/wp\/v2\/users\/1"}],"replies":[{"embeddable":true,"href":"https:\/\/wldstainless.com\/pt\/wp-json\/wp\/v2\/comments?post=1377"}],"version-history":[{"count":15,"href":"https:\/\/wldstainless.com\/pt\/wp-json\/wp\/v2\/pages\/1377\/revisions"}],"predecessor-version":[{"id":2053,"href":"https:\/\/wldstainless.com\/pt\/wp-json\/wp\/v2\/pages\/1377\/revisions\/2053"}],"up":[{"embeddable":true,"href":"https:\/\/wldstainless.com\/pt\/wp-json\/wp\/v2\/pages\/346"}],"wp:attachment":[{"href":"https:\/\/wldstainless.com\/pt\/wp-json\/wp\/v2\/media?parent=1377"}],"curies":[{"name":"wp","href":"https:\/\/api.w.org\/{rel}","templated":true}]}}