{"id":114,"date":"2019-04-25T09:02:31","date_gmt":"2019-04-25T09:02:31","guid":{"rendered":"http:\/\/wldstainless.com\/?page_id=114"},"modified":"2020-12-11T06:24:33","modified_gmt":"2020-12-11T06:24:33","slug":"markets","status":"publish","type":"page","link":"https:\/\/wldstainless.com\/pt\/markets\/","title":{"rendered":"MERCADOS"},"content":{"rendered":"<div id='fullscreen_slider_1' class='avia-fullscreen-slider main_color   container_wrap sidebar_left'   ><div  data-size='no scaling'  data-lightbox_size='large'  data-animation='slide'  data-ids='2034'  data-video_counter='0'  data-autoplay='false'  data-bg_slider='true'  data-slide_height='100'  data-handle='av_fullscreen'  data-interval='5'  data-class=' '  data-css_id='fullscreen_slider_1'  data-scroll_down=''  data-control_layout='av-control-default'  data-custom_markup=''  data-perma_caption=''  data-autoplay_stopper=''  data-image_attachment=''  data-min_height='0px'  data-stretch=''  class='avia-slideshow avia-slideshow-1  av-control-default av-default-height-applied avia-slideshow-no scaling av_fullscreen   avia-slide-slider'  itemprop=\"ImageObject\" itemscope=\"itemscope\" itemtype=\"https:\/\/schema.org\/ImageObject\" ><ul class='avia-slideshow-inner' style='padding-bottom: 43.9453125%;'><li style='background-position:center center;' data-img-url='https:\/\/wldstainless.com\/wp-content\/uploads\/2020\/10\/WLDSS.jpg' class='av-single-slide slide-1' ><div data-rel='slideshow-1' class='avia-slide-wrap'  ><\/div><\/li><\/ul><\/div><\/div>\n<div class=\"flex_column av_one_full  flex_column_div av-zero-column-padding first\" style='border-radius:0px; '><section class=\"av_textblock_section\"  itemscope=\"itemscope\" itemtype=\"https:\/\/schema.org\/CreativeWork\" ><div class='avia_textblock'   itemprop=\"text\" ><p>Durante anos de experi\u00eancia, a WLD Steel tem sido fornecedora l\u00edder de produtos de a\u00e7o inoxid\u00e1vel para processos extremamente exigentes nas ind\u00fastrias de processamento de alimentos, petroqu\u00edmica, automotiva, de fertilizantes, m\u00e9dica, de dessaliniza\u00e7\u00e3o de \u00e1gua e nuclear e outros setores.<\/p>\n<p>Excelentes padr\u00f5es metal\u00fargicos, est\u00e1veis de garantia de qualidade e servi\u00e7o de resposta r\u00e1pida ajudaram a WLD Steel a se tornar um verdadeiro parceiro que orienta seus clientes na obten\u00e7\u00e3o de especifica\u00e7\u00f5es e materiais dif\u00edceis de encontrar. O a\u00e7o WLD atende a uma ampla gama de ind\u00fastrias que exigem as melhores ligas met\u00e1licas dispon\u00edveis.<\/p>\n<\/div><\/section><\/div>\n<div class=\"flex_column av_one_fourth  flex_column_div av-zero-column-padding first\" style='border-radius:0px; '><div class='avia-image-container  av-styling-    avia-align-center'  itemprop=\"ImageObject\" itemscope=\"itemscope\" itemtype=\"https:\/\/schema.org\/ImageObject\"  ><div class='avia-image-container-inner'><img class='avia_image' src='https:\/\/wldstainless.com\/wp-content\/uploads\/2020\/09\/Food-processing.png' alt='' title='Processamento de comida'   itemprop=\"thumbnailUrl\"  \/><\/div><\/div><\/div>\n<div class=\"flex_column av_three_fourth  flex_column_div av-zero-column-padding\" style='border-radius:0px; '><section class=\"av_textblock_section\"  itemscope=\"itemscope\" itemtype=\"https:\/\/schema.org\/CreativeWork\" ><div class='avia_textblock'   itemprop=\"text\" ><h3>Alimentos e Bebidas<\/h3>\n<p>O a\u00e7o inoxid\u00e1vel tem sido amplamente utilizado na ind\u00fastria de alimentos e bebidas.<br \/>\nAs condi\u00e7\u00f5es da superf\u00edcie parecem ser mais importantes do que em outras \u00e1reas, como a produ\u00e7\u00e3o de petr\u00f3leo e g\u00e1s. N\u00e3o s\u00f3 resiste \u00e0 corros\u00e3o, mas as suas propriedades sanit\u00e1rias e de livre ader\u00eancia determinam a condi\u00e7\u00e3o ideal da superf\u00edcie. Os principais segmentos industriais incluem:<\/p>\n<ul>\n<li>Fabrica\u00e7\u00e3o de cerveja<\/li>\n<li>Ind\u00fastria de latic\u00ednios<\/li>\n<li>Farmac\u00eautico<\/li>\n<li>Cosm\u00e9ticos ou outras ind\u00fastrias em geral com <span class=\"tran\" data-group=\"20_16\">f\u00edsico<\/span> <span class=\"tran\" data-group=\"21_17\">contato<\/span>.<\/li>\n<\/ul>\n<\/div><\/section><\/div>\n<div class=\"flex_column av_one_fourth  flex_column_div av-zero-column-padding first\" style='border-radius:0px; '><div class='avia-image-container  av-styling-    avia-align-center'  itemprop=\"ImageObject\" itemscope=\"itemscope\" itemtype=\"https:\/\/schema.org\/ImageObject\"  ><div class='avia-image-container-inner'><img class='avia_image' src='https:\/\/wldstainless.com\/wp-content\/uploads\/2020\/09\/Chemical.png' alt='' title='Qu\u00edmico'   itemprop=\"thumbnailUrl\"  \/><\/div><\/div><\/div>\n<div class=\"flex_column av_three_fourth  flex_column_div av-zero-column-padding\" style='border-radius:0px; '><section class=\"av_textblock_section\"  itemscope=\"itemscope\" itemtype=\"https:\/\/schema.org\/CreativeWork\" ><div class='avia_textblock'   itemprop=\"text\" ><h3>Qu\u00edmico<\/h3>\n<p>A demanda qu\u00edmica exige boa resist\u00eancia e resist\u00eancia \u00e0 corros\u00e3o e nossos produtos, oferecendo produtos de qualidade prim\u00e1ria, satisfazem as necessidades de nossos clientes nesses mercados. Os a\u00e7os WLD possuem as propriedades necess\u00e1rias para ambientes altamente corrosivos ou com acidez vari\u00e1vel e cloro encontrados em perfura\u00e7\u00f5es de petr\u00f3leo e em plantas de processamento qu\u00edmico.<\/p>\n<p>A\u00e7o inoxid\u00e1vel duplex <a href=\"https:\/\/wldstainless.com\/materials\/duplex-stainless-steel\/alloy-2205-stainless-steel\/\">tubo 2205<\/a> cont\u00e9m teor relativamente alto de cromo, molibd\u00eanio, tungst\u00eanio e nitrog\u00eanio, o que o torna forte resist\u00eancia \u00e0 corros\u00e3o e resist\u00eancia e pode ser resistente a uma variedade de produtos qu\u00edmicos corrosivos, especialmente adequado para diversas aplica\u00e7\u00f5es qu\u00edmicas e petroqu\u00edmicas.<\/p>\n<\/div><\/section><\/div><div class=\"flex_column av_one_fourth  flex_column_div av-zero-column-padding first\" style='border-radius:0px; '><div class='avia-image-container  av-styling-    avia-align-center'  itemprop=\"ImageObject\" itemscope=\"itemscope\" itemtype=\"https:\/\/schema.org\/ImageObject\"  ><div class='avia-image-container-inner'><img class='avia_image' src='https:\/\/wldstainless.com\/wp-content\/uploads\/2020\/09\/medical.jpg' alt='' title='m\u00e9dico'   itemprop=\"thumbnailUrl\"  \/><\/div><\/div><\/div><\/p>\n<div class=\"flex_column av_three_fourth  flex_column_div av-zero-column-padding\" style='border-radius:0px; '><section class=\"av_textblock_section\"  itemscope=\"itemscope\" itemtype=\"https:\/\/schema.org\/CreativeWork\" ><div class='avia_textblock'   itemprop=\"text\" ><h3>Biol\u00f3gico<\/h3>\n<p>O material utilizado na fabrica\u00e7\u00e3o de recipientes e sistemas de tubula\u00e7\u00e3o para as ind\u00fastrias de biotecnologia deve proporcionar excelente resist\u00eancia \u00e0 corros\u00e3o para garantir a pureza e a qualidade do produto. O material de a\u00e7o tamb\u00e9m deve apresentar boa resist\u00eancia a altas temperaturas e press\u00f5es no processo de produ\u00e7\u00e3o, desinfec\u00e7\u00e3o e limpeza, al\u00e9m de boa soldabilidade e bom acabamento superficial.<\/p>\n<p>O a\u00e7o inoxid\u00e1vel austen\u00edtico 316L \u00e9 o principal material e uma alternativa ideal para as ind\u00fastrias de biotecnologia devido \u00e0 sua boa resist\u00eancia \u00e0 corros\u00e3o, soldabilidade e propriedades de polimento eletrol\u00edtico. Os clientes tamb\u00e9m melhoraram o desempenho de <a href=\"https:\/\/wldstainless.com\/materials\/austenitic-stainless-steel\/316-316l-stainless-steel\/\">316L<\/a> a\u00e7o inoxid\u00e1vel selecionando cuidadosamente composi\u00e7\u00f5es qu\u00edmicas espec\u00edficas de <a href=\"https:\/\/wldstainless.com\/materials\/austenitic-stainless-steel\/316-316l-stainless-steel\/\">316L<\/a> a\u00e7o inoxid\u00e1vel e por processos de produ\u00e7\u00e3o ESR aprimorados. o a\u00e7o inoxid\u00e1vel duplex 2205 \u00e9 mais popular nesses mercados nos \u00faltimos anos.<\/p>\n<\/div><\/section><\/div><div class=\"flex_column av_one_fourth  flex_column_div av-zero-column-padding first\" style='border-radius:0px; '><div class='avia-image-container  av-styling-    avia-align-center'  itemprop=\"ImageObject\" itemscope=\"itemscope\" itemtype=\"https:\/\/schema.org\/ImageObject\"  ><div class='avia-image-container-inner'><img class='avia_image' src='https:\/\/wldstainless.com\/wp-content\/uploads\/2020\/09\/Power.png' alt='' title='Poder'   itemprop=\"thumbnailUrl\"  \/><\/div><\/div><\/div><\/p>\n<div class=\"flex_column av_three_fourth  flex_column_div av-zero-column-padding\" style='border-radius:0px; '><section class=\"av_textblock_section\"  itemscope=\"itemscope\" itemtype=\"https:\/\/schema.org\/CreativeWork\" ><div class='avia_textblock'   itemprop=\"text\" ><h3>Poder<\/h3>\n<p>A gera\u00e7\u00e3o de energia t\u00e9rmica \u00e9 uma maneira de usar o calor gerado quando o carv\u00e3o \u00e9 queimado para transformar \u00e1gua em vapor de alta press\u00e3o para acionar um gerador para gerar eletricidade. As usinas de energia a carv\u00e3o s\u00e3o compostas principalmente de uma caldeira, turbina a vapor e gerador de gera\u00e7\u00e3o de energia no tubo de vapor e \u00e1gua da caldeira, incluindo tubo de reaquecedor, parede de \u00e1gua, superaquecedor, tubo economizador, tubo de pr\u00e9-aquecimento de ar, tubo de calor, tubo de descida e todos os tipos de controle de equipamento, que trabalharam em alta temperatura e alta press\u00e3o no g\u00e1s e vapor e causar\u00e3o oxida\u00e7\u00e3o e corros\u00e3o no ambiente hostil, ent\u00e3o o tubo de a\u00e7o inoxid\u00e1vel \u00e9 amplamente utilizado nas caldeiras de energia t\u00e9rmica. Nosso <a href=\"https:\/\/wldstainless.com\/materials\/austenitic-stainless-steel\/309s-stainless-steel\/\">309H<\/a>, <a href=\"https:\/\/wldstainless.com\/materials\/austenitic-stainless-steel\/321-321h-stainless-steel\/\">321H<\/a> e <a href=\"https:\/\/wldstainless.com\/materials\/austenitic-stainless-steel\/347-347h-stainless-steel\/\">347H<\/a> tubos de a\u00e7o inoxid\u00e1vel, barras planas e produtos de placas s\u00e3o usados principalmente para produzir caldeiras, p\u00e1s para turbinas a vapor e a g\u00e1s.<\/p>\n<\/div><\/section><\/div>","protected":false},"excerpt":{"rendered":"","protected":false},"author":1,"featured_media":0,"parent":0,"menu_order":0,"comment_status":"closed","ping_status":"closed","template":"","meta":{"footnotes":""},"class_list":["post-114","page","type-page","status-publish","hentry"],"aioseo_notices":[],"_links":{"self":[{"href":"https:\/\/wldstainless.com\/pt\/wp-json\/wp\/v2\/pages\/114","targetHints":{"allow":["GET"]}}],"collection":[{"href":"https:\/\/wldstainless.com\/pt\/wp-json\/wp\/v2\/pages"}],"about":[{"href":"https:\/\/wldstainless.com\/pt\/wp-json\/wp\/v2\/types\/page"}],"author":[{"embeddable":true,"href":"https:\/\/wldstainless.com\/pt\/wp-json\/wp\/v2\/users\/1"}],"replies":[{"embeddable":true,"href":"https:\/\/wldstainless.com\/pt\/wp-json\/wp\/v2\/comments?post=114"}],"version-history":[{"count":13,"href":"https:\/\/wldstainless.com\/pt\/wp-json\/wp\/v2\/pages\/114\/revisions"}],"predecessor-version":[{"id":2062,"href":"https:\/\/wldstainless.com\/pt\/wp-json\/wp\/v2\/pages\/114\/revisions\/2062"}],"wp:attachment":[{"href":"https:\/\/wldstainless.com\/pt\/wp-json\/wp\/v2\/media?parent=114"}],"curies":[{"name":"wp","href":"https:\/\/api.w.org\/{rel}","templated":true}]}}