{"id":76,"date":"2019-04-24T18:14:45","date_gmt":"2019-04-24T18:14:45","guid":{"rendered":"http:\/\/wldstainless.com\/?page_id=76"},"modified":"2020-12-11T03:34:19","modified_gmt":"2020-12-11T03:34:19","slug":"about","status":"publish","type":"page","link":"https:\/\/wldstainless.com\/pl\/about\/","title":{"rendered":"O"},"content":{"rendered":"<div id='fullscreen_slider_1' class='avia-fullscreen-slider main_color   container_wrap sidebar_left'   ><div  data-size='no scaling'  data-lightbox_size='large'  data-animation='slide'  data-ids='2030'  data-video_counter='0'  data-autoplay='false'  data-bg_slider='true'  data-slide_height='100'  data-handle='av_fullscreen'  data-interval='5'  data-class=' '  data-css_id='fullscreen_slider_1'  data-scroll_down=''  data-control_layout='av-control-default'  data-custom_markup=''  data-perma_caption=''  data-autoplay_stopper=''  data-image_attachment=''  data-min_height='0px'  data-stretch=''  class='avia-slideshow avia-slideshow-1  av-control-default av-default-height-applied avia-slideshow-no scaling av_fullscreen   avia-slide-slider'  itemprop=\"ImageObject\" itemscope=\"itemscope\" itemtype=\"https:\/\/schema.org\/ImageObject\" ><ul class='avia-slideshow-inner' style='padding-bottom: 43.9453125%;'><li style='background-position:center center;' data-img-url='https:\/\/wldstainless.com\/wp-content\/uploads\/2020\/10\/About-SS.jpg' class='av-single-slide slide-1' ><div data-rel='slideshow-1' class='avia-slide-wrap'  ><\/div><\/li><\/ul><\/div><\/div>\n<div class=\"flex_column av_one_full  flex_column_div av-zero-column-padding first\" style='border-radius:0px; '><p><section class=\"av_textblock_section\"  itemscope=\"itemscope\" itemtype=\"https:\/\/schema.org\/CreativeWork\" ><div class='avia_textblock'   itemprop=\"text\" ><p>WLD Steel jest jednym z profesjonalnych dostawc\u00f3w, producent\u00f3w i dystrybutor\u00f3w p\u00f3\u0142produkt\u00f3w i gotowych produkt\u00f3w ze stali nierdzewnej, w tym stali nierdzewnej serii 200, stali nierdzewnej serii 300, stali nierdzewnej serii 400, stali nierdzewnej utwardzanej wydzieleniowo i stali nierdzewnej Duplex w szerokiej gamie gatunk\u00f3w i formularze. Nasze produkty sprzedawane centrom serwisowym, fa\u0142szerzom, producentom walc\u00f3w i oryginalnego sprz\u0119tu s\u0105 dalej przetwarzane przez naszych klient\u00f3w do wykorzystania w r\u00f3\u017cnych ga\u0142\u0119ziach przemys\u0142u, w tym w przemy\u015ble offshore, lotniczym, energetycznym, naftowo-gazowym, petrochemicznym i produkcji ci\u0119\u017ckiego sprz\u0119tu.<\/p>\n<p>Dostarczamy g\u0142\u00f3wnie rury ze stali nierdzewnej, <a href=\"https:\/\/wldstainless.com\/products\/stainless-steel-square-tube\/\">rurki<\/a>, <a href=\"https:\/\/wldstainless.com\/products\/stainless-steel-cold-rolled-plate-sheet-coil\/\">po\u015bciel<\/a>, p\u0142yty, zwoje, ta\u015bmy, <a href=\"https:\/\/wldstainless.com\/products\/stainless-steel-round-bars\/\">okr\u0105g\u0142y pasek<\/a>, sze\u015bciok\u0105tne, p\u0142askie i kszta\u0142towane ze stali np <a href=\"https:\/\/wldstainless.com\/products\/stainless-steel-angle\/\">k\u0105ty<\/a>, <a href=\"https:\/\/wldstainless.com\/products\/stainless-steel-beam\/\">belki<\/a> I <a href=\"https:\/\/wldstainless.com\/products\/stainless-steel-channel\/\">kana\u0142y<\/a>. To, co oferujemy, jest wytwarzane z kwalifikowanych surowc\u00f3w i najnowocze\u015bniejszych technik. W zale\u017cno\u015bci od Twoich wymaga\u0144 dbamy o to, aby nasze produkty spe\u0142nia\u0142y warunki specyfikacji i standard\u00f3w dobrze zdefiniowanych w bran\u017cy.<\/p>\n<h3><\/h3>\n<\/div><\/section><br \/>\n<div style='padding-bottom:10px;color:#d3311f;' class='av-special-heading av-special-heading-h3 custom-color-heading'><h3 class='av-special-heading-tag'  itemprop=\"headline\"  >Dlaczego w\u0142a\u015bnie my?<\/h3><div class='special-heading-border'><div class='special-heading-inner-border' style='border-color:#d3311f'><\/div><\/div><\/div><\/p><\/div><div class=\"flex_column av_one_full  flex_column_div av-zero-column-padding first\" style='border-radius:0px; '><section class=\"av_textblock_section\"  itemscope=\"itemscope\" itemtype=\"https:\/\/schema.org\/CreativeWork\" ><div class='avia_textblock'   itemprop=\"text\" ><h3><\/h3>\n<h4>Jako\u015b\u0107 na pierwszym miejscu<\/h4>\n<p>\u201eRobimy to, co mo\u017cemy zrobi\u0107, i nie robimy tego, czego nie mo\u017cemy zrobi\u0107\u201d. Przez dziesi\u0119ciolecia post\u0119pu u\u015bwiadomili\u015bmy sobie, \u017ce tylko kwalifikowane produkty s\u0105 nasz\u0105 podstawow\u0105 zasad\u0105, to w\u0142a\u015bnie z tego jeste\u015bmy dumni. WLD Steel wsp\u00f3\u0142pracuje z fabryk\u0105 przetw\u00f3rcz\u0105 wyposa\u017con\u0105 w formowanie, szlifowanie, spawanie, honowanie, obr\u00f3bk\u0119 skrawaniem, obr\u00f3bk\u0119 ciepln\u0105 oraz urz\u0105dzenia do test\u00f3w fizycznych i chemicznych, co pozwala nam spe\u0142nia\u0107 surowe wymagania klient\u00f3w.<\/p>\n<h4>Do\u015bwiadczony personel<\/h4>\n<p>WLD steel dysponuje zespo\u0142em posiadaj\u0105cym du\u017ce umiej\u0119tno\u015bci wieloj\u0119zyczne dla klient\u00f3w z ca\u0142ego \u015bwiata, co jest podstaw\u0105 wydajnego biznesu. Nasza kadra, w sk\u0142ad kt\u00f3rej wchodzi tak\u017ce in\u017cynier hutnik, specjalista ds. logistyki, posiadaj\u0105ca szerok\u0105 wiedz\u0119 techniczn\u0105, dostarcza Pa\u0144stwa produkty w bardzo kr\u00f3tkim czasie.<\/p>\n<h4>Us\u0142ugi dodatkowe<\/h4>\n<p>Dzi\u0119ki zaawansowanemu sprz\u0119towi i rygorystycznemu planowi produkcji, opr\u00f3cz naszych standardowych produkt\u00f3w, produkujemy specjalne produkty na zam\u00f3wienie, zgodnie ze specyficznymi potrzebami i rysunkami klienta. Nasi wykwalifikowani in\u017cynierowie i pracownicy \u0142\u0105cz\u0105 si\u0142y, aby zaoferowa\u0107 szereg dodatkowych us\u0142ug, kt\u00f3re pomog\u0105 Ci zaoszcz\u0119dzi\u0107 pieni\u0105dze i czas.<\/p>\n<h4>Szerokie materia\u0142y<\/h4>\n<p>Stal WLD posiada w magazynie szerok\u0105 gam\u0119 certyfikowanych materia\u0142\u00f3w ASME\/EN\/JIS, a tak\u017ce natychmiast dost\u0119pn\u0105 pe\u0142n\u0105 gam\u0119 gatunk\u00f3w dopuszczonych do kontaktu z \u017cywno\u015bci\u0105, medycznych, mocznikowych i azotowych. Du\u017cy asortyment rur, blach kszta\u0142towanych, z\u0142\u0105czek, ko\u0142nierzy, pr\u0119t\u00f3w, p\u0142yt i z\u0142\u0105czek kutych w gatunkach og\u00f3lnych, przemys\u0142owych i specjalistycznych.<\/p>\n<\/div><\/section><\/div><\/p>","protected":false},"excerpt":{"rendered":"","protected":false},"author":1,"featured_media":0,"parent":0,"menu_order":0,"comment_status":"closed","ping_status":"closed","template":"","meta":{"footnotes":""},"class_list":["post-76","page","type-page","status-publish","hentry"],"aioseo_notices":[],"_links":{"self":[{"href":"https:\/\/wldstainless.com\/pl\/wp-json\/wp\/v2\/pages\/76","targetHints":{"allow":["GET"]}}],"collection":[{"href":"https:\/\/wldstainless.com\/pl\/wp-json\/wp\/v2\/pages"}],"about":[{"href":"https:\/\/wldstainless.com\/pl\/wp-json\/wp\/v2\/types\/page"}],"author":[{"embeddable":true,"href":"https:\/\/wldstainless.com\/pl\/wp-json\/wp\/v2\/users\/1"}],"replies":[{"embeddable":true,"href":"https:\/\/wldstainless.com\/pl\/wp-json\/wp\/v2\/comments?post=76"}],"version-history":[{"count":29,"href":"https:\/\/wldstainless.com\/pl\/wp-json\/wp\/v2\/pages\/76\/revisions"}],"predecessor-version":[{"id":2047,"href":"https:\/\/wldstainless.com\/pl\/wp-json\/wp\/v2\/pages\/76\/revisions\/2047"}],"wp:attachment":[{"href":"https:\/\/wldstainless.com\/pl\/wp-json\/wp\/v2\/media?parent=76"}],"curies":[{"name":"wp","href":"https:\/\/api.w.org\/{rel}","templated":true}]}}