{"id":558,"date":"2019-06-26T00:45:37","date_gmt":"2019-06-26T00:45:37","guid":{"rendered":"http:\/\/wldstainless.com\/?page_id=558"},"modified":"2020-12-11T05:43:53","modified_gmt":"2020-12-11T05:43:53","slug":"stainless-steel-cold-rolled-plate-sheet-coil","status":"publish","type":"page","link":"https:\/\/wldstainless.com\/pl\/products\/stainless-steel-cold-rolled-plate-sheet-coil\/","title":{"rendered":"P\u0142yta \/ arkusz \/ cewka ze stali nierdzewnej walcowanej na zimno"},"content":{"rendered":"<div class=\"flex_column av_one_fourth  flex_column_div av-zero-column-padding first\" style='border-radius:0px; '><p><div class='avia-builder-widget-area clearfix'><div id=\"nav_menu-7\" class=\"widget clearfix widget_nav_menu\"><h3 class=\"widgettitle\">Produkty<\/h3><div class=\"menu-accessories-container\"><ul id=\"menu-accessories\" class=\"menu\"><li id=\"menu-item-1924\" class=\"menu-item menu-item-type-post_type menu-item-object-page menu-item-1924\"><a href=\"https:\/\/wldstainless.com\/pl\/products\/stainless-steel-angle\/\">K\u0105t ze stali nierdzewnej<\/a><\/li>\n<li id=\"menu-item-1925\" class=\"menu-item menu-item-type-post_type menu-item-object-page menu-item-1925\"><a href=\"https:\/\/wldstainless.com\/pl\/products\/stainless-steel-beam\/\">Belka ze stali nierdzewnej<\/a><\/li>\n<li id=\"menu-item-1926\" class=\"menu-item menu-item-type-post_type menu-item-object-page menu-item-1926\"><a href=\"https:\/\/wldstainless.com\/pl\/products\/stainless-steel-capillary-tubes\/\">Rurki kapilarne ze stali nierdzewnej<\/a><\/li>\n<li id=\"menu-item-1927\" class=\"menu-item menu-item-type-post_type menu-item-object-page menu-item-1927\"><a href=\"https:\/\/wldstainless.com\/pl\/products\/stainless-steel-channel\/\">Kana\u0142 ze stali nierdzewnej<\/a><\/li>\n<li id=\"menu-item-1928\" class=\"menu-item menu-item-type-post_type menu-item-object-page menu-item-1928\"><a href=\"https:\/\/wldstainless.com\/pl\/products\/stainless-steel-coiled-tube\/\">Zwijana rura ze stali nierdzewnej<\/a><\/li>\n<li id=\"menu-item-1929\" class=\"menu-item menu-item-type-post_type menu-item-object-page menu-item-1929\"><a href=\"https:\/\/wldstainless.com\/pl\/products\/stainless-steel-cold-rolled-plate-sheet-coil\/\">P\u0142yta \/ arkusz \/ cewka ze stali nierdzewnej walcowanej na zimno<\/a><\/li>\n<li id=\"menu-item-1930\" class=\"menu-item menu-item-type-post_type menu-item-object-page menu-item-1930\"><a href=\"https:\/\/wldstainless.com\/pl\/products\/stainless-steel-flats\/\">P\u0142askie ze stali nierdzewnej<\/a><\/li>\n<li id=\"menu-item-1931\" class=\"menu-item menu-item-type-post_type menu-item-object-page menu-item-1931\"><a href=\"https:\/\/wldstainless.com\/pl\/products\/stainless-steel-hexagon-bars\/\">Sze\u015bciok\u0105tne pr\u0119ty ze stali nierdzewnej<\/a><\/li>\n<li id=\"menu-item-1932\" class=\"menu-item menu-item-type-post_type menu-item-object-page menu-item-1932\"><a href=\"https:\/\/wldstainless.com\/pl\/products\/stainless-steel-hot-rolled-plate-sheet-coil\/\">P\u0142yta \/ arkusz \/ cewka ze stali nierdzewnej walcowanej na gor\u0105co<\/a><\/li>\n<li id=\"menu-item-1933\" class=\"menu-item menu-item-type-post_type menu-item-object-page menu-item-1933\"><a href=\"https:\/\/wldstainless.com\/pl\/products\/stainless-steel-large-diameter-pipe\/\">Rura ze stali nierdzewnej o du\u017cej \u015brednicy<\/a><\/li>\n<li id=\"menu-item-1934\" class=\"menu-item menu-item-type-post_type menu-item-object-page menu-item-1934\"><a href=\"https:\/\/wldstainless.com\/pl\/products\/stainless-steel-round-bars\/\">Pr\u0119ty okr\u0105g\u0142e ze stali nierdzewnej<\/a><\/li>\n<li id=\"menu-item-1935\" class=\"menu-item menu-item-type-post_type menu-item-object-page menu-item-1935\"><a href=\"https:\/\/wldstainless.com\/pl\/products\/stainless-steel-square-tube\/\">Kwadratowa rurka ze stali nierdzewnej<\/a><\/li>\n<li id=\"menu-item-1936\" class=\"menu-item menu-item-type-post_type menu-item-object-page menu-item-1936\"><a href=\"https:\/\/wldstainless.com\/pl\/products\/stainless-steel-u-bend-tube\/\">Rurka w kszta\u0142cie litery U ze stali nierdzewnej<\/a><\/li>\n<\/ul><\/div><\/div><\/div><br \/>\n<div  class='hr hr-default'><span class='hr-inner' ><span class='hr-inner-style'><\/span><\/span><\/div><br \/>\n<div class='avia-button-wrap avia-button-left'><a href='http:\/\/wldstainless.com\/contact\/#contact' class='avia-button   avia-icon_select-yes-left-icon avia-color-custom avia-size-large avia-position-left'  target=\"_blank\"  style='background-color:#e82221; border-color:#e82221; color:#ffffff; ' ><span class='avia_button_icon avia_button_icon_left' aria-hidden='true' data-av_icon='\ue84b' data-av_iconfont='entypo-fontello'><\/span><span class='avia_iconbox_title' >Poprosi\u0107 o wycen\u0119<\/span><\/a><\/div><\/p><\/div>\n<div class=\"flex_column av_three_fourth  flex_column_div\" style='padding:0px 0px 50px 0px ; border-radius:0px; '><p><div style='padding-bottom:10px;color:#d3311f;' class='av-special-heading av-special-heading-h3 custom-color-heading'><h3 class='av-special-heading-tag'  itemprop=\"headline\"  >Blacha \/ p\u0142yta \/ cewka ze stali nierdzewnej walcowanej na zimno<\/h3><div class='special-heading-border'><div class='special-heading-inner-border' style='border-color:#d3311f'><\/div><\/div><\/div><br \/>\n<div  class='hr hr-default'><span class='hr-inner' ><span class='hr-inner-style'><\/span><\/span><\/div><br \/>\n<section class=\"av_textblock_section\"  itemscope=\"itemscope\" itemtype=\"https:\/\/schema.org\/CreativeWork\" ><div class='avia_textblock'   itemprop=\"text\" ><p>Jak sama nazwa wskazuje, p\u0142yta walcowana na zimno ze stali nierdzewnej to p\u0142yta ze stali nierdzewnej wytwarzana w procesie walcowania na zimno. Zwykle odnosili\u015bmy si\u0119 do grubo\u015bci mniejszej ni\u017c 3 mm w przypadku arkusza i wi\u0119kszej ni\u017c 3 mm w przypadku p\u0142yty. Blachy\/p\u0142yty walcowane na zimno, zwoje i ta\u015bmy ze stali nierdzewnej maj\u0105 doskona\u0142\u0105 odporno\u015b\u0107 na korozj\u0119, dobre w\u0142a\u015bciwo\u015bci mechaniczne, w\u0142a\u015bciwo\u015bci przetw\u00f3rcze i r\u00f3\u017cnorodne wyko\u0144czenia powierzchni, s\u0105 szeroko stosowane w sprz\u0119cie gospodarstwa domowego, przemy\u015ble petrochemicznym, sprz\u0119cie medycznym, samochodach, statkach, elektronice precyzyjnej i inne pola.<\/p>\n<p>Obr\u00f3bka powierzchni walcowanych na zimno pozwala powierzchni stali nierdzewnej uzyska\u0107 inne wyko\u0144czenie, tekstur\u0119 i kolor. Wyko\u0144czenia powierzchni blach walcowanych na zimno ze stali nierdzewnej obejmuj\u0105 2D, 2B, nr 3, nr 4, 240, 320, nr 7, nr 8, HL, BA, TR, stan twardy, t\u0142oczone i inne gatunki powierzchni. Mo\u017cna go dalej przetwarza\u0107 poprzez galwanizacj\u0119, elektropolerowanie, trawienie, \u015brutowanie, barwienie, powlekanie i r\u00f3\u017cne kombinacje oparte na walcowaniu na zimno.<\/p>\n<p>Jako dostawca i producent blachy ze stali nierdzewnej, blachy zgodnej z normami ASTM, ASME i EN. Stal WLD dostarcza te produkty dost\u0119pne w gatunku 201, 304\/304L, 316\/316L, 430, 410S, 409\/409L i gatunku duplex 2205, wszystkie nasze produkty mog\u0105 by\u0107 ponownie przetwarzane w celu gi\u0119cia, przycinania, wytrawiania, obr\u00f3bki cieplnej, powlekane lub inne.<\/p>\n<\/div><\/section><br \/>\n<section class=\"av_textblock_section\"  itemscope=\"itemscope\" itemtype=\"https:\/\/schema.org\/CreativeWork\" ><div class='avia_textblock'   itemprop=\"text\" ><p>Dane techniczne: ASTM A240, ASTM A480<\/p>\n<p>Wyko\u0144czenie powierzchni: No1, 2D, 2B, BA, No 3, No4, No8, HL,<\/p>\n<p>Rozmiar: 800-1300*0,2-3,0 mm (cewka); 800-2000*0,2-100 mm (p\u0142yta)<\/p>\n<p>Dost\u0119pne gatunki: 201, <a href=\"https:\/\/wldstainless.com\/materials\/austenitic-stainless-steel\/304-304l-stainless-steel\/\">304\/304L<\/a>, <a href=\"https:\/\/wldstainless.com\/materials\/austenitic-stainless-steel\/316-316l-stainless-steel\/\">316\/316L<\/a>, 317, 309S, 321H, <a href=\"https:\/\/wldstainless.com\/materials\/austenitic-stainless-steel\/347-347h-stainless-steel\/\">347<\/a>, 409L,<a href=\"https:\/\/wldstainless.com\/materials\/austenitic-stainless-steel\/904l-stainless-steel\/\"> 904L<\/a>,<a href=\"https:\/\/wldstainless.com\/materials\/duplex-stainless-steel\/alloy-2205-stainless-steel\/\"> 2205<\/a><\/p>\n<h4>Rozmiar blachy \/ p\u0142yty \/ cewki ze stali nierdzewnej<\/h4>\n<table>\n<tbody>\n<tr>\n<td width=\"13.1000%\">Rodzaje wyko\u0144czenia powierzchni<\/td>\n<td colspan=\"2\" width=\"32.5400%\">Produkty<\/td>\n<td width=\"14.6200%\">Grubo\u015b\u0107 nominalna, mm<\/td>\n<td width=\"14.6400%\">Szeroko\u015b\u0107 nominalna, mm<\/td>\n<td width=\"22.9000%\">P\u0142yta D\u0142ugo\u015b\u0107 nominalna lub \u015brednica wewn\u0119trzna cewki, mm<\/td>\n<\/tr>\n<tr>\n<td rowspan=\"5\" width=\"13.1000%\">Nr 2E<\/td>\n<td rowspan=\"2\" width=\"14.4200%\">Blachy stalowej<\/td>\n<td width=\"17.7600%\">Ci\u0119cie kraw\u0119dziowe<\/td>\n<td rowspan=\"2\" width=\"14.6200%\">1,4 ~ 6,5<\/td>\n<td width=\"14.6400%\">730 ~ 1570<\/td>\n<td rowspan=\"2\" width=\"22.9000%\">1000 ~ 12000 (p\u0142yta)<\/td>\n<\/tr>\n<tr>\n<td width=\"17.7600%\">Bez ci\u0119cia kraw\u0119dziowego<\/td>\n<td width=\"14.6400%\">750 ~ 1600<\/td>\n<\/tr>\n<tr>\n<td rowspan=\"2\" width=\"14.4200%\">Cewka stalowa<\/td>\n<td width=\"17.7600%\">Ci\u0119cie kraw\u0119dziowe<\/td>\n<td rowspan=\"2\" width=\"14.6200%\">1,4 ~ 6,5<\/td>\n<td width=\"14.6400%\">730 ~ 1570<\/td>\n<td rowspan=\"2\" width=\"22.9000%\">610 (cewka)<\/td>\n<\/tr>\n<tr>\n<td width=\"17.7600%\">Bez ci\u0119cia kraw\u0119dziowego<\/td>\n<td width=\"14.6400%\">750 ~ 1600<\/td>\n<\/tr>\n<tr>\n<td colspan=\"2\" width=\"32.5400%\">Cewka stali do ci\u0119cia wzd\u0142u\u017cnego<\/td>\n<td width=\"14.6200%\">1,4 ~ 3,0<\/td>\n<td width=\"14.6400%\">120 ~ 700<\/td>\n<td width=\"22.9000%\">508\/610 (cewka)<\/td>\n<\/tr>\n<tr>\n<td rowspan=\"5\" width=\"13.1000%\">Nr 2D<br \/>\nNr 2B<\/td>\n<td rowspan=\"2\" width=\"14.4200%\">Blachy stalowej<\/td>\n<td width=\"17.7600%\">Ci\u0119cie kraw\u0119dziowe<\/td>\n<td rowspan=\"2\" width=\"14.6200%\">0,20 ~ 3,0<\/td>\n<td width=\"14.6400%\">730 ~ 1350<\/td>\n<td rowspan=\"2\" width=\"22.9000%\">1000 ~ 5000 (p\u0142yta)<\/td>\n<\/tr>\n<tr>\n<td width=\"17.7600%\">Bez ci\u0119cia kraw\u0119dziowego<\/td>\n<td width=\"14.6400%\">750 ~ 1350<\/td>\n<\/tr>\n<tr>\n<td rowspan=\"2\" width=\"14.4200%\">Cewka stalowa<\/td>\n<td width=\"17.7600%\">Ci\u0119cie kraw\u0119dziowe<\/td>\n<td rowspan=\"2\" width=\"14.6200%\">0,20 ~ 5,0<\/td>\n<td width=\"14.6400%\">730 ~ 1570<\/td>\n<td rowspan=\"3\" width=\"22.9000%\">508\/610 (cewka)<\/td>\n<\/tr>\n<tr>\n<td width=\"17.7600%\">Bez ci\u0119cia kraw\u0119dziowego<\/td>\n<td width=\"14.6400%\">750 ~ 1600<\/td>\n<\/tr>\n<tr>\n<td colspan=\"2\" width=\"32.5400%\">Cewka stali do ci\u0119cia wzd\u0142u\u017cnego<\/td>\n<td width=\"14.6200%\">0,20 ~ 3,0<\/td>\n<td width=\"14.6400%\">120 ~ 700<\/td>\n<\/tr>\n<tr>\n<td rowspan=\"5\" width=\"13.1000%\">Nr 3<br \/>\nNr 4<br \/>\nHL<br \/>\nBA<\/td>\n<td rowspan=\"2\" width=\"14.4200%\">Blachy stalowej<\/td>\n<td width=\"17.7600%\">Ci\u0119cie kraw\u0119dziowe<\/td>\n<td rowspan=\"2\" width=\"14.6200%\">0,20 ~ 3,0<\/td>\n<td width=\"14.6400%\">730 ~ 1350<\/td>\n<td rowspan=\"2\" width=\"22.9000%\">1000 ~ 9000 (p\u0142yta)<\/td>\n<\/tr>\n<tr>\n<td width=\"17.7600%\">Bez ci\u0119cia kraw\u0119dziowego<\/td>\n<td width=\"14.6400%\">750 ~ 1350<\/td>\n<\/tr>\n<tr>\n<td rowspan=\"2\" width=\"14.4200%\">Cewka stalowa<\/td>\n<td width=\"17.7600%\">Ci\u0119cie kraw\u0119dziowe<\/td>\n<td rowspan=\"2\" width=\"14.6200%\">0,20 ~ 3,0<\/td>\n<td width=\"14.6400%\">730 ~ 1570<\/td>\n<td rowspan=\"3\" width=\"22.9000%\">508\/610 (cewka)<\/td>\n<\/tr>\n<tr>\n<td width=\"17.7600%\">Bez ci\u0119cia kraw\u0119dziowego<\/td>\n<td width=\"14.6400%\">750 ~ 1600<\/td>\n<\/tr>\n<tr>\n<td colspan=\"2\" width=\"32.5400%\">Ci\u0119cie wzd\u0142u\u017cne ta\u015bmy stalowej<\/td>\n<td width=\"14.6200%\">0,20 ~ 3,0<\/td>\n<td width=\"14.6400%\">120 ~ 700<\/td>\n<\/tr>\n<\/tbody>\n<\/table>\n<\/div><\/section><\/p><\/div>","protected":false},"excerpt":{"rendered":"","protected":false},"author":1,"featured_media":0,"parent":346,"menu_order":0,"comment_status":"closed","ping_status":"closed","template":"","meta":{"footnotes":""},"class_list":["post-558","page","type-page","status-publish","hentry"],"aioseo_notices":[],"_links":{"self":[{"href":"https:\/\/wldstainless.com\/pl\/wp-json\/wp\/v2\/pages\/558","targetHints":{"allow":["GET"]}}],"collection":[{"href":"https:\/\/wldstainless.com\/pl\/wp-json\/wp\/v2\/pages"}],"about":[{"href":"https:\/\/wldstainless.com\/pl\/wp-json\/wp\/v2\/types\/page"}],"author":[{"embeddable":true,"href":"https:\/\/wldstainless.com\/pl\/wp-json\/wp\/v2\/users\/1"}],"replies":[{"embeddable":true,"href":"https:\/\/wldstainless.com\/pl\/wp-json\/wp\/v2\/comments?post=558"}],"version-history":[{"count":16,"href":"https:\/\/wldstainless.com\/pl\/wp-json\/wp\/v2\/pages\/558\/revisions"}],"predecessor-version":[{"id":2054,"href":"https:\/\/wldstainless.com\/pl\/wp-json\/wp\/v2\/pages\/558\/revisions\/2054"}],"up":[{"embeddable":true,"href":"https:\/\/wldstainless.com\/pl\/wp-json\/wp\/v2\/pages\/346"}],"wp:attachment":[{"href":"https:\/\/wldstainless.com\/pl\/wp-json\/wp\/v2\/media?parent=558"}],"curies":[{"name":"wp","href":"https:\/\/api.w.org\/{rel}","templated":true}]}}