{"id":197,"date":"2019-05-16T14:56:59","date_gmt":"2019-05-16T14:56:59","guid":{"rendered":"http:\/\/wldstainless.com\/?page_id=197"},"modified":"2020-12-11T03:38:18","modified_gmt":"2020-12-11T03:38:18","slug":"steel-services","status":"publish","type":"page","link":"https:\/\/wldstainless.com\/pl\/about\/steel-services\/","title":{"rendered":"US\u0141UGI"},"content":{"rendered":"<\/div><\/div><\/div><!-- close content main div --><\/div><\/div><div id='aboutpage' class='avia-section main_color avia-section-small avia-no-shadow avia-bg-style-scroll   container_wrap sidebar_left'   ><div class='container' ><div class='template-page content  av-content-small units'><div class='post-entry post-entry-type-page post-entry-197'><div class='entry-content-wrapper clearfix'>\n<div class=\"flex_column av_one_full  flex_column_div av-zero-column-padding first\" style='border-radius:0px; '><section class=\"av_textblock_section\"  itemscope=\"itemscope\" itemtype=\"https:\/\/schema.org\/CreativeWork\" ><div class='avia_textblock'   itemprop=\"text\" ><p>Dzi\u0119ki zaawansowanemu sprz\u0119towi i \u015bcis\u0142emu planowi produkcji stal WLD opr\u00f3cz naszych standardowych produkt\u00f3w produkuje specjalne produkty na zam\u00f3wienie, zgodnie ze specyficznymi potrzebami i rysunkami klienta. Zapewniamy r\u00f3wnie\u017c klientom r\u00f3\u017cnorodne kompleksowe us\u0142ugi w zakresie obr\u00f3bki stali nierdzewnej, takie jak spawanie, wiercenie, gi\u0119cie, polerowanie i obr\u00f3bka tokarska.<\/p>\n<\/div><\/section><\/div><div class=\"flex_column av_one_fourth  flex_column_div av-zero-column-padding first\" style='border-radius:0px; '><div class='avia-image-container  av-styling-circle    avia-align-center'  itemprop=\"ImageObject\" itemscope=\"itemscope\" itemtype=\"https:\/\/schema.org\/ImageObject\"  ><div class='avia-image-container-inner'><img class='avia_image' src='https:\/\/wldstainless.com\/wp-content\/uploads\/2020\/08\/Water-jet-cutting.jpg' alt='' title='Ci\u0119cie strumieniem wody'   itemprop=\"thumbnailUrl\"  \/><\/div><\/div><\/div><div class=\"flex_column av_three_fourth  flex_column_div\" style='padding:50px 0px 50px 0px ; border-radius:0px; '><section class=\"av_textblock_section\"  itemscope=\"itemscope\" itemtype=\"https:\/\/schema.org\/CreativeWork\" ><div class='avia_textblock'   itemprop=\"text\" ><h3 align=\"justify\"><\/h3>\n<h3>Us\u0142uga ci\u0119cia precyzyjnego<\/h3>\n<p>Ci\u0119cie laserowe<\/p>\n<p>Ci\u0119cie laserem mo\u017cna wykorzysta\u0107 do wycinania skomplikowanych kszta\u0142t\u00f3w lub tam, gdzie wymagana jest du\u017ca precyzja wymiaru, mo\u017cna je ci\u0105\u0107 po obu stronach przedmiotu ze stali nierdzewnej jednocze\u015bnie z du\u017c\u0105 wydajno\u015bci\u0105. W WLD steel jeste\u015bmy dumni z naszej zdolno\u015bci do obr\u00f3bki skrawaniem <a href=\"https:\/\/wldstainless.com\/products\/stainless-steel-coiled-tube\/\">rurka ze stali nierdzewnej<\/a> lub pr\u0119t o maksymalnej \u015brednicy 508mm, d\u0142ugo\u015bci 15,5m i p\u0142ycie ze stali nierdzewnej o maksymalnej szeroko\u015bci 4,5m i grubo\u015bci 16mm.<\/p>\n<p>Ci\u0119cie plazmowe<\/p>\n<p>Ci\u0119cie plazmowe to proces ci\u0119cia topi\u0105cego, kt\u00f3ry WYKORZYSTUJE ciep\u0142o gor\u0105cej plazmy do stopienia metalu i wydmuchania stopionego metalu z miejsca ci\u0119cia. Metoda ta jest skuteczna przy ci\u0119ciu blach ze stali nierdzewnej o grubo\u015bci mniejszej ni\u017c 30mm. Ma t\u0119 zalet\u0119, \u017ce powoduje niewielkie odkszta\u0142cenia, poniewa\u017c ci\u0119cie odbywa si\u0119 w w\u0105skim obszarze o wysokiej temperaturze.<\/p>\n<p>Ci\u0119cie pi\u0142\u0105<\/p>\n<p>WLD Steel jest w stanie realizowa\u0107 zam\u00f3wienia wed\u0142ug dok\u0142adnych wymaga\u0144 klienta. Nasze rury i profile ze stali nierdzewnej mo\u017cna ci\u0105\u0107 pi\u0142\u0105 po linii prostej lub pod wymaganym k\u0105tem, w zale\u017cno\u015bci od specyfikacji. Proces ten jest szczeg\u00f3lnie przeznaczony dla bran\u017cy budowlanej i in\u017cynieryjnej.<\/p>\n<p>Ci\u0119cie gazowe<\/p>\n<p>WLD Steel akceptuje ci\u0119cie p\u0142omieniem i strumieniem wody pod wysokim ci\u015bnieniem. Ci\u0119cie p\u0142omieniowe to proces, w kt\u00f3rym do topienia stali wykorzystuje si\u0119 mieszanin\u0119 tlenu i gazu, a roztopiony metal wypala si\u0119 za pomoc\u0105 pistoletu natryskowego tlenowego, kt\u00f3ry nadaje si\u0119 do ci\u0119cia grubych blach ze stali nierdzewnej.<\/p>\n<p>Ci\u0119cie strumieniem wody HP<\/p>\n<p>Ci\u0119cie strumieniem wody to proces, w kt\u00f3rym wykorzystuje si\u0119 strumie\u0144 wody pod wysokim ci\u015bnieniem do przenoszenia ziarna \u015bciernego. kt\u00f3ry charakteryzuje si\u0119 precyzj\u0105, ekonomiczno\u015bci\u0105, przyjazno\u015bci\u0105 dla \u015brodowiska i nie wymaga p\u00f3\u017aniejszej obr\u00f3bki oraz nie powoduje odkszta\u0142ce\u0144 termicznych strefy ci\u0119cia.<\/p>\n<\/div><\/section><br \/>\n<div style='height:50px' class='hr hr-invisible'><span class='hr-inner' ><span class='hr-inner-style'><\/span><\/span><\/div><\/p><\/div><\/div><\/div><\/div><!-- close content main div --><\/div><\/div><div id='after_section_1' class='main_color av_default_container_wrap container_wrap sidebar_left'   ><div class='container' ><div class='template-page content  av-content-small units'><div class='post-entry post-entry-type-page post-entry-197'><div class='entry-content-wrapper clearfix'><div class=\"flex_column av_one_fourth  flex_column_div av-zero-column-padding first\" style='border-radius:0px; '><div class='avia-image-container  av-styling-circle    avia-align-center'  itemprop=\"ImageObject\" itemscope=\"itemscope\" itemtype=\"https:\/\/schema.org\/ImageObject\"  ><div class='avia-image-container-inner'><img class='avia_image' src='https:\/\/wldstainless.com\/wp-content\/uploads\/2020\/08\/Sandblasting.jpg' alt='' title='Piaskowanie'   itemprop=\"thumbnailUrl\"  \/><\/div><\/div><\/div><\/p>\n<div class=\"flex_column av_three_fourth  flex_column_div av-zero-column-padding\" style='border-radius:0px; '><section class=\"av_textblock_section\"  itemscope=\"itemscope\" itemtype=\"https:\/\/schema.org\/CreativeWork\" ><div class='avia_textblock'   itemprop=\"text\" ><h3>Us\u0142uga obr\u00f3bki powierzchni<\/h3>\n<p>WLD Steel zawsze poddawa\u0142o obr\u00f3bce niestandardowej seri\u0119 obr\u00f3bek powierzchni blach i p\u0142yt ze stali nierdzewnej, w tym m\u0142yn 2B, BA (wy\u017carzane na bia\u0142o), szczotkowane #4 \/ nr 4 satynowe wyko\u0144czenia, wyko\u0144czenie w\u0142oskowate, lustrzane, krzy\u017cowe, kolorowe \/ pow\u0142oka PVD Wyko\u0144czenia, pow\u0142oka zapobiegaj\u0105ca odciskom palc\u00f3w<\/p>\n<\/div><\/section><br \/>\n<div style='height:50px' class='hr hr-invisible'><span class='hr-inner' ><span class='hr-inner-style'><\/span><\/span><\/div><\/p><\/div><div class=\"flex_column av_one_fourth  flex_column_div av-zero-column-padding first\" style='border-radius:0px; '><div class='avia-image-container  av-styling-circle    avia-align-center'  itemprop=\"ImageObject\" itemscope=\"itemscope\" itemtype=\"https:\/\/schema.org\/ImageObject\"  ><div class='avia-image-container-inner'><img class='avia_image' src='https:\/\/wldstainless.com\/wp-content\/uploads\/2020\/08\/Bending-2.jpg' alt='' title='Pochylenie si\u0119'   itemprop=\"thumbnailUrl\"  \/><\/div><\/div><\/div><\/p>\n<div class=\"flex_column av_three_fourth  flex_column_div av-zero-column-padding\" style='border-radius:0px; '><section class=\"av_textblock_section\"  itemscope=\"itemscope\" itemtype=\"https:\/\/schema.org\/CreativeWork\" ><div class='avia_textblock'   itemprop=\"text\" ><h3>Us\u0142uga gi\u0119cia CNC<\/h3>\n<p>Gi\u0119cie dotyczy g\u0142\u00f3wnie blach i profili ze stali nierdzewnej. Nasza gi\u0119tarka CNC pozwala nam zachowa\u0107 \u015bcis\u0142\u0105 kontrol\u0119 jako\u015bci naszych proces\u00f3w produkcyjnych, zapewniaj\u0105c k\u0105ty gi\u0119cia i doskona\u0142\u0105 jako\u015b\u0107 powierzchni. Oferujemy r\u00f3wnie\u017c us\u0142ugi test\u00f3w zginania wed\u0142ug bezkompromisowych specyfikacji, takich jak ANSI, ASTM i ASME.<\/p>\n<\/div><\/section><\/div>","protected":false},"excerpt":{"rendered":"","protected":false},"author":1,"featured_media":0,"parent":76,"menu_order":0,"comment_status":"closed","ping_status":"closed","template":"","meta":{"footnotes":""},"class_list":["post-197","page","type-page","status-publish","hentry"],"aioseo_notices":[],"_links":{"self":[{"href":"https:\/\/wldstainless.com\/pl\/wp-json\/wp\/v2\/pages\/197","targetHints":{"allow":["GET"]}}],"collection":[{"href":"https:\/\/wldstainless.com\/pl\/wp-json\/wp\/v2\/pages"}],"about":[{"href":"https:\/\/wldstainless.com\/pl\/wp-json\/wp\/v2\/types\/page"}],"author":[{"embeddable":true,"href":"https:\/\/wldstainless.com\/pl\/wp-json\/wp\/v2\/users\/1"}],"replies":[{"embeddable":true,"href":"https:\/\/wldstainless.com\/pl\/wp-json\/wp\/v2\/comments?post=197"}],"version-history":[{"count":19,"href":"https:\/\/wldstainless.com\/pl\/wp-json\/wp\/v2\/pages\/197\/revisions"}],"predecessor-version":[{"id":2048,"href":"https:\/\/wldstainless.com\/pl\/wp-json\/wp\/v2\/pages\/197\/revisions\/2048"}],"up":[{"embeddable":true,"href":"https:\/\/wldstainless.com\/pl\/wp-json\/wp\/v2\/pages\/76"}],"wp:attachment":[{"href":"https:\/\/wldstainless.com\/pl\/wp-json\/wp\/v2\/media?parent=197"}],"curies":[{"name":"wp","href":"https:\/\/api.w.org\/{rel}","templated":true}]}}