{"id":1682,"date":"2020-09-09T02:12:40","date_gmt":"2020-09-09T02:12:40","guid":{"rendered":"http:\/\/wldstainless.com\/?page_id=1682"},"modified":"2020-12-11T05:50:03","modified_gmt":"2020-12-11T05:50:03","slug":"stainless-steel-hexagon-bars","status":"publish","type":"page","link":"https:\/\/wldstainless.com\/pl\/products\/stainless-steel-hexagon-bars\/","title":{"rendered":"Sze\u015bciok\u0105tne pr\u0119ty ze stali nierdzewnej"},"content":{"rendered":"<div class=\"flex_column av_one_fourth  flex_column_div av-zero-column-padding first\" style='border-radius:0px; '><p><div class='avia-builder-widget-area clearfix'><div id=\"nav_menu-7\" class=\"widget clearfix widget_nav_menu\"><h3 class=\"widgettitle\">Produkty<\/h3><div class=\"menu-accessories-container\"><ul id=\"menu-accessories\" class=\"menu\"><li id=\"menu-item-1924\" class=\"menu-item menu-item-type-post_type menu-item-object-page menu-item-1924\"><a href=\"https:\/\/wldstainless.com\/pl\/products\/stainless-steel-angle\/\">K\u0105t ze stali nierdzewnej<\/a><\/li>\n<li id=\"menu-item-1925\" class=\"menu-item menu-item-type-post_type menu-item-object-page menu-item-1925\"><a href=\"https:\/\/wldstainless.com\/pl\/products\/stainless-steel-beam\/\">Belka ze stali nierdzewnej<\/a><\/li>\n<li id=\"menu-item-1926\" class=\"menu-item menu-item-type-post_type menu-item-object-page menu-item-1926\"><a href=\"https:\/\/wldstainless.com\/pl\/products\/stainless-steel-capillary-tubes\/\">Rurki kapilarne ze stali nierdzewnej<\/a><\/li>\n<li id=\"menu-item-1927\" class=\"menu-item menu-item-type-post_type menu-item-object-page menu-item-1927\"><a href=\"https:\/\/wldstainless.com\/pl\/products\/stainless-steel-channel\/\">Kana\u0142 ze stali nierdzewnej<\/a><\/li>\n<li id=\"menu-item-1928\" class=\"menu-item menu-item-type-post_type menu-item-object-page menu-item-1928\"><a href=\"https:\/\/wldstainless.com\/pl\/products\/stainless-steel-coiled-tube\/\">Zwijana rura ze stali nierdzewnej<\/a><\/li>\n<li id=\"menu-item-1929\" class=\"menu-item menu-item-type-post_type menu-item-object-page menu-item-1929\"><a href=\"https:\/\/wldstainless.com\/pl\/products\/stainless-steel-cold-rolled-plate-sheet-coil\/\">P\u0142yta \/ arkusz \/ cewka ze stali nierdzewnej walcowanej na zimno<\/a><\/li>\n<li id=\"menu-item-1930\" class=\"menu-item menu-item-type-post_type menu-item-object-page menu-item-1930\"><a href=\"https:\/\/wldstainless.com\/pl\/products\/stainless-steel-flats\/\">P\u0142askie ze stali nierdzewnej<\/a><\/li>\n<li id=\"menu-item-1931\" class=\"menu-item menu-item-type-post_type menu-item-object-page menu-item-1931\"><a href=\"https:\/\/wldstainless.com\/pl\/products\/stainless-steel-hexagon-bars\/\">Sze\u015bciok\u0105tne pr\u0119ty ze stali nierdzewnej<\/a><\/li>\n<li id=\"menu-item-1932\" class=\"menu-item menu-item-type-post_type menu-item-object-page menu-item-1932\"><a href=\"https:\/\/wldstainless.com\/pl\/products\/stainless-steel-hot-rolled-plate-sheet-coil\/\">P\u0142yta \/ arkusz \/ cewka ze stali nierdzewnej walcowanej na gor\u0105co<\/a><\/li>\n<li id=\"menu-item-1933\" class=\"menu-item menu-item-type-post_type menu-item-object-page menu-item-1933\"><a href=\"https:\/\/wldstainless.com\/pl\/products\/stainless-steel-large-diameter-pipe\/\">Rura ze stali nierdzewnej o du\u017cej \u015brednicy<\/a><\/li>\n<li id=\"menu-item-1934\" class=\"menu-item menu-item-type-post_type menu-item-object-page menu-item-1934\"><a href=\"https:\/\/wldstainless.com\/pl\/products\/stainless-steel-round-bars\/\">Pr\u0119ty okr\u0105g\u0142e ze stali nierdzewnej<\/a><\/li>\n<li id=\"menu-item-1935\" class=\"menu-item menu-item-type-post_type menu-item-object-page menu-item-1935\"><a href=\"https:\/\/wldstainless.com\/pl\/products\/stainless-steel-square-tube\/\">Kwadratowa rurka ze stali nierdzewnej<\/a><\/li>\n<li id=\"menu-item-1936\" class=\"menu-item menu-item-type-post_type menu-item-object-page menu-item-1936\"><a href=\"https:\/\/wldstainless.com\/pl\/products\/stainless-steel-u-bend-tube\/\">Rurka w kszta\u0142cie litery U ze stali nierdzewnej<\/a><\/li>\n<\/ul><\/div><\/div><\/div><br \/>\n<div  class='hr hr-default'><span class='hr-inner' ><span class='hr-inner-style'><\/span><\/span><\/div><br \/>\n<div class='avia-button-wrap avia-button-left'><a href='http:\/\/wldstainless.com\/contact\/#contact' class='avia-button   avia-icon_select-yes-left-icon avia-color-custom avia-size-large avia-position-left'  target=\"_blank\"  style='background-color:#e82221; border-color:#e82221; color:#ffffff; ' ><span class='avia_button_icon avia_button_icon_left' aria-hidden='true' data-av_icon='\ue84b' data-av_iconfont='entypo-fontello'><\/span><span class='avia_iconbox_title' >Poprosi\u0107 o wycen\u0119<\/span><\/a><\/div><\/p><\/div>\n<div class=\"flex_column av_three_fourth  flex_column_div\" style='padding:0px 0px 50px 0px ; border-radius:0px; '><p><div style='padding-bottom:10px;color:#d3311f;' class='av-special-heading av-special-heading-h3 custom-color-heading'><h3 class='av-special-heading-tag'  itemprop=\"headline\"  >Sze\u015bciok\u0105tne pr\u0119ty ze stali nierdzewnej<\/h3><div class='special-heading-border'><div class='special-heading-inner-border' style='border-color:#d3311f'><\/div><\/div><\/div><br \/>\n<div class='avia-gallery  avia-gallery-1 avia_lazyload avia_animate_when_visible'  itemprop=\"ImageObject\" itemscope=\"itemscope\" itemtype=\"https:\/\/schema.org\/ImageObject\" ><div class='avia-gallery-thumb'> <a href='https:\/\/wldstainless.com\/wp-content\/uploads\/2020\/09\/304-Hex-bar-1.jpg' data-rel='gallery-1' data-prev-img='https:\/\/wldstainless.com\/wp-content\/uploads\/2020\/09\/304-Hex-bar-1.jpg' class='first_thumb lightbox' data-onclick='1' title=''  itemprop=\"thumbnailUrl\" ><img  src='https:\/\/wldstainless.com\/wp-content\/uploads\/2020\/09\/304-Hex-bar-1.jpg' width='300' height='300'  title='304 Sze\u015bciok\u0105tny pr\u0119t' alt='' \/><\/a> <a href='https:\/\/wldstainless.com\/wp-content\/uploads\/2020\/09\/SS-Hex-bar-1.jpg' data-rel='gallery-1' data-prev-img='https:\/\/wldstainless.com\/wp-content\/uploads\/2020\/09\/SS-Hex-bar-1.jpg' class='lightbox' data-onclick='2' title=''  itemprop=\"thumbnailUrl\" ><img  src='https:\/\/wldstainless.com\/wp-content\/uploads\/2020\/09\/SS-Hex-bar-1.jpg' width='300' height='300'  title='Pr\u0119t sze\u015bciok\u0105tny SS' alt='' \/><\/a> <a href='https:\/\/wldstainless.com\/wp-content\/uploads\/2020\/09\/SS-rod.jpg' data-rel='gallery-1' data-prev-img='https:\/\/wldstainless.com\/wp-content\/uploads\/2020\/09\/SS-rod.jpg' class='lightbox' data-onclick='3' title=''  itemprop=\"thumbnailUrl\" ><img  src='https:\/\/wldstainless.com\/wp-content\/uploads\/2020\/09\/SS-rod.jpg' width='300' height='300'  title='Pr\u0119t SS' alt='' \/><\/a><\/div><\/div><br \/>\n<div  class='hr hr-default'><span class='hr-inner' ><span class='hr-inner-style'><\/span><\/span><\/div><br \/>\n<section class=\"av_textblock_section\"  itemscope=\"itemscope\" itemtype=\"https:\/\/schema.org\/CreativeWork\" ><div class='avia_textblock'   itemprop=\"text\" ><p>Pr\u0119t lub pr\u0119t ze stali nierdzewnej jest wytwarzany w procesie ci\u0105gnienia na zimno lub walcowania na gor\u0105co. W zale\u017cno\u015bci od struktury i sk\u0142adu chemicznego stali, pr\u0119ty ze stali nierdzewnej mo\u017cna podzieli\u0107 na pr\u0119ty ze stali nierdzewnej martenzytycznej, pr\u0119ty ze stali ferrytycznej, pr\u0119ty ze stali nierdzewnej austenitycznej, pr\u0119ty ze stali nierdzewnej duplex i pr\u0119ty ze stali nierdzewnej utwardzanej wydzieleniowo lub pr\u0119ty ze stali nierdzewnej chromowanej i niklu -pr\u0119t ze stali nierdzewnej. W zale\u017cno\u015bci od formy i kszta\u0142t\u00f3w pr\u0119t ze stali nierdzewnej mo\u017ce by\u0107 pr\u0119tem p\u0142askim, pr\u0119tem sze\u015bciok\u0105tnym, pr\u0119tem kwadratowym, pr\u0119tem okr\u0105g\u0142ym.<\/p>\n<p>Sze\u015bciok\u0105tny pr\u0119t ze stali nierdzewnej oferuje r\u00f3\u017cne zastosowania i mo\u017ce by\u0107 stosowany do cz\u0119\u015bci mechanicznych i wymagaj\u0105cych dobrej odporno\u015bci na korozj\u0119 i doskona\u0142ej wytrzyma\u0142o\u015bci, takich jak cz\u0119\u015bci samochodowe, cz\u0119\u015bci wind, sprz\u0119t kuchenny, zbiorniki ci\u015bnieniowe i inne obszary obr\u00f3bki i produkcji komponent\u00f3w, takie jak \u015bruby sze\u015bciok\u0105tne, \u015bruby sze\u015bciok\u0105tne, sze\u015bciok\u0105tne \u015bruby ustalaj\u0105ce. W WLD Steel dostarczamy i produkujemy pr\u0119ty sze\u015bciok\u0105tne ze stali nierdzewnej w r\u00f3\u017cnych wymiarach i gatunkach, w stanie walcowanym, wy\u017carzonym i znormalizowanym. Oferujemy r\u00f3wnie\u017c ci\u0119cie na wymiar i obr\u00f3bk\u0119 ciepln\u0105 za po\u015brednictwem naszego centrum serwisowego.<\/p>\n<\/div><\/section><br \/>\n<div  class='hr hr-default'><span class='hr-inner' ><span class='hr-inner-style'><\/span><\/span><\/div><br \/>\n<section class=\"av_textblock_section\"  itemscope=\"itemscope\" itemtype=\"https:\/\/schema.org\/CreativeWork\" ><div class='avia_textblock'   itemprop=\"text\" ><h3>Specyfikacje przemys\u0142owych pr\u0119t\u00f3w sze\u015bciok\u0105tnych SS<\/h3>\n<table>\n<tbody>\n<tr>\n<td width=\"323\">Formularze:<\/td>\n<td width=\"529\">Pr\u0119t sze\u015bciok\u0105tny, pr\u0119t sze\u015bciok\u0105tny<\/td>\n<\/tr>\n<tr>\n<td width=\"323\">Materia\u0142<\/td>\n<td width=\"529\">Stal nierdzewna<\/p>\n<p>Dwustronna stal nierdzewna<\/td>\n<\/tr>\n<tr>\n<td width=\"323\">Wyko\u0144czenie powierzchni<\/td>\n<td width=\"529\">Polerowane, jasne, szlifowane, piaskowane, trawione, wyko\u0144czone m\u0142ynem<\/td>\n<\/tr>\n<tr>\n<td width=\"323\">Specyfikacja<\/td>\n<td width=\"529\">ASTM A276<\/p>\n<p>ASTM A484<\/p>\n<p>ASTM A564<\/p>\n<p>ASTM A581<\/p>\n<p>ASTM A582<\/td>\n<\/tr>\n<tr>\n<td width=\"323\">Rozmiar<\/td>\n<td width=\"529\">Rozmiar: 8mm-100mm, bok: 8*8mm-100*100mm<\/td>\n<\/tr>\n<tr>\n<td width=\"323\">D\u0142ugo\u015b\u0107<\/td>\n<td width=\"529\">5,8 M, 6 M lub wed\u0142ug specjalnych wymaga\u0144<\/td>\n<\/tr>\n<\/tbody>\n<\/table>\n<h4><\/h4>\n<h4>Dost\u0119pne gatunki pr\u0119t\u00f3w sze\u015bciok\u0105tnych SS w firmie WID Steel<\/h4>\n<ul>\n<li>Stal nierdzewna <a href=\"https:\/\/wldstainless.com\/materials\/austenitic-stainless-steel\/304-304l-stainless-steel\/\">304\/304L<\/a> Sze\u015bciok\u0105tny pr\u0119t\/pr\u0119t<\/li>\n<li>Stal nierdzewna <a href=\"https:\/\/wldstainless.com\/materials\/austenitic-stainless-steel\/310s-stainless-steel\/\">310\/310S<\/a> Sze\u015bciok\u0105tny pr\u0119t \/ pr\u0119t<\/li>\n<li>Stal nierdzewna <a href=\"https:\/\/wldstainless.com\/materials\/austenitic-stainless-steel\/316-316l-stainless-steel\/\">316\/316L<\/a> Sze\u015bciok\u0105tny pr\u0119t\/pr\u0119t<\/li>\n<li>Stal nierdzewna <a href=\"https:\/\/wldstainless.com\/materials\/austenitic-stainless-steel\/321-321h-stainless-steel\/\">321<\/a> Sze\u015bciok\u0105tny pr\u0119t\/pr\u0119ty<\/li>\n<li>Stal nierdzewna <a href=\"https:\/\/wldstainless.com\/materials\/austenitic-stainless-steel\/347-347h-stainless-steel\/\">347H<\/a> Sze\u015bciok\u0105tny pr\u0119t\/pr\u0119t<\/li>\n<li>Stal nierdzewna <a href=\"https:\/\/wldstainless.com\/materials\/austenitic-stainless-steel\/904l-stainless-steel\/\">904L<\/a> Sze\u015bciok\u0105tny pr\u0119t\/pr\u0119t<\/li>\n<li>Stal nierdzewna <a href=\"https:\/\/wldstainless.com\/materials\/ferritic-stainless-steel\/409-409l-stainless-steel\/\">409\/409L<\/a> Sze\u015bciok\u0105tny pr\u0119t\/pr\u0119t<\/li>\n<li>Stal nierdzewna <a href=\"https:\/\/wldstainless.com\/materials\/ferritic-stainless-steel\/410-410s-stainless-steel\/\">410\/410S<\/a> Sze\u015bciok\u0105tny pr\u0119t\/pr\u0119t<\/li>\n<li>Stal nierdzewna <a href=\"https:\/\/wldstainless.com\/materials\/ferritic-stainless-steel\/430-430f-stainless-steel\/\">430<\/a> Sze\u015bciok\u0105tny pr\u0119t\/pr\u0119t<\/li>\n<li>Dwustronna stal nierdzewna <a href=\"https:\/\/wldstainless.com\/materials\/duplex-stainless-steel\/alloy-2205-stainless-steel\/\">2205<\/a> Sze\u015bciok\u0105tny pr\u0119t\/pr\u0119t<\/li>\n<\/ul>\n<\/div><\/section><\/p><\/div>","protected":false},"excerpt":{"rendered":"","protected":false},"author":1,"featured_media":0,"parent":346,"menu_order":0,"comment_status":"closed","ping_status":"closed","template":"","meta":{"footnotes":""},"class_list":["post-1682","page","type-page","status-publish","hentry"],"aioseo_notices":[],"_links":{"self":[{"href":"https:\/\/wldstainless.com\/pl\/wp-json\/wp\/v2\/pages\/1682","targetHints":{"allow":["GET"]}}],"collection":[{"href":"https:\/\/wldstainless.com\/pl\/wp-json\/wp\/v2\/pages"}],"about":[{"href":"https:\/\/wldstainless.com\/pl\/wp-json\/wp\/v2\/types\/page"}],"author":[{"embeddable":true,"href":"https:\/\/wldstainless.com\/pl\/wp-json\/wp\/v2\/users\/1"}],"replies":[{"embeddable":true,"href":"https:\/\/wldstainless.com\/pl\/wp-json\/wp\/v2\/comments?post=1682"}],"version-history":[{"count":12,"href":"https:\/\/wldstainless.com\/pl\/wp-json\/wp\/v2\/pages\/1682\/revisions"}],"predecessor-version":[{"id":2056,"href":"https:\/\/wldstainless.com\/pl\/wp-json\/wp\/v2\/pages\/1682\/revisions\/2056"}],"up":[{"embeddable":true,"href":"https:\/\/wldstainless.com\/pl\/wp-json\/wp\/v2\/pages\/346"}],"wp:attachment":[{"href":"https:\/\/wldstainless.com\/pl\/wp-json\/wp\/v2\/media?parent=1682"}],"curies":[{"name":"wp","href":"https:\/\/api.w.org\/{rel}","templated":true}]}}