{"id":1680,"date":"2020-09-09T02:11:54","date_gmt":"2020-09-09T02:11:54","guid":{"rendered":"http:\/\/wldstainless.com\/?page_id=1680"},"modified":"2020-12-11T06:05:25","modified_gmt":"2020-12-11T06:05:25","slug":"stainless-steel-square-tube","status":"publish","type":"page","link":"https:\/\/wldstainless.com\/pl\/products\/stainless-steel-square-tube\/","title":{"rendered":"Kwadratowa rurka ze stali nierdzewnej"},"content":{"rendered":"<div class=\"flex_column av_one_fourth  flex_column_div av-zero-column-padding first\" style='border-radius:0px; '><p><div class='avia-builder-widget-area clearfix'><div id=\"nav_menu-7\" class=\"widget clearfix widget_nav_menu\"><h3 class=\"widgettitle\">Produkty<\/h3><div class=\"menu-accessories-container\"><ul id=\"menu-accessories\" class=\"menu\"><li id=\"menu-item-1924\" class=\"menu-item menu-item-type-post_type menu-item-object-page menu-item-1924\"><a href=\"https:\/\/wldstainless.com\/pl\/products\/stainless-steel-angle\/\">K\u0105t ze stali nierdzewnej<\/a><\/li>\n<li id=\"menu-item-1925\" class=\"menu-item menu-item-type-post_type menu-item-object-page menu-item-1925\"><a href=\"https:\/\/wldstainless.com\/pl\/products\/stainless-steel-beam\/\">Belka ze stali nierdzewnej<\/a><\/li>\n<li id=\"menu-item-1926\" class=\"menu-item menu-item-type-post_type menu-item-object-page menu-item-1926\"><a href=\"https:\/\/wldstainless.com\/pl\/products\/stainless-steel-capillary-tubes\/\">Rurki kapilarne ze stali nierdzewnej<\/a><\/li>\n<li id=\"menu-item-1927\" class=\"menu-item menu-item-type-post_type menu-item-object-page menu-item-1927\"><a href=\"https:\/\/wldstainless.com\/pl\/products\/stainless-steel-channel\/\">Kana\u0142 ze stali nierdzewnej<\/a><\/li>\n<li id=\"menu-item-1928\" class=\"menu-item menu-item-type-post_type menu-item-object-page menu-item-1928\"><a href=\"https:\/\/wldstainless.com\/pl\/products\/stainless-steel-coiled-tube\/\">Zwijana rura ze stali nierdzewnej<\/a><\/li>\n<li id=\"menu-item-1929\" class=\"menu-item menu-item-type-post_type menu-item-object-page menu-item-1929\"><a href=\"https:\/\/wldstainless.com\/pl\/products\/stainless-steel-cold-rolled-plate-sheet-coil\/\">P\u0142yta \/ arkusz \/ cewka ze stali nierdzewnej walcowanej na zimno<\/a><\/li>\n<li id=\"menu-item-1930\" class=\"menu-item menu-item-type-post_type menu-item-object-page menu-item-1930\"><a href=\"https:\/\/wldstainless.com\/pl\/products\/stainless-steel-flats\/\">P\u0142askie ze stali nierdzewnej<\/a><\/li>\n<li id=\"menu-item-1931\" class=\"menu-item menu-item-type-post_type menu-item-object-page menu-item-1931\"><a href=\"https:\/\/wldstainless.com\/pl\/products\/stainless-steel-hexagon-bars\/\">Sze\u015bciok\u0105tne pr\u0119ty ze stali nierdzewnej<\/a><\/li>\n<li id=\"menu-item-1932\" class=\"menu-item menu-item-type-post_type menu-item-object-page menu-item-1932\"><a href=\"https:\/\/wldstainless.com\/pl\/products\/stainless-steel-hot-rolled-plate-sheet-coil\/\">P\u0142yta \/ arkusz \/ cewka ze stali nierdzewnej walcowanej na gor\u0105co<\/a><\/li>\n<li id=\"menu-item-1933\" class=\"menu-item menu-item-type-post_type menu-item-object-page menu-item-1933\"><a href=\"https:\/\/wldstainless.com\/pl\/products\/stainless-steel-large-diameter-pipe\/\">Rura ze stali nierdzewnej o du\u017cej \u015brednicy<\/a><\/li>\n<li id=\"menu-item-1934\" class=\"menu-item menu-item-type-post_type menu-item-object-page menu-item-1934\"><a href=\"https:\/\/wldstainless.com\/pl\/products\/stainless-steel-round-bars\/\">Pr\u0119ty okr\u0105g\u0142e ze stali nierdzewnej<\/a><\/li>\n<li id=\"menu-item-1935\" class=\"menu-item menu-item-type-post_type menu-item-object-page menu-item-1935\"><a href=\"https:\/\/wldstainless.com\/pl\/products\/stainless-steel-square-tube\/\">Kwadratowa rurka ze stali nierdzewnej<\/a><\/li>\n<li id=\"menu-item-1936\" class=\"menu-item menu-item-type-post_type menu-item-object-page menu-item-1936\"><a href=\"https:\/\/wldstainless.com\/pl\/products\/stainless-steel-u-bend-tube\/\">Rurka w kszta\u0142cie litery U ze stali nierdzewnej<\/a><\/li>\n<\/ul><\/div><\/div><\/div><br \/>\n<div  class='hr hr-default'><span class='hr-inner' ><span class='hr-inner-style'><\/span><\/span><\/div><br \/>\n<div class='avia-button-wrap avia-button-left'><a href='http:\/\/wldstainless.com\/contact\/#contact' class='avia-button   avia-icon_select-yes-left-icon avia-color-custom avia-size-large avia-position-left'  target=\"_blank\"  style='background-color:#e82221; border-color:#e82221; color:#ffffff; ' ><span class='avia_button_icon avia_button_icon_left' aria-hidden='true' data-av_icon='\ue84b' data-av_iconfont='entypo-fontello'><\/span><span class='avia_iconbox_title' >Poprosi\u0107 o wycen\u0119<\/span><\/a><\/div><\/p><\/div>\n<div class=\"flex_column av_three_fourth  flex_column_div\" style='padding:0px 0px 50px 0px ; border-radius:0px; '><p><div style='padding-bottom:10px;color:#d3311f;' class='av-special-heading av-special-heading-h3 custom-color-heading'><h3 class='av-special-heading-tag'  itemprop=\"headline\"  >Kwadratowa rurka ze stali nierdzewnej<\/h3><div class='special-heading-border'><div class='special-heading-inner-border' style='border-color:#d3311f'><\/div><\/div><\/div><br \/>\n<section class=\"av_textblock_section\"  itemscope=\"itemscope\" itemtype=\"https:\/\/schema.org\/CreativeWork\" ><div class='avia_textblock'   itemprop=\"text\" ><p>Rura kwadratowa ze stali nierdzewnej jest rodzajem d\u0142ugiej pustej rury stalowej o dobrej wytrzyma\u0142o\u015bci na zginanie i skr\u0119canie, mo\u017ce by\u0107 stosowana do transportu p\u0142yn\u00f3w, takich jak ropa naftowa, gaz ziemny, woda, gaz, para itp., A tak\u017ce do produkcji cz\u0119\u015bci mechanicznych i konstrukcje in\u017cynierskie. Rura kwadratowa ze stali nierdzewnej mo\u017ce by\u0107 bezszwowa i spawana, kwadratowa lub prostok\u0105tna, czasami wyst\u0119puj\u0105 r\u00f3wnie\u017c rury stalowe o innych kszta\u0142tach, takie jak owalne p\u00f3\u0142kole, sze\u015bciok\u0105t, tr\u00f3jk\u0105t r\u00f3wnoboczny, o\u015bmiok\u0105t. Kwadratow\u0105 rur\u0119 ze stali nierdzewnej pod ci\u015bnieniem p\u0142ynu nale\u017cy podda\u0107 pr\u00f3bie hydrostatycznej, aby sprawdzi\u0107 jej wytrzyma\u0142o\u015b\u0107 na \u015bciskanie i jako\u015b\u0107. Cz\u0119\u015b\u0107 rury kwadratowej powinna zosta\u0107 poddana pr\u00f3bie zaciskania, pr\u00f3bie rozszerzania, pr\u00f3bie sp\u0142aszczania i tak dalej, zgodnie z normami lub wymaganiami zamawiaj\u0105cego.<\/p>\n<p>WLD steel jest wiod\u0105cym dostawc\u0105, hurtownikiem i dystrybutorem kwadratowych rur ze stali nierdzewnej o najwy\u017cszej jako\u015bci odporno\u015bci na korozj\u0119 i temperatur\u0119. Kwadratowe rury ze stali nierdzewnej mog\u0105 by\u0107 stosowane wsz\u0119dzie, podobnie jak inne formy stali nierdzewnej, takie jak budownictwo, farmaceutyka, p\u00f3\u0142przewodniki, energetyka, ropa i gaz, wojsko i inne firmy komercyjne i przemys\u0142owe. WLD steel zapewnia, \u017ce dostarczane przez nas kwadratowe rury ze stali nierdzewnej najwy\u017cszej jako\u015bci pochodz\u0105 z wiod\u0105cej chi\u0144skiej huty stali do stosowania w ekstremalnych warunkach. Aby kupi\u0107 kwadratowe rury SS 201, 304, 316 w najlepszej cenie w Chinach? Skontaktuj si\u0119 z nami ju\u017c teraz.<\/p>\n<\/div><\/section><br \/>\n<div  class='hr hr-default'><span class='hr-inner' ><span class='hr-inner-style'><\/span><\/span><\/div><br \/>\n<div class='avia-gallery  avia-gallery-1 avia_lazyload avia_animate_when_visible'  itemprop=\"ImageObject\" itemscope=\"itemscope\" itemtype=\"https:\/\/schema.org\/ImageObject\" ><div class='avia-gallery-thumb'> <a href='https:\/\/wldstainless.com\/wp-content\/uploads\/2020\/09\/SS-suare-tube-1.jpg' data-rel='gallery-1' data-prev-img='https:\/\/wldstainless.com\/wp-content\/uploads\/2020\/09\/SS-suare-tube-1.jpg' class='first_thumb lightbox' data-onclick='1' title='Rura prostok\u0105tna 304'  itemprop=\"thumbnailUrl\" ><img data-avia-tooltip='304 Rectangle Tube' src='https:\/\/wldstainless.com\/wp-content\/uploads\/2020\/09\/SS-suare-tube-1.jpg' width='300' height='300'  title='Rurka SS' alt='' \/><\/a> <a href='https:\/\/wldstainless.com\/wp-content\/uploads\/2020\/09\/304-SS-square-pipe.jpg' data-rel='gallery-1' data-prev-img='https:\/\/wldstainless.com\/wp-content\/uploads\/2020\/09\/304-SS-square-pipe.jpg' class='lightbox' data-onclick='2' title='304 Rurka kwadratowa'  itemprop=\"thumbnailUrl\" ><img data-avia-tooltip='304 Square tube' src='https:\/\/wldstainless.com\/wp-content\/uploads\/2020\/09\/304-SS-square-pipe.jpg' width='300' height='300'  title='Rura kwadratowa 304 SS' alt='' \/><\/a> <a href='https:\/\/wldstainless.com\/wp-content\/uploads\/2020\/09\/Square-Tube-2.jpg' data-rel='gallery-1' data-prev-img='https:\/\/wldstainless.com\/wp-content\/uploads\/2020\/09\/Square-Tube-2.jpg' class='lightbox' data-onclick='3' title='Rura kwadratowa 316'  itemprop=\"thumbnailUrl\" ><img data-avia-tooltip='316 Square Tube' src='https:\/\/wldstainless.com\/wp-content\/uploads\/2020\/09\/Square-Tube-2.jpg' width='300' height='300'  title='Kwadratowa rurka' alt='' \/><\/a><\/div><\/div><br \/>\n<div  class='hr hr-default'><span class='hr-inner' ><span class='hr-inner-style'><\/span><\/span><\/div><br \/>\n<section class=\"av_textblock_section\"  itemscope=\"itemscope\" itemtype=\"https:\/\/schema.org\/CreativeWork\" ><div class='avia_textblock'   itemprop=\"text\" ><h4><strong>Specyfikacje rur przemys\u0142owych SS w kszta\u0142cie litery U<\/strong><\/h4>\n<table>\n<tbody>\n<tr>\n<td width=\"323\">Formularze:<\/td>\n<td width=\"529\">Rura kwadratowa SS<\/p>\n<p>Rurka prostok\u0105tna SS<\/td>\n<\/tr>\n<tr>\n<td width=\"323\">Materia\u0142<\/td>\n<td width=\"529\">Stal nierdzewna<\/p>\n<p>Dwustronna stal nierdzewna<\/td>\n<\/tr>\n<tr>\n<td width=\"323\">Specyfikacja<\/td>\n<td width=\"529\">\n<ul>\n<li>ASTM A249<\/li>\n<li>ASTM A269<\/li>\n<li>ASTM A312<\/li>\n<li>ASTM A358<\/li>\n<li>ASTM A409<\/li>\n<li>ASTM A554<\/li>\n<li>ASTM A778<\/li>\n<li>ASTM A789<\/li>\n<li>ASTM A790<\/li>\n<\/ul>\n<\/td>\n<\/tr>\n<tr>\n<td width=\"323\">Wyko\u0144czenie powierzchni<\/td>\n<td width=\"529\">Polerowane, jasne, szlifowane, piaskowane, marynowane, lustrzane kwadratowe, wyko\u0144czone m\u0142ynem<\/td>\n<\/tr>\n<tr>\n<td width=\"323\">Rozmiar<\/td>\n<td width=\"529\">WT: 5 * 5 ~ 150 * 150 mm<\/p>\n<p>OD: 0,4 ~ 6,0 mm<\/p>\n<p>D\u0142ugo\u015b\u0107: 6000mm, 12000mm +\/- 30mm<\/td>\n<\/tr>\n<\/tbody>\n<\/table>\n<\/div><\/section><br \/>\n<div  class='hr hr-default'><span class='hr-inner' ><span class='hr-inner-style'><\/span><\/span><\/div><br \/>\n<section class=\"av_textblock_section\"  itemscope=\"itemscope\" itemtype=\"https:\/\/schema.org\/CreativeWork\" ><div class='avia_textblock'   itemprop=\"text\" ><h4>Dost\u0119pne gatunki rur kwadratowych SS w firmie WID Steel<\/h4>\n<ul>\n<li>Stal nierdzewna <a href=\"https:\/\/wldstainless.com\/materials\/austenitic-stainless-steel\/304-304l-stainless-steel\/\">304\/304L<\/a> Kwadratowa rurka<\/li>\n<li>Stal nierdzewna <a href=\"https:\/\/wldstainless.com\/materials\/austenitic-stainless-steel\/316-316l-stainless-steel\/\">316\/316L<\/a> Kwadratowa rurka<\/li>\n<li>Rura kwadratowa ze stali nierdzewnej 309S<\/li>\n<li>Stal nierdzewna <a href=\"https:\/\/wldstainless.com\/materials\/austenitic-stainless-steel\/321-321h-stainless-steel\/\">321\/321H<\/a> Kwadratowa rurka<\/li>\n<li>Stal nierdzewna <a href=\"https:\/\/wldstainless.com\/materials\/austenitic-stainless-steel\/347-347h-stainless-steel\/\">347\/347H<\/a> Kwadratowa rurka<\/li>\n<li>Stal nierdzewna <a href=\"https:\/\/wldstainless.com\/materials\/ferritic-stainless-steel\/409-409l-stainless-steel\/\">409<\/a> Kwadratowa rurka<\/li>\n<li>Stal nierdzewna <a href=\"https:\/\/wldstainless.com\/materials\/austenitic-stainless-steel\/904l-stainless-steel\/\">904L<\/a> Kwadratowa rurka<\/li>\n<\/ul>\n<\/div><\/section><\/p><\/div>","protected":false},"excerpt":{"rendered":"","protected":false},"author":1,"featured_media":0,"parent":346,"menu_order":0,"comment_status":"closed","ping_status":"closed","template":"","meta":{"footnotes":""},"class_list":["post-1680","page","type-page","status-publish","hentry"],"aioseo_notices":[],"_links":{"self":[{"href":"https:\/\/wldstainless.com\/pl\/wp-json\/wp\/v2\/pages\/1680","targetHints":{"allow":["GET"]}}],"collection":[{"href":"https:\/\/wldstainless.com\/pl\/wp-json\/wp\/v2\/pages"}],"about":[{"href":"https:\/\/wldstainless.com\/pl\/wp-json\/wp\/v2\/types\/page"}],"author":[{"embeddable":true,"href":"https:\/\/wldstainless.com\/pl\/wp-json\/wp\/v2\/users\/1"}],"replies":[{"embeddable":true,"href":"https:\/\/wldstainless.com\/pl\/wp-json\/wp\/v2\/comments?post=1680"}],"version-history":[{"count":12,"href":"https:\/\/wldstainless.com\/pl\/wp-json\/wp\/v2\/pages\/1680\/revisions"}],"predecessor-version":[{"id":2059,"href":"https:\/\/wldstainless.com\/pl\/wp-json\/wp\/v2\/pages\/1680\/revisions\/2059"}],"up":[{"embeddable":true,"href":"https:\/\/wldstainless.com\/pl\/wp-json\/wp\/v2\/pages\/346"}],"wp:attachment":[{"href":"https:\/\/wldstainless.com\/pl\/wp-json\/wp\/v2\/media?parent=1680"}],"curies":[{"name":"wp","href":"https:\/\/api.w.org\/{rel}","templated":true}]}}