{"id":1678,"date":"2020-09-09T02:11:01","date_gmt":"2020-09-09T02:11:01","guid":{"rendered":"http:\/\/wldstainless.com\/?page_id=1678"},"modified":"2020-09-18T10:04:14","modified_gmt":"2020-09-18T10:04:14","slug":"stainless-steel-round-bars","status":"publish","type":"page","link":"https:\/\/wldstainless.com\/pl\/products\/stainless-steel-round-bars\/","title":{"rendered":"Pr\u0119ty okr\u0105g\u0142e ze stali nierdzewnej"},"content":{"rendered":"<div class=\"flex_column av_one_fourth  flex_column_div av-zero-column-padding first\" style='border-radius:0px; '><p><div class='avia-builder-widget-area clearfix'><div id=\"nav_menu-7\" class=\"widget clearfix widget_nav_menu\"><h3 class=\"widgettitle\">Produkty<\/h3><div class=\"menu-accessories-container\"><ul id=\"menu-accessories\" class=\"menu\"><li id=\"menu-item-1924\" class=\"menu-item menu-item-type-post_type menu-item-object-page menu-item-1924\"><a href=\"https:\/\/wldstainless.com\/pl\/products\/stainless-steel-angle\/\">K\u0105t ze stali nierdzewnej<\/a><\/li>\n<li id=\"menu-item-1925\" class=\"menu-item menu-item-type-post_type menu-item-object-page menu-item-1925\"><a href=\"https:\/\/wldstainless.com\/pl\/products\/stainless-steel-beam\/\">Belka ze stali nierdzewnej<\/a><\/li>\n<li id=\"menu-item-1926\" class=\"menu-item menu-item-type-post_type menu-item-object-page menu-item-1926\"><a href=\"https:\/\/wldstainless.com\/pl\/products\/stainless-steel-capillary-tubes\/\">Rurki kapilarne ze stali nierdzewnej<\/a><\/li>\n<li id=\"menu-item-1927\" class=\"menu-item menu-item-type-post_type menu-item-object-page menu-item-1927\"><a href=\"https:\/\/wldstainless.com\/pl\/products\/stainless-steel-channel\/\">Kana\u0142 ze stali nierdzewnej<\/a><\/li>\n<li id=\"menu-item-1928\" class=\"menu-item menu-item-type-post_type menu-item-object-page menu-item-1928\"><a href=\"https:\/\/wldstainless.com\/pl\/products\/stainless-steel-coiled-tube\/\">Zwijana rura ze stali nierdzewnej<\/a><\/li>\n<li id=\"menu-item-1929\" class=\"menu-item menu-item-type-post_type menu-item-object-page menu-item-1929\"><a href=\"https:\/\/wldstainless.com\/pl\/products\/stainless-steel-cold-rolled-plate-sheet-coil\/\">P\u0142yta \/ arkusz \/ cewka ze stali nierdzewnej walcowanej na zimno<\/a><\/li>\n<li id=\"menu-item-1930\" class=\"menu-item menu-item-type-post_type menu-item-object-page menu-item-1930\"><a href=\"https:\/\/wldstainless.com\/pl\/products\/stainless-steel-flats\/\">P\u0142askie ze stali nierdzewnej<\/a><\/li>\n<li id=\"menu-item-1931\" class=\"menu-item menu-item-type-post_type menu-item-object-page menu-item-1931\"><a href=\"https:\/\/wldstainless.com\/pl\/products\/stainless-steel-hexagon-bars\/\">Sze\u015bciok\u0105tne pr\u0119ty ze stali nierdzewnej<\/a><\/li>\n<li id=\"menu-item-1932\" class=\"menu-item menu-item-type-post_type menu-item-object-page menu-item-1932\"><a href=\"https:\/\/wldstainless.com\/pl\/products\/stainless-steel-hot-rolled-plate-sheet-coil\/\">P\u0142yta \/ arkusz \/ cewka ze stali nierdzewnej walcowanej na gor\u0105co<\/a><\/li>\n<li id=\"menu-item-1933\" class=\"menu-item menu-item-type-post_type menu-item-object-page menu-item-1933\"><a href=\"https:\/\/wldstainless.com\/pl\/products\/stainless-steel-large-diameter-pipe\/\">Rura ze stali nierdzewnej o du\u017cej \u015brednicy<\/a><\/li>\n<li id=\"menu-item-1934\" class=\"menu-item menu-item-type-post_type menu-item-object-page menu-item-1934\"><a href=\"https:\/\/wldstainless.com\/pl\/products\/stainless-steel-round-bars\/\">Pr\u0119ty okr\u0105g\u0142e ze stali nierdzewnej<\/a><\/li>\n<li id=\"menu-item-1935\" class=\"menu-item menu-item-type-post_type menu-item-object-page menu-item-1935\"><a href=\"https:\/\/wldstainless.com\/pl\/products\/stainless-steel-square-tube\/\">Kwadratowa rurka ze stali nierdzewnej<\/a><\/li>\n<li id=\"menu-item-1936\" class=\"menu-item menu-item-type-post_type menu-item-object-page menu-item-1936\"><a href=\"https:\/\/wldstainless.com\/pl\/products\/stainless-steel-u-bend-tube\/\">Rurka w kszta\u0142cie litery U ze stali nierdzewnej<\/a><\/li>\n<\/ul><\/div><\/div><\/div><br \/>\n<div  class='hr hr-default'><span class='hr-inner' ><span class='hr-inner-style'><\/span><\/span><\/div><br \/>\n<div class='avia-button-wrap avia-button-left'><a href='http:\/\/wldstainless.com\/contact\/#contact' class='avia-button   avia-icon_select-yes-left-icon avia-color-custom avia-size-large avia-position-left'  target=\"_blank\"  style='background-color:#e82221; border-color:#e82221; color:#ffffff; ' ><span class='avia_button_icon avia_button_icon_left' aria-hidden='true' data-av_icon='\ue84b' data-av_iconfont='entypo-fontello'><\/span><span class='avia_iconbox_title' >Poprosi\u0107 o wycen\u0119<\/span><\/a><\/div><\/p><\/div><div class=\"flex_column av_three_fourth  flex_column_div\" style='padding:0px 0px 50px 0px ; border-radius:0px; '><p><div style='padding-bottom:10px;color:#d3311f;' class='av-special-heading av-special-heading-h3 custom-color-heading'><h3 class='av-special-heading-tag'  itemprop=\"headline\"  >Pr\u0119ty okr\u0105g\u0142e ze stali nierdzewnej<\/h3><div class='special-heading-border'><div class='special-heading-inner-border' style='border-color:#d3311f'><\/div><\/div><\/div><br \/>\n<div  class='hr hr-default'><span class='hr-inner' ><span class='hr-inner-style'><\/span><\/span><\/div><br \/>\n<section class=\"av_textblock_section\"  itemscope=\"itemscope\" itemtype=\"https:\/\/schema.org\/CreativeWork\" ><div class='avia_textblock'   itemprop=\"text\" ><p>Okr\u0105g\u0142y pr\u0119t lub pr\u0119t ze stali nierdzewnej jest wytwarzany w procesie ci\u0105gnienia na zimno lub walcowania na gor\u0105co. W zale\u017cno\u015bci od struktury i sk\u0142adu chemicznego stali, pr\u0119ty ze stali nierdzewnej mo\u017cna podzieli\u0107 na pr\u0119ty ze stali nierdzewnej martenzytycznej, pr\u0119ty ze stali ferrytycznej, pr\u0119ty ze stali austenitycznej, pr\u0119ty ze stali nierdzewnej duplex i pr\u0119ty ze stali nierdzewnej utwardzanej wydzieleniowo lub pr\u0119ty ze stali chromowo-nierdzewnej i niklu -pr\u0119t ze stali nierdzewnej. W zale\u017cno\u015bci od formy i kszta\u0142t\u00f3w pr\u0119t ze stali nierdzewnej mo\u017ce by\u0107 pr\u0119tem p\u0142askim, pr\u0119tem sze\u015bciok\u0105tnym, pr\u0119tem kwadratowym, pr\u0119tem okr\u0105g\u0142ym.<\/p>\n<p>Okr\u0105g\u0142y pr\u0119t ze stali nierdzewnej ma r\u00f3\u017cne zastosowania i mo\u017ce by\u0107 stosowany prawie wsz\u0119dzie tam, gdzie wymagana jest dobra odporno\u015b\u0107 na korozj\u0119 i doskona\u0142a wytrzyma\u0142o\u015b\u0107. Jest to podstawowy materia\u0142 do produkcji bezszwowych rur ze stali nierdzewnej. W WLD steel dostarczamy i produkujemy pr\u0119ty okr\u0105g\u0142e ze stali nierdzewnej w r\u00f3\u017cnych wymiarach i gatunkach, w stanie walcowanym, wy\u017carzonym i normalizowanym. Oferujemy r\u00f3wnie\u017c ci\u0119cie na wymiar i obr\u00f3bk\u0119 ciepln\u0105 za po\u015brednictwem naszego centrum serwisowego.<\/p>\n<\/div><\/section><br \/>\n<div  class='hr hr-default'><span class='hr-inner' ><span class='hr-inner-style'><\/span><\/span><\/div><br \/>\n<section class=\"av_textblock_section\"  itemscope=\"itemscope\" itemtype=\"https:\/\/schema.org\/CreativeWork\" ><div class='avia_textblock'   itemprop=\"text\" ><h4>Specyfikacje przemys\u0142owych pr\u0119t\u00f3w okr\u0105g\u0142ych SS<\/h4>\n<table>\n<tbody>\n<tr>\n<td width=\"323\">Formularze:<\/td>\n<td width=\"529\">Okr\u0105g\u0142y pasek<\/td>\n<\/tr>\n<tr>\n<td width=\"323\">Materia\u0142<\/td>\n<td width=\"529\">Stal nierdzewna<\/p>\n<p>Dwustronna stal nierdzewna<\/td>\n<\/tr>\n<tr>\n<td width=\"323\">Wyko\u0144czenie powierzchni<\/td>\n<td width=\"529\">Polerowane, jasne, szlifowane, piaskowane, trawione, wyko\u0144czone m\u0142ynem<\/td>\n<\/tr>\n<tr>\n<td width=\"323\">Specyfikacja<\/td>\n<td width=\"529\">ASTM A276<\/p>\n<p>ASTM A484<\/p>\n<p>ASTM A564<\/p>\n<p>ASTM A581<\/p>\n<p>ASTM A582<\/td>\n<\/tr>\n<tr>\n<td width=\"323\">Rozmiar<\/td>\n<td width=\"529\">3,17 mm \u2013 350 mm<\/td>\n<\/tr>\n<tr>\n<td width=\"323\">Grubo\u015b\u0107<\/td>\n<td width=\"529\">0,3 mm do 120 mm<\/td>\n<\/tr>\n<\/tbody>\n<\/table>\n<h4>Dost\u0119pne gatunki pr\u0119t\u00f3w i pr\u0119t\u00f3w w WID Steel<\/h4>\n<ul>\n<li>Okr\u0105g\u0142y pr\u0119t\/pr\u0119t ze stali nierdzewnej 304\/304L<\/li>\n<li>Okr\u0105g\u0142y pr\u0119t \/ pr\u0119t ze stali nierdzewnej 310\/310S<\/li>\n<li>Okr\u0105g\u0142y pr\u0119t\/pr\u0119t ze stali nierdzewnej 316\/316L<\/li>\n<li>Okr\u0105g\u0142y pr\u0119t\/pr\u0119ty ze stali nierdzewnej 321<\/li>\n<li>Okr\u0105g\u0142y pr\u0119t\/pr\u0119t ze stali nierdzewnej 347H<\/li>\n<li>Okr\u0105g\u0142y pr\u0119t\/pr\u0119t ze stali nierdzewnej 904L<\/li>\n<li>Okr\u0105g\u0142y pr\u0119t\/pr\u0119t ze stali nierdzewnej 409\/409L<\/li>\n<li>Okr\u0105g\u0142y pr\u0119t\/pr\u0119t ze stali nierdzewnej 410\/410S<\/li>\n<li>Okr\u0105g\u0142y pr\u0119t\/pr\u0119t ze stali nierdzewnej 430<\/li>\n<li>Okr\u0105g\u0142y pr\u0119t\/pr\u0119t ze stali nierdzewnej 2205 typu duplex<\/li>\n<\/ul>\n<\/div><\/section><\/p><\/div><\/p>","protected":false},"excerpt":{"rendered":"","protected":false},"author":1,"featured_media":0,"parent":346,"menu_order":0,"comment_status":"closed","ping_status":"closed","template":"","meta":{"footnotes":""},"class_list":["post-1678","page","type-page","status-publish","hentry"],"aioseo_notices":[],"_links":{"self":[{"href":"https:\/\/wldstainless.com\/pl\/wp-json\/wp\/v2\/pages\/1678","targetHints":{"allow":["GET"]}}],"collection":[{"href":"https:\/\/wldstainless.com\/pl\/wp-json\/wp\/v2\/pages"}],"about":[{"href":"https:\/\/wldstainless.com\/pl\/wp-json\/wp\/v2\/types\/page"}],"author":[{"embeddable":true,"href":"https:\/\/wldstainless.com\/pl\/wp-json\/wp\/v2\/users\/1"}],"replies":[{"embeddable":true,"href":"https:\/\/wldstainless.com\/pl\/wp-json\/wp\/v2\/comments?post=1678"}],"version-history":[{"count":5,"href":"https:\/\/wldstainless.com\/pl\/wp-json\/wp\/v2\/pages\/1678\/revisions"}],"predecessor-version":[{"id":1951,"href":"https:\/\/wldstainless.com\/pl\/wp-json\/wp\/v2\/pages\/1678\/revisions\/1951"}],"up":[{"embeddable":true,"href":"https:\/\/wldstainless.com\/pl\/wp-json\/wp\/v2\/pages\/346"}],"wp:attachment":[{"href":"https:\/\/wldstainless.com\/pl\/wp-json\/wp\/v2\/media?parent=1678"}],"curies":[{"name":"wp","href":"https:\/\/api.w.org\/{rel}","templated":true}]}}