{"id":1627,"date":"2020-08-26T09:28:37","date_gmt":"2020-08-26T09:28:37","guid":{"rendered":"http:\/\/wldstainless.com\/?page_id=1627"},"modified":"2020-12-11T05:35:29","modified_gmt":"2020-12-11T05:35:29","slug":"stainless-steel-capillary-tubes","status":"publish","type":"page","link":"https:\/\/wldstainless.com\/pl\/products\/stainless-steel-capillary-tubes\/","title":{"rendered":"Rurki kapilarne ze stali nierdzewnej"},"content":{"rendered":"<div class=\"flex_column av_one_fourth  flex_column_div av-zero-column-padding first\" style='border-radius:0px; '><p><div class='avia-builder-widget-area clearfix'><div id=\"nav_menu-7\" class=\"widget clearfix widget_nav_menu\"><h3 class=\"widgettitle\">Produkty<\/h3><div class=\"menu-accessories-container\"><ul id=\"menu-accessories\" class=\"menu\"><li id=\"menu-item-1924\" class=\"menu-item menu-item-type-post_type menu-item-object-page menu-item-1924\"><a href=\"https:\/\/wldstainless.com\/pl\/products\/stainless-steel-angle\/\">K\u0105t ze stali nierdzewnej<\/a><\/li>\n<li id=\"menu-item-1925\" class=\"menu-item menu-item-type-post_type menu-item-object-page menu-item-1925\"><a href=\"https:\/\/wldstainless.com\/pl\/products\/stainless-steel-beam\/\">Belka ze stali nierdzewnej<\/a><\/li>\n<li id=\"menu-item-1926\" class=\"menu-item menu-item-type-post_type menu-item-object-page menu-item-1926\"><a href=\"https:\/\/wldstainless.com\/pl\/products\/stainless-steel-capillary-tubes\/\">Rurki kapilarne ze stali nierdzewnej<\/a><\/li>\n<li id=\"menu-item-1927\" class=\"menu-item menu-item-type-post_type menu-item-object-page menu-item-1927\"><a href=\"https:\/\/wldstainless.com\/pl\/products\/stainless-steel-channel\/\">Kana\u0142 ze stali nierdzewnej<\/a><\/li>\n<li id=\"menu-item-1928\" class=\"menu-item menu-item-type-post_type menu-item-object-page menu-item-1928\"><a href=\"https:\/\/wldstainless.com\/pl\/products\/stainless-steel-coiled-tube\/\">Zwijana rura ze stali nierdzewnej<\/a><\/li>\n<li id=\"menu-item-1929\" class=\"menu-item menu-item-type-post_type menu-item-object-page menu-item-1929\"><a href=\"https:\/\/wldstainless.com\/pl\/products\/stainless-steel-cold-rolled-plate-sheet-coil\/\">P\u0142yta \/ arkusz \/ cewka ze stali nierdzewnej walcowanej na zimno<\/a><\/li>\n<li id=\"menu-item-1930\" class=\"menu-item menu-item-type-post_type menu-item-object-page menu-item-1930\"><a href=\"https:\/\/wldstainless.com\/pl\/products\/stainless-steel-flats\/\">P\u0142askie ze stali nierdzewnej<\/a><\/li>\n<li id=\"menu-item-1931\" class=\"menu-item menu-item-type-post_type menu-item-object-page menu-item-1931\"><a href=\"https:\/\/wldstainless.com\/pl\/products\/stainless-steel-hexagon-bars\/\">Sze\u015bciok\u0105tne pr\u0119ty ze stali nierdzewnej<\/a><\/li>\n<li id=\"menu-item-1932\" class=\"menu-item menu-item-type-post_type menu-item-object-page menu-item-1932\"><a href=\"https:\/\/wldstainless.com\/pl\/products\/stainless-steel-hot-rolled-plate-sheet-coil\/\">P\u0142yta \/ arkusz \/ cewka ze stali nierdzewnej walcowanej na gor\u0105co<\/a><\/li>\n<li id=\"menu-item-1933\" class=\"menu-item menu-item-type-post_type menu-item-object-page menu-item-1933\"><a href=\"https:\/\/wldstainless.com\/pl\/products\/stainless-steel-large-diameter-pipe\/\">Rura ze stali nierdzewnej o du\u017cej \u015brednicy<\/a><\/li>\n<li id=\"menu-item-1934\" class=\"menu-item menu-item-type-post_type menu-item-object-page menu-item-1934\"><a href=\"https:\/\/wldstainless.com\/pl\/products\/stainless-steel-round-bars\/\">Pr\u0119ty okr\u0105g\u0142e ze stali nierdzewnej<\/a><\/li>\n<li id=\"menu-item-1935\" class=\"menu-item menu-item-type-post_type menu-item-object-page menu-item-1935\"><a href=\"https:\/\/wldstainless.com\/pl\/products\/stainless-steel-square-tube\/\">Kwadratowa rurka ze stali nierdzewnej<\/a><\/li>\n<li id=\"menu-item-1936\" class=\"menu-item menu-item-type-post_type menu-item-object-page menu-item-1936\"><a href=\"https:\/\/wldstainless.com\/pl\/products\/stainless-steel-u-bend-tube\/\">Rurka w kszta\u0142cie litery U ze stali nierdzewnej<\/a><\/li>\n<\/ul><\/div><\/div><\/div><br \/>\n<div  class='hr hr-default'><span class='hr-inner' ><span class='hr-inner-style'><\/span><\/span><\/div><br \/>\n<div class='avia-button-wrap avia-button-left'><a href='http:\/\/wldstainless.com\/contact\/#contact' class='avia-button   avia-icon_select-yes-left-icon avia-color-custom avia-size-large avia-position-left'  target=\"_blank\"  style='background-color:#e82221; border-color:#e82221; color:#ffffff; ' ><span class='avia_button_icon avia_button_icon_left' aria-hidden='true' data-av_icon='\ue84b' data-av_iconfont='entypo-fontello'><\/span><span class='avia_iconbox_title' >Poprosi\u0107 o wycen\u0119<\/span><\/a><\/div><\/p><\/div>\n<div class=\"flex_column av_three_fourth  flex_column_div\" style='padding:0px 0px 50px 0px ; border-radius:0px; '><p><div style='padding-bottom:10px;color:#d3311f;' class='av-special-heading av-special-heading-h3 custom-color-heading'><h3 class='av-special-heading-tag'  itemprop=\"headline\"  >Rurki kapilarne ze stali nierdzewnej<\/h3><div class='special-heading-border'><div class='special-heading-inner-border' style='border-color:#d3311f'><\/div><\/div><\/div><br \/>\n<section class=\"av_textblock_section\"  itemscope=\"itemscope\" itemtype=\"https:\/\/schema.org\/CreativeWork\" ><div class='avia_textblock'   itemprop=\"text\" ><p>Rury ze stali nierdzewnej o \u015brednicy zewn\u0119trznej w zakresie od 0,32 mm do 8,0 mm nazywane s\u0105 rurkami kapilarnymi, kt\u00f3rych grubo\u015b\u0107 \u015bcianki wynosi od 0,08 mm do 2,0 mm. Rurki kapilarne charakteryzuj\u0105 si\u0119 w\u0105skimi tolerancjami, a wewn\u0119trzna powierzchnia rurki jest wolna od oleju, smaru i innych cz\u0105stek. W WLDSTEEL generalnie produkujemy i produkujemy rury ze stali kapilarnej zgodnie z ASTM A\/ASME SA 213\/269\/632\/511. Mo\u017cemy zaoferowa\u0107 dostosowanie us\u0142ug, je\u015bli klienci maj\u0105 bardziej rygorystyczne wymagania dotycz\u0105ce dok\u0142adno\u015bci wymiar\u00f3w kapilar i wyko\u0144czenia powierzchni, w tym rur wy\u017carzanych ze stali nierdzewnej, rur polerowanych elektrolitycznie, ponadto zapewniamy p\u0142atkowanie, zamykanie, wykrawanie, ci\u0119cie, gi\u0119cie i inne us\u0142ugi przetwarzania<\/p>\n<\/div><\/section><br \/>\n<div class='avia-gallery  avia-gallery-1 avia_lazyload avia_animate_when_visible'  itemprop=\"ImageObject\" itemscope=\"itemscope\" itemtype=\"https:\/\/schema.org\/ImageObject\" ><div class='avia-gallery-thumb'> <a href='https:\/\/wldstainless.com\/wp-content\/uploads\/2020\/09\/SS-Capillary-Tubes.jpg' data-rel='gallery-1' data-prev-img='https:\/\/wldstainless.com\/wp-content\/uploads\/2020\/09\/SS-Capillary-Tubes.jpg' class='first_thumb lightbox' data-onclick='1' title=''  itemprop=\"thumbnailUrl\" ><img  src='https:\/\/wldstainless.com\/wp-content\/uploads\/2020\/09\/SS-Capillary-Tubes.jpg' width='300' height='300'  title='Rurki kapilarne SS' alt='' \/><\/a> <a href='https:\/\/wldstainless.com\/wp-content\/uploads\/2020\/09\/Capillary-Tubes-for-medical-1.jpg' data-rel='gallery-1' data-prev-img='https:\/\/wldstainless.com\/wp-content\/uploads\/2020\/09\/Capillary-Tubes-for-medical-1.jpg' class='lightbox' data-onclick='2' title=''  itemprop=\"thumbnailUrl\" ><img  src='https:\/\/wldstainless.com\/wp-content\/uploads\/2020\/09\/Capillary-Tubes-for-medical-1.jpg' width='300' height='300'  title='Rurki kapilarne do zastosowa\u0144 medycznych' alt='' \/><\/a> <a href='https:\/\/wldstainless.com\/wp-content\/uploads\/2020\/09\/Coiled-capillary-tubes.jpg' data-rel='gallery-1' data-prev-img='https:\/\/wldstainless.com\/wp-content\/uploads\/2020\/09\/Coiled-capillary-tubes.jpg' class='lightbox' data-onclick='3' title=''  itemprop=\"thumbnailUrl\" ><img  src='https:\/\/wldstainless.com\/wp-content\/uploads\/2020\/09\/Coiled-capillary-tubes.jpg' width='300' height='300'  title='Zwini\u0119te rurki kapilarne' alt='' \/><\/a><\/div><\/div><br \/>\n<div  class='hr hr-default'><span class='hr-inner' ><span class='hr-inner-style'><\/span><\/span><\/div><br \/>\n<section class=\"av_textblock_section\"  itemscope=\"itemscope\" itemtype=\"https:\/\/schema.org\/CreativeWork\" ><div class='avia_textblock'   itemprop=\"text\" ><h4><strong>Specyfikacje rurek kapilarnych ze stali nierdzewnej<\/strong><\/h4>\n<ul>\n<li>Rurki kapilarne ASTM A\/ASME SA 213<\/li>\n<li>Rurki kapilarne ASTM A\/ASME SA269<\/li>\n<li>Rurki kapilarne ASTM A\/ASME SA511<\/li>\n<li>Rurki kapilarne ASTM A\/ASME SA632<\/li>\n<li>&#8230;&#8230;<\/li>\n<\/ul>\n<hr \/>\n<h4><strong>Dost\u0119pne gatunki rurek kapilarnych ze stali nierdzewnej<\/strong><\/h4>\n<ul>\n<li><a href=\"https:\/\/wldstainless.com\/materials\/austenitic-stainless-steel\/304-304l-stainless-steel\/\">TP304\/304L<\/a> Rurki kapilarne<\/li>\n<li><a href=\"https:\/\/wldstainless.com\/materials\/austenitic-stainless-steel\/316-316l-stainless-steel\/\">TP316\/316L<\/a> Rurki kapilarne<\/li>\n<li><a href=\"https:\/\/wldstainless.com\/materials\/austenitic-stainless-steel\/321-321h-stainless-steel\/\">TP321<\/a> Rurki kapilarne<\/li>\n<li><a href=\"https:\/\/wldstainless.com\/materials\/austenitic-stainless-steel\/310s-stainless-steel\/\">TP310\/310S<\/a> Rurki kapilarne<\/li>\n<li><a href=\"https:\/\/wldstainless.com\/materials\/duplex-stainless-steel\/alloy-2205-stainless-steel\/\">2205<\/a> Dupleksowe rurki kapilarne ze stali nierdzewnej<\/li>\n<li>&#8230;&#8230;<\/li>\n<\/ul>\n<hr \/>\n<h4><strong>Cechy rurek kapilarnych ze stali nierdzewnej<\/strong><\/h4>\n<ul>\n<li>Wysoka dok\u0142adno\u015b\u0107 wymiarowa.<\/li>\n<\/ul>\n<p>Tolerancja \u015brednicy zewn\u0119trznej kapilary ze stali nierdzewnej zwykle mie\u015bci si\u0119 w granicach \u00b1 0,10 mm, a grubo\u015b\u0107 \u015bcianki mie\u015bci si\u0119 w granicach \u00b1 10%. Mo\u017cna go r\u00f3wnie\u017c dostosowa\u0107, aby tolerancja \u015brednicy zewn\u0119trznej mie\u015bci\u0142a si\u0119 w granicach \u00b1 0,05 mm i grubo\u015b\u0107 \u015bcianki w granicach \u00b1 5%, zgodnie z wymaganiami klienta.<\/p>\n<ul>\n<li>Wysokie wyko\u0144czenie powierzchni.<\/li>\n<\/ul>\n<p>Og\u00f3lnie rzecz bior\u0105c, wy\u017carzanie jasne lub dok\u0142adne polerowanie mo\u017ce spowodowa\u0107, \u017ce chropowato\u015b\u0107 powierzchni b\u0119dzie mniejsza ni\u017c 0,2um.<\/p>\n<ul>\n<li>Twardo\u015b\u0107 powierzchni rury stalowej mo\u017cna kontrolowa\u0107 w zakresie 70-80HRB.<\/li>\n<\/ul>\n<hr \/>\n<h4><strong>Zastosowania rurek kapilarnych ze stali nierdzewnej<\/strong><\/h4>\n<p>Kapilara ze stali nierdzewnej szeroko stosowana w przemy\u015ble petrochemicznym, elektronicznym, medycznym, lotniczym, medycznym, farmaceutycznym, maszynach spo\u017cywczych, energetyce, p\u00f3\u0142przewodnikach, bi\u017cuterii i innych dziedzinach.<\/p>\n<ul>\n<li>Wyposa\u017cenie medyczne. Rurka ig\u0142y wtryskowej, rurka ig\u0142y nak\u0142uwaj\u0105cej, rurka temperatury czujnika temperatury, rurka termometru, rurka regulatora temperatury.<\/li>\n<li>Instrumenty automatyczne. Automatyczna tuba sygna\u0142owa instrumentu, rura ochronna; Precyzyjny obw\u00f3d linijki optycznej, czujniki przemys\u0142owe, rurka zabezpieczaj\u0105ca obw\u00f3d sprz\u0119tu elektronicznego, wszelkiego rodzaju mikrorurki elektroniczne, akcesoria \u015bwiat\u0142owodowe, mikser optyczny.<\/li>\n<li>Produkcja pi\u00f3r. Rura rdzenia, rurka pi\u00f3ra.<\/li>\n<li>Artyku\u0142y elektryczne i sportowe. Wszystkie rodzaje rur antenowych, antena tylna samochodu, antena przed\u0142u\u017caj\u0105ca do telefonu kom\u00f3rkowego, antena laptopa i rurka w\u0119dkarska, w\u0119dka itp.<\/li>\n<\/ul>\n<\/div><\/section><\/p><\/div>","protected":false},"excerpt":{"rendered":"","protected":false},"author":1,"featured_media":0,"parent":346,"menu_order":0,"comment_status":"closed","ping_status":"closed","template":"","meta":{"footnotes":""},"class_list":["post-1627","page","type-page","status-publish","hentry"],"aioseo_notices":[],"_links":{"self":[{"href":"https:\/\/wldstainless.com\/pl\/wp-json\/wp\/v2\/pages\/1627","targetHints":{"allow":["GET"]}}],"collection":[{"href":"https:\/\/wldstainless.com\/pl\/wp-json\/wp\/v2\/pages"}],"about":[{"href":"https:\/\/wldstainless.com\/pl\/wp-json\/wp\/v2\/types\/page"}],"author":[{"embeddable":true,"href":"https:\/\/wldstainless.com\/pl\/wp-json\/wp\/v2\/users\/1"}],"replies":[{"embeddable":true,"href":"https:\/\/wldstainless.com\/pl\/wp-json\/wp\/v2\/comments?post=1627"}],"version-history":[{"count":12,"href":"https:\/\/wldstainless.com\/pl\/wp-json\/wp\/v2\/pages\/1627\/revisions"}],"predecessor-version":[{"id":2051,"href":"https:\/\/wldstainless.com\/pl\/wp-json\/wp\/v2\/pages\/1627\/revisions\/2051"}],"up":[{"embeddable":true,"href":"https:\/\/wldstainless.com\/pl\/wp-json\/wp\/v2\/pages\/346"}],"wp:attachment":[{"href":"https:\/\/wldstainless.com\/pl\/wp-json\/wp\/v2\/media?parent=1627"}],"curies":[{"name":"wp","href":"https:\/\/api.w.org\/{rel}","templated":true}]}}