{"id":1622,"date":"2020-08-26T09:26:00","date_gmt":"2020-08-26T09:26:00","guid":{"rendered":"http:\/\/wldstainless.com\/?page_id=1622"},"modified":"2020-12-11T05:52:43","modified_gmt":"2020-12-11T05:52:43","slug":"stainless-steel-large-diameter-pipe","status":"publish","type":"page","link":"https:\/\/wldstainless.com\/pl\/products\/stainless-steel-large-diameter-pipe\/","title":{"rendered":"Rura ze stali nierdzewnej o du\u017cej \u015brednicy"},"content":{"rendered":"<div class=\"flex_column av_one_fourth  flex_column_div av-zero-column-padding first\" style='border-radius:0px; '><p><div class='avia-builder-widget-area clearfix'><div id=\"nav_menu-7\" class=\"widget clearfix widget_nav_menu\"><h3 class=\"widgettitle\">Produkty<\/h3><div class=\"menu-accessories-container\"><ul id=\"menu-accessories\" class=\"menu\"><li id=\"menu-item-1924\" class=\"menu-item menu-item-type-post_type menu-item-object-page menu-item-1924\"><a href=\"https:\/\/wldstainless.com\/pl\/products\/stainless-steel-angle\/\">K\u0105t ze stali nierdzewnej<\/a><\/li>\n<li id=\"menu-item-1925\" class=\"menu-item menu-item-type-post_type menu-item-object-page menu-item-1925\"><a href=\"https:\/\/wldstainless.com\/pl\/products\/stainless-steel-beam\/\">Belka ze stali nierdzewnej<\/a><\/li>\n<li id=\"menu-item-1926\" class=\"menu-item menu-item-type-post_type menu-item-object-page menu-item-1926\"><a href=\"https:\/\/wldstainless.com\/pl\/products\/stainless-steel-capillary-tubes\/\">Rurki kapilarne ze stali nierdzewnej<\/a><\/li>\n<li id=\"menu-item-1927\" class=\"menu-item menu-item-type-post_type menu-item-object-page menu-item-1927\"><a href=\"https:\/\/wldstainless.com\/pl\/products\/stainless-steel-channel\/\">Kana\u0142 ze stali nierdzewnej<\/a><\/li>\n<li id=\"menu-item-1928\" class=\"menu-item menu-item-type-post_type menu-item-object-page menu-item-1928\"><a href=\"https:\/\/wldstainless.com\/pl\/products\/stainless-steel-coiled-tube\/\">Zwijana rura ze stali nierdzewnej<\/a><\/li>\n<li id=\"menu-item-1929\" class=\"menu-item menu-item-type-post_type menu-item-object-page menu-item-1929\"><a href=\"https:\/\/wldstainless.com\/pl\/products\/stainless-steel-cold-rolled-plate-sheet-coil\/\">P\u0142yta \/ arkusz \/ cewka ze stali nierdzewnej walcowanej na zimno<\/a><\/li>\n<li id=\"menu-item-1930\" class=\"menu-item menu-item-type-post_type menu-item-object-page menu-item-1930\"><a href=\"https:\/\/wldstainless.com\/pl\/products\/stainless-steel-flats\/\">P\u0142askie ze stali nierdzewnej<\/a><\/li>\n<li id=\"menu-item-1931\" class=\"menu-item menu-item-type-post_type menu-item-object-page menu-item-1931\"><a href=\"https:\/\/wldstainless.com\/pl\/products\/stainless-steel-hexagon-bars\/\">Sze\u015bciok\u0105tne pr\u0119ty ze stali nierdzewnej<\/a><\/li>\n<li id=\"menu-item-1932\" class=\"menu-item menu-item-type-post_type menu-item-object-page menu-item-1932\"><a href=\"https:\/\/wldstainless.com\/pl\/products\/stainless-steel-hot-rolled-plate-sheet-coil\/\">P\u0142yta \/ arkusz \/ cewka ze stali nierdzewnej walcowanej na gor\u0105co<\/a><\/li>\n<li id=\"menu-item-1933\" class=\"menu-item menu-item-type-post_type menu-item-object-page menu-item-1933\"><a href=\"https:\/\/wldstainless.com\/pl\/products\/stainless-steel-large-diameter-pipe\/\">Rura ze stali nierdzewnej o du\u017cej \u015brednicy<\/a><\/li>\n<li id=\"menu-item-1934\" class=\"menu-item menu-item-type-post_type menu-item-object-page menu-item-1934\"><a href=\"https:\/\/wldstainless.com\/pl\/products\/stainless-steel-round-bars\/\">Pr\u0119ty okr\u0105g\u0142e ze stali nierdzewnej<\/a><\/li>\n<li id=\"menu-item-1935\" class=\"menu-item menu-item-type-post_type menu-item-object-page menu-item-1935\"><a href=\"https:\/\/wldstainless.com\/pl\/products\/stainless-steel-square-tube\/\">Kwadratowa rurka ze stali nierdzewnej<\/a><\/li>\n<li id=\"menu-item-1936\" class=\"menu-item menu-item-type-post_type menu-item-object-page menu-item-1936\"><a href=\"https:\/\/wldstainless.com\/pl\/products\/stainless-steel-u-bend-tube\/\">Rurka w kszta\u0142cie litery U ze stali nierdzewnej<\/a><\/li>\n<\/ul><\/div><\/div><\/div><br \/>\n<div  class='hr hr-default'><span class='hr-inner' ><span class='hr-inner-style'><\/span><\/span><\/div><br \/>\n<div class='avia-button-wrap avia-button-left'><a href='http:\/\/wldstainless.com\/contact\/#contact' class='avia-button   avia-icon_select-yes-left-icon avia-color-custom avia-size-large avia-position-left'  target=\"_blank\"  style='background-color:#e82221; border-color:#e82221; color:#ffffff; ' ><span class='avia_button_icon avia_button_icon_left' aria-hidden='true' data-av_icon='\ue84b' data-av_iconfont='entypo-fontello'><\/span><span class='avia_iconbox_title' >Poprosi\u0107 o wycen\u0119<\/span><\/a><\/div><\/p><\/div>\n<div class=\"flex_column av_three_fourth  flex_column_div\" style='padding:0px 0px 50px 0px ; border-radius:0px; '><section class=\"av_textblock_section\"  itemscope=\"itemscope\" itemtype=\"https:\/\/schema.org\/CreativeWork\" ><div class='avia_textblock'   itemprop=\"text\" ><h3>Rura ze stali nierdzewnej o du\u017cej \u015brednicy<\/h3>\n<\/div><\/section><br \/>\n<div class='avia-gallery  avia-gallery-1 avia_lazyload avia_animate_when_visible'  itemprop=\"ImageObject\" itemscope=\"itemscope\" itemtype=\"https:\/\/schema.org\/ImageObject\" ><div class='avia-gallery-thumb'> <a href='https:\/\/wldstainless.com\/wp-content\/uploads\/2020\/09\/304-heavy-thickness-tube.jpg' data-rel='gallery-1' data-prev-img='https:\/\/wldstainless.com\/wp-content\/uploads\/2020\/09\/304-heavy-thickness-tube.jpg' class='first_thumb lightbox' data-onclick='1' title=''  itemprop=\"thumbnailUrl\" ><img  src='https:\/\/wldstainless.com\/wp-content\/uploads\/2020\/09\/304-heavy-thickness-tube.jpg' width='300' height='300'  title='Rura o du\u017cej grubo\u015bci 304' alt='' \/><\/a> <a href='https:\/\/wldstainless.com\/wp-content\/uploads\/2020\/09\/304-Welded-pipe.jpg' data-rel='gallery-1' data-prev-img='https:\/\/wldstainless.com\/wp-content\/uploads\/2020\/09\/304-Welded-pipe.jpg' class='lightbox' data-onclick='2' title=''  itemprop=\"thumbnailUrl\" ><img  src='https:\/\/wldstainless.com\/wp-content\/uploads\/2020\/09\/304-Welded-pipe.jpg' width='300' height='300'  title='304 Rura spawana' alt='' \/><\/a> <a href='https:\/\/wldstainless.com\/wp-content\/uploads\/2020\/09\/stainless-steel-pipe.jpg' data-rel='gallery-1' data-prev-img='https:\/\/wldstainless.com\/wp-content\/uploads\/2020\/09\/stainless-steel-pipe.jpg' class='lightbox' data-onclick='3' title=''  itemprop=\"thumbnailUrl\" ><img  src='https:\/\/wldstainless.com\/wp-content\/uploads\/2020\/09\/stainless-steel-pipe.jpg' width='300' height='300'  title='rury ze stali nierdzewnej' alt='' \/><\/a><\/div><\/div><br \/>\n<div  class='hr hr-default'><span class='hr-inner' ><span class='hr-inner-style'><\/span><\/span><\/div><br \/>\n<section class=\"av_textblock_section\"  itemscope=\"itemscope\" itemtype=\"https:\/\/schema.org\/CreativeWork\" ><div class='avia_textblock'   itemprop=\"text\" ><p>Rury bez szwu i spawane ze stali nierdzewnej o \u015brednicy zewn\u0119trznej wi\u0119kszej ni\u017c 8 cali (219,1 mm) s\u0105 og\u00f3lnie okre\u015blane jako rury o du\u017cej \u015brednicy. Obydwa maj\u0105 okre\u015blone cechy stali nierdzewnej, takie jak doskona\u0142a odporno\u015b\u0107 na korozj\u0119 i dobre w\u0142a\u015bciwo\u015bci mechaniczne, kt\u00f3re s\u0105 stosowane g\u0142\u00f3wnie w maszynach, transporcie, lotnictwie, budownictwie i innych dziedzinach. Rozmiar bezszwowej stali nierdzewnej o du\u017cej \u015brednicy wynosi od 8 \u2033 do 30 \u2033 lub wi\u0119cej (219,1 mm do 830 mm), a zakres grubo\u015bci od 0,5 mm do 59,54 mm. Spawana rura ze stali nierdzewnej o du\u017cej \u015brednicy ma \u015brednic\u0119 zewn\u0119trzn\u0105 od 219,1 mm do 1800 mm i zakres grubo\u015bci od 0,5 mm do 20 mm<\/p>\n<p>WLD Stainless dostarcza szerok\u0105 gam\u0119 przede wszystkim spawanych rur i przewod\u00f3w ze stali nierdzewnej zgodnych z normami ASTM, AISI, JIS, DIN, ISO i GB. Oferujemy niestandardowe rury niestandardowe na \u017cyczenie, dost\u0119pne w r\u00f3\u017cnych wymiarach i klasach, te rury i przewody ze stali nierdzewnej s\u0105 szeroko stosowane w r\u00f3\u017cnych bran\u017cach, takich jak energetyka, in\u017cynieria, budownictwo i wiele innych. Oferujemy produkty w bardzo konkurencyjnych cenach i dostarczamy przesy\u0142ki wkr\u00f3tce. Dalsze opcje przetwarzania obejmuj\u0105 wiercenie, rozwiercanie, frezowanie i gwintowanie.<\/p>\n<hr \/>\n<p><strong>Specyfikacje rur przemys\u0142owych SS o du\u017cej \u015brednicy<\/strong><\/p>\n<table>\n<tbody>\n<tr>\n<td width=\"189\">Materia\u0142<\/td>\n<td width=\"640\">Bezszwowa rura ze stali nierdzewnej o du\u017cej \u015brednicy<\/p>\n<p>Spawana rura ze stali nierdzewnej o du\u017cej \u015brednicy<\/td>\n<\/tr>\n<tr>\n<td width=\"189\">Specyfikacja<\/td>\n<td width=\"640\">ASTM A269\/A270\/A249\/A312\/A789\/A790\/A554\/A688\/A778<\/p>\n<p>ASTM A358<\/td>\n<\/tr>\n<tr>\n<td width=\"189\">Rozmiar<\/td>\n<td width=\"640\">Spawane: OD: 219,1 mm do 830 mm; WT: 0,5 mm do 59,5 mm<\/p>\n<p>Bez szwu: od 219,1 mm do 1800 mm; WT: 0,5 mm do 20 mm<\/td>\n<\/tr>\n<tr>\n<td width=\"189\">Aplikacja<\/td>\n<td width=\"640\">Budownictwo, \u017cywno\u015b\u0107 i leczenie, oczyszczanie \u015bciek\u00f3w, petrochemia, papiernictwo, energia elektryczna, wojsko, marynarka, lotnictwo i inne dziedziny.<\/td>\n<\/tr>\n<\/tbody>\n<\/table>\n<\/div><\/section><br \/>\n<div  class='hr hr-default'><span class='hr-inner' ><span class='hr-inner-style'><\/span><\/span><\/div><br \/>\n<section class=\"av_textblock_section\"  itemscope=\"itemscope\" itemtype=\"https:\/\/schema.org\/CreativeWork\" ><div class='avia_textblock'   itemprop=\"text\" ><h4>Dost\u0119pne gatunki stali o du\u017cej \u015brednicy w WID Steel<\/h4>\n<ul>\n<li>Stal nierdzewna <a href=\"https:\/\/wldstainless.com\/materials\/austenitic-stainless-steel\/304-304l-stainless-steel\/\">304\/304L<\/a> Rury bez szwu\/spawane<\/li>\n<li>Stal nierdzewna <a href=\"https:\/\/wldstainless.com\/materials\/austenitic-stainless-steel\/316-316l-stainless-steel\/\">316\/316L<\/a> Spawane rury<\/li>\n<li>Rury spawane ze stali nierdzewnej 317<\/li>\n<\/ul>\n<\/div><\/section><\/p><\/div>","protected":false},"excerpt":{"rendered":"","protected":false},"author":1,"featured_media":0,"parent":346,"menu_order":0,"comment_status":"closed","ping_status":"closed","template":"","meta":{"footnotes":""},"class_list":["post-1622","page","type-page","status-publish","hentry"],"aioseo_notices":[],"_links":{"self":[{"href":"https:\/\/wldstainless.com\/pl\/wp-json\/wp\/v2\/pages\/1622","targetHints":{"allow":["GET"]}}],"collection":[{"href":"https:\/\/wldstainless.com\/pl\/wp-json\/wp\/v2\/pages"}],"about":[{"href":"https:\/\/wldstainless.com\/pl\/wp-json\/wp\/v2\/types\/page"}],"author":[{"embeddable":true,"href":"https:\/\/wldstainless.com\/pl\/wp-json\/wp\/v2\/users\/1"}],"replies":[{"embeddable":true,"href":"https:\/\/wldstainless.com\/pl\/wp-json\/wp\/v2\/comments?post=1622"}],"version-history":[{"count":13,"href":"https:\/\/wldstainless.com\/pl\/wp-json\/wp\/v2\/pages\/1622\/revisions"}],"predecessor-version":[{"id":2058,"href":"https:\/\/wldstainless.com\/pl\/wp-json\/wp\/v2\/pages\/1622\/revisions\/2058"}],"up":[{"embeddable":true,"href":"https:\/\/wldstainless.com\/pl\/wp-json\/wp\/v2\/pages\/346"}],"wp:attachment":[{"href":"https:\/\/wldstainless.com\/pl\/wp-json\/wp\/v2\/media?parent=1622"}],"curies":[{"name":"wp","href":"https:\/\/api.w.org\/{rel}","templated":true}]}}