{"id":1617,"date":"2020-08-26T09:24:14","date_gmt":"2020-08-26T09:24:14","guid":{"rendered":"http:\/\/wldstainless.com\/?page_id=1617"},"modified":"2020-12-11T05:20:24","modified_gmt":"2020-12-11T05:20:24","slug":"stainless-steel-beam","status":"publish","type":"page","link":"https:\/\/wldstainless.com\/pl\/products\/stainless-steel-beam\/","title":{"rendered":"Belka ze stali nierdzewnej"},"content":{"rendered":"<div class=\"flex_column av_one_fourth  flex_column_div av-zero-column-padding first\" style='border-radius:0px; '><p><div class='avia-builder-widget-area clearfix'><div id=\"nav_menu-7\" class=\"widget clearfix widget_nav_menu\"><h3 class=\"widgettitle\">Produkty<\/h3><div class=\"menu-accessories-container\"><ul id=\"menu-accessories\" class=\"menu\"><li id=\"menu-item-1924\" class=\"menu-item menu-item-type-post_type menu-item-object-page menu-item-1924\"><a href=\"https:\/\/wldstainless.com\/pl\/products\/stainless-steel-angle\/\">K\u0105t ze stali nierdzewnej<\/a><\/li>\n<li id=\"menu-item-1925\" class=\"menu-item menu-item-type-post_type menu-item-object-page menu-item-1925\"><a href=\"https:\/\/wldstainless.com\/pl\/products\/stainless-steel-beam\/\">Belka ze stali nierdzewnej<\/a><\/li>\n<li id=\"menu-item-1926\" class=\"menu-item menu-item-type-post_type menu-item-object-page menu-item-1926\"><a href=\"https:\/\/wldstainless.com\/pl\/products\/stainless-steel-capillary-tubes\/\">Rurki kapilarne ze stali nierdzewnej<\/a><\/li>\n<li id=\"menu-item-1927\" class=\"menu-item menu-item-type-post_type menu-item-object-page menu-item-1927\"><a href=\"https:\/\/wldstainless.com\/pl\/products\/stainless-steel-channel\/\">Kana\u0142 ze stali nierdzewnej<\/a><\/li>\n<li id=\"menu-item-1928\" class=\"menu-item menu-item-type-post_type menu-item-object-page menu-item-1928\"><a href=\"https:\/\/wldstainless.com\/pl\/products\/stainless-steel-coiled-tube\/\">Zwijana rura ze stali nierdzewnej<\/a><\/li>\n<li id=\"menu-item-1929\" class=\"menu-item menu-item-type-post_type menu-item-object-page menu-item-1929\"><a href=\"https:\/\/wldstainless.com\/pl\/products\/stainless-steel-cold-rolled-plate-sheet-coil\/\">P\u0142yta \/ arkusz \/ cewka ze stali nierdzewnej walcowanej na zimno<\/a><\/li>\n<li id=\"menu-item-1930\" class=\"menu-item menu-item-type-post_type menu-item-object-page menu-item-1930\"><a href=\"https:\/\/wldstainless.com\/pl\/products\/stainless-steel-flats\/\">P\u0142askie ze stali nierdzewnej<\/a><\/li>\n<li id=\"menu-item-1931\" class=\"menu-item menu-item-type-post_type menu-item-object-page menu-item-1931\"><a href=\"https:\/\/wldstainless.com\/pl\/products\/stainless-steel-hexagon-bars\/\">Sze\u015bciok\u0105tne pr\u0119ty ze stali nierdzewnej<\/a><\/li>\n<li id=\"menu-item-1932\" class=\"menu-item menu-item-type-post_type menu-item-object-page menu-item-1932\"><a href=\"https:\/\/wldstainless.com\/pl\/products\/stainless-steel-hot-rolled-plate-sheet-coil\/\">P\u0142yta \/ arkusz \/ cewka ze stali nierdzewnej walcowanej na gor\u0105co<\/a><\/li>\n<li id=\"menu-item-1933\" class=\"menu-item menu-item-type-post_type menu-item-object-page menu-item-1933\"><a href=\"https:\/\/wldstainless.com\/pl\/products\/stainless-steel-large-diameter-pipe\/\">Rura ze stali nierdzewnej o du\u017cej \u015brednicy<\/a><\/li>\n<li id=\"menu-item-1934\" class=\"menu-item menu-item-type-post_type menu-item-object-page menu-item-1934\"><a href=\"https:\/\/wldstainless.com\/pl\/products\/stainless-steel-round-bars\/\">Pr\u0119ty okr\u0105g\u0142e ze stali nierdzewnej<\/a><\/li>\n<li id=\"menu-item-1935\" class=\"menu-item menu-item-type-post_type menu-item-object-page menu-item-1935\"><a href=\"https:\/\/wldstainless.com\/pl\/products\/stainless-steel-square-tube\/\">Kwadratowa rurka ze stali nierdzewnej<\/a><\/li>\n<li id=\"menu-item-1936\" class=\"menu-item menu-item-type-post_type menu-item-object-page menu-item-1936\"><a href=\"https:\/\/wldstainless.com\/pl\/products\/stainless-steel-u-bend-tube\/\">Rurka w kszta\u0142cie litery U ze stali nierdzewnej<\/a><\/li>\n<\/ul><\/div><\/div><\/div><br \/>\n<div  class='hr hr-default'><span class='hr-inner' ><span class='hr-inner-style'><\/span><\/span><\/div><br \/>\n<div class='avia-button-wrap avia-button-left'><a href='http:\/\/wldstainless.com\/contact\/#contact' class='avia-button   avia-icon_select-yes-left-icon avia-color-custom avia-size-large avia-position-left'  target=\"_blank\"  style='background-color:#e82221; border-color:#e82221; color:#ffffff; ' ><span class='avia_button_icon avia_button_icon_left' aria-hidden='true' data-av_icon='\ue84b' data-av_iconfont='entypo-fontello'><\/span><span class='avia_iconbox_title' >Poprosi\u0107 o wycen\u0119<\/span><\/a><\/div><\/p><\/div>\n<div class=\"flex_column av_three_fourth  flex_column_div\" style='padding:0px 0px 50px 0px ; border-radius:0px; '><p><div style='padding-bottom:10px;color:#d3311f;' class='av-special-heading av-special-heading-h3 custom-color-heading'><h3 class='av-special-heading-tag'  itemprop=\"headline\"  >Belka ze stali nierdzewnej<\/h3><div class='special-heading-border'><div class='special-heading-inner-border' style='border-color:#d3311f'><\/div><\/div><\/div><br \/>\n<div  class='hr hr-default'><span class='hr-inner' ><span class='hr-inner-style'><\/span><\/span><\/div><br \/>\n<section class=\"av_textblock_section\"  itemscope=\"itemscope\" itemtype=\"https:\/\/schema.org\/CreativeWork\" ><div class='avia_textblock'   itemprop=\"text\" ><p>Profil ze stali nierdzewnej to formowana stal o przekroju uzyskiwanym przez topienie na gor\u0105co, formowanie, stapianie laserowe, walcowanie na zimno, wyt\u0142aczanie lub innymi metodami na pr\u0119t lub ta\u015bm\u0119 ze stali nierdzewnej. Typowe typy obejmuj\u0105 stal nierdzewn\u0105 k\u0105tow\u0105, p\u0142ask\u0105 stal nierdzewn\u0105, kana\u0142ow\u0105 stal nierdzewn\u0105 (kana\u0142 C, kana\u0142 U), belk\u0119 (belk\u0119 H, belk\u0119 I) i ca\u0142kowicie niestandardowe kszta\u0142ty w pobli\u017cu siatki w naszych stopach. WLD Steel jest wiod\u0105cym producentem, dostawc\u0105 i eksporterem belek ze stali nierdzewnej w wielu rozmiarach i specyfikacjach.<\/p>\n<p><img decoding=\"async\" class=\"aligncenter size-full wp-image-1660\" src=\"http:\/\/wldstainless.com\/wp-content\/uploads\/2020\/09\/SS-beams.jpg\" alt=\"\" width=\"127\" height=\"120\" \/><\/p>\n<p>Walcowana belka ze stali nierdzewnej jest uformowan\u0105 sekcj\u0105 stalow\u0105 o kszta\u0142cie I i H. Zwykle jest to okre\u015blane jako wysoko\u015b\u0107 * szeroko\u015b\u0107 * grubo\u015b\u0107. Skrzyd\u0142a dwuteownika s\u0105 stopniowo przerzedzane od nasady pod pewnym k\u0105tem. S\u0105 szeroko stosowane w wyrobach metalowych, statkach, pojazdach, meblach, maszynach itp. i cz\u0119sto s\u0105 u\u017cywane w po\u0142\u0105czeniu ze stal\u0105 kana\u0142ow\u0105. W przypadku stali nierdzewnej WLD mo\u017cemy zaprojektowa\u0107 i wyprodukowa\u0107 belk\u0119 ze stali nierdzewnej zgodnie z ASTM A312 \/ A312M, ASTM A213\/A213M, ASTM A269\/A269M, DIN 2462, JIS G3463 lub specjalne wymagania klienta.<\/p>\n<h4><strong>Dane techniczne belek przemys\u0142owych SS:<\/strong><\/h4>\n<table>\n<tbody>\n<tr>\n<td width=\"426\">Formularze:<\/td>\n<td width=\"426\">Belka H<\/p>\n<p>Promiennie si\u0119 u\u015bmiecham<\/p>\n<p>Belka T<\/p>\n<p>W. Promie\u0144<\/td>\n<\/tr>\n<tr>\n<td width=\"426\">Materia\u0142<\/td>\n<td width=\"426\">Stal nierdzewna<\/p>\n<p>Dwustronna stal nierdzewna<\/td>\n<\/tr>\n<tr>\n<td width=\"426\">Specyfikacja<\/td>\n<td width=\"426\">ASTM A276\/A276M<\/p>\n<p>ASTM A484\/A484M<\/p>\n<p>ASTM A564\/A564M<\/p>\n<p>ASTM A582\/A582M<\/p>\n<p>ASTM A638\/A638M<\/p>\n<p>ASTM A705\/A705M<\/td>\n<\/tr>\n<tr>\n<td width=\"426\">Rozmiar<\/td>\n<td width=\"426\">K\u0105t: 5 mm do 9 mm<\/p>\n<p>D\u0142ugo\u015b\u0107: 3M, 4M, 5M, 6M lub niestandardowe rozmiary ci\u0119cia<\/td>\n<\/tr>\n<\/tbody>\n<\/table>\n<\/div><\/section><br \/>\n<section class=\"av_textblock_section\"  itemscope=\"itemscope\" itemtype=\"https:\/\/schema.org\/CreativeWork\" ><div class='avia_textblock'   itemprop=\"text\" ><h4>Dost\u0119pne gatunki belek w WID Steel<\/h4>\n<ul>\n<li>Stal nierdzewna <a href=\"https:\/\/wldstainless.com\/materials\/austenitic-stainless-steel\/201-stainless-steel\/\">201 Promie\u0144<\/a><\/li>\n<li>Stal nierdzewna <a href=\"https:\/\/wldstainless.com\/materials\/austenitic-stainless-steel\/304-304l-stainless-steel\/\">304\/304L<\/a> Belka<\/li>\n<li>Stal nierdzewna <a href=\"https:\/\/wldstainless.com\/materials\/austenitic-stainless-steel\/310s-stainless-steel\/\">310\/310S<\/a> Belka<\/li>\n<li>Stal nierdzewna <a href=\"https:\/\/wldstainless.com\/materials\/austenitic-stainless-steel\/316-316l-stainless-steel\/\">316\/316L<\/a> Belka<\/li>\n<li>Stal nierdzewna <a href=\"https:\/\/wldstainless.com\/materials\/austenitic-stainless-steel\/321-321h-stainless-steel\/\">321<\/a> Belka<\/li>\n<li>Stal nierdzewna <a href=\"https:\/\/wldstainless.com\/materials\/austenitic-stainless-steel\/347-347h-stainless-steel\/\">347H<\/a> Belka<\/li>\n<li>Stal nierdzewna <a href=\"https:\/\/wldstainless.com\/materials\/austenitic-stainless-steel\/904l-stainless-steel\/\">904L<\/a> Belka<\/li>\n<li>Stal nierdzewna <a href=\"https:\/\/wldstainless.com\/materials\/ferritic-stainless-steel\/409-409l-stainless-steel\/\">409\/409L<\/a> Belka<\/li>\n<li>Stal nierdzewna <a href=\"https:\/\/wldstainless.com\/materials\/ferritic-stainless-steel\/410-410s-stainless-steel\/\">410\/410S<\/a> Belka<\/li>\n<li>Stal nierdzewna <a href=\"https:\/\/wldstainless.com\/materials\/martensitic-stainless-steel\/420-stainless-steel\/\">420<\/a> Belka<\/li>\n<li>Stal nierdzewna <a href=\"https:\/\/wldstainless.com\/materials\/ferritic-stainless-steel\/430-430f-stainless-steel\/\">430<\/a> Belka<\/li>\n<li>Dwustronna stal nierdzewna <a href=\"https:\/\/wldstainless.com\/materials\/duplex-stainless-steel\/alloy-2205-stainless-steel\/\">2205<\/a> Belka<\/li>\n<\/ul>\n<\/div><\/section><\/p><\/div>","protected":false},"excerpt":{"rendered":"","protected":false},"author":1,"featured_media":0,"parent":346,"menu_order":0,"comment_status":"closed","ping_status":"closed","template":"","meta":{"footnotes":""},"class_list":["post-1617","page","type-page","status-publish","hentry"],"aioseo_notices":[],"_links":{"self":[{"href":"https:\/\/wldstainless.com\/pl\/wp-json\/wp\/v2\/pages\/1617","targetHints":{"allow":["GET"]}}],"collection":[{"href":"https:\/\/wldstainless.com\/pl\/wp-json\/wp\/v2\/pages"}],"about":[{"href":"https:\/\/wldstainless.com\/pl\/wp-json\/wp\/v2\/types\/page"}],"author":[{"embeddable":true,"href":"https:\/\/wldstainless.com\/pl\/wp-json\/wp\/v2\/users\/1"}],"replies":[{"embeddable":true,"href":"https:\/\/wldstainless.com\/pl\/wp-json\/wp\/v2\/comments?post=1617"}],"version-history":[{"count":6,"href":"https:\/\/wldstainless.com\/pl\/wp-json\/wp\/v2\/pages\/1617\/revisions"}],"predecessor-version":[{"id":2050,"href":"https:\/\/wldstainless.com\/pl\/wp-json\/wp\/v2\/pages\/1617\/revisions\/2050"}],"up":[{"embeddable":true,"href":"https:\/\/wldstainless.com\/pl\/wp-json\/wp\/v2\/pages\/346"}],"wp:attachment":[{"href":"https:\/\/wldstainless.com\/pl\/wp-json\/wp\/v2\/media?parent=1617"}],"curies":[{"name":"wp","href":"https:\/\/api.w.org\/{rel}","templated":true}]}}