{"id":1615,"date":"2020-08-26T09:23:23","date_gmt":"2020-08-26T09:23:23","guid":{"rendered":"http:\/\/wldstainless.com\/?page_id=1615"},"modified":"2020-12-11T05:39:15","modified_gmt":"2020-12-11T05:39:15","slug":"stainless-steel-channel","status":"publish","type":"page","link":"https:\/\/wldstainless.com\/pl\/products\/stainless-steel-channel\/","title":{"rendered":"Kana\u0142 ze stali nierdzewnej"},"content":{"rendered":"<div class=\"flex_column av_one_fourth  flex_column_div av-zero-column-padding first\" style='border-radius:0px; '><p><div class='avia-builder-widget-area clearfix'><div id=\"nav_menu-7\" class=\"widget clearfix widget_nav_menu\"><h3 class=\"widgettitle\">Produkty<\/h3><div class=\"menu-accessories-container\"><ul id=\"menu-accessories\" class=\"menu\"><li id=\"menu-item-1924\" class=\"menu-item menu-item-type-post_type menu-item-object-page menu-item-1924\"><a href=\"https:\/\/wldstainless.com\/pl\/products\/stainless-steel-angle\/\">K\u0105t ze stali nierdzewnej<\/a><\/li>\n<li id=\"menu-item-1925\" class=\"menu-item menu-item-type-post_type menu-item-object-page menu-item-1925\"><a href=\"https:\/\/wldstainless.com\/pl\/products\/stainless-steel-beam\/\">Belka ze stali nierdzewnej<\/a><\/li>\n<li id=\"menu-item-1926\" class=\"menu-item menu-item-type-post_type menu-item-object-page menu-item-1926\"><a href=\"https:\/\/wldstainless.com\/pl\/products\/stainless-steel-capillary-tubes\/\">Rurki kapilarne ze stali nierdzewnej<\/a><\/li>\n<li id=\"menu-item-1927\" class=\"menu-item menu-item-type-post_type menu-item-object-page menu-item-1927\"><a href=\"https:\/\/wldstainless.com\/pl\/products\/stainless-steel-channel\/\">Kana\u0142 ze stali nierdzewnej<\/a><\/li>\n<li id=\"menu-item-1928\" class=\"menu-item menu-item-type-post_type menu-item-object-page menu-item-1928\"><a href=\"https:\/\/wldstainless.com\/pl\/products\/stainless-steel-coiled-tube\/\">Zwijana rura ze stali nierdzewnej<\/a><\/li>\n<li id=\"menu-item-1929\" class=\"menu-item menu-item-type-post_type menu-item-object-page menu-item-1929\"><a href=\"https:\/\/wldstainless.com\/pl\/products\/stainless-steel-cold-rolled-plate-sheet-coil\/\">P\u0142yta \/ arkusz \/ cewka ze stali nierdzewnej walcowanej na zimno<\/a><\/li>\n<li id=\"menu-item-1930\" class=\"menu-item menu-item-type-post_type menu-item-object-page menu-item-1930\"><a href=\"https:\/\/wldstainless.com\/pl\/products\/stainless-steel-flats\/\">P\u0142askie ze stali nierdzewnej<\/a><\/li>\n<li id=\"menu-item-1931\" class=\"menu-item menu-item-type-post_type menu-item-object-page menu-item-1931\"><a href=\"https:\/\/wldstainless.com\/pl\/products\/stainless-steel-hexagon-bars\/\">Sze\u015bciok\u0105tne pr\u0119ty ze stali nierdzewnej<\/a><\/li>\n<li id=\"menu-item-1932\" class=\"menu-item menu-item-type-post_type menu-item-object-page menu-item-1932\"><a href=\"https:\/\/wldstainless.com\/pl\/products\/stainless-steel-hot-rolled-plate-sheet-coil\/\">P\u0142yta \/ arkusz \/ cewka ze stali nierdzewnej walcowanej na gor\u0105co<\/a><\/li>\n<li id=\"menu-item-1933\" class=\"menu-item menu-item-type-post_type menu-item-object-page menu-item-1933\"><a href=\"https:\/\/wldstainless.com\/pl\/products\/stainless-steel-large-diameter-pipe\/\">Rura ze stali nierdzewnej o du\u017cej \u015brednicy<\/a><\/li>\n<li id=\"menu-item-1934\" class=\"menu-item menu-item-type-post_type menu-item-object-page menu-item-1934\"><a href=\"https:\/\/wldstainless.com\/pl\/products\/stainless-steel-round-bars\/\">Pr\u0119ty okr\u0105g\u0142e ze stali nierdzewnej<\/a><\/li>\n<li id=\"menu-item-1935\" class=\"menu-item menu-item-type-post_type menu-item-object-page menu-item-1935\"><a href=\"https:\/\/wldstainless.com\/pl\/products\/stainless-steel-square-tube\/\">Kwadratowa rurka ze stali nierdzewnej<\/a><\/li>\n<li id=\"menu-item-1936\" class=\"menu-item menu-item-type-post_type menu-item-object-page menu-item-1936\"><a href=\"https:\/\/wldstainless.com\/pl\/products\/stainless-steel-u-bend-tube\/\">Rurka w kszta\u0142cie litery U ze stali nierdzewnej<\/a><\/li>\n<\/ul><\/div><\/div><\/div><br \/>\n<div  class='hr hr-default'><span class='hr-inner' ><span class='hr-inner-style'><\/span><\/span><\/div><br \/>\n<div class='avia-button-wrap avia-button-left'><a href='http:\/\/wldstainless.com\/contact\/#contact' class='avia-button   avia-icon_select-yes-left-icon avia-color-custom avia-size-large avia-position-left'  target=\"_blank\"  style='background-color:#e82221; border-color:#e82221; color:#ffffff; ' ><span class='avia_button_icon avia_button_icon_left' aria-hidden='true' data-av_icon='\ue84b' data-av_iconfont='entypo-fontello'><\/span><span class='avia_iconbox_title' >Poprosi\u0107 o wycen\u0119<\/span><\/a><\/div><\/p><\/div>\n<div class=\"flex_column av_three_fourth  flex_column_div\" style='padding:0px 0px 50px 0px ; border-radius:0px; '><p><div style='padding-bottom:10px;color:#d3311f;' class='av-special-heading av-special-heading-h3 custom-color-heading'><h3 class='av-special-heading-tag'  itemprop=\"headline\"  >Kana\u0142 ze stali nierdzewnej<\/h3><div class='special-heading-border'><div class='special-heading-inner-border' style='border-color:#d3311f'><\/div><\/div><\/div><br \/>\n<div  class='hr hr-default'><span class='hr-inner' ><span class='hr-inner-style'><\/span><\/span><\/div><br \/>\n<section class=\"av_textblock_section\"  itemscope=\"itemscope\" itemtype=\"https:\/\/schema.org\/CreativeWork\" ><div class='avia_textblock'   itemprop=\"text\" ><p>Profil ze stali nierdzewnej to formowana stal o przekroju uzyskiwanym przez topienie na gor\u0105co, formowanie, stapianie laserowe, walcowanie na zimno, wyt\u0142aczanie lub innymi metodami na pr\u0119t lub ta\u015bm\u0119 ze stali nierdzewnej. Typowe typy obejmuj\u0105 stal nierdzewn\u0105 k\u0105tow\u0105, p\u0142ask\u0105 stal nierdzewn\u0105, kana\u0142ow\u0105 stal nierdzewn\u0105 (kana\u0142 C, kana\u0142 U), belk\u0119 (belk\u0119 H, belk\u0119 I) i ca\u0142kowicie niestandardowe kszta\u0142ty w pobli\u017cu siatki w naszych stopach. W WLD steel dostarczamy i produkujemy g\u0142\u00f3wnie kana\u0142y C i U ze stali nierdzewnej zgodnie z ASTM A276.<\/p>\n<p><img decoding=\"async\" class=\"size-full wp-image-1657 aligncenter\" src=\"http:\/\/wldstainless.com\/wp-content\/uploads\/2020\/09\/SS-channels.jpg\" alt=\"\" width=\"127\" height=\"120\" \/><\/p>\n<p>Stal kana\u0142owa ze stali nierdzewnej to d\u0142uga stal z sekcj\u0105 w kszta\u0142cie rowka, zazwyczaj ma wysoko\u015b\u0107 (A) * szeroko\u015b\u0107 (B) * grubo\u015b\u0107 (C). Typowymi materia\u0142ami s\u0105 201, 202, 301, 304, 321, 316, 316L itp. Stal kana\u0142owa ze stali nierdzewnej walcowanej na gor\u0105co jest stosowana g\u0142\u00f3wnie w konstrukcjach budowlanych, mostach, pojazdach i innych konstrukcjach przemys\u0142owych i jest cz\u0119sto u\u017cywana z belkami dwuteowymi. Walcowana na gor\u0105co lekka stal kana\u0142owa ze stali nierdzewnej jest rodzajem stali o szerokim profilu i cienkiej \u015bciance, kt\u00f3ra jest bardziej ekonomiczna ni\u017c zwyk\u0142a stal kana\u0142owa walcowana na gor\u0105co. Oferujemy praktycznie ka\u017cdy rodzaj niestandardowych kana\u0142\u00f3w ze stali nierdzewnej do most\u00f3w, budynk\u00f3w, przemys\u0142u samochodowego, tekstylnego, chemicznego, maszynowego i innych dziedzin.<\/p>\n<p><strong>Dane techniczne kana\u0142u przemys\u0142owego:<\/strong><\/p>\n<table>\n<tbody>\n<tr>\n<td width=\"426\">Formularze:<\/td>\n<td width=\"426\">Kana\u0142 w kszta\u0142cie litery C<\/p>\n<p>Kana\u0142 U<\/td>\n<\/tr>\n<tr>\n<td width=\"426\">Materia\u0142<\/td>\n<td width=\"426\">Stal nierdzewna<\/p>\n<p>Dwustronna stal nierdzewna<\/td>\n<\/tr>\n<tr>\n<td width=\"426\">Specyfikacja<\/td>\n<td width=\"426\">ASTM A276\/A276M<\/p>\n<p>ASTM A484\/A484M<\/p>\n<p>ASTM A564\/A564M<\/p>\n<p>ASTM A582\/A582M<\/p>\n<p>ASTM A638\/A638M<\/p>\n<p>ASTM A705\/A705M<\/td>\n<\/tr>\n<tr>\n<td width=\"426\">Rozmiar<\/td>\n<td width=\"426\">Kana\u0142: 40 mm * 20 mm ~ 300 mm * 300 mm<\/p>\n<p>D\u0142ugo\u015b\u0107: 3M, 4M, 5M, 6M lub niestandardowe rozmiary ci\u0119cia<\/td>\n<\/tr>\n<\/tbody>\n<\/table>\n<\/div><\/section><br \/>\n<div  class='hr hr-default'><span class='hr-inner' ><span class='hr-inner-style'><\/span><\/span><\/div><br \/>\n<section class=\"av_textblock_section\"  itemscope=\"itemscope\" itemtype=\"https:\/\/schema.org\/CreativeWork\" ><div class='avia_textblock'   itemprop=\"text\" ><h4>Dost\u0119pne gatunki kana\u0142\u00f3w SS w WID Steel<\/h4>\n<ul>\n<li>Stal nierdzewna <a href=\"https:\/\/wldstainless.com\/materials\/austenitic-stainless-steel\/304-304l-stainless-steel\/\">304\/304L\/304H<\/a> Kana\u0142<\/li>\n<li>Stal nierdzewna <a href=\"https:\/\/wldstainless.com\/materials\/austenitic-stainless-steel\/316-316l-stainless-steel\/\">316\/316L\/316Ti<\/a> Kana\u0142<\/li>\n<li>Stal nierdzewna <a href=\"https:\/\/wldstainless.com\/materials\/austenitic-stainless-steel\/309s-stainless-steel\/\">309\/309S<\/a> Kana\u0142<\/li>\n<li>Stal nierdzewna <a href=\"https:\/\/wldstainless.com\/materials\/austenitic-stainless-steel\/310s-stainless-steel\/\">310\/310S<\/a> Kana\u0142<\/li>\n<li>Kana\u0142 ze stali nierdzewnej 317\/317L<\/li>\n<li>Stal nierdzewna <a href=\"https:\/\/wldstainless.com\/materials\/austenitic-stainless-steel\/321-321h-stainless-steel\/\">321\/321H<\/a> Kana\u0142<\/li>\n<li>Stal nierdzewna <a href=\"https:\/\/wldstainless.com\/materials\/austenitic-stainless-steel\/347-347h-stainless-steel\/\">347\/347H<\/a> Kana\u0142<\/li>\n<li>Stal nierdzewna <a href=\"https:\/\/wldstainless.com\/materials\/austenitic-stainless-steel\/904l-stainless-steel\/\">904L<\/a> Kana\u0142<\/li>\n<li>Stal dupleksowa <a href=\"https:\/\/wldstainless.com\/materials\/duplex-stainless-steel\/alloy-2304-stainless-steel\/\">31803<\/a> Kana\u0142<\/li>\n<li>Stal dupleksowa <a href=\"https:\/\/wldstainless.com\/materials\/duplex-stainless-steel\/alloy-2205-stainless-steel\/\">32550<\/a> Kana\u0142<\/li>\n<\/ul>\n<\/div><\/section><\/p><\/div>","protected":false},"excerpt":{"rendered":"","protected":false},"author":1,"featured_media":0,"parent":346,"menu_order":0,"comment_status":"closed","ping_status":"closed","template":"","meta":{"footnotes":""},"class_list":["post-1615","page","type-page","status-publish","hentry"],"aioseo_notices":[],"_links":{"self":[{"href":"https:\/\/wldstainless.com\/pl\/wp-json\/wp\/v2\/pages\/1615","targetHints":{"allow":["GET"]}}],"collection":[{"href":"https:\/\/wldstainless.com\/pl\/wp-json\/wp\/v2\/pages"}],"about":[{"href":"https:\/\/wldstainless.com\/pl\/wp-json\/wp\/v2\/types\/page"}],"author":[{"embeddable":true,"href":"https:\/\/wldstainless.com\/pl\/wp-json\/wp\/v2\/users\/1"}],"replies":[{"embeddable":true,"href":"https:\/\/wldstainless.com\/pl\/wp-json\/wp\/v2\/comments?post=1615"}],"version-history":[{"count":6,"href":"https:\/\/wldstainless.com\/pl\/wp-json\/wp\/v2\/pages\/1615\/revisions"}],"predecessor-version":[{"id":2052,"href":"https:\/\/wldstainless.com\/pl\/wp-json\/wp\/v2\/pages\/1615\/revisions\/2052"}],"up":[{"embeddable":true,"href":"https:\/\/wldstainless.com\/pl\/wp-json\/wp\/v2\/pages\/346"}],"wp:attachment":[{"href":"https:\/\/wldstainless.com\/pl\/wp-json\/wp\/v2\/media?parent=1615"}],"curies":[{"name":"wp","href":"https:\/\/api.w.org\/{rel}","templated":true}]}}