{"id":1613,"date":"2020-08-26T09:22:28","date_gmt":"2020-08-26T09:22:28","guid":{"rendered":"http:\/\/wldstainless.com\/?page_id=1613"},"modified":"2020-12-11T05:16:12","modified_gmt":"2020-12-11T05:16:12","slug":"stainless-steel-angle","status":"publish","type":"page","link":"https:\/\/wldstainless.com\/pl\/products\/stainless-steel-angle\/","title":{"rendered":"K\u0105t ze stali nierdzewnej"},"content":{"rendered":"<div class=\"flex_column av_one_fourth  flex_column_div av-zero-column-padding first\" style='border-radius:0px; '><p><div class='avia-builder-widget-area clearfix'><div id=\"nav_menu-7\" class=\"widget clearfix widget_nav_menu\"><h3 class=\"widgettitle\">Produkty<\/h3><div class=\"menu-accessories-container\"><ul id=\"menu-accessories\" class=\"menu\"><li id=\"menu-item-1924\" class=\"menu-item menu-item-type-post_type menu-item-object-page menu-item-1924\"><a href=\"https:\/\/wldstainless.com\/pl\/products\/stainless-steel-angle\/\">K\u0105t ze stali nierdzewnej<\/a><\/li>\n<li id=\"menu-item-1925\" class=\"menu-item menu-item-type-post_type menu-item-object-page menu-item-1925\"><a href=\"https:\/\/wldstainless.com\/pl\/products\/stainless-steel-beam\/\">Belka ze stali nierdzewnej<\/a><\/li>\n<li id=\"menu-item-1926\" class=\"menu-item menu-item-type-post_type menu-item-object-page menu-item-1926\"><a href=\"https:\/\/wldstainless.com\/pl\/products\/stainless-steel-capillary-tubes\/\">Rurki kapilarne ze stali nierdzewnej<\/a><\/li>\n<li id=\"menu-item-1927\" class=\"menu-item menu-item-type-post_type menu-item-object-page menu-item-1927\"><a href=\"https:\/\/wldstainless.com\/pl\/products\/stainless-steel-channel\/\">Kana\u0142 ze stali nierdzewnej<\/a><\/li>\n<li id=\"menu-item-1928\" class=\"menu-item menu-item-type-post_type menu-item-object-page menu-item-1928\"><a href=\"https:\/\/wldstainless.com\/pl\/products\/stainless-steel-coiled-tube\/\">Zwijana rura ze stali nierdzewnej<\/a><\/li>\n<li id=\"menu-item-1929\" class=\"menu-item menu-item-type-post_type menu-item-object-page menu-item-1929\"><a href=\"https:\/\/wldstainless.com\/pl\/products\/stainless-steel-cold-rolled-plate-sheet-coil\/\">P\u0142yta \/ arkusz \/ cewka ze stali nierdzewnej walcowanej na zimno<\/a><\/li>\n<li id=\"menu-item-1930\" class=\"menu-item menu-item-type-post_type menu-item-object-page menu-item-1930\"><a href=\"https:\/\/wldstainless.com\/pl\/products\/stainless-steel-flats\/\">P\u0142askie ze stali nierdzewnej<\/a><\/li>\n<li id=\"menu-item-1931\" class=\"menu-item menu-item-type-post_type menu-item-object-page menu-item-1931\"><a href=\"https:\/\/wldstainless.com\/pl\/products\/stainless-steel-hexagon-bars\/\">Sze\u015bciok\u0105tne pr\u0119ty ze stali nierdzewnej<\/a><\/li>\n<li id=\"menu-item-1932\" class=\"menu-item menu-item-type-post_type menu-item-object-page menu-item-1932\"><a href=\"https:\/\/wldstainless.com\/pl\/products\/stainless-steel-hot-rolled-plate-sheet-coil\/\">P\u0142yta \/ arkusz \/ cewka ze stali nierdzewnej walcowanej na gor\u0105co<\/a><\/li>\n<li id=\"menu-item-1933\" class=\"menu-item menu-item-type-post_type menu-item-object-page menu-item-1933\"><a href=\"https:\/\/wldstainless.com\/pl\/products\/stainless-steel-large-diameter-pipe\/\">Rura ze stali nierdzewnej o du\u017cej \u015brednicy<\/a><\/li>\n<li id=\"menu-item-1934\" class=\"menu-item menu-item-type-post_type menu-item-object-page menu-item-1934\"><a href=\"https:\/\/wldstainless.com\/pl\/products\/stainless-steel-round-bars\/\">Pr\u0119ty okr\u0105g\u0142e ze stali nierdzewnej<\/a><\/li>\n<li id=\"menu-item-1935\" class=\"menu-item menu-item-type-post_type menu-item-object-page menu-item-1935\"><a href=\"https:\/\/wldstainless.com\/pl\/products\/stainless-steel-square-tube\/\">Kwadratowa rurka ze stali nierdzewnej<\/a><\/li>\n<li id=\"menu-item-1936\" class=\"menu-item menu-item-type-post_type menu-item-object-page menu-item-1936\"><a href=\"https:\/\/wldstainless.com\/pl\/products\/stainless-steel-u-bend-tube\/\">Rurka w kszta\u0142cie litery U ze stali nierdzewnej<\/a><\/li>\n<\/ul><\/div><\/div><\/div><br \/>\n<div  class='hr hr-default'><span class='hr-inner' ><span class='hr-inner-style'><\/span><\/span><\/div><br \/>\n<div class='avia-button-wrap avia-button-left'><a href='http:\/\/wldstainless.com\/contact\/#contact' class='avia-button   avia-icon_select-yes-left-icon avia-color-custom avia-size-large avia-position-left'  target=\"_blank\"  style='background-color:#e82221; border-color:#e82221; color:#ffffff; ' ><span class='avia_button_icon avia_button_icon_left' aria-hidden='true' data-av_icon='\ue84b' data-av_iconfont='entypo-fontello'><\/span><span class='avia_iconbox_title' >Poprosi\u0107 o wycen\u0119<\/span><\/a><\/div><\/p><\/div>\n<div class=\"flex_column av_three_fourth  flex_column_div\" style='padding:0px 0px 50px 0px ; border-radius:0px; '><section class=\"av_textblock_section\"  itemscope=\"itemscope\" itemtype=\"https:\/\/schema.org\/CreativeWork\" ><div class='avia_textblock'   itemprop=\"text\" ><h3>K\u0105t ze stali nierdzewnej<\/h3>\n<\/div><\/section><br \/>\n<div class='avia-gallery  avia-gallery-1 avia_lazyload avia_animate_when_visible'  itemprop=\"ImageObject\" itemscope=\"itemscope\" itemtype=\"https:\/\/schema.org\/ImageObject\" ><div class='avia-gallery-thumb'> <a href='https:\/\/wldstainless.com\/wp-content\/uploads\/2020\/09\/316-angle.jpg' data-rel='gallery-1' data-prev-img='https:\/\/wldstainless.com\/wp-content\/uploads\/2020\/09\/316-angle.jpg' class='first_thumb lightbox' data-onclick='1' title='K\u0105t ze stali nierdzewnej 316'  itemprop=\"thumbnailUrl\" ><img data-avia-tooltip='316 Stainless Steel Angle' src='https:\/\/wldstainless.com\/wp-content\/uploads\/2020\/09\/316-angle.jpg' width='300' height='300'  title='K\u0105t 316' alt='' \/><\/a> <a href='https:\/\/wldstainless.com\/wp-content\/uploads\/2020\/09\/304-angle.jpg' data-rel='gallery-1' data-prev-img='https:\/\/wldstainless.com\/wp-content\/uploads\/2020\/09\/304-angle.jpg' class='lightbox' data-onclick='2' title='304 K\u0105t'  itemprop=\"thumbnailUrl\" ><img data-avia-tooltip='304 Angle' src='https:\/\/wldstainless.com\/wp-content\/uploads\/2020\/09\/304-angle.jpg' width='300' height='300'  title='K\u0105t 304' alt='' \/><\/a> <a href='https:\/\/wldstainless.com\/wp-content\/uploads\/2020\/09\/347-angle.jpg' data-rel='gallery-1' data-prev-img='https:\/\/wldstainless.com\/wp-content\/uploads\/2020\/09\/347-angle.jpg' class='lightbox' data-onclick='3' title='347 K\u0105t'  itemprop=\"thumbnailUrl\" ><img data-avia-tooltip='347 Angle' src='https:\/\/wldstainless.com\/wp-content\/uploads\/2020\/09\/347-angle.jpg' width='300' height='300'  title='K\u0105t 347' alt='' \/><\/a><\/div><\/div><br \/>\n<div  class='hr hr-default'><span class='hr-inner' ><span class='hr-inner-style'><\/span><\/span><\/div><br \/>\n<section class=\"av_textblock_section\"  itemscope=\"itemscope\" itemtype=\"https:\/\/schema.org\/CreativeWork\" ><div class='avia_textblock'   itemprop=\"text\" ><p>Profil ze stali nierdzewnej to formowana stal o przekroju uzyskiwanym przez topienie na gor\u0105co, formowanie, stapianie laserowe, walcowanie na zimno, wyt\u0142aczanie lub innymi metodami na pr\u0119t lub ta\u015bm\u0119 ze stali nierdzewnej. Typowe typy obejmuj\u0105 stal nierdzewn\u0105 k\u0105tow\u0105, p\u0142ask\u0105 stal nierdzewn\u0105, kana\u0142ow\u0105 stal nierdzewn\u0105 (kana\u0142 C, kana\u0142 U), belk\u0119 (belk\u0119 H, belk\u0119 I) i ca\u0142kowicie niestandardowe kszta\u0142ty w pobli\u017cu siatki w naszych stopach. WLD Steel jest wiod\u0105cym producentem, dostawc\u0105 i eksporterem k\u0105townik\u00f3w ze stali nierdzewnej w r\u00f3\u017cnych rozmiarach i specyfikacjach.<\/p>\n<p><img decoding=\"async\" class=\"aligncenter size-full wp-image-1663\" src=\"http:\/\/wldstainless.com\/wp-content\/uploads\/2020\/09\/SS-angles.jpg\" alt=\"\" width=\"127\" height=\"120\" \/><\/p>\n<p>K\u0105t ze stali nierdzewnej jest prostopad\u0142y do obu stron z okre\u015blonym k\u0105tem uformowanej stali. Ma doskona\u0142\u0105 wytrzyma\u0142o\u015b\u0107, odporno\u015b\u0107 na korozj\u0119 i spawalno\u015b\u0107, wyra\u017con\u0105 jako szeroko\u015b\u0107 przez szeroko\u015b\u0107 i grubo\u015b\u0107 kraw\u0119dzi (mm). Na przyk\u0142ad k\u0105t 25\u00d725\u00d73 \u201eoznacza k\u0105townik ze stali nierdzewnej o r\u00f3wnych bokach, o szeroko\u015bci boku 25 mm i grubo\u015bci boku 3 mm. Dzieli si\u0119 go g\u0142\u00f3wnie na r\u00f3wny k\u0105t ze stali nierdzewnej i nier\u00f3wny k\u0105t ze stali nierdzewnej, kt\u00f3ry mo\u017ce by\u0107 stosowany jako po\u0142\u0105czenie mi\u0119dzy r\u00f3\u017cnymi cz\u0119\u015bciami i komponentami napr\u0119\u017caj\u0105cymi, szeroko stosowany we wszelkiego rodzaju konstrukcjach budowlanych i konstrukcjach in\u017cynieryjnych, takich jak belki, mosty, wie\u017ce przesy\u0142owe, podno\u015bniki i maszyny transportowe, statki, piece przemys\u0142owe, wie\u017ce reakcyjne, rega\u0142y kontenerowe i p\u00f3\u0142ki magazynowe.<\/p>\n<h4><strong>Specyfikacje k\u0105townik\u00f3w przemys\u0142owych<\/strong><\/h4>\n<table>\n<tbody>\n<tr>\n<td width=\"426\">Formularze:<\/td>\n<td width=\"426\">\n<ul>\n<li>R\u00f3wne k\u0105ty n\u00f3g<\/li>\n<li>Nier\u00f3wne k\u0105ty n\u00f3g<\/li>\n<li>L-K\u0105ty konstrukcyjne<\/li>\n<li>C-K\u0105ty konstrukcyjne<\/li>\n<\/ul>\n<\/td>\n<\/tr>\n<tr>\n<td width=\"426\">Materia\u0142<\/td>\n<td width=\"426\">Stal nierdzewna<\/p>\n<p>Dwustronna stal nierdzewna<\/td>\n<\/tr>\n<tr>\n<td width=\"426\">Specyfikacja<\/td>\n<td width=\"426\">\n<ul>\n<li>ASTM A276\/A276M<\/li>\n<li>ASTM A484\/A484M<\/li>\n<li>ASTM A564\/A564M<\/li>\n<li>ASTM A582\/A582M<\/li>\n<li>ASTM A638\/A638M<\/li>\n<li>ASTM A705\/A705M<\/li>\n<\/ul>\n<\/td>\n<\/tr>\n<tr>\n<td width=\"426\">Rozmiar<\/td>\n<td width=\"426\">K\u0105t: 3\u20139 m, 4\u201312 m, 4\u201319 m, 6\u201319 m lub niestandardowe rozmiary ci\u0119cia<\/td>\n<\/tr>\n<\/tbody>\n<\/table>\n<\/div><\/section><br \/>\n<div  class='hr hr-default'><span class='hr-inner' ><span class='hr-inner-style'><\/span><\/span><\/div><br \/>\n<section class=\"av_textblock_section\"  itemscope=\"itemscope\" itemtype=\"https:\/\/schema.org\/CreativeWork\" ><div class='avia_textblock'   itemprop=\"text\" ><h4>Dost\u0119pne gatunki k\u0105townik\u00f3w w WID Steel<\/h4>\n<ul>\n<li>Stal nierdzewna <a href=\"https:\/\/wldstainless.com\/materials\/austenitic-stainless-steel\/201-stainless-steel\/\">201<\/a> K\u0105t<\/li>\n<li>Stal nierdzewna <a href=\"https:\/\/wldstainless.com\/materials\/austenitic-stainless-steel\/304-304l-stainless-steel\/\">304\/304L<\/a> K\u0105t<\/li>\n<li>Stal nierdzewna <a href=\"https:\/\/wldstainless.com\/materials\/austenitic-stainless-steel\/310s-stainless-steel\/\">310\/310S<\/a> K\u0105t<\/li>\n<li>Stal nierdzewna <a href=\"https:\/\/wldstainless.com\/materials\/austenitic-stainless-steel\/316-316l-stainless-steel\/\">316\/316L<\/a> K\u0105t<\/li>\n<li>Stal nierdzewna <a href=\"https:\/\/wldstainless.com\/materials\/austenitic-stainless-steel\/321-321h-stainless-steel\/\">321<\/a> K\u0105t<\/li>\n<li>Stal nierdzewna <a href=\"https:\/\/wldstainless.com\/materials\/austenitic-stainless-steel\/347-347h-stainless-steel\/\">347H<\/a> K\u0105t<\/li>\n<li>Stal nierdzewna <a href=\"https:\/\/wldstainless.com\/materials\/austenitic-stainless-steel\/904l-stainless-steel\/\">904L<\/a> Belka<\/li>\n<li>Stal nierdzewna <a href=\"https:\/\/wldstainless.com\/materials\/ferritic-stainless-steel\/409-409l-stainless-steel\/\">409\/409L<\/a> K\u0105t<\/li>\n<li>Stal nierdzewna <a href=\"https:\/\/wldstainless.com\/materials\/ferritic-stainless-steel\/410-410s-stainless-steel\/\">410\/410S<\/a> K\u0105t<\/li>\n<li>Stal nierdzewna <a href=\"https:\/\/wldstainless.com\/materials\/martensitic-stainless-steel\/420-stainless-steel\/\">420<\/a> K\u0105t<\/li>\n<li>Dwustronna stal nierdzewna <a href=\"https:\/\/wldstainless.com\/materials\/duplex-stainless-steel\/alloy-2205-stainless-steel\/\">2205<\/a> K\u0105t<\/li>\n<\/ul>\n<\/div><\/section><\/p><\/div>","protected":false},"excerpt":{"rendered":"","protected":false},"author":1,"featured_media":0,"parent":346,"menu_order":0,"comment_status":"closed","ping_status":"closed","template":"","meta":{"footnotes":""},"class_list":["post-1613","page","type-page","status-publish","hentry"],"aioseo_notices":[],"_links":{"self":[{"href":"https:\/\/wldstainless.com\/pl\/wp-json\/wp\/v2\/pages\/1613","targetHints":{"allow":["GET"]}}],"collection":[{"href":"https:\/\/wldstainless.com\/pl\/wp-json\/wp\/v2\/pages"}],"about":[{"href":"https:\/\/wldstainless.com\/pl\/wp-json\/wp\/v2\/types\/page"}],"author":[{"embeddable":true,"href":"https:\/\/wldstainless.com\/pl\/wp-json\/wp\/v2\/users\/1"}],"replies":[{"embeddable":true,"href":"https:\/\/wldstainless.com\/pl\/wp-json\/wp\/v2\/comments?post=1613"}],"version-history":[{"count":11,"href":"https:\/\/wldstainless.com\/pl\/wp-json\/wp\/v2\/pages\/1613\/revisions"}],"predecessor-version":[{"id":2049,"href":"https:\/\/wldstainless.com\/pl\/wp-json\/wp\/v2\/pages\/1613\/revisions\/2049"}],"up":[{"embeddable":true,"href":"https:\/\/wldstainless.com\/pl\/wp-json\/wp\/v2\/pages\/346"}],"wp:attachment":[{"href":"https:\/\/wldstainless.com\/pl\/wp-json\/wp\/v2\/media?parent=1613"}],"curies":[{"name":"wp","href":"https:\/\/api.w.org\/{rel}","templated":true}]}}