{"id":1589,"date":"2020-08-25T09:18:09","date_gmt":"2020-08-25T09:18:09","guid":{"rendered":"http:\/\/wldstainless.com\/?page_id=1589"},"modified":"2020-09-18T09:26:44","modified_gmt":"2020-09-18T09:26:44","slug":"301-301l-stainless-steel","status":"publish","type":"page","link":"https:\/\/wldstainless.com\/pl\/materials\/austenitic-stainless-steel\/301-301l-stainless-steel\/","title":{"rendered":"Stal nierdzewna 301\/301L"},"content":{"rendered":"<div class='flex_column_table av-equal-height-column-flextable -flextable' ><div class=\"flex_column av_one_fourth  flex_column_table_cell av-equal-height-column av-align-top av-zero-column-padding first\" style='border-radius:0px; '><p><div class='avia-button-wrap avia-button-left'><a href='http:\/\/wldstainless.com\/contact\/#contact' class='avia-button   avia-icon_select-yes-left-icon avia-color-custom avia-size-large avia-position-left'  target=\"_blank\"  style='background-color:#e82221; border-color:#e82221; color:#ffffff; ' ><span class='avia_button_icon avia_button_icon_left' aria-hidden='true' data-av_icon='\ue84b' data-av_iconfont='entypo-fontello'><\/span><span class='avia_iconbox_title' >Poprosi\u0107 o wycen\u0119<\/span><\/a><\/div><br \/>\n<div  class='hr hr-default'><span class='hr-inner' ><span class='hr-inner-style'><\/span><\/span><\/div><br \/>\n<div class='avia-builder-widget-area clearfix'><div id=\"nav_menu-5\" class=\"widget clearfix widget_nav_menu\"><h3 class=\"widgettitle\">Materia\u0142<\/h3><div class=\"menu-products-sidebar-menu-container\"><ul id=\"menu-products-sidebar-menu\" class=\"menu\"><li id=\"menu-item-1329\" class=\"menu-item menu-item-type-post_type menu-item-object-page menu-item-1329\"><a href=\"https:\/\/wldstainless.com\/pl\/materials\/ferritic-stainless-steel\/\">Ferrytyczna stal nierdzewna<\/a><\/li>\n<li id=\"menu-item-1328\" class=\"menu-item menu-item-type-post_type menu-item-object-page menu-item-1328\"><a href=\"https:\/\/wldstainless.com\/pl\/materials\/martensitic-stainless-steel\/\">Martenzytyczna stal nierdzewna<\/a><\/li>\n<li id=\"menu-item-1327\" class=\"menu-item menu-item-type-post_type menu-item-object-page menu-item-1327\"><a href=\"https:\/\/wldstainless.com\/pl\/materials\/austenitic-stainless-steel\/\">Austenityczna stal nierdzewna<\/a><\/li>\n<li id=\"menu-item-1889\" class=\"menu-item menu-item-type-post_type menu-item-object-page menu-item-1889\"><a href=\"https:\/\/wldstainless.com\/pl\/materials\/duplex-stainless-steel\/\">Dwustronna stal nierdzewna<\/a><\/li>\n<\/ul><\/div><\/div><\/div><\/p><\/div><\/div><!--close column table wrapper. Autoclose: 1 --><div class='flex_column_table av-equal-height-column-flextable -flextable' ><div class='av-flex-placeholder'><\/div><div class=\"flex_column av_three_fourth  flex_column_table_cell av-equal-height-column av-align-top av-zero-column-padding\" style='border-radius:0px; '><p><div style='padding-bottom:10px;color:#d3311f;font-size:26px;' class='av-special-heading av-special-heading-h3 custom-color-heading blockquote modern-quote   av-inherit-size'><h3 class='av-special-heading-tag'  itemprop=\"headline\"  >Stal nierdzewna 301\/301L<\/h3><div class='special-heading-border'><div class='special-heading-inner-border' style='border-color:#d3311f'><\/div><\/div><\/div><br \/>\n<section class=\"av_textblock_section\"  itemscope=\"itemscope\" itemtype=\"https:\/\/schema.org\/CreativeWork\" ><div class='avia_textblock'   itemprop=\"text\" ><p>WLD Steel jest wiod\u0105cym producentem, dostawc\u0105 i eksporterem stali nierdzewnej 301\/301L w kszta\u0142cie rury, rury, arkusza, p\u0142yty, pr\u0119ta, pr\u0119ta i innych kszta\u0142t\u00f3w, takich jak anio\u0142, kana\u0142, okr\u0105g, wyci\u0119ty element.<\/p>\n<p>Stal nierdzewna typu 301 jest powszechnie stosowan\u0105 stal\u0105 austenityczn\u0105 o wi\u0119kszym hartowaniu przez odkszta\u0142cenie. Oferuje dobr\u0105 odporno\u015b\u0107 na korozj\u0119, wysok\u0105 wytrzyma\u0142o\u015b\u0107 i podwy\u017cszon\u0105 zawarto\u015b\u0107 w\u0119gla, aby umo\u017cliwi\u0107 obr\u00f3bk\u0119 na zimno w r\u00f3\u017cnych temperaturach. Mo\u017cna go uzyska\u0107 w stanie 1\/4 twardym, 1\/2 twardym, ca\u0142kowicie twardym i bardzo twardym. Zachowuje wystarczaj\u0105c\u0105 plastyczno\u015b\u0107 w warunkach 1\/2 utwardzania, aby mo\u017cna by\u0142o go formowa\u0107 przez walcowanie lub zginanie w cz\u0119\u015bci samolot\u00f3w, cz\u0119\u015bci konstrukcyjne budynk\u00f3w, a zw\u0142aszcza cz\u0119\u015bci wagon\u00f3w kolejowych. Na cz\u0119\u015bci wymagaj\u0105ce du\u017cej odporno\u015bci na zu\u017cycie i elastyczno\u015bci nale\u017cy stosowa\u0107 p\u0142yty zimnowalcowane, utwardzane od 3\/4 do pe\u0142nego utwardzenia. Typ 301L to niskoemisyjna wersja stali nierdzewnej 301. Typowe zastosowanie stali 301 i 301L obejmuje uszczelki, spr\u0119\u017cyny, podk\u0142adki regulacyjne, elementy z\u0142\u0105czne, narz\u0119dzia, ostrza, cz\u0119\u015bci samochodowe, komponenty lotnicze, przybory kuchenne i zastaw\u0119 sto\u0142ow\u0105, komponenty elektryczne i inne.<\/p>\n<p><strong>Jakie s\u0105 dost\u0119pne formy i specyfikacje 301\/301L w WLD Steel?<\/strong><\/p>\n<table>\n<tbody>\n<tr>\n<td width=\"170\">Arkusz\/p\u0142yta\/cewka<\/td>\n<td width=\"170\">Bezszwowa rura\/rurka<\/td>\n<td width=\"170\">Spawana rura\/rurka<\/td>\n<td width=\"170\">Okr\u0105g\u0142y pasek<\/td>\n<td width=\"170\">Formowana stal (w kszta\u0142cie)<\/td>\n<\/tr>\n<tr>\n<td width=\"170\">ASTM A240<\/p>\n<p>ASTM A480<\/p>\n<p>ASTM A666<\/td>\n<td width=\"170\">ASTM A789<\/p>\n<p>ASTM A790<\/td>\n<td width=\"170\">ASTM A269<\/p>\n<p>ASTM A790<\/td>\n<td width=\"170\">ASTM A276<\/p>\n<p>ASTM A479<\/td>\n<td width=\"170\">ASTM A276<\/td>\n<\/tr>\n<\/tbody>\n<\/table>\n<h2><\/h2>\n<\/div><\/section><br \/>\n<div class=\"togglecontainer   toggle_close_all\" >\n<section class=\"av_toggle_section\"  itemscope=\"itemscope\" itemtype=\"https:\/\/schema.org\/CreativeWork\"  >    <div class=\"single_toggle\" data-tags=\"{All} \"  >        <p data-fake-id=\"#toggle-id-1\" class=\"toggler\"  itemprop=\"headline\"  >Gatunki r\u00f3wnowa\u017cne 301\/301L<span class=\"toggle_icon\" >        <span class=\"vert_icon\"><\/span><span class=\"hor_icon\"><\/span><\/span><\/p>        <div id=\"toggle-id-1-container\" class=\"toggle_wrap\"  >            <div class=\"toggle_content invers-color\"  itemprop=\"text\"   ><table>\n<tbody>\n<tr>\n<td width=\"136\">STANDARD<\/td>\n<td width=\"136\">UNS<\/td>\n<td width=\"136\">EN\/DIN<\/td>\n<td width=\"136\">JIS<\/td>\n<td width=\"136\">licencjat<\/td>\n<td width=\"137\">GB<\/td>\n<\/tr>\n<tr>\n<td width=\"136\">301<\/td>\n<td width=\"136\">S30100<\/td>\n<td width=\"136\">1.4319<\/p>\n<p>X5CrNi17-7<\/td>\n<td width=\"136\">SUS 301<\/td>\n<td width=\"136\">\/<\/td>\n<td width=\"137\">1Cr17Ni7<\/td>\n<\/tr>\n<tr>\n<td width=\"136\">301L<\/td>\n<td width=\"136\">S30103<\/td>\n<td width=\"136\">\/<\/td>\n<td width=\"136\">SUS 301L<\/td>\n<td width=\"136\">\/<\/td>\n<td width=\"137\">\/<\/td>\n<\/tr>\n<\/tbody>\n<\/table>\n            <\/div>        <\/div>    <\/div><\/section>\n<section class=\"av_toggle_section\"  itemscope=\"itemscope\" itemtype=\"https:\/\/schema.org\/CreativeWork\"  >    <div class=\"single_toggle\" data-tags=\"{All} \"  >        <p data-fake-id=\"#toggle-id-2\" class=\"toggler\"  itemprop=\"headline\"  >Sk\u0142ad chemiczny 301\/301L<span class=\"toggle_icon\" >        <span class=\"vert_icon\"><\/span><span class=\"hor_icon\"><\/span><\/span><\/p>        <div id=\"toggle-id-2-container\" class=\"toggle_wrap\"  >            <div class=\"toggle_content invers-color\"  itemprop=\"text\"   ><table>\n<tbody>\n<tr>\n<td width=\"94\">Stopie\u0144<\/td>\n<td width=\"94\">C<\/td>\n<td width=\"94\">Kr<\/td>\n<td width=\"94\">Ni<\/td>\n<td width=\"94\">Si<\/td>\n<td width=\"94\">Mn<\/td>\n<td width=\"94\">P<\/td>\n<td width=\"94\">S<\/td>\n<td width=\"94\">N<\/td>\n<\/tr>\n<tr>\n<td width=\"94\">301<\/td>\n<td width=\"94\">0.15<\/td>\n<td width=\"94\">16.0-18.0<\/td>\n<td width=\"94\">6.00-8.00<\/td>\n<td width=\"94\">1.00<\/td>\n<td width=\"94\">2.0<\/td>\n<td width=\"94\">0.045<\/td>\n<td width=\"94\">0.030<\/td>\n<td width=\"94\">0.10<\/td>\n<\/tr>\n<tr>\n<td width=\"94\">301L<\/td>\n<td width=\"94\">0.03<\/td>\n<td width=\"94\">16.0-18.0<\/td>\n<td width=\"94\">6.00-8.00<\/td>\n<td width=\"94\">1.00<\/td>\n<td width=\"94\">2.0<\/td>\n<td width=\"94\">0.045<\/td>\n<td width=\"94\">0.030<\/td>\n<td width=\"94\">0.10<\/td>\n<\/tr>\n<\/tbody>\n<\/table>\n            <\/div>        <\/div>    <\/div><\/section>\n<section class=\"av_toggle_section\"  itemscope=\"itemscope\" itemtype=\"https:\/\/schema.org\/CreativeWork\"  >    <div class=\"single_toggle\" data-tags=\"{All} \"  >        <p data-fake-id=\"#toggle-id-3\" class=\"toggler\"  itemprop=\"headline\"  >W\u0142a\u015bciwo\u015bci mechaniczne 301\/301L<span class=\"toggle_icon\" >        <span class=\"vert_icon\"><\/span><span class=\"hor_icon\"><\/span><\/span><\/p>        <div id=\"toggle-id-3-container\" class=\"toggle_wrap\"  >            <div class=\"toggle_content invers-color\"  itemprop=\"text\"   ><table>\n<tbody>\n<tr>\n<td width=\"213\">R\u00f3wniarka<\/td>\n<td width=\"213\">Wytrzyma\u0142o\u015b\u0107 na rozci\u0105ganie, Mpa (min.)<\/td>\n<td width=\"213\">Granica plastyczno\u015bci 0,2%<br \/>\nMPa (min.)<\/td>\n<td width=\"213\">Wyd\u0142u\u017cenie -% w 50 mm (min.)<\/td>\n<\/tr>\n<tr>\n<td width=\"213\">301 Wy\u017carzone<\/td>\n<td width=\"213\">515<\/td>\n<td width=\"213\">205<\/td>\n<td width=\"213\">40<\/td>\n<\/tr>\n<tr>\n<td width=\"213\">301 1\/4 temp<\/td>\n<td width=\"213\">860<\/td>\n<td width=\"213\">515<\/td>\n<td width=\"213\">25<\/td>\n<\/tr>\n<tr>\n<td width=\"213\">301 1\/2 Temp<\/td>\n<td width=\"213\">1035<\/td>\n<td width=\"213\">760<\/td>\n<td width=\"213\">18<\/td>\n<\/tr>\n<tr>\n<td width=\"213\">301 Pe\u0142na twardo\u015b\u0107<\/td>\n<td width=\"213\">1275<\/td>\n<td width=\"213\">965<\/td>\n<td width=\"213\">9<\/td>\n<\/tr>\n<\/tbody>\n<\/table>\n            <\/div>        <\/div>    <\/div><\/section>\n<\/div><br \/>\n<\/p><\/div><\/div><!--close column table wrapper. Autoclose: 1 --><\/p>","protected":false},"excerpt":{"rendered":"","protected":false},"author":1,"featured_media":0,"parent":1323,"menu_order":0,"comment_status":"closed","ping_status":"closed","template":"","meta":{"footnotes":""},"class_list":["post-1589","page","type-page","status-publish","hentry"],"aioseo_notices":[],"_links":{"self":[{"href":"https:\/\/wldstainless.com\/pl\/wp-json\/wp\/v2\/pages\/1589","targetHints":{"allow":["GET"]}}],"collection":[{"href":"https:\/\/wldstainless.com\/pl\/wp-json\/wp\/v2\/pages"}],"about":[{"href":"https:\/\/wldstainless.com\/pl\/wp-json\/wp\/v2\/types\/page"}],"author":[{"embeddable":true,"href":"https:\/\/wldstainless.com\/pl\/wp-json\/wp\/v2\/users\/1"}],"replies":[{"embeddable":true,"href":"https:\/\/wldstainless.com\/pl\/wp-json\/wp\/v2\/comments?post=1589"}],"version-history":[{"count":5,"href":"https:\/\/wldstainless.com\/pl\/wp-json\/wp\/v2\/pages\/1589\/revisions"}],"predecessor-version":[{"id":1895,"href":"https:\/\/wldstainless.com\/pl\/wp-json\/wp\/v2\/pages\/1589\/revisions\/1895"}],"up":[{"embeddable":true,"href":"https:\/\/wldstainless.com\/pl\/wp-json\/wp\/v2\/pages\/1323"}],"wp:attachment":[{"href":"https:\/\/wldstainless.com\/pl\/wp-json\/wp\/v2\/media?parent=1589"}],"curies":[{"name":"wp","href":"https:\/\/api.w.org\/{rel}","templated":true}]}}