{"id":1571,"date":"2020-08-24T08:03:37","date_gmt":"2020-08-24T08:03:37","guid":{"rendered":"http:\/\/wldstainless.com\/?page_id=1571"},"modified":"2020-09-18T09:31:47","modified_gmt":"2020-09-18T09:31:47","slug":"alloy-2304-stainless-steel","status":"publish","type":"page","link":"https:\/\/wldstainless.com\/pl\/materials\/duplex-stainless-steel\/alloy-2304-stainless-steel\/","title":{"rendered":"Stal nierdzewna stop 2304"},"content":{"rendered":"<div class='flex_column_table av-equal-height-column-flextable -flextable' ><div class=\"flex_column av_one_fourth  flex_column_table_cell av-equal-height-column av-align-top av-zero-column-padding first\" style='border-radius:0px; '><p><div class='avia-builder-widget-area clearfix'><div id=\"nav_menu-5\" class=\"widget clearfix widget_nav_menu\"><h3 class=\"widgettitle\">Materia\u0142<\/h3><div class=\"menu-products-sidebar-menu-container\"><ul id=\"menu-products-sidebar-menu\" class=\"menu\"><li id=\"menu-item-1329\" class=\"menu-item menu-item-type-post_type menu-item-object-page menu-item-1329\"><a href=\"https:\/\/wldstainless.com\/pl\/materials\/ferritic-stainless-steel\/\">Ferrytyczna stal nierdzewna<\/a><\/li>\n<li id=\"menu-item-1328\" class=\"menu-item menu-item-type-post_type menu-item-object-page menu-item-1328\"><a href=\"https:\/\/wldstainless.com\/pl\/materials\/martensitic-stainless-steel\/\">Martenzytyczna stal nierdzewna<\/a><\/li>\n<li id=\"menu-item-1327\" class=\"menu-item menu-item-type-post_type menu-item-object-page menu-item-1327\"><a href=\"https:\/\/wldstainless.com\/pl\/materials\/austenitic-stainless-steel\/\">Austenityczna stal nierdzewna<\/a><\/li>\n<li id=\"menu-item-1889\" class=\"menu-item menu-item-type-post_type menu-item-object-page menu-item-1889\"><a href=\"https:\/\/wldstainless.com\/pl\/materials\/duplex-stainless-steel\/\">Dwustronna stal nierdzewna<\/a><\/li>\n<\/ul><\/div><\/div><\/div><br \/>\n<div  class='hr hr-default'><span class='hr-inner' ><span class='hr-inner-style'><\/span><\/span><\/div><br \/>\n<div class='avia-button-wrap avia-button-left'><a href='http:\/\/wldstainless.com\/contact\/#contact' class='avia-button   avia-icon_select-yes-left-icon avia-color-custom avia-size-large avia-position-left'  target=\"_blank\"  style='background-color:#e82221; border-color:#e82221; color:#ffffff; ' ><span class='avia_button_icon avia_button_icon_left' aria-hidden='true' data-av_icon='\ue84b' data-av_iconfont='entypo-fontello'><\/span><span class='avia_iconbox_title' >Poprosi\u0107 o wycen\u0119<\/span><\/a><\/div><\/p><\/div><\/div><!--close column table wrapper. Autoclose: 1 --><div class='flex_column_table av-equal-height-column-flextable -flextable' ><div class='av-flex-placeholder'><\/div><div class=\"flex_column av_three_fourth  flex_column_table_cell av-equal-height-column av-align-top av-zero-column-padding\" style='border-radius:0px; '><p><div style='padding-bottom:10px;color:#d3311f;' class='av-special-heading av-special-heading-h3 custom-color-heading'><h3 class='av-special-heading-tag'  itemprop=\"headline\"  >Stal nierdzewna stop 2304<\/h3><div class='special-heading-border'><div class='special-heading-inner-border' style='border-color:#d3311f'><\/div><\/div><\/div><br \/>\n<section class=\"av_textblock_section\"  itemscope=\"itemscope\" itemtype=\"https:\/\/schema.org\/CreativeWork\" ><div class='avia_textblock'   itemprop=\"text\" ><p>WLD Steel jest wiod\u0105cym producentem, dostawc\u0105 i eksporterem stali nierdzewnej duplex 2304 dost\u0119pnej w wielu r\u00f3\u017cnych rozmiarach i formach, w tym rura, rura, arkusz, p\u0142yta, pr\u0119t, pr\u0119t i inne kszta\u0142ty, takie jak k\u0105t, kana\u0142, okr\u0105g, wyci\u0119ty element i Wkr\u00f3tce.<\/p>\n<p>Stop 2304 to rodzaj niskostopowej stali nierdzewnej typu duplex, niezawieraj\u0105cej molibdenu. Ma struktur\u0119 stanowi\u0105c\u0105 r\u00f3wnowag\u0119 ferrytyczn\u0105 i austenityczn\u0105 i ma dobr\u0105 odporno\u015b\u0107 na korozj\u0119 w\u017cerow\u0105 i szczelinow\u0105, stal nierdzewna typu duplex 2304 jest cz\u0119sto stosowana jako materia\u0142 zast\u0119pczy dla stop\u00f3w 304L i 316L, ale dwukrotnie przekracza granic\u0119 plastyczno\u015bci 304L\/316L, powszechnie stosowany w kot\u0142ach i zbiornikach ci\u015bnieniowych, zak\u0142adach chemicznych i ruroci\u0105gach rafinerii ropy naftowej, urz\u0105dzeniach do odzyskiwania amin, urz\u0105dzeniach do fermentacji w\u0119glowodor\u00f3w, podgrzewaczach dla przemys\u0142u celulozowo-papierniczego itp.<\/p>\n<p><strong>Jakie s\u0105 dost\u0119pne formy i specyfikacje stali 2304 w WLD Steel?<\/strong><\/p>\n<table>\n<tbody>\n<tr>\n<td width=\"170\">Arkusz\/p\u0142yta\/cewka<\/td>\n<td width=\"170\">Bezszwowa rura\/rurka<\/td>\n<td width=\"170\">Spawana rura\/rurka<\/td>\n<td width=\"170\">Okr\u0105g\u0142y pasek<\/td>\n<td width=\"170\">Formowana stal (w kszta\u0142cie)<\/td>\n<\/tr>\n<tr>\n<td width=\"170\">JIS G4304\/4305, ASTM A240<\/td>\n<td width=\"170\">ASTMA789,<\/p>\n<p>ASTM A790<\/td>\n<td width=\"170\">ASTM A928<\/td>\n<td width=\"170\">ASTM A479, ASTM A276<\/td>\n<td width=\"170\">ASTM A276<\/td>\n<\/tr>\n<\/tbody>\n<\/table>\n<\/div><\/section><br \/>\n<div class=\"togglecontainer   toggle_close_all\" >\n<section class=\"av_toggle_section\"  itemscope=\"itemscope\" itemtype=\"https:\/\/schema.org\/CreativeWork\"  >    <div class=\"single_toggle\" data-tags=\"{All} \"  >        <p data-fake-id=\"#toggle-id-1\" class=\"toggler\"  itemprop=\"headline\"  >Materia\u0142y r\u00f3wnowa\u017cne ze stopu 2304<span class=\"toggle_icon\" >        <span class=\"vert_icon\"><\/span><span class=\"hor_icon\"><\/span><\/span><\/p>        <div id=\"toggle-id-1-container\" class=\"toggle_wrap\"  >            <div class=\"toggle_content invers-color\"  itemprop=\"text\"   ><table>\n<tbody>\n<tr>\n<td width=\"121\">UNS<\/td>\n<td width=\"121\">Szwecja<\/td>\n<td width=\"121\">JIS<\/td>\n<td width=\"121\">HA\u0141AS<\/td>\n<td width=\"121\">ANSI<\/td>\n<td width=\"121\">NF<\/td>\n<td width=\"122\">GB<\/td>\n<\/tr>\n<tr>\n<td width=\"121\">S32304<\/td>\n<td width=\"121\">SS232(SAF2304)<\/td>\n<td width=\"121\">DP11<\/td>\n<td width=\"121\">1.4362 &#8211;<\/p>\n<p>X2CrNi23,4<\/td>\n<td width=\"121\">ONZ23<\/td>\n<td width=\"121\">Z3 CN 23.04 Az<\/td>\n<td width=\"122\">00Cr23Ni4N<\/td>\n<\/tr>\n<\/tbody>\n<\/table>\n            <\/div>        <\/div>    <\/div><\/section>\n<section class=\"av_toggle_section\"  itemscope=\"itemscope\" itemtype=\"https:\/\/schema.org\/CreativeWork\"  >    <div class=\"single_toggle\" data-tags=\"{All} \"  >        <p data-fake-id=\"#toggle-id-2\" class=\"toggler\"  itemprop=\"headline\"  >Sk\u0142ad chemiczny stopu 2304<span class=\"toggle_icon\" >        <span class=\"vert_icon\"><\/span><span class=\"hor_icon\"><\/span><\/span><\/p>        <div id=\"toggle-id-2-container\" class=\"toggle_wrap\"  >            <div class=\"toggle_content invers-color\"  itemprop=\"text\"   ><table>\n<tbody>\n<tr>\n<td width=\"85\">C<\/td>\n<td width=\"85\">\u00a0Si<\/td>\n<td width=\"85\">Mn<\/td>\n<td width=\"85\">S<\/td>\n<td width=\"85\">P<\/td>\n<td width=\"85\">\u00a0Kr<\/td>\n<td width=\"85\">Ni<\/td>\n<td width=\"85\">Pon<\/td>\n<td width=\"85\">N<\/td>\n<td width=\"85\">Cu<\/td>\n<\/tr>\n<tr>\n<td width=\"85\">\u2264 0,030<\/td>\n<td width=\"85\">\u2264 1,0<\/td>\n<td width=\"85\">\u2264 2,5<\/td>\n<td width=\"85\">\u2264 0,030<\/td>\n<td width=\"85\">\u00a0\u2264 0,040<\/td>\n<td width=\"85\">\u00a021.5 &#8211; 24.5<\/td>\n<td width=\"85\">3.0 &#8211; 5.5<\/td>\n<td width=\"85\">0.05 &#8211; 0.6<\/td>\n<td width=\"85\">0.05 &#8211; 0.20<\/td>\n<td width=\"85\">0.05 &#8211; 0.6<\/td>\n<\/tr>\n<\/tbody>\n<\/table>\n            <\/div>        <\/div>    <\/div><\/section>\n<section class=\"av_toggle_section\"  itemscope=\"itemscope\" itemtype=\"https:\/\/schema.org\/CreativeWork\"  >    <div class=\"single_toggle\" data-tags=\"{All} \"  >        <p data-fake-id=\"#toggle-id-3\" class=\"toggler\"  itemprop=\"headline\"  >W\u0142a\u015bciwo\u015bci mechaniczne stopu 2304<span class=\"toggle_icon\" >        <span class=\"vert_icon\"><\/span><span class=\"hor_icon\"><\/span><\/span><\/p>        <div id=\"toggle-id-3-container\" class=\"toggle_wrap\"  >            <div class=\"toggle_content invers-color\"  itemprop=\"text\"   ><table>\n<tbody>\n<tr>\n<td width=\"213\">Klas<\/td>\n<td width=\"213\">Wytrzyma\u0142o\u015b\u0107 na rozci\u0105ganie<\/p>\n<p>min, MPa<\/td>\n<td width=\"213\">Si\u0142a plastyczno\u015bci<\/p>\n<p>Przesuni\u0119cie 0,2%, min., Mpa<\/td>\n<td width=\"213\">Wyd\u0142u\u017cenie, A5%<\/td>\n<\/tr>\n<tr>\n<td width=\"213\">UNS S32304<\/td>\n<td width=\"213\">758<\/td>\n<td width=\"213\">448<\/td>\n<td width=\"213\">30<\/td>\n<\/tr>\n<\/tbody>\n<\/table>\n            <\/div>        <\/div>    <\/div><\/section>\n<\/div><\/p><\/div><\/div><!--close column table wrapper. Autoclose: 1 --><\/p>","protected":false},"excerpt":{"rendered":"","protected":false},"author":1,"featured_media":0,"parent":1432,"menu_order":0,"comment_status":"closed","ping_status":"closed","template":"","meta":{"footnotes":""},"class_list":["post-1571","page","type-page","status-publish","hentry"],"aioseo_notices":[],"_links":{"self":[{"href":"https:\/\/wldstainless.com\/pl\/wp-json\/wp\/v2\/pages\/1571","targetHints":{"allow":["GET"]}}],"collection":[{"href":"https:\/\/wldstainless.com\/pl\/wp-json\/wp\/v2\/pages"}],"about":[{"href":"https:\/\/wldstainless.com\/pl\/wp-json\/wp\/v2\/types\/page"}],"author":[{"embeddable":true,"href":"https:\/\/wldstainless.com\/pl\/wp-json\/wp\/v2\/users\/1"}],"replies":[{"embeddable":true,"href":"https:\/\/wldstainless.com\/pl\/wp-json\/wp\/v2\/comments?post=1571"}],"version-history":[{"count":5,"href":"https:\/\/wldstainless.com\/pl\/wp-json\/wp\/v2\/pages\/1571\/revisions"}],"predecessor-version":[{"id":1842,"href":"https:\/\/wldstainless.com\/pl\/wp-json\/wp\/v2\/pages\/1571\/revisions\/1842"}],"up":[{"embeddable":true,"href":"https:\/\/wldstainless.com\/pl\/wp-json\/wp\/v2\/pages\/1432"}],"wp:attachment":[{"href":"https:\/\/wldstainless.com\/pl\/wp-json\/wp\/v2\/media?parent=1571"}],"curies":[{"name":"wp","href":"https:\/\/api.w.org\/{rel}","templated":true}]}}