{"id":1566,"date":"2020-08-24T06:23:17","date_gmt":"2020-08-24T06:23:17","guid":{"rendered":"http:\/\/wldstainless.com\/?page_id=1566"},"modified":"2020-09-18T09:33:38","modified_gmt":"2020-09-18T09:33:38","slug":"alloy-2507-stainless-steel","status":"publish","type":"page","link":"https:\/\/wldstainless.com\/pl\/materials\/duplex-stainless-steel\/alloy-2507-stainless-steel\/","title":{"rendered":"Stal nierdzewna stop 2507"},"content":{"rendered":"<div class='flex_column_table av-equal-height-column-flextable -flextable' ><div class=\"flex_column av_one_fourth  flex_column_table_cell av-equal-height-column av-align-top av-zero-column-padding first\" style='border-radius:0px; '><p><div class='avia-builder-widget-area clearfix'><div id=\"nav_menu-5\" class=\"widget clearfix widget_nav_menu\"><h3 class=\"widgettitle\">Materia\u0142<\/h3><div class=\"menu-products-sidebar-menu-container\"><ul id=\"menu-products-sidebar-menu\" class=\"menu\"><li id=\"menu-item-1329\" class=\"menu-item menu-item-type-post_type menu-item-object-page menu-item-1329\"><a href=\"https:\/\/wldstainless.com\/pl\/materials\/ferritic-stainless-steel\/\">Ferrytyczna stal nierdzewna<\/a><\/li>\n<li id=\"menu-item-1328\" class=\"menu-item menu-item-type-post_type menu-item-object-page menu-item-1328\"><a href=\"https:\/\/wldstainless.com\/pl\/materials\/martensitic-stainless-steel\/\">Martenzytyczna stal nierdzewna<\/a><\/li>\n<li id=\"menu-item-1327\" class=\"menu-item menu-item-type-post_type menu-item-object-page menu-item-1327\"><a href=\"https:\/\/wldstainless.com\/pl\/materials\/austenitic-stainless-steel\/\">Austenityczna stal nierdzewna<\/a><\/li>\n<li id=\"menu-item-1889\" class=\"menu-item menu-item-type-post_type menu-item-object-page menu-item-1889\"><a href=\"https:\/\/wldstainless.com\/pl\/materials\/duplex-stainless-steel\/\">Dwustronna stal nierdzewna<\/a><\/li>\n<\/ul><\/div><\/div><\/div><br \/>\n<div  class='hr hr-default'><span class='hr-inner' ><span class='hr-inner-style'><\/span><\/span><\/div><br \/>\n<div class='avia-button-wrap avia-button-left'><a href='http:\/\/wldstainless.com\/contact\/#contact' class='avia-button   avia-icon_select-yes-left-icon avia-color-custom avia-size-large avia-position-left'  target=\"_blank\"  style='background-color:#e82221; border-color:#e82221; color:#ffffff; ' ><span class='avia_button_icon avia_button_icon_left' aria-hidden='true' data-av_icon='\ue84b' data-av_iconfont='entypo-fontello'><\/span><span class='avia_iconbox_title' >Poprosi\u0107 o wycen\u0119<\/span><\/a><\/div><\/p><\/div><\/div><!--close column table wrapper. Autoclose: 1 --><div class='flex_column_table av-equal-height-column-flextable -flextable' ><div class='av-flex-placeholder'><\/div><div class=\"flex_column av_three_fourth  flex_column_table_cell av-equal-height-column av-align-top av-zero-column-padding\" style='border-radius:0px; '><p><div style='padding-bottom:10px;color:#d3311f;' class='av-special-heading av-special-heading-h3 custom-color-heading'><h3 class='av-special-heading-tag'  itemprop=\"headline\"  >Stal nierdzewna stop 2507<\/h3><div class='special-heading-border'><div class='special-heading-inner-border' style='border-color:#d3311f'><\/div><\/div><\/div><br \/>\n<section class=\"av_textblock_section\"  itemscope=\"itemscope\" itemtype=\"https:\/\/schema.org\/CreativeWork\" ><div class='avia_textblock'   itemprop=\"text\" ><p>WLD Steel jest wiod\u0105cym producentem, dostawc\u0105 i eksporterem stali nierdzewnej duplex 2507 dost\u0119pnej w wielu r\u00f3\u017cnych rozmiarach i formach, w tym rura, rura, arkusz, p\u0142yta, pr\u0119t, pr\u0119t i inne kszta\u0142ty, takie jak anio\u0142, kana\u0142, okr\u0105g, wyci\u0119ty element i Wkr\u00f3tce.<\/p>\n<p>Zawieraj\u0105c chrom 25% i nikiel 7%, UNS S32750 i UNS S32550 s\u0105 cz\u0119sto okre\u015blane jako stop 2507. Stal nierdzewna super duplex 2507 zawiera chrom 25% i nikiel 7% opr\u00f3cz niewielkiego procentu miedzi w celu zwi\u0119kszenia jej og\u00f3lnej odporno\u015bci na korozj\u0119. Stop Alloy 2507 oferuje r\u00f3\u017cne zastosowania w trudnych warunkach, zawieraj\u0105cych chlor, takich jak przemys\u0142 morski, ropa naftowa i gaz, pola przetw\u00f3rstwa petrochemicznego\/chemicznego ze wzgl\u0119du na doskona\u0142\u0105 odporno\u015b\u0107 na korozj\u0119 w\u017cerow\u0105 i szczelinow\u0105 oraz p\u0119kanie korozyjne napr\u0119\u017ceniowe chlorkowe.<\/p>\n<p><strong>Jakie s\u0105 dost\u0119pne formy i specyfikacje stali 2507 w WLD Steel?<\/strong><\/p>\n<table>\n<tbody>\n<tr>\n<td width=\"170\">Arkusz\/p\u0142yta\/cewka<\/td>\n<td width=\"170\">Bezszwowa rura\/rurka<\/td>\n<td width=\"170\">Spawana rura\/rurka<\/td>\n<td width=\"170\">Okr\u0105g\u0142y pasek<\/td>\n<td width=\"170\">Formowana stal (w kszta\u0142cie)<\/td>\n<\/tr>\n<tr>\n<td width=\"170\">JIS G4304\/4305, ASTM A240<\/td>\n<td width=\"170\">ASTMA789,<\/p>\n<p>ASTM A790<\/td>\n<td width=\"170\">ASTM A928<\/td>\n<td width=\"170\">ASTM A479, ASTM A276<\/td>\n<td width=\"170\">ASTM A276<\/td>\n<\/tr>\n<\/tbody>\n<\/table>\n<\/div><\/section><br \/>\n<div class=\"togglecontainer   toggle_close_all\" >\n<section class=\"av_toggle_section\"  itemscope=\"itemscope\" itemtype=\"https:\/\/schema.org\/CreativeWork\"  >    <div class=\"single_toggle\" data-tags=\"{All} \"  >        <p data-fake-id=\"#toggle-id-1\" class=\"toggler\"  itemprop=\"headline\"  >Materia\u0142y r\u00f3wnowa\u017cne ze stopu 2507<span class=\"toggle_icon\" >        <span class=\"vert_icon\"><\/span><span class=\"hor_icon\"><\/span><\/span><\/p>        <div id=\"toggle-id-1-container\" class=\"toggle_wrap\"  >            <div class=\"toggle_content invers-color\"  itemprop=\"text\"   ><table>\n<tbody>\n<tr>\n<td width=\"121\">UNS<\/td>\n<td width=\"121\">Szwecja<\/td>\n<td width=\"121\">JIS<\/td>\n<td width=\"121\">HA\u0141AS<\/td>\n<td width=\"121\">licencjat<\/td>\n<td width=\"244\">GB<\/td>\n<\/tr>\n<tr>\n<td width=\"121\">S32750<\/p>\n<p>S32550<\/td>\n<td width=\"121\">SS2328(SAF2507)<\/td>\n<td width=\"121\">UR47N<\/p>\n<p>UR52N<\/td>\n<td width=\"121\">1.4410<\/p>\n<p>1.4507<\/td>\n<td width=\"121\">\/<\/td>\n<td width=\"244\">00Cr25Ni7Mo4N<\/p>\n<p>00Cr25Ni6Mo3CuN<\/td>\n<\/tr>\n<\/tbody>\n<\/table>\n            <\/div>        <\/div>    <\/div><\/section>\n<section class=\"av_toggle_section\"  itemscope=\"itemscope\" itemtype=\"https:\/\/schema.org\/CreativeWork\"  >    <div class=\"single_toggle\" data-tags=\"{All} \"  >        <p data-fake-id=\"#toggle-id-2\" class=\"toggler\"  itemprop=\"headline\"  >Sk\u0142ad chemiczny stopu 2507 <span class=\"toggle_icon\" >        <span class=\"vert_icon\"><\/span><span class=\"hor_icon\"><\/span><\/span><\/p>        <div id=\"toggle-id-2-container\" class=\"toggle_wrap\"  >            <div class=\"toggle_content invers-color\"  itemprop=\"text\"   ><table>\n<tbody>\n<tr>\n<td width=\"82\">Klas<\/td>\n<td width=\"99\">Kr<\/td>\n<td width=\"79\">Ni<\/td>\n<td width=\"79\">Pon<\/td>\n<td width=\"89\">N<\/td>\n<td width=\"79\">Mn<\/td>\n<td width=\"57\">Si<\/td>\n<td width=\"68\">C<\/td>\n<td width=\"79\">Cu<\/td>\n<td width=\"68\">S<\/td>\n<td width=\"68\">P<\/td>\n<\/tr>\n<tr>\n<td width=\"82\">S32750<\/td>\n<td width=\"99\">24.5-26.0<\/td>\n<td width=\"79\">6.0-8.0<\/td>\n<td width=\"79\">3.0-5.0<\/td>\n<td width=\"89\">0.24-0.32<\/td>\n<td width=\"79\">0.5-1.2<\/td>\n<td width=\"57\">0.1-0.8<\/td>\n<td width=\"68\">0.03<\/p>\n<p>maks<\/td>\n<td width=\"79\">0.5<\/p>\n<p>maks<\/td>\n<td width=\"68\">0.02<\/td>\n<td width=\"68\">0.035<\/td>\n<\/tr>\n<tr>\n<td width=\"82\">S32550<\/td>\n<td width=\"99\">24.5-26.5<\/td>\n<td width=\"79\">5.5-6.5<\/td>\n<td width=\"79\">3.1-3.8<\/td>\n<td width=\"89\">0.2-0.35<\/td>\n<td width=\"79\">0.8-1.2<\/td>\n<td width=\"57\">0.7<\/p>\n<p>maks<\/td>\n<td width=\"68\">0.025<\/p>\n<p>maks<\/td>\n<td width=\"79\">1.5-2.0<\/td>\n<td width=\"68\">0.005<\/td>\n<td width=\"68\">0.025<\/td>\n<\/tr>\n<\/tbody>\n<\/table>\n            <\/div>        <\/div>    <\/div><\/section>\n<section class=\"av_toggle_section\"  itemscope=\"itemscope\" itemtype=\"https:\/\/schema.org\/CreativeWork\"  >    <div class=\"single_toggle\" data-tags=\"{All} \"  >        <p data-fake-id=\"#toggle-id-3\" class=\"toggler\"  itemprop=\"headline\"  >W\u0142a\u015bciwo\u015bci mechaniczne stopu 2507<span class=\"toggle_icon\" >        <span class=\"vert_icon\"><\/span><span class=\"hor_icon\"><\/span><\/span><\/p>        <div id=\"toggle-id-3-container\" class=\"toggle_wrap\"  >            <div class=\"toggle_content invers-color\"  itemprop=\"text\"   ><table>\n<tbody>\n<tr>\n<td width=\"213\">Klas<\/td>\n<td width=\"213\">Wytrzyma\u0142o\u015b\u0107 na rozci\u0105ganie<\/p>\n<p>min, MPa<\/td>\n<td width=\"213\">Si\u0142a plastyczno\u015bci<\/p>\n<p>Przesuni\u0119cie 0,2%, min., Mpa<\/td>\n<td width=\"213\">Wyd\u0142u\u017cenie, A5%<\/td>\n<\/tr>\n<tr>\n<td width=\"213\">S32750<\/td>\n<td width=\"213\">800<\/td>\n<td width=\"213\">550<\/td>\n<td width=\"213\">15<\/td>\n<\/tr>\n<tr>\n<td width=\"213\">S32550<\/td>\n<td width=\"213\">760<\/td>\n<td width=\"213\">550<\/td>\n<td width=\"213\">15<\/td>\n<\/tr>\n<\/tbody>\n<\/table>\n            <\/div>        <\/div>    <\/div><\/section>\n<\/div><\/p><\/div><\/div><!--close column table wrapper. Autoclose: 1 --><\/p>","protected":false},"excerpt":{"rendered":"","protected":false},"author":1,"featured_media":0,"parent":1432,"menu_order":0,"comment_status":"closed","ping_status":"closed","template":"","meta":{"footnotes":""},"class_list":["post-1566","page","type-page","status-publish","hentry"],"aioseo_notices":[],"_links":{"self":[{"href":"https:\/\/wldstainless.com\/pl\/wp-json\/wp\/v2\/pages\/1566","targetHints":{"allow":["GET"]}}],"collection":[{"href":"https:\/\/wldstainless.com\/pl\/wp-json\/wp\/v2\/pages"}],"about":[{"href":"https:\/\/wldstainless.com\/pl\/wp-json\/wp\/v2\/types\/page"}],"author":[{"embeddable":true,"href":"https:\/\/wldstainless.com\/pl\/wp-json\/wp\/v2\/users\/1"}],"replies":[{"embeddable":true,"href":"https:\/\/wldstainless.com\/pl\/wp-json\/wp\/v2\/comments?post=1566"}],"version-history":[{"count":6,"href":"https:\/\/wldstainless.com\/pl\/wp-json\/wp\/v2\/pages\/1566\/revisions"}],"predecessor-version":[{"id":1909,"href":"https:\/\/wldstainless.com\/pl\/wp-json\/wp\/v2\/pages\/1566\/revisions\/1909"}],"up":[{"embeddable":true,"href":"https:\/\/wldstainless.com\/pl\/wp-json\/wp\/v2\/pages\/1432"}],"wp:attachment":[{"href":"https:\/\/wldstainless.com\/pl\/wp-json\/wp\/v2\/media?parent=1566"}],"curies":[{"name":"wp","href":"https:\/\/api.w.org\/{rel}","templated":true}]}}