{"id":1544,"date":"2020-08-21T01:43:23","date_gmt":"2020-08-21T01:43:23","guid":{"rendered":"http:\/\/wldstainless.com\/?page_id=1544"},"modified":"2020-09-18T09:35:27","modified_gmt":"2020-09-18T09:35:27","slug":"15-5ph-stainless-steel","status":"publish","type":"page","link":"https:\/\/wldstainless.com\/pl\/materials\/martensitic-stainless-steel\/15-5ph-stainless-steel\/","title":{"rendered":"Stal nierdzewna 15-5PH"},"content":{"rendered":"<div class='flex_column_table av-equal-height-column-flextable -flextable' ><div class=\"flex_column av_one_fourth  flex_column_table_cell av-equal-height-column av-align-top av-zero-column-padding first\" style='border-radius:0px; '><p><div class='avia-builder-widget-area clearfix'><div id=\"nav_menu-5\" class=\"widget clearfix widget_nav_menu\"><h3 class=\"widgettitle\">Materia\u0142<\/h3><div class=\"menu-products-sidebar-menu-container\"><ul id=\"menu-products-sidebar-menu\" class=\"menu\"><li id=\"menu-item-1329\" class=\"menu-item menu-item-type-post_type menu-item-object-page menu-item-1329\"><a href=\"https:\/\/wldstainless.com\/pl\/materials\/ferritic-stainless-steel\/\">Ferrytyczna stal nierdzewna<\/a><\/li>\n<li id=\"menu-item-1328\" class=\"menu-item menu-item-type-post_type menu-item-object-page menu-item-1328\"><a href=\"https:\/\/wldstainless.com\/pl\/materials\/martensitic-stainless-steel\/\">Martenzytyczna stal nierdzewna<\/a><\/li>\n<li id=\"menu-item-1327\" class=\"menu-item menu-item-type-post_type menu-item-object-page menu-item-1327\"><a href=\"https:\/\/wldstainless.com\/pl\/materials\/austenitic-stainless-steel\/\">Austenityczna stal nierdzewna<\/a><\/li>\n<li id=\"menu-item-1889\" class=\"menu-item menu-item-type-post_type menu-item-object-page menu-item-1889\"><a href=\"https:\/\/wldstainless.com\/pl\/materials\/duplex-stainless-steel\/\">Dwustronna stal nierdzewna<\/a><\/li>\n<\/ul><\/div><\/div><\/div><br \/>\n<div  class='hr hr-default'><span class='hr-inner' ><span class='hr-inner-style'><\/span><\/span><\/div><br \/>\n<div class='avia-button-wrap avia-button-left'><a href='http:\/\/wldstainless.com\/contact\/#contact' class='avia-button   avia-icon_select-yes-left-icon avia-color-custom avia-size-large avia-position-left'  target=\"_blank\"  style='background-color:#e82221; border-color:#e82221; color:#ffffff; ' ><span class='avia_button_icon avia_button_icon_left' aria-hidden='true' data-av_icon='\ue84b' data-av_iconfont='entypo-fontello'><\/span><span class='avia_iconbox_title' >Poprosi\u0107 o wycen\u0119<\/span><\/a><\/div><\/p><\/div><\/div><!--close column table wrapper. Autoclose: 1 --><div class='flex_column_table av-equal-height-column-flextable -flextable' ><div class='av-flex-placeholder'><\/div><div class=\"flex_column av_three_fourth  flex_column_table_cell av-equal-height-column av-align-top av-zero-column-padding\" style='border-radius:0px; '><p><div style='padding-bottom:10px;color:#d3311f;font-size:26px;' class='av-special-heading av-special-heading-h3 custom-color-heading blockquote modern-quote   av-inherit-size'><h3 class='av-special-heading-tag'  itemprop=\"headline\"  >Stal nierdzewna 15-5PH<\/h3><div class='special-heading-border'><div class='special-heading-inner-border' style='border-color:#d3311f'><\/div><\/div><\/div><br \/>\n<section class=\"av_textblock_section\"  itemscope=\"itemscope\" itemtype=\"https:\/\/schema.org\/CreativeWork\" ><div class='avia_textblock'   itemprop=\"text\" ><p>WLD Steel jest wiod\u0105cym producentem, dostawc\u0105 i eksporterem stali nierdzewnej 15-5 PH dost\u0119pnej w wielu r\u00f3\u017cnych rozmiarach i formach, w tym pr\u0119t\u00f3w, p\u0142yt i drut\u00f3w. Zajmujemy si\u0119 g\u0142\u00f3wnie zapasami 15-5 w stanie wy\u017carzania. 15-5 PH to utwardzana wydzieleniowo martenzytyczna stal nierdzewna, kt\u00f3ra powsta\u0142a na bazie stali 17-4PH i jest niezawieraj\u0105c\u0105 ferrytu wersj\u0105 stali nierdzewnej typu 17-4 PH. Zapewnia wysok\u0105 wytrzyma\u0142o\u015b\u0107, dobr\u0105 odporno\u015b\u0107 na korozj\u0119, dobre w\u0142a\u015bciwo\u015bci mechaniczne i wytrzyma\u0142o\u015b\u0107. Ma podobne zastosowanie w przypadku stali 17-4 PH, obie mog\u0105 by\u0107 stosowane tam, gdzie wymagana jest lepsza odporno\u015b\u0107 na korozj\u0119 i w\u0142a\u015bciwo\u015bci poprzeczne, np. w przemy\u015ble lotniczym, chemicznym, petrochemicznym, spo\u017cywczym, papierniczym i og\u00f3lnej obr\u00f3bce metali.<\/p>\n<p><strong>Jakie formy stali nierdzewnej 15-5 PH s\u0105 dost\u0119pne w WLD Steel?<\/strong><\/p>\n<ul>\n<li>Arkusz\/p\u0142yta: ASTM A 693 \/ ASME SA 693<\/li>\n<li>Pr\u0119t okr\u0105g\u0142y: ASTM A 564\/ASME SA 564<\/li>\n<\/ul>\n<\/div><\/section><br \/>\n<div class=\"togglecontainer   toggle_close_all\" >\n<section class=\"av_toggle_section\"  itemscope=\"itemscope\" itemtype=\"https:\/\/schema.org\/CreativeWork\"  >    <div class=\"single_toggle\" data-tags=\"{All} \"  >        <p data-fake-id=\"#toggle-id-1\" class=\"toggler\"  itemprop=\"headline\"  style='background-color: #d3311f; '>Odpowiedniki gatunk\u00f3w stali 15-5PH<span class=\"toggle_icon\" >        <span class=\"vert_icon\"><\/span><span class=\"hor_icon\"><\/span><\/span><\/p>        <div id=\"toggle-id-1-container\" class=\"toggle_wrap\"  >            <div class=\"toggle_content invers-color\"  itemprop=\"text\"  style='background-color: #d3311f; ' ><table>\n<tbody>\n<tr>\n<td width=\"142\">Standard<\/td>\n<td width=\"142\">UNS<\/td>\n<td width=\"142\">ASTM<\/td>\n<td width=\"142\">HA\u0141AS<\/td>\n<td width=\"142\">PL<\/td>\n<td width=\"142\">GB<\/td>\n<\/tr>\n<tr>\n<td width=\"142\">Stal 15-5 PH<\/td>\n<td width=\"142\">\u00a0S15500<\/td>\n<td width=\"142\">XM-12<\/td>\n<td width=\"142\">1.4545<\/td>\n<td width=\"142\">X5CrNiCuNb15-5-4<\/td>\n<td width=\"142\">0Cr15Ni5Cu3Nb<\/td>\n<\/tr>\n<\/tbody>\n<\/table>\n            <\/div>        <\/div>    <\/div><\/section>\n<section class=\"av_toggle_section\"  itemscope=\"itemscope\" itemtype=\"https:\/\/schema.org\/CreativeWork\"  >    <div class=\"single_toggle\" data-tags=\"{All} \"  >        <p data-fake-id=\"#toggle-id-2\" class=\"toggler\"  itemprop=\"headline\"  style='background-color: #d3311f; '>Sk\u0142ad chemiczny stali 15-5PH<span class=\"toggle_icon\" >        <span class=\"vert_icon\"><\/span><span class=\"hor_icon\"><\/span><\/span><\/p>        <div id=\"toggle-id-2-container\" class=\"toggle_wrap\"  >            <div class=\"toggle_content invers-color\"  itemprop=\"text\"  style='background-color: #d3311f; ' ><table>\n<tbody>\n<tr>\n<td width=\"94\">C<\/td>\n<td width=\"94\">Kr<\/td>\n<td width=\"94\">Cu<\/td>\n<td width=\"94\">Mn<\/td>\n<td width=\"94\">Ni<\/td>\n<td width=\"94\">Uwaga<\/td>\n<td width=\"94\">P<\/td>\n<td width=\"94\">S<\/td>\n<td width=\"94\">Si<\/td>\n<\/tr>\n<tr>\n<td width=\"94\">maks. 0,07<\/td>\n<td width=\"94\">14-\u00a015.5<\/td>\n<td width=\"94\">2.5 &#8211; 4.5<\/td>\n<td width=\"94\">1 maks<\/td>\n<td width=\"94\">3.5 &#8211; 5.5<\/td>\n<td width=\"94\">0.15-\u00a00.45<\/td>\n<td width=\"94\">maks. 0,04<\/td>\n<td width=\"94\">maks. 0,03<\/td>\n<td width=\"94\">1 maks<\/td>\n<\/tr>\n<\/tbody>\n<\/table>\n            <\/div>        <\/div>    <\/div><\/section>\n<section class=\"av_toggle_section\"  itemscope=\"itemscope\" itemtype=\"https:\/\/schema.org\/CreativeWork\"  >    <div class=\"single_toggle\" data-tags=\"{All} \"  >        <p data-fake-id=\"#toggle-id-3\" class=\"toggler\"  itemprop=\"headline\"  style='background-color: #d3311f; '>W\u0142a\u015bciwo\u015bci mechaniczne stali 15-5PH<span class=\"toggle_icon\" >        <span class=\"vert_icon\"><\/span><span class=\"hor_icon\"><\/span><\/span><\/p>        <div id=\"toggle-id-3-container\" class=\"toggle_wrap\"  >            <div class=\"toggle_content invers-color\"  itemprop=\"text\"  style='background-color: #d3311f; ' ><table>\n<tbody>\n<tr>\n<td width=\"170\">Stan<\/td>\n<td width=\"170\">Wytrzyma\u0142o\u015b\u0107 na rozci\u0105ganie (psi)<\/td>\n<td width=\"170\">Granica plastyczno\u015bci (psi)<\/td>\n<td width=\"170\">Wyd\u0142u\u017cenie (w 2 cale) %)<\/td>\n<td width=\"170\">Twardo\u015b\u0107, HBW<\/td>\n<\/tr>\n<tr>\n<td width=\"170\">H900 postarzany<\/td>\n<td width=\"170\">190,000<\/td>\n<td width=\"170\">170,000<\/td>\n<td width=\"170\">6<\/td>\n<td width=\"170\">388<\/td>\n<\/tr>\n<tr>\n<td width=\"170\">H1025 postarzany<\/td>\n<td width=\"170\">155,000<\/td>\n<td width=\"170\">125,000<\/td>\n<td width=\"170\">8<\/td>\n<td width=\"170\">331<\/td>\n<\/tr>\n<tr>\n<td width=\"170\">H1075 postarzany<\/td>\n<td width=\"170\">145,000<\/td>\n<td width=\"170\">125,000<\/td>\n<td width=\"170\">9<\/td>\n<td width=\"170\">311<\/td>\n<\/tr>\n<tr>\n<td width=\"170\">H1150 postarzany<\/td>\n<td width=\"170\">135,000<\/td>\n<td width=\"170\">105,000<\/td>\n<td width=\"170\">11<\/td>\n<td width=\"170\">277<\/td>\n<\/tr>\n<\/tbody>\n<\/table>\n            <\/div>        <\/div>    <\/div><\/section>\n<\/div><\/p><\/div><\/div><!--close column table wrapper. Autoclose: 1 --><\/p>","protected":false},"excerpt":{"rendered":"","protected":false},"author":1,"featured_media":0,"parent":1321,"menu_order":0,"comment_status":"closed","ping_status":"closed","template":"","meta":{"footnotes":""},"class_list":["post-1544","page","type-page","status-publish","hentry"],"aioseo_notices":[],"_links":{"self":[{"href":"https:\/\/wldstainless.com\/pl\/wp-json\/wp\/v2\/pages\/1544","targetHints":{"allow":["GET"]}}],"collection":[{"href":"https:\/\/wldstainless.com\/pl\/wp-json\/wp\/v2\/pages"}],"about":[{"href":"https:\/\/wldstainless.com\/pl\/wp-json\/wp\/v2\/types\/page"}],"author":[{"embeddable":true,"href":"https:\/\/wldstainless.com\/pl\/wp-json\/wp\/v2\/users\/1"}],"replies":[{"embeddable":true,"href":"https:\/\/wldstainless.com\/pl\/wp-json\/wp\/v2\/comments?post=1544"}],"version-history":[{"count":6,"href":"https:\/\/wldstainless.com\/pl\/wp-json\/wp\/v2\/pages\/1544\/revisions"}],"predecessor-version":[{"id":1918,"href":"https:\/\/wldstainless.com\/pl\/wp-json\/wp\/v2\/pages\/1544\/revisions\/1918"}],"up":[{"embeddable":true,"href":"https:\/\/wldstainless.com\/pl\/wp-json\/wp\/v2\/pages\/1321"}],"wp:attachment":[{"href":"https:\/\/wldstainless.com\/pl\/wp-json\/wp\/v2\/media?parent=1544"}],"curies":[{"name":"wp","href":"https:\/\/api.w.org\/{rel}","templated":true}]}}