{"id":1541,"date":"2020-08-21T01:38:04","date_gmt":"2020-08-21T01:38:04","guid":{"rendered":"http:\/\/wldstainless.com\/?page_id=1541"},"modified":"2020-09-18T09:35:51","modified_gmt":"2020-09-18T09:35:51","slug":"17-4-ph-stainless-steel","status":"publish","type":"page","link":"https:\/\/wldstainless.com\/pl\/materials\/martensitic-stainless-steel\/17-4-ph-stainless-steel\/","title":{"rendered":"Stal nierdzewna 17-4PH"},"content":{"rendered":"<div class='flex_column_table av-equal-height-column-flextable -flextable' ><div class=\"flex_column av_one_fourth  flex_column_table_cell av-equal-height-column av-align-top av-zero-column-padding first\" style='border-radius:0px; '><p><div class='avia-builder-widget-area clearfix'><div id=\"nav_menu-5\" class=\"widget clearfix widget_nav_menu\"><h3 class=\"widgettitle\">Materia\u0142<\/h3><div class=\"menu-products-sidebar-menu-container\"><ul id=\"menu-products-sidebar-menu\" class=\"menu\"><li id=\"menu-item-1329\" class=\"menu-item menu-item-type-post_type menu-item-object-page menu-item-1329\"><a href=\"https:\/\/wldstainless.com\/pl\/materials\/ferritic-stainless-steel\/\">Ferrytyczna stal nierdzewna<\/a><\/li>\n<li id=\"menu-item-1328\" class=\"menu-item menu-item-type-post_type menu-item-object-page menu-item-1328\"><a href=\"https:\/\/wldstainless.com\/pl\/materials\/martensitic-stainless-steel\/\">Martenzytyczna stal nierdzewna<\/a><\/li>\n<li id=\"menu-item-1327\" class=\"menu-item menu-item-type-post_type menu-item-object-page menu-item-1327\"><a href=\"https:\/\/wldstainless.com\/pl\/materials\/austenitic-stainless-steel\/\">Austenityczna stal nierdzewna<\/a><\/li>\n<li id=\"menu-item-1889\" class=\"menu-item menu-item-type-post_type menu-item-object-page menu-item-1889\"><a href=\"https:\/\/wldstainless.com\/pl\/materials\/duplex-stainless-steel\/\">Dwustronna stal nierdzewna<\/a><\/li>\n<\/ul><\/div><\/div><\/div><br \/>\n<div  class='hr hr-default'><span class='hr-inner' ><span class='hr-inner-style'><\/span><\/span><\/div><br \/>\n<div class='avia-button-wrap avia-button-left'><a href='http:\/\/wldstainless.com\/contact\/#contact' class='avia-button   avia-icon_select-yes-left-icon avia-color-custom avia-size-large avia-position-left'  target=\"_blank\"  style='background-color:#e82221; border-color:#e82221; color:#ffffff; ' ><span class='avia_button_icon avia_button_icon_left' aria-hidden='true' data-av_icon='\ue84b' data-av_iconfont='entypo-fontello'><\/span><span class='avia_iconbox_title' >Poprosi\u0107 o wycen\u0119<\/span><\/a><\/div><\/p><\/div><\/div><!--close column table wrapper. Autoclose: 1 --><div class='flex_column_table av-equal-height-column-flextable -flextable' ><div class='av-flex-placeholder'><\/div><div class=\"flex_column av_three_fourth  flex_column_table_cell av-equal-height-column av-align-top av-zero-column-padding\" style='border-radius:0px; '><p><div style='padding-bottom:10px;color:#d3311f;font-size:26px;' class='av-special-heading av-special-heading-h3 custom-color-heading blockquote modern-quote   av-inherit-size'><h3 class='av-special-heading-tag'  itemprop=\"headline\"  >Stal nierdzewna 17-4 PH(630). <\/h3><div class='special-heading-border'><div class='special-heading-inner-border' style='border-color:#d3311f'><\/div><\/div><\/div><br \/>\n<section class=\"av_textblock_section\"  itemscope=\"itemscope\" itemtype=\"https:\/\/schema.org\/CreativeWork\" ><div class='avia_textblock'   itemprop=\"text\" ><p>WLD Steel jest wiod\u0105cym producentem, dostawc\u0105 i eksporterem stali nierdzewnej 17-4 utwardzanej wydzieleniowo, dost\u0119pnej w wielu r\u00f3\u017cnych rozmiarach i postaciach, w tym pr\u0119tach, pr\u0119tach, p\u0142ytach i arkuszach. W magazynie posiadamy g\u0142\u00f3wnie 17-4 w stanie wy\u017carzania. 17-4 PH jest zastrze\u017conym znakiem towarowym firmy AK Steel Holding, czyli utwardzaniem wydzieleniowym 630. Martenzytyczna stal nierdzewna z dodatkiem miedzi. Charakteryzuje si\u0119 du\u017c\u0105 wytrzyma\u0142o\u015bci\u0105, dobr\u0105 odporno\u015bci\u0105 na korozj\u0119 i skrawaniem, wy\u017csz\u0105 twardo\u015b\u0107 uzyskuje si\u0119 poprzez inn\u0105 obr\u00f3bk\u0119 hartowania. Jego wytrzyma\u0142o\u015b\u0107 na rozci\u0105ganie mo\u017ce si\u0119ga\u0107 do 1100 ~ 1300 MPa i mo\u017ce by\u0107 dodatkowo wzmocniona poprzez obr\u00f3bk\u0119 starzenia, odpowiedni\u0105 do produkcji cz\u0119\u015bci o wysokiej odporno\u015bci na korozj\u0119 kwasow\u0105, takich jak samoloty i turbiny gazowe, reaktory j\u0105drowe, papiernie, pola naftowe i cz\u0119\u015bci proces\u00f3w chemicznych. Nie zaleca si\u0119 stosowania w temperaturach powy\u017cej 300\u00b0.<\/p>\n<p><strong>Jakie s\u0105 dost\u0119pne formy i specyfikacje stali nierdzewnej 17-4 PH w WLD Steel?<\/strong><\/p>\n<ul>\n<li>Arkusz\/p\u0142yta: ASTM A240, ASTM A480, ASTM A 693 \/ ASME SA 693<\/li>\n<li>Pr\u0119t okr\u0105g\u0142y: ASTM A276, ASTM A479, ASTM A 564\/ASME SA 564<\/li>\n<\/ul>\n<\/div><\/section><br \/>\n<div class=\"togglecontainer   toggle_close_all\" >\n<section class=\"av_toggle_section\"  itemscope=\"itemscope\" itemtype=\"https:\/\/schema.org\/CreativeWork\"  >    <div class=\"single_toggle\" data-tags=\"{All} \"  >        <p data-fake-id=\"#toggle-id-1\" class=\"toggler\"  itemprop=\"headline\"  >Odpowiedniki gatunk\u00f3w stali 17-4PH<span class=\"toggle_icon\" >        <span class=\"vert_icon\"><\/span><span class=\"hor_icon\"><\/span><\/span><\/p>        <div id=\"toggle-id-1-container\" class=\"toggle_wrap\"  >            <div class=\"toggle_content invers-color\"  itemprop=\"text\"   ><table>\n<tbody>\n<tr>\n<td width=\"142\">Standard<\/td>\n<td width=\"142\">UNS<\/td>\n<td width=\"142\">JIS<\/td>\n<td width=\"142\">HA\u0141AS<\/td>\n<td width=\"142\">PL<\/td>\n<td width=\"142\">GB<\/td>\n<\/tr>\n<tr>\n<td width=\"142\">SS 630<\/td>\n<td width=\"142\">S17400<\/td>\n<td width=\"142\">SUS630<\/td>\n<td width=\"142\">1.4548<\/td>\n<td width=\"142\">X5CrNiCuNb16-4<\/td>\n<td width=\"142\">0Cr17Ni4Cu4Nb<\/td>\n<\/tr>\n<\/tbody>\n<\/table>\n            <\/div>        <\/div>    <\/div><\/section>\n<section class=\"av_toggle_section\"  itemscope=\"itemscope\" itemtype=\"https:\/\/schema.org\/CreativeWork\"  >    <div class=\"single_toggle\" data-tags=\"{All} \"  >        <p data-fake-id=\"#toggle-id-2\" class=\"toggler\"  itemprop=\"headline\"  >Sk\u0142ad chemiczny stali 17-4PH<span class=\"toggle_icon\" >        <span class=\"vert_icon\"><\/span><span class=\"hor_icon\"><\/span><\/span><\/p>        <div id=\"toggle-id-2-container\" class=\"toggle_wrap\"  >            <div class=\"toggle_content invers-color\"  itemprop=\"text\"   ><table>\n<tbody>\n<tr>\n<td width=\"94\">C<\/td>\n<td width=\"94\">Si<\/td>\n<td width=\"94\">Mn<\/td>\n<td width=\"94\">P<\/td>\n<td width=\"94\">S<\/td>\n<td width=\"94\">Kr<\/td>\n<td width=\"94\">Ni<\/td>\n<td width=\"94\">Cu<\/td>\n<td width=\"94\">Uwaga<\/td>\n<\/tr>\n<tr>\n<td width=\"94\">\u22640,07<\/td>\n<td width=\"94\">\u22641,00<\/td>\n<td width=\"94\">\u22641,00<\/td>\n<td width=\"94\">\u22640,040<\/td>\n<td width=\"94\">\u22640,030<\/td>\n<td width=\"94\">15.00-17.00<\/td>\n<td width=\"94\">3.0-5.0<\/td>\n<td width=\"94\">3.0-5.0<\/td>\n<td width=\"94\">0.15-0.45<\/td>\n<\/tr>\n<\/tbody>\n<\/table>\n            <\/div>        <\/div>    <\/div><\/section>\n<section class=\"av_toggle_section\"  itemscope=\"itemscope\" itemtype=\"https:\/\/schema.org\/CreativeWork\"  >    <div class=\"single_toggle\" data-tags=\"{All} \"  >        <p data-fake-id=\"#toggle-id-3\" class=\"toggler\"  itemprop=\"headline\"  >W\u0142a\u015bciwo\u015bci mechaniczne stali 17-4PH<span class=\"toggle_icon\" >        <span class=\"vert_icon\"><\/span><span class=\"hor_icon\"><\/span><\/span><\/p>        <div id=\"toggle-id-3-container\" class=\"toggle_wrap\"  >            <div class=\"toggle_content invers-color\"  itemprop=\"text\"   ><table>\n<tbody>\n<tr>\n<td width=\"170\">Obr\u00f3bka cieplna<\/td>\n<td width=\"170\">Wytrzyma\u0142o\u015b\u0107 na rozci\u0105ganie (MPa)<\/td>\n<td width=\"170\">Granica plastyczno\u015bci (MPa)<\/td>\n<td width=\"170\">Wyd\u0142u\u017cenie, (%)<\/td>\n<td width=\"170\">Twardo\u015b\u0107, HBW<\/td>\n<\/tr>\n<tr>\n<td width=\"170\">Hartowanie 480\u00b0C<\/td>\n<td width=\"170\">1180<\/td>\n<td width=\"170\">1310<\/td>\n<td width=\"170\">10<\/td>\n<td width=\"170\">\u2264363<\/td>\n<\/tr>\n<tr>\n<td width=\"170\">Hartowanie 550\u00b0C<\/td>\n<td width=\"170\">1000<\/td>\n<td width=\"170\">1070<\/td>\n<td width=\"170\">12<\/td>\n<td width=\"170\">\u2265331<\/td>\n<\/tr>\n<tr>\n<td width=\"170\">Hartowanie 580\u00b0C<\/td>\n<td width=\"170\">865<\/td>\n<td width=\"170\">1000<\/td>\n<td width=\"170\">13<\/td>\n<td width=\"170\">\u2265302<\/td>\n<\/tr>\n<tr>\n<td width=\"170\">Hartowanie 620\u00b0C<\/td>\n<td width=\"170\">725<\/td>\n<td width=\"170\">930<\/td>\n<td width=\"170\">16<\/td>\n<td width=\"170\">\u2265277<\/td>\n<\/tr>\n<\/tbody>\n<\/table>\n            <\/div>        <\/div>    <\/div><\/section>\n<\/div><\/p><\/div><\/div><!--close column table wrapper. Autoclose: 1 --><\/p>","protected":false},"excerpt":{"rendered":"","protected":false},"author":1,"featured_media":0,"parent":1321,"menu_order":0,"comment_status":"closed","ping_status":"closed","template":"","meta":{"footnotes":""},"class_list":["post-1541","page","type-page","status-publish","hentry"],"aioseo_notices":[],"_links":{"self":[{"href":"https:\/\/wldstainless.com\/pl\/wp-json\/wp\/v2\/pages\/1541","targetHints":{"allow":["GET"]}}],"collection":[{"href":"https:\/\/wldstainless.com\/pl\/wp-json\/wp\/v2\/pages"}],"about":[{"href":"https:\/\/wldstainless.com\/pl\/wp-json\/wp\/v2\/types\/page"}],"author":[{"embeddable":true,"href":"https:\/\/wldstainless.com\/pl\/wp-json\/wp\/v2\/users\/1"}],"replies":[{"embeddable":true,"href":"https:\/\/wldstainless.com\/pl\/wp-json\/wp\/v2\/comments?post=1541"}],"version-history":[{"count":5,"href":"https:\/\/wldstainless.com\/pl\/wp-json\/wp\/v2\/pages\/1541\/revisions"}],"predecessor-version":[{"id":1919,"href":"https:\/\/wldstainless.com\/pl\/wp-json\/wp\/v2\/pages\/1541\/revisions\/1919"}],"up":[{"embeddable":true,"href":"https:\/\/wldstainless.com\/pl\/wp-json\/wp\/v2\/pages\/1321"}],"wp:attachment":[{"href":"https:\/\/wldstainless.com\/pl\/wp-json\/wp\/v2\/media?parent=1541"}],"curies":[{"name":"wp","href":"https:\/\/api.w.org\/{rel}","templated":true}]}}