{"id":1538,"date":"2020-08-20T07:18:44","date_gmt":"2020-08-20T07:18:44","guid":{"rendered":"http:\/\/wldstainless.com\/?page_id=1538"},"modified":"2020-09-18T09:48:19","modified_gmt":"2020-09-18T09:48:19","slug":"431-stainless-steel","status":"publish","type":"page","link":"https:\/\/wldstainless.com\/pl\/materials\/martensitic-stainless-steel\/431-stainless-steel\/","title":{"rendered":"Stal nierdzewna 431"},"content":{"rendered":"<div class='flex_column_table av-equal-height-column-flextable -flextable' ><div class=\"flex_column av_one_fourth  flex_column_table_cell av-equal-height-column av-align-top av-zero-column-padding first\" style='border-radius:0px; '><p><div class='avia-builder-widget-area clearfix'><div id=\"nav_menu-5\" class=\"widget clearfix widget_nav_menu\"><h3 class=\"widgettitle\">Materia\u0142<\/h3><div class=\"menu-products-sidebar-menu-container\"><ul id=\"menu-products-sidebar-menu\" class=\"menu\"><li id=\"menu-item-1329\" class=\"menu-item menu-item-type-post_type menu-item-object-page menu-item-1329\"><a href=\"https:\/\/wldstainless.com\/pl\/materials\/ferritic-stainless-steel\/\">Ferrytyczna stal nierdzewna<\/a><\/li>\n<li id=\"menu-item-1328\" class=\"menu-item menu-item-type-post_type menu-item-object-page menu-item-1328\"><a href=\"https:\/\/wldstainless.com\/pl\/materials\/martensitic-stainless-steel\/\">Martenzytyczna stal nierdzewna<\/a><\/li>\n<li id=\"menu-item-1327\" class=\"menu-item menu-item-type-post_type menu-item-object-page menu-item-1327\"><a href=\"https:\/\/wldstainless.com\/pl\/materials\/austenitic-stainless-steel\/\">Austenityczna stal nierdzewna<\/a><\/li>\n<li id=\"menu-item-1889\" class=\"menu-item menu-item-type-post_type menu-item-object-page menu-item-1889\"><a href=\"https:\/\/wldstainless.com\/pl\/materials\/duplex-stainless-steel\/\">Dwustronna stal nierdzewna<\/a><\/li>\n<\/ul><\/div><\/div><\/div><br \/>\n<div  class='hr hr-default'><span class='hr-inner' ><span class='hr-inner-style'><\/span><\/span><\/div><br \/>\n<div class='avia-button-wrap avia-button-left'><a href='http:\/\/wldstainless.com\/contact\/#contact' class='avia-button   avia-icon_select-yes-left-icon avia-color-custom avia-size-large avia-position-left'  target=\"_blank\"  style='background-color:#e82221; border-color:#e82221; color:#ffffff; ' ><span class='avia_button_icon avia_button_icon_left' aria-hidden='true' data-av_icon='\ue84b' data-av_iconfont='entypo-fontello'><\/span><span class='avia_iconbox_title' >Poprosi\u0107 o wycen\u0119<\/span><\/a><\/div><\/p><\/div><\/div><!--close column table wrapper. Autoclose: 1 -->\n<div class='flex_column_table av-equal-height-column-flextable -flextable' ><div class='av-flex-placeholder'><\/div><div class=\"flex_column av_three_fourth  flex_column_table_cell av-equal-height-column av-align-top av-zero-column-padding\" style='border-radius:0px; '><p><div style='padding-bottom:10px;color:#d3311f;font-size:26px;' class='av-special-heading av-special-heading-h3 custom-color-heading blockquote modern-quote   av-inherit-size'><h3 class='av-special-heading-tag'  itemprop=\"headline\"  >Stal nierdzewna 431 <\/h3><div class='special-heading-border'><div class='special-heading-inner-border' style='border-color:#d3311f'><\/div><\/div><\/div><br \/>\n<section class=\"av_textblock_section\"  itemscope=\"itemscope\" itemtype=\"https:\/\/schema.org\/CreativeWork\" ><div class='avia_textblock'   itemprop=\"text\" ><p>WLD Steel jest wiod\u0105cym producentem, dostawc\u0105 i eksporterem stali nierdzewnej 431 dost\u0119pnej w wielu r\u00f3\u017cnych rozmiarach i formach, w tym pr\u0119t\u00f3w, walc\u00f3wek, blach i p\u0142yt. Stal nierdzewna 431 to rodzaj stali nierdzewnej martenzytycznej o wysokiej zawarto\u015bci chromu i niskiej zawarto\u015bci niklu. Charakteryzuje si\u0119 wysok\u0105 hartowno\u015bci\u0105 i dobr\u0105 odporno\u015bci\u0105 na korozj\u0119 w kontakcie z materia\u0142ami organicznymi, kwasem azotowym i produktami naftowymi. Twardo\u015b\u0107 stali 431 mo\u017ce wynosi\u0107 do oko\u0142o 40 HRC po hartowaniu i odpuszczaniu, w zale\u017cno\u015bci od zawarto\u015bci w\u0119gla i rozmiaru przekroju. Stal nierdzewna 431 by\u0142a stosowana do element\u00f3w samolot\u00f3w, cz\u0119\u015bci pomp i zawor\u00f3w, \u015brub i nakr\u0119tek, element\u00f3w z\u0142\u0105cznych, szpilek itp.<\/p>\n<p><strong>Jakie s\u0105 431 dost\u0119pne formularze i specyfikacje w WLD Steel?<\/strong><\/p>\n<ul>\n<li>Arkusz\/p\u0142yta\/cewka: ASTM A240, ASTM A480<\/li>\n<li>Pr\u0119t okr\u0105g\u0142y: ASTM A276, ASTM A479<\/li>\n<\/ul>\n<\/div><\/section><br \/>\n<div class=\"togglecontainer   toggle_close_all\" >\n<section class=\"av_toggle_section\"  itemscope=\"itemscope\" itemtype=\"https:\/\/schema.org\/CreativeWork\"  >    <div class=\"single_toggle\" data-tags=\"{All} \"  >        <p data-fake-id=\"#toggle-id-1\" class=\"toggler\"  itemprop=\"headline\"  >431 r\u00f3wnowa\u017cnych klas<span class=\"toggle_icon\" >        <span class=\"vert_icon\"><\/span><span class=\"hor_icon\"><\/span><\/span><\/p>        <div id=\"toggle-id-1-container\" class=\"toggle_wrap\"  >            <div class=\"toggle_content invers-color\"  itemprop=\"text\"   ><table>\n<tbody>\n<tr>\n<td width=\"121\">standard<\/td>\n<td width=\"121\">SAE<\/td>\n<td width=\"121\">UNS<\/td>\n<td width=\"121\">JIS<\/td>\n<td width=\"121\">HA\u0141AS<\/td>\n<td width=\"121\">PL<\/td>\n<td width=\"121\">GB<\/td>\n<\/tr>\n<tr>\n<td width=\"121\">431<\/td>\n<td width=\"121\">51440A<\/td>\n<td width=\"121\">S43100<\/td>\n<td width=\"121\">SUS431<\/td>\n<td width=\"121\">1.4057<\/td>\n<td width=\"121\">X22CrNi17<\/td>\n<td width=\"121\">1Cr17Ni2C<\/td>\n<\/tr>\n<\/tbody>\n<\/table>\n            <\/div>        <\/div>    <\/div><\/section>\n<section class=\"av_toggle_section\"  itemscope=\"itemscope\" itemtype=\"https:\/\/schema.org\/CreativeWork\"  >    <div class=\"single_toggle\" data-tags=\"{All} \"  >        <p data-fake-id=\"#toggle-id-2\" class=\"toggler\"  itemprop=\"headline\"  >431 Sk\u0142ad chemiczny<span class=\"toggle_icon\" >        <span class=\"vert_icon\"><\/span><span class=\"hor_icon\"><\/span><\/span><\/p>        <div id=\"toggle-id-2-container\" class=\"toggle_wrap\"  >            <div class=\"toggle_content invers-color\"  itemprop=\"text\"   ><table>\n<tbody>\n<tr>\n<td width=\"121\">C<\/td>\n<td width=\"121\">Si<\/td>\n<td width=\"121\">Cz\u0142owiek<\/td>\n<td width=\"121\">Ni<\/td>\n<td width=\"121\">Kr<\/td>\n<td width=\"121\">P<\/td>\n<td width=\"121\">S<\/td>\n<\/tr>\n<tr>\n<td width=\"121\">0.12-0.20<\/td>\n<td width=\"121\">1.00<\/td>\n<td width=\"121\">1.00<\/td>\n<td width=\"121\">1.25-3.00<\/td>\n<td width=\"121\">15.00-18.00<\/td>\n<td width=\"121\">0.04<\/td>\n<td width=\"121\">0.03<\/td>\n<\/tr>\n<\/tbody>\n<\/table>\n            <\/div>        <\/div>    <\/div><\/section>\n<section class=\"av_toggle_section\"  itemscope=\"itemscope\" itemtype=\"https:\/\/schema.org\/CreativeWork\"  >    <div class=\"single_toggle\" data-tags=\"{All} \"  >        <p data-fake-id=\"#toggle-id-3\" class=\"toggler\"  itemprop=\"headline\"  >431 W\u0142a\u015bciwo\u015bci mechaniczne<span class=\"toggle_icon\" >        <span class=\"vert_icon\"><\/span><span class=\"hor_icon\"><\/span><\/span><\/p>        <div id=\"toggle-id-3-container\" class=\"toggle_wrap\"  >            <div class=\"toggle_content invers-color\"  itemprop=\"text\"   ><table>\n<tbody>\n<tr>\n<td width=\"116\">Klas<\/td>\n<td width=\"162\">Wytrzyma\u0142o\u015b\u0107 na rozci\u0105ganie (Mpa)<\/td>\n<td width=\"190\">Granica plastyczno\u015bci przesuni\u0119cia 0,2% (Mpa)<\/td>\n<td width=\"214\">Wyd\u0142u\u017cenie, % w 2\u2033 (51 mm)<\/td>\n<td width=\"160\">Twardo\u015b\u0107, HB<\/td>\n<\/tr>\n<tr>\n<td width=\"116\">431<\/td>\n<td width=\"162\">850 &#8211; 1000<\/td>\n<td width=\"190\">665 minut<\/td>\n<td width=\"214\">12 minut<\/td>\n<td width=\"160\">248 &#8211; 302<\/td>\n<\/tr>\n<\/tbody>\n<\/table>\n            <\/div>        <\/div>    <\/div><\/section>\n<\/div><\/p><\/div><\/div><!--close column table wrapper. Autoclose: 1 -->","protected":false},"excerpt":{"rendered":"","protected":false},"author":1,"featured_media":0,"parent":1321,"menu_order":0,"comment_status":"closed","ping_status":"closed","template":"","meta":{"footnotes":""},"class_list":["post-1538","page","type-page","status-publish","hentry"],"aioseo_notices":[],"_links":{"self":[{"href":"https:\/\/wldstainless.com\/pl\/wp-json\/wp\/v2\/pages\/1538","targetHints":{"allow":["GET"]}}],"collection":[{"href":"https:\/\/wldstainless.com\/pl\/wp-json\/wp\/v2\/pages"}],"about":[{"href":"https:\/\/wldstainless.com\/pl\/wp-json\/wp\/v2\/types\/page"}],"author":[{"embeddable":true,"href":"https:\/\/wldstainless.com\/pl\/wp-json\/wp\/v2\/users\/1"}],"replies":[{"embeddable":true,"href":"https:\/\/wldstainless.com\/pl\/wp-json\/wp\/v2\/comments?post=1538"}],"version-history":[{"count":6,"href":"https:\/\/wldstainless.com\/pl\/wp-json\/wp\/v2\/pages\/1538\/revisions"}],"predecessor-version":[{"id":1922,"href":"https:\/\/wldstainless.com\/pl\/wp-json\/wp\/v2\/pages\/1538\/revisions\/1922"}],"up":[{"embeddable":true,"href":"https:\/\/wldstainless.com\/pl\/wp-json\/wp\/v2\/pages\/1321"}],"wp:attachment":[{"href":"https:\/\/wldstainless.com\/pl\/wp-json\/wp\/v2\/media?parent=1538"}],"curies":[{"name":"wp","href":"https:\/\/api.w.org\/{rel}","templated":true}]}}