{"id":1535,"date":"2020-08-20T06:39:12","date_gmt":"2020-08-20T06:39:12","guid":{"rendered":"http:\/\/wldstainless.com\/?page_id=1535"},"modified":"2020-09-18T09:48:31","modified_gmt":"2020-09-18T09:48:31","slug":"440c-stainless-steel","status":"publish","type":"page","link":"https:\/\/wldstainless.com\/pl\/materials\/martensitic-stainless-steel\/440c-stainless-steel\/","title":{"rendered":"Stal nierdzewna 440C"},"content":{"rendered":"<div class='flex_column_table av-equal-height-column-flextable -flextable' ><div class=\"flex_column av_one_fourth  flex_column_table_cell av-equal-height-column av-align-top av-zero-column-padding first\" style='border-radius:0px; '><p><div class='avia-builder-widget-area clearfix'><div id=\"nav_menu-5\" class=\"widget clearfix widget_nav_menu\"><h3 class=\"widgettitle\">Materia\u0142<\/h3><div class=\"menu-products-sidebar-menu-container\"><ul id=\"menu-products-sidebar-menu\" class=\"menu\"><li id=\"menu-item-1329\" class=\"menu-item menu-item-type-post_type menu-item-object-page menu-item-1329\"><a href=\"https:\/\/wldstainless.com\/pl\/materials\/ferritic-stainless-steel\/\">Ferrytyczna stal nierdzewna<\/a><\/li>\n<li id=\"menu-item-1328\" class=\"menu-item menu-item-type-post_type menu-item-object-page menu-item-1328\"><a href=\"https:\/\/wldstainless.com\/pl\/materials\/martensitic-stainless-steel\/\">Martenzytyczna stal nierdzewna<\/a><\/li>\n<li id=\"menu-item-1327\" class=\"menu-item menu-item-type-post_type menu-item-object-page menu-item-1327\"><a href=\"https:\/\/wldstainless.com\/pl\/materials\/austenitic-stainless-steel\/\">Austenityczna stal nierdzewna<\/a><\/li>\n<li id=\"menu-item-1889\" class=\"menu-item menu-item-type-post_type menu-item-object-page menu-item-1889\"><a href=\"https:\/\/wldstainless.com\/pl\/materials\/duplex-stainless-steel\/\">Dwustronna stal nierdzewna<\/a><\/li>\n<\/ul><\/div><\/div><\/div><br \/>\n<div  class='hr hr-default'><span class='hr-inner' ><span class='hr-inner-style'><\/span><\/span><\/div><br \/>\n<div class='avia-button-wrap avia-button-left'><a href='http:\/\/wldstainless.com\/contact\/#contact' class='avia-button   avia-icon_select-yes-left-icon avia-color-custom avia-size-large avia-position-left'  target=\"_blank\"  style='background-color:#e82221; border-color:#e82221; color:#ffffff; ' ><span class='avia_button_icon avia_button_icon_left' aria-hidden='true' data-av_icon='\ue84b' data-av_iconfont='entypo-fontello'><\/span><span class='avia_iconbox_title' >Poprosi\u0107 o wycen\u0119<\/span><\/a><\/div><\/p><\/div><\/div><!--close column table wrapper. Autoclose: 1 --><div class='flex_column_table av-equal-height-column-flextable -flextable' ><div class='av-flex-placeholder'><\/div><div class=\"flex_column av_three_fourth  flex_column_table_cell av-equal-height-column av-align-top av-zero-column-padding\" style='border-radius:0px; '><p><div style='padding-bottom:10px;color:#d3311f;font-size:26px;' class='av-special-heading av-special-heading-h3 custom-color-heading blockquote modern-quote   av-inherit-size'><h3 class='av-special-heading-tag'  itemprop=\"headline\"  >Stal nierdzewna 440C <\/h3><div class='special-heading-border'><div class='special-heading-inner-border' style='border-color:#d3311f'><\/div><\/div><\/div><br \/>\n<section class=\"av_textblock_section\"  itemscope=\"itemscope\" itemtype=\"https:\/\/schema.org\/CreativeWork\" ><div class='avia_textblock'   itemprop=\"text\" ><p>WLD Steel jest wiod\u0105cym producentem, dostawc\u0105 i eksporterem stali nierdzewnej 440C dost\u0119pnej w wielu r\u00f3\u017cnych rozmiarach i formach, w tym pr\u0119t\u00f3w, pr\u0119t\u00f3w i arkuszy. Stal nierdzewna 440 to martenzytyczna stal nierdzewna o wysokiej zawarto\u015bci w\u0119gla i chromu. Charakteryzuje si\u0119 dobr\u0105 odporno\u015bci\u0105 na korozj\u0119 w \u0142agodnych warunkach domowych i silnym utlenianiem bez smarowania. Wyst\u0119puj\u0105 trzy typy: 440A, 440B i 440C, w\u015br\u00f3d kt\u00f3rych zawarto\u015b\u0107 w\u0119gla i twardo\u015b\u0107 rosn\u0105 sukcesywnie (A-0.75%, B-0.9%, C-1.2%). 440C to najcz\u0119\u015bciej u\u017cywany gatunek stali, a 440F to typ stali swobodnej oparty na 440C. 440C zapewnia wyj\u0105tkowo wysok\u0105 wytrzyma\u0142o\u015b\u0107, twardo\u015b\u0107 i odporno\u015b\u0107 na zu\u017cycie w stanie hartowanym i odpuszczanym, a jego twardo\u015b\u0107 mo\u017ce dochodzi\u0107 do 58HRC. Typowe zastosowania stali 440C, w tym \u0142o\u017cyska kulkowe i bie\u017cnie, tuleje, sztu\u0107ce, ostrza no\u017cy, cz\u0119\u015bci pomp, narz\u0119dzia chirurgiczne, gniazda zawor\u00f3w itp.<\/p>\n<p><strong>Jakie s\u0105 dost\u0119pne formy i specyfikacje 440C w WLD Steel?<\/strong><\/p>\n<ul>\n<li>Arkusz\/p\u0142yta\/cewka: ASTM A240, ASTM A480<\/li>\n<li>Pr\u0119t okr\u0105g\u0142y: ASTM A276, ASTM A479<\/li>\n<\/ul>\n<\/div><\/section><br \/>\n<div class=\"togglecontainer   toggle_close_all\" >\n<section class=\"av_toggle_section\"  itemscope=\"itemscope\" itemtype=\"https:\/\/schema.org\/CreativeWork\"  >    <div class=\"single_toggle\" data-tags=\"{All} \"  >        <p data-fake-id=\"#toggle-id-1\" class=\"toggler\"  itemprop=\"headline\"  >Gatunki r\u00f3wnowa\u017cne 440C<span class=\"toggle_icon\" >        <span class=\"vert_icon\"><\/span><span class=\"hor_icon\"><\/span><\/span><\/p>        <div id=\"toggle-id-1-container\" class=\"toggle_wrap\"  >            <div class=\"toggle_content invers-color\"  itemprop=\"text\"   ><table>\n<tbody>\n<tr>\n<td width=\"120\">Standard<\/td>\n<td width=\"119\">SAE<\/td>\n<td width=\"119\">UNS<\/td>\n<td width=\"120\">JIS<\/td>\n<td width=\"133\">HA\u0141AS<\/td>\n<td width=\"120\">NF<\/td>\n<td width=\"119\">GB<\/td>\n<\/tr>\n<tr>\n<td width=\"120\">440C<\/td>\n<td width=\"119\">51440C<\/td>\n<td width=\"119\">S44004<\/td>\n<td width=\"120\">SUS440C<\/td>\n<td width=\"133\">X105CrMo17<\/td>\n<td width=\"120\">Z100CD17<\/td>\n<td width=\"119\">11Cr17<\/td>\n<\/tr>\n<\/tbody>\n<\/table>\n            <\/div>        <\/div>    <\/div><\/section>\n<section class=\"av_toggle_section\"  itemscope=\"itemscope\" itemtype=\"https:\/\/schema.org\/CreativeWork\"  >    <div class=\"single_toggle\" data-tags=\"{All} \"  >        <p data-fake-id=\"#toggle-id-2\" class=\"toggler\"  itemprop=\"headline\"  >Sk\u0142ad chemiczny 440C<span class=\"toggle_icon\" >        <span class=\"vert_icon\"><\/span><span class=\"hor_icon\"><\/span><\/span><\/p>        <div id=\"toggle-id-2-container\" class=\"toggle_wrap\"  >            <div class=\"toggle_content invers-color\"  itemprop=\"text\"   ><table>\n<tbody>\n<tr>\n<td width=\"121\">C<\/td>\n<td width=\"121\">Si<\/td>\n<td width=\"121\">Mn<\/td>\n<td width=\"121\">Ni<\/td>\n<td width=\"123\">Kr<\/td>\n<td width=\"121\">P<\/td>\n<td width=\"121\">S<\/td>\n<\/tr>\n<tr>\n<td width=\"121\">0.95-1.20<\/td>\n<td width=\"121\">1.00<\/td>\n<td width=\"121\">1.00<\/td>\n<td width=\"121\">1.00<\/td>\n<td width=\"123\">16.00-18.00<\/td>\n<td width=\"121\">0.04<\/td>\n<td width=\"121\">0.03<\/td>\n<\/tr>\n<\/tbody>\n<\/table>\n            <\/div>        <\/div>    <\/div><\/section>\n<section class=\"av_toggle_section\"  itemscope=\"itemscope\" itemtype=\"https:\/\/schema.org\/CreativeWork\"  >    <div class=\"single_toggle\" data-tags=\"{All} \"  >        <p data-fake-id=\"#toggle-id-3\" class=\"toggler\"  itemprop=\"headline\"  >W\u0142a\u015bciwo\u015bci mechaniczne 440C<span class=\"toggle_icon\" >        <span class=\"vert_icon\"><\/span><span class=\"hor_icon\"><\/span><\/span><\/p>        <div id=\"toggle-id-3-container\" class=\"toggle_wrap\"  >            <div class=\"toggle_content invers-color\"  itemprop=\"text\"   ><table>\n<tbody>\n<tr>\n<td width=\"116\">Klas<\/td>\n<td width=\"162\">Wytrzyma\u0142o\u015b\u0107 na rozci\u0105ganie (Mpa)<\/td>\n<td width=\"190\">Granica plastyczno\u015bci przesuni\u0119cia 0,2% (Mpa)<\/td>\n<td width=\"214\">Wyd\u0142u\u017cenie, % w 2\u2033 (51 mm)<\/td>\n<td width=\"160\">Twardo\u015b\u0107, HB<\/td>\n<\/tr>\n<tr>\n<td width=\"116\">440C<\/td>\n<td width=\"162\">785<\/td>\n<td width=\"190\">420<\/td>\n<td width=\"214\">15<\/td>\n<td width=\"160\">240<\/td>\n<\/tr>\n<\/tbody>\n<\/table>\n            <\/div>        <\/div>    <\/div><\/section>\n<\/div><\/p><\/div><\/div><!--close column table wrapper. Autoclose: 1 --><\/p>","protected":false},"excerpt":{"rendered":"","protected":false},"author":1,"featured_media":0,"parent":1321,"menu_order":0,"comment_status":"closed","ping_status":"closed","template":"","meta":{"footnotes":""},"class_list":["post-1535","page","type-page","status-publish","hentry"],"aioseo_notices":[],"_links":{"self":[{"href":"https:\/\/wldstainless.com\/pl\/wp-json\/wp\/v2\/pages\/1535","targetHints":{"allow":["GET"]}}],"collection":[{"href":"https:\/\/wldstainless.com\/pl\/wp-json\/wp\/v2\/pages"}],"about":[{"href":"https:\/\/wldstainless.com\/pl\/wp-json\/wp\/v2\/types\/page"}],"author":[{"embeddable":true,"href":"https:\/\/wldstainless.com\/pl\/wp-json\/wp\/v2\/users\/1"}],"replies":[{"embeddable":true,"href":"https:\/\/wldstainless.com\/pl\/wp-json\/wp\/v2\/comments?post=1535"}],"version-history":[{"count":5,"href":"https:\/\/wldstainless.com\/pl\/wp-json\/wp\/v2\/pages\/1535\/revisions"}],"predecessor-version":[{"id":1923,"href":"https:\/\/wldstainless.com\/pl\/wp-json\/wp\/v2\/pages\/1535\/revisions\/1923"}],"up":[{"embeddable":true,"href":"https:\/\/wldstainless.com\/pl\/wp-json\/wp\/v2\/pages\/1321"}],"wp:attachment":[{"href":"https:\/\/wldstainless.com\/pl\/wp-json\/wp\/v2\/media?parent=1535"}],"curies":[{"name":"wp","href":"https:\/\/api.w.org\/{rel}","templated":true}]}}