{"id":1529,"date":"2020-08-19T09:37:03","date_gmt":"2020-08-19T09:37:03","guid":{"rendered":"http:\/\/wldstainless.com\/?page_id=1529"},"modified":"2020-09-18T09:44:05","modified_gmt":"2020-09-18T09:44:05","slug":"420-stainless-steel","status":"publish","type":"page","link":"https:\/\/wldstainless.com\/pl\/materials\/martensitic-stainless-steel\/420-stainless-steel\/","title":{"rendered":"Stal nierdzewna 420"},"content":{"rendered":"<div class='flex_column_table av-equal-height-column-flextable -flextable' ><div class=\"flex_column av_one_fourth  flex_column_table_cell av-equal-height-column av-align-top av-zero-column-padding first\" style='border-radius:0px; '><p><div class='avia-builder-widget-area clearfix'><div id=\"nav_menu-5\" class=\"widget clearfix widget_nav_menu\"><h3 class=\"widgettitle\">Materia\u0142<\/h3><div class=\"menu-products-sidebar-menu-container\"><ul id=\"menu-products-sidebar-menu\" class=\"menu\"><li id=\"menu-item-1329\" class=\"menu-item menu-item-type-post_type menu-item-object-page menu-item-1329\"><a href=\"https:\/\/wldstainless.com\/pl\/materials\/ferritic-stainless-steel\/\">Ferrytyczna stal nierdzewna<\/a><\/li>\n<li id=\"menu-item-1328\" class=\"menu-item menu-item-type-post_type menu-item-object-page menu-item-1328\"><a href=\"https:\/\/wldstainless.com\/pl\/materials\/martensitic-stainless-steel\/\">Martenzytyczna stal nierdzewna<\/a><\/li>\n<li id=\"menu-item-1327\" class=\"menu-item menu-item-type-post_type menu-item-object-page menu-item-1327\"><a href=\"https:\/\/wldstainless.com\/pl\/materials\/austenitic-stainless-steel\/\">Austenityczna stal nierdzewna<\/a><\/li>\n<li id=\"menu-item-1889\" class=\"menu-item menu-item-type-post_type menu-item-object-page menu-item-1889\"><a href=\"https:\/\/wldstainless.com\/pl\/materials\/duplex-stainless-steel\/\">Dwustronna stal nierdzewna<\/a><\/li>\n<\/ul><\/div><\/div><\/div><br \/>\n<div  class='hr hr-default'><span class='hr-inner' ><span class='hr-inner-style'><\/span><\/span><\/div><br \/>\n<div class='avia-button-wrap avia-button-left'><a href='http:\/\/wldstainless.com\/contact\/#contact' class='avia-button   avia-icon_select-yes-left-icon avia-color-custom avia-size-large avia-position-left'  target=\"_blank\"  style='background-color:#e82221; border-color:#e82221; color:#ffffff; ' ><span class='avia_button_icon avia_button_icon_left' aria-hidden='true' data-av_icon='\ue84b' data-av_iconfont='entypo-fontello'><\/span><span class='avia_iconbox_title' >Poprosi\u0107 o wycen\u0119<\/span><\/a><\/div><\/p><\/div><\/div><!--close column table wrapper. Autoclose: 1 --><div class='flex_column_table av-equal-height-column-flextable -flextable' ><div class='av-flex-placeholder'><\/div><div class=\"flex_column av_three_fourth  flex_column_table_cell av-equal-height-column av-align-top av-zero-column-padding\" style='border-radius:0px; '><p><div style='padding-bottom:10px;color:#d3311f;font-size:26px;' class='av-special-heading av-special-heading-h3 custom-color-heading blockquote modern-quote   av-inherit-size'><h3 class='av-special-heading-tag'  itemprop=\"headline\"  >Stal nierdzewna 420<\/h3><div class='special-heading-border'><div class='special-heading-inner-border' style='border-color:#d3311f'><\/div><\/div><\/div><br \/>\n<section class=\"av_textblock_section\"  itemscope=\"itemscope\" itemtype=\"https:\/\/schema.org\/CreativeWork\" ><div class='avia_textblock'   itemprop=\"text\" ><p>WLD Steel jest wiod\u0105cym producentem, dostawc\u0105 i eksporterem stali nierdzewnej 420 dost\u0119pnej w wielu r\u00f3\u017cnych rozmiarach i formach, w tym rurach, rurach, arkuszach, p\u0142ytach, pr\u0119tach, pr\u0119tach i innych kszta\u0142tach, takich jak anio\u0142, kana\u0142, belka, wyci\u0119ty element i Wkr\u00f3tce. Wysokow\u0119glowa martenzytyczna stal nierdzewna 420 Stal nierdzewna, znana r\u00f3wnie\u017c jako \u201estal na sztu\u0107ce\u201d lub \u201estal chirurgiczna\u201d. Mo\u017cna go utwardza\u0107 poprzez obr\u00f3bk\u0119 ciepln\u0105, co zapewnia dobr\u0105 ci\u0105gliwo\u015b\u0107 dla producent\u00f3w metali, a tak\u017ce doskona\u0142\u0105 polerowalno\u015b\u0107. Stal nierdzewna typu 420 jest cz\u0119sto stosowana tam, gdzie wymagana jest dobra korozja i twardo\u015b\u0107. Typowe zastosowania obejmuj\u0105 sztu\u0107ce, instrumenty chirurgiczne i dentystyczne, no\u017cyczki, ta\u015bmy i proste kraw\u0119dzie, manometry, zawory iglicowe, kulowe zawory zwrotne, wa\u0142y przek\u0142adni, krzywki, czopy, \u0142o\u017cyska kulkowe i narz\u0119dzia r\u0119czne.<\/p>\n<p><strong>Jakie s\u0105 420 dost\u0119pnych formularzy i specyfikacji w WLD Steel?<\/strong><\/p>\n<table>\n<tbody>\n<tr>\n<td width=\"170\">Arkusz\/p\u0142yta\/cewka<\/td>\n<td width=\"170\">Bezszwowa rura\/rura<\/td>\n<td width=\"170\">Spawana rura\/rura<\/td>\n<td width=\"170\">Okr\u0105g\u0142y pasek<\/td>\n<td width=\"170\">Formowana stal (w kszta\u0142cie)<\/td>\n<\/tr>\n<tr>\n<td width=\"170\">ASTM A240<\/p>\n<p>ASTM A480<\/td>\n<td width=\"170\">ASTM A312<\/p>\n<p>ASTM A213<\/td>\n<td width=\"170\">ASTM A554<\/td>\n<td width=\"170\">ASTM A276<\/p>\n<p>ASTM A479<\/td>\n<td width=\"170\">ASTM A276<\/td>\n<\/tr>\n<\/tbody>\n<\/table>\n<\/div><\/section><br \/>\n<div class=\"togglecontainer   toggle_close_all\" >\n<section class=\"av_toggle_section\"  itemscope=\"itemscope\" itemtype=\"https:\/\/schema.org\/CreativeWork\"  >    <div class=\"single_toggle\" data-tags=\"{All} \"  >        <p data-fake-id=\"#toggle-id-1\" class=\"toggler\"  itemprop=\"headline\"  >420 r\u00f3wnowa\u017cnych klas<span class=\"toggle_icon\" >        <span class=\"vert_icon\"><\/span><span class=\"hor_icon\"><\/span><\/span><\/p>        <div id=\"toggle-id-1-container\" class=\"toggle_wrap\"  >            <div class=\"toggle_content invers-color\"  itemprop=\"text\"   ><table>\n<tbody>\n<tr>\n<td width=\"121\">TANDARDOWY<\/td>\n<td width=\"121\">UNS<\/td>\n<td width=\"121\">PL<\/td>\n<td width=\"121\">licencjat<\/td>\n<td width=\"121\">JIS<\/td>\n<td width=\"121\">HA\u0141AS<\/td>\n<td width=\"121\">GB<\/td>\n<\/tr>\n<tr>\n<td width=\"121\">SS420<\/td>\n<td width=\"121\">S42010<\/td>\n<td width=\"121\">X20Cr13<\/td>\n<td width=\"121\">420S29 \/ 420S37<\/td>\n<td width=\"121\">SUS420J1<\/p>\n<p>SUS 420 J2<\/td>\n<td width=\"121\">1.4021<\/td>\n<td width=\"121\">2cr13<\/td>\n<\/tr>\n<\/tbody>\n<\/table>\n            <\/div>        <\/div>    <\/div><\/section>\n<section class=\"av_toggle_section\"  itemscope=\"itemscope\" itemtype=\"https:\/\/schema.org\/CreativeWork\"  >    <div class=\"single_toggle\" data-tags=\"{All} \"  >        <p data-fake-id=\"#toggle-id-2\" class=\"toggler\"  itemprop=\"headline\"  >420 Sk\u0142ad chemiczny<span class=\"toggle_icon\" >        <span class=\"vert_icon\"><\/span><span class=\"hor_icon\"><\/span><\/span><\/p>        <div id=\"toggle-id-2-container\" class=\"toggle_wrap\"  >            <div class=\"toggle_content invers-color\"  itemprop=\"text\"   ><table>\n<tbody>\n<tr>\n<td width=\"86\">Stopie\u0144<\/td>\n<td width=\"108\">C<\/td>\n<td width=\"108\">Si<\/td>\n<td width=\"108\">Mn<\/td>\n<td width=\"108\">P<\/td>\n<td width=\"108\">S<\/td>\n<td width=\"108\">Ni<\/td>\n<td width=\"108\">Kr<\/td>\n<\/tr>\n<tr>\n<td width=\"86\">SS420<\/td>\n<td width=\"108\">0.15\u00a0-0.36<\/td>\n<td width=\"108\">\u22641,00<\/td>\n<td width=\"108\">\u22641,5<\/td>\n<td width=\"108\">maks. 0,04<\/td>\n<td width=\"108\">maks. 0,015<\/td>\n<td width=\"108\">\u22641,00<\/td>\n<td width=\"108\">12.00-\u00a014.00<\/td>\n<\/tr>\n<\/tbody>\n<\/table>\n            <\/div>        <\/div>    <\/div><\/section>\n<section class=\"av_toggle_section\"  itemscope=\"itemscope\" itemtype=\"https:\/\/schema.org\/CreativeWork\"  >    <div class=\"single_toggle\" data-tags=\"{All} \"  >        <p data-fake-id=\"#toggle-id-3\" class=\"toggler\"  itemprop=\"headline\"  >420 W\u0142a\u015bciwo\u015bci mechaniczne<span class=\"toggle_icon\" >        <span class=\"vert_icon\"><\/span><span class=\"hor_icon\"><\/span><\/span><\/p>        <div id=\"toggle-id-3-container\" class=\"toggle_wrap\"  >            <div class=\"toggle_content invers-color\"  itemprop=\"text\"   ><table>\n<tbody>\n<tr>\n<td width=\"116\">Klas<\/td>\n<td width=\"162\">Wytrzyma\u0142o\u015b\u0107 na rozci\u0105ganie (Mpa)<\/td>\n<td width=\"190\">Granica plastyczno\u015bci przesuni\u0119cia 0,2% (Mpa)<\/td>\n<td width=\"214\">Wyd\u0142u\u017cenie, % w 2\u2033 (51 mm)<\/td>\n<td width=\"160\">Twardo\u015b\u0107, HB<\/td>\n<\/tr>\n<tr>\n<td width=\"116\">420<\/td>\n<td width=\"162\">650<\/td>\n<td width=\"190\">350<\/td>\n<td width=\"214\">25<\/td>\n<td width=\"160\">196<\/td>\n<\/tr>\n<\/tbody>\n<\/table>\n            <\/div>        <\/div>    <\/div><\/section>\n<\/div><\/p><\/div><\/div><!--close column table wrapper. Autoclose: 1 --><\/p>","protected":false},"excerpt":{"rendered":"","protected":false},"author":1,"featured_media":0,"parent":1321,"menu_order":0,"comment_status":"closed","ping_status":"closed","template":"","meta":{"footnotes":""},"class_list":["post-1529","page","type-page","status-publish","hentry"],"aioseo_notices":[],"_links":{"self":[{"href":"https:\/\/wldstainless.com\/pl\/wp-json\/wp\/v2\/pages\/1529","targetHints":{"allow":["GET"]}}],"collection":[{"href":"https:\/\/wldstainless.com\/pl\/wp-json\/wp\/v2\/pages"}],"about":[{"href":"https:\/\/wldstainless.com\/pl\/wp-json\/wp\/v2\/types\/page"}],"author":[{"embeddable":true,"href":"https:\/\/wldstainless.com\/pl\/wp-json\/wp\/v2\/users\/1"}],"replies":[{"embeddable":true,"href":"https:\/\/wldstainless.com\/pl\/wp-json\/wp\/v2\/comments?post=1529"}],"version-history":[{"count":5,"href":"https:\/\/wldstainless.com\/pl\/wp-json\/wp\/v2\/pages\/1529\/revisions"}],"predecessor-version":[{"id":1920,"href":"https:\/\/wldstainless.com\/pl\/wp-json\/wp\/v2\/pages\/1529\/revisions\/1920"}],"up":[{"embeddable":true,"href":"https:\/\/wldstainless.com\/pl\/wp-json\/wp\/v2\/pages\/1321"}],"wp:attachment":[{"href":"https:\/\/wldstainless.com\/pl\/wp-json\/wp\/v2\/media?parent=1529"}],"curies":[{"name":"wp","href":"https:\/\/api.w.org\/{rel}","templated":true}]}}