{"id":1526,"date":"2020-08-19T08:22:01","date_gmt":"2020-08-19T08:22:01","guid":{"rendered":"http:\/\/wldstainless.com\/?page_id=1526"},"modified":"2020-09-18T09:30:09","modified_gmt":"2020-09-18T09:30:09","slug":"904l-stainless-steel","status":"publish","type":"page","link":"https:\/\/wldstainless.com\/pl\/materials\/austenitic-stainless-steel\/904l-stainless-steel\/","title":{"rendered":"Stal nierdzewna 904L"},"content":{"rendered":"<div class='flex_column_table av-equal-height-column-flextable -flextable' ><div class=\"flex_column av_one_fourth  flex_column_table_cell av-equal-height-column av-align-top av-zero-column-padding first\" style='border-radius:0px; '><p><div class='avia-builder-widget-area clearfix'><div id=\"nav_menu-5\" class=\"widget clearfix widget_nav_menu\"><h3 class=\"widgettitle\">Materia\u0142<\/h3><div class=\"menu-products-sidebar-menu-container\"><ul id=\"menu-products-sidebar-menu\" class=\"menu\"><li id=\"menu-item-1329\" class=\"menu-item menu-item-type-post_type menu-item-object-page menu-item-1329\"><a href=\"https:\/\/wldstainless.com\/pl\/materials\/ferritic-stainless-steel\/\">Ferrytyczna stal nierdzewna<\/a><\/li>\n<li id=\"menu-item-1328\" class=\"menu-item menu-item-type-post_type menu-item-object-page menu-item-1328\"><a href=\"https:\/\/wldstainless.com\/pl\/materials\/martensitic-stainless-steel\/\">Martenzytyczna stal nierdzewna<\/a><\/li>\n<li id=\"menu-item-1327\" class=\"menu-item menu-item-type-post_type menu-item-object-page menu-item-1327\"><a href=\"https:\/\/wldstainless.com\/pl\/materials\/austenitic-stainless-steel\/\">Austenityczna stal nierdzewna<\/a><\/li>\n<li id=\"menu-item-1889\" class=\"menu-item menu-item-type-post_type menu-item-object-page menu-item-1889\"><a href=\"https:\/\/wldstainless.com\/pl\/materials\/duplex-stainless-steel\/\">Dwustronna stal nierdzewna<\/a><\/li>\n<\/ul><\/div><\/div><\/div><br \/>\n<div  class='hr hr-default'><span class='hr-inner' ><span class='hr-inner-style'><\/span><\/span><\/div><br \/>\n<div class='avia-button-wrap avia-button-left'><a href='http:\/\/wldstainless.com\/contact\/#contact' class='avia-button   avia-icon_select-yes-left-icon avia-color-custom avia-size-large avia-position-left'  target=\"_blank\"  style='background-color:#e82221; border-color:#e82221; color:#ffffff; ' ><span class='avia_button_icon avia_button_icon_left' aria-hidden='true' data-av_icon='\ue84b' data-av_iconfont='entypo-fontello'><\/span><span class='avia_iconbox_title' >Poprosi\u0107 o wycen\u0119<\/span><\/a><\/div><\/p><\/div><\/div><!--close column table wrapper. Autoclose: 1 --><div class='flex_column_table av-equal-height-column-flextable -flextable' ><div class='av-flex-placeholder'><\/div><div class=\"flex_column av_three_fourth  flex_column_table_cell av-equal-height-column av-align-top av-zero-column-padding\" style='border-radius:0px; '><p><div style='padding-bottom:10px;color:#d3311f;' class='av-special-heading av-special-heading-h3 custom-color-heading'><h3 class='av-special-heading-tag'  itemprop=\"headline\"  >Stal nierdzewna 904L <\/h3><div class='special-heading-border'><div class='special-heading-inner-border' style='border-color:#d3311f'><\/div><\/div><\/div><br \/>\n<section class=\"av_textblock_section\"  itemscope=\"itemscope\" itemtype=\"https:\/\/schema.org\/CreativeWork\" ><div class='avia_textblock'   itemprop=\"text\" ><p>WLD Steel jest wiod\u0105cym producentem, dostawc\u0105 i eksporterem stali nierdzewnej 904L dost\u0119pnej w wielu r\u00f3\u017cnych rozmiarach i formach, w tym rura, rura, arkusz, p\u0142yta, pr\u0119t, pr\u0119t i inne kszta\u0142ty, takie jak k\u0105t, kana\u0142, okr\u0105g, wyci\u0119ty element itp. NA. Typ 904L to rodzaj superaustenitycznej stali nierdzewnej, kt\u00f3ra znana jest z wysokiej odporno\u015bci na p\u0119kanie korozyjne szczelinowe i napr\u0119\u017ceniowe pod wp\u0142ywem kwas\u00f3w siarkowego, fosforowego i octowego. Dodatek miedzi sprawia, \u017ce stal nierdzewna 904L jest bardziej odporna na zu\u017cycie i korozj\u0119. Stal 904L jest szeroko stosowana w urz\u0105dzeniach ch\u0142odz\u0105cych wod\u0119 morsk\u0105, wymiennikach ciep\u0142a, rurach skraplaczy, sterowaniu i oprzyrz\u0105dowaniu, przemy\u015ble naftowym i gazowym.<\/p>\n<p><strong>Jakie s\u0105 dost\u0119pne formy i specyfikacje 904L w WLD Steel?<\/strong><\/p>\n<table>\n<tbody>\n<tr>\n<td width=\"170\">Arkusz\/p\u0142yta\/cewka<\/td>\n<td width=\"170\">Bezszwowa rura\/rura<\/td>\n<td width=\"170\">Spawana rura\/rura<\/td>\n<td width=\"170\">Okr\u0105g\u0142y pasek<\/td>\n<td width=\"170\">Formowana stal (w kszta\u0142cie)<\/td>\n<\/tr>\n<tr>\n<td width=\"170\">ASTM A240<\/p>\n<p>ASTM A480<\/td>\n<td width=\"170\">ASTM A312<\/p>\n<p>ASTM A213<\/td>\n<td width=\"170\">ASTM A554<\/td>\n<td width=\"170\">ASTM A276<\/p>\n<p>ASTM A479<\/td>\n<td width=\"170\">ASTM A276<\/td>\n<\/tr>\n<\/tbody>\n<\/table>\n<\/div><\/section><br \/>\n<div class=\"togglecontainer   toggle_close_all\" >\n<section class=\"av_toggle_section\"  itemscope=\"itemscope\" itemtype=\"https:\/\/schema.org\/CreativeWork\"  >    <div class=\"single_toggle\" data-tags=\"{All} \"  >        <p data-fake-id=\"#toggle-id-1\" class=\"toggler\"  itemprop=\"headline\"  >Materia\u0142y r\u00f3wnowa\u017cne ze stali 904L<span class=\"toggle_icon\" >        <span class=\"vert_icon\"><\/span><span class=\"hor_icon\"><\/span><\/span><\/p>        <div id=\"toggle-id-1-container\" class=\"toggle_wrap\"  >            <div class=\"toggle_content invers-color\"  itemprop=\"text\"   ><table>\n<tbody>\n<tr>\n<td width=\"142\">Standardy<\/td>\n<td width=\"142\">UNS<\/td>\n<td width=\"142\">HA\u0141AS<\/td>\n<td width=\"142\">JIS<\/td>\n<td width=\"142\">licencjat<\/td>\n<td width=\"142\">PL<\/td>\n<\/tr>\n<tr>\n<td width=\"142\">904L<\/td>\n<td width=\"142\">N08904<\/td>\n<td width=\"142\">1.4539<\/td>\n<td width=\"142\">SUS 890L<\/td>\n<td width=\"142\">904S13<\/td>\n<td width=\"142\">X1NiCrMoCu25-20-5<\/td>\n<\/tr>\n<\/tbody>\n<\/table>\n            <\/div>        <\/div>    <\/div><\/section>\n<section class=\"av_toggle_section\"  itemscope=\"itemscope\" itemtype=\"https:\/\/schema.org\/CreativeWork\"  >    <div class=\"single_toggle\" data-tags=\"{All} \"  >        <p data-fake-id=\"#toggle-id-2\" class=\"toggler\"  itemprop=\"headline\"  >Sk\u0142ad chemiczny 904L<span class=\"toggle_icon\" >        <span class=\"vert_icon\"><\/span><span class=\"hor_icon\"><\/span><\/span><\/p>        <div id=\"toggle-id-2-container\" class=\"toggle_wrap\"  >            <div class=\"toggle_content invers-color\"  itemprop=\"text\"   ><table>\n<tbody>\n<tr>\n<td width=\"105\">Ni<\/td>\n<td width=\"105\">Kr<\/td>\n<td width=\"105\">Cu<\/td>\n<td width=\"105\">Mn<\/td>\n<td width=\"105\">Pon<\/td>\n<td width=\"105\">Si<\/td>\n<td width=\"105\">C<\/td>\n<td width=\"105\">P<\/td>\n<td width=\"106\">S<\/td>\n<\/tr>\n<tr>\n<td width=\"105\">23,0 \u2013 28,0<\/td>\n<td width=\"105\">19,0 \u2013 23,0<\/td>\n<td width=\"105\">1,0 \u2013 2,0<\/td>\n<td width=\"105\">2,0 maks<\/td>\n<td width=\"105\">4,0 \u2013 5,0<\/td>\n<td width=\"105\">1,0 maks<\/td>\n<td width=\"105\">maks. 0,20<\/td>\n<td width=\"105\">0,040 maks<\/td>\n<td width=\"106\">0,030 maks<\/td>\n<\/tr>\n<\/tbody>\n<\/table>\n            <\/div>        <\/div>    <\/div><\/section>\n<section class=\"av_toggle_section\"  itemscope=\"itemscope\" itemtype=\"https:\/\/schema.org\/CreativeWork\"  >    <div class=\"single_toggle\" data-tags=\"{All} \"  >        <p data-fake-id=\"#toggle-id-3\" class=\"toggler\"  itemprop=\"headline\"  >W\u0142a\u015bciwo\u015bci mechaniczne 904L<span class=\"toggle_icon\" >        <span class=\"vert_icon\"><\/span><span class=\"hor_icon\"><\/span><\/span><\/p>        <div id=\"toggle-id-3-container\" class=\"toggle_wrap\"  >            <div class=\"toggle_content invers-color\"  itemprop=\"text\"   ><table>\n<tbody>\n<tr>\n<td width=\"213\">Wytrzyma\u0142o\u015b\u0107 na rozci\u0105ganie (MPa) min<\/td>\n<td width=\"213\">Granica plastyczno\u015bci 0,2% Dow\u00f3d (MPa) min<\/td>\n<td width=\"213\">Wyd\u0142u\u017cenie (% w 50mm) min<\/td>\n<td width=\"213\">Twardo\u015b\u0107, Brinella<\/td>\n<\/tr>\n<tr>\n<td width=\"213\">490<\/td>\n<td width=\"213\">220<\/td>\n<td width=\"213\">36<\/td>\n<td width=\"213\">150<\/td>\n<\/tr>\n<\/tbody>\n<\/table>\n            <\/div>        <\/div>    <\/div><\/section>\n<\/div><\/p><\/div><\/div><!--close column table wrapper. Autoclose: 1 --><\/p>","protected":false},"excerpt":{"rendered":"","protected":false},"author":1,"featured_media":0,"parent":1323,"menu_order":0,"comment_status":"closed","ping_status":"closed","template":"","meta":{"footnotes":""},"class_list":["post-1526","page","type-page","status-publish","hentry"],"aioseo_notices":[],"_links":{"self":[{"href":"https:\/\/wldstainless.com\/pl\/wp-json\/wp\/v2\/pages\/1526","targetHints":{"allow":["GET"]}}],"collection":[{"href":"https:\/\/wldstainless.com\/pl\/wp-json\/wp\/v2\/pages"}],"about":[{"href":"https:\/\/wldstainless.com\/pl\/wp-json\/wp\/v2\/types\/page"}],"author":[{"embeddable":true,"href":"https:\/\/wldstainless.com\/pl\/wp-json\/wp\/v2\/users\/1"}],"replies":[{"embeddable":true,"href":"https:\/\/wldstainless.com\/pl\/wp-json\/wp\/v2\/comments?post=1526"}],"version-history":[{"count":6,"href":"https:\/\/wldstainless.com\/pl\/wp-json\/wp\/v2\/pages\/1526\/revisions"}],"predecessor-version":[{"id":1905,"href":"https:\/\/wldstainless.com\/pl\/wp-json\/wp\/v2\/pages\/1526\/revisions\/1905"}],"up":[{"embeddable":true,"href":"https:\/\/wldstainless.com\/pl\/wp-json\/wp\/v2\/pages\/1323"}],"wp:attachment":[{"href":"https:\/\/wldstainless.com\/pl\/wp-json\/wp\/v2\/media?parent=1526"}],"curies":[{"name":"wp","href":"https:\/\/api.w.org\/{rel}","templated":true}]}}