{"id":1502,"date":"2020-08-17T05:48:30","date_gmt":"2020-08-17T05:48:30","guid":{"rendered":"http:\/\/wldstainless.com\/?page_id=1502"},"modified":"2020-09-18T09:28:55","modified_gmt":"2020-09-18T09:28:55","slug":"316-316l-stainless-steel","status":"publish","type":"page","link":"https:\/\/wldstainless.com\/pl\/materials\/austenitic-stainless-steel\/316-316l-stainless-steel\/","title":{"rendered":"Stal nierdzewna 316\/316L"},"content":{"rendered":"<div class='flex_column_table av-equal-height-column-flextable -flextable' ><div class=\"flex_column av_one_fourth  flex_column_table_cell av-equal-height-column av-align-top av-zero-column-padding first\" style='border-radius:0px; '><p><div class='avia-builder-widget-area clearfix'><div id=\"nav_menu-5\" class=\"widget clearfix widget_nav_menu\"><h3 class=\"widgettitle\">Materia\u0142<\/h3><div class=\"menu-products-sidebar-menu-container\"><ul id=\"menu-products-sidebar-menu\" class=\"menu\"><li id=\"menu-item-1329\" class=\"menu-item menu-item-type-post_type menu-item-object-page menu-item-1329\"><a href=\"https:\/\/wldstainless.com\/pl\/materials\/ferritic-stainless-steel\/\">Ferrytyczna stal nierdzewna<\/a><\/li>\n<li id=\"menu-item-1328\" class=\"menu-item menu-item-type-post_type menu-item-object-page menu-item-1328\"><a href=\"https:\/\/wldstainless.com\/pl\/materials\/martensitic-stainless-steel\/\">Martenzytyczna stal nierdzewna<\/a><\/li>\n<li id=\"menu-item-1327\" class=\"menu-item menu-item-type-post_type menu-item-object-page menu-item-1327\"><a href=\"https:\/\/wldstainless.com\/pl\/materials\/austenitic-stainless-steel\/\">Austenityczna stal nierdzewna<\/a><\/li>\n<li id=\"menu-item-1889\" class=\"menu-item menu-item-type-post_type menu-item-object-page menu-item-1889\"><a href=\"https:\/\/wldstainless.com\/pl\/materials\/duplex-stainless-steel\/\">Dwustronna stal nierdzewna<\/a><\/li>\n<\/ul><\/div><\/div><\/div><br \/>\n<div  class='hr hr-default'><span class='hr-inner' ><span class='hr-inner-style'><\/span><\/span><\/div><br \/>\n<div class='avia-button-wrap avia-button-left'><a href='http:\/\/wldstainless.com\/contact\/#contact' class='avia-button   avia-icon_select-yes-left-icon avia-color-custom avia-size-large avia-position-left'  target=\"_blank\"  style='background-color:#e82221; border-color:#e82221; color:#ffffff; ' ><span class='avia_button_icon avia_button_icon_left' aria-hidden='true' data-av_icon='\ue84b' data-av_iconfont='entypo-fontello'><\/span><span class='avia_iconbox_title' >Poprosi\u0107 o wycen\u0119<\/span><\/a><\/div><\/p><\/div><\/div><!--close column table wrapper. Autoclose: 1 --><div class='flex_column_table av-equal-height-column-flextable -flextable' ><div class='av-flex-placeholder'><\/div><div class=\"flex_column av_three_fourth  flex_column_table_cell av-equal-height-column av-align-top av-zero-column-padding\" style='border-radius:0px; '><p><div style='padding-bottom:10px;color:#d3311f;font-size:26px;' class='av-special-heading av-special-heading-h3 custom-color-heading blockquote modern-quote   av-inherit-size'><h3 class='av-special-heading-tag'  itemprop=\"headline\"  >Stal nierdzewna 316\/316L<\/h3><div class='special-heading-border'><div class='special-heading-inner-border' style='border-color:#d3311f'><\/div><\/div><\/div><br \/>\n<section class=\"av_textblock_section\"  itemscope=\"itemscope\" itemtype=\"https:\/\/schema.org\/CreativeWork\" ><div class='avia_textblock'   itemprop=\"text\" ><p>WLD Steel jest wiod\u0105cym producentem, dostawc\u0105 i eksporterem stali nierdzewnej 316\/316L w kszta\u0142cie rury, rury, arkusza, p\u0142yty, pr\u0119ta, pr\u0119ta i innych kszta\u0142t\u00f3w, takich jak anio\u0142, kana\u0142, okr\u0105g, wyci\u0119ty element i tak dalej. Podobnie jak 304 i 304L, z wi\u0119ksz\u0105 zawarto\u015bci\u0105 Mo, austenityczna stal nierdzewna 316 i 316L oferuje dobr\u0105 wytrzyma\u0142o\u015b\u0107, plastyczno\u015b\u0107, wytrzyma\u0142o\u015b\u0107 i w\u0142a\u015bciwo\u015bci formowania na zimno. 316L to niskoemisyjna wersja 316 o nieco ni\u017cszej wytrzyma\u0142o\u015bci.<\/p>\n<p>Obydwa zapewniaj\u0105 odporno\u015b\u0107 na korozj\u0119 i dobrze sprawdzaj\u0105 si\u0119 w niskich temperaturach, zw\u0142aszcza w r\u00f3\u017cnych kwasach organicznych, kwasach nieorganicznych, zasadach i solach (takich jak kwas siarkowy, kwas siarkowy, kwas fosforowy, kwas octowy, kwas mr\u00f3wkowy itp.) oraz wodzie morskiej. Warto zauwa\u017cy\u0107, \u017ce ich odporno\u015b\u0107 na korozj\u0119 jest znacznie lepsza ni\u017c stali nierdzewnej 304 i 304L w redukuj\u0105cym \u015brodowisku kwa\u015bnym.<\/p>\n<p>Jakie s\u0105 dost\u0119pne formy i specyfikacje 316\/316L w WLD Steel?<\/p>\n<table>\n<tbody>\n<tr>\n<td width=\"170\">Arkusz\/p\u0142yta\/cewka<\/td>\n<td width=\"170\">Bezszwowa rura\/rurka<\/td>\n<td width=\"170\">Spawana rura\/rurka<\/td>\n<td width=\"170\">Okr\u0105g\u0142y pasek<\/td>\n<td width=\"170\">Formowana stal (w kszta\u0142cie)<\/td>\n<\/tr>\n<tr>\n<td width=\"170\">ASTM A240<\/td>\n<td width=\"170\">ASTM A789;<\/p>\n<p>ASTM A790<\/td>\n<td width=\"170\">ASTM A928<\/td>\n<td width=\"170\">ASTM A276;<\/p>\n<p>ASTM A479<\/td>\n<td width=\"170\">ASTM A276<\/td>\n<\/tr>\n<\/tbody>\n<\/table>\n<h2><\/h2>\n<\/div><\/section><br \/>\n<div class=\"togglecontainer   toggle_close_all\" >\n<section class=\"av_toggle_section\"  itemscope=\"itemscope\" itemtype=\"https:\/\/schema.org\/CreativeWork\"  >    <div class=\"single_toggle\" data-tags=\"{All} \"  >        <p data-fake-id=\"#toggle-id-1\" class=\"toggler\"  itemprop=\"headline\"  >Gatunki r\u00f3wnowa\u017cne 316\/316L<span class=\"toggle_icon\" >        <span class=\"vert_icon\"><\/span><span class=\"hor_icon\"><\/span><\/span><\/p>        <div id=\"toggle-id-1-container\" class=\"toggle_wrap\"  >            <div class=\"toggle_content invers-color\"  itemprop=\"text\"   ><table>\n<tbody>\n<tr>\n<td width=\"123\">STANDARD<\/td>\n<td width=\"123\">WERKSTOFF NR.<\/td>\n<td width=\"123\">UNS<\/td>\n<td width=\"123\">JIS<\/td>\n<td width=\"123\">licencjat<\/td>\n<td width=\"123\">PL<\/td>\n<td width=\"124\">GB<\/td>\n<\/tr>\n<tr>\n<td width=\"123\">SS 316<\/td>\n<td width=\"123\">1.4401\/\u00a01.4436<\/td>\n<td width=\"123\">S31600<\/td>\n<td width=\"123\">SUS 316<\/td>\n<td width=\"123\">316S31 \/ 316S33<\/td>\n<td width=\"123\">X5CrNiMo17-12-2 \/ X3CrNiMo17-13-3<\/td>\n<td width=\"124\">06Cr17Ni12Mo2<\/td>\n<\/tr>\n<tr>\n<td width=\"123\">SS 316L<\/td>\n<td width=\"123\">1.4404\/\u00a01.4435<\/td>\n<td width=\"123\">S31603<\/td>\n<td width=\"123\">SUS 316L<\/td>\n<td width=\"123\">316S11 \/ 316S13<\/td>\n<td width=\"123\">X2CrNiMo17-12-2 \/ X2CrNiMo18-14-3<\/td>\n<td width=\"124\">022Cr17Ni12Mo2<\/td>\n<\/tr>\n<\/tbody>\n<\/table>\n            <\/div>        <\/div>    <\/div><\/section>\n<section class=\"av_toggle_section\"  itemscope=\"itemscope\" itemtype=\"https:\/\/schema.org\/CreativeWork\"  >    <div class=\"single_toggle\" data-tags=\"{All} \"  >        <p data-fake-id=\"#toggle-id-2\" class=\"toggler\"  itemprop=\"headline\"  >Sk\u0142ad chemiczny 316\/316L<span class=\"toggle_icon\" >        <span class=\"vert_icon\"><\/span><span class=\"hor_icon\"><\/span><\/span><\/p>        <div id=\"toggle-id-2-container\" class=\"toggle_wrap\"  >            <div class=\"toggle_content invers-color\"  itemprop=\"text\"   ><table>\n<tbody>\n<tr>\n<td width=\"123\">STANDARD<\/td>\n<td width=\"123\">WERKSTOFF NR.<\/td>\n<td width=\"102\">UNS<\/td>\n<td width=\"95\">JIS<\/td>\n<td width=\"123\">licencjat<\/td>\n<td width=\"183\">PL<\/td>\n<td width=\"113\">GB<\/td>\n<\/tr>\n<tr>\n<td width=\"123\">SS 316<\/td>\n<td width=\"123\">1.4401\/\u00a01.4436<\/td>\n<td width=\"102\">S31600<\/td>\n<td width=\"95\">SUS 316<\/td>\n<td width=\"123\">316S31 \/ 316S33<\/td>\n<td width=\"183\">X5CrNiMo17-12-2 \/X3CrNiMo17-13-3<\/td>\n<td width=\"113\">06Cr17Ni12Mo2<\/td>\n<\/tr>\n<tr>\n<td width=\"123\">SS 316L<\/td>\n<td width=\"123\">1.4404\/\u00a01.4435<\/td>\n<td width=\"102\">S31603<\/td>\n<td width=\"95\">SUS 316L<\/td>\n<td width=\"123\">316S11 \/ 316S13<\/td>\n<td width=\"183\">X2CrNiMo17-12-2 \/X2CrNiMo18-14-3<\/td>\n<td width=\"113\">022Cr17Ni12Mo2<\/td>\n<\/tr>\n<\/tbody>\n<\/table>\n            <\/div>        <\/div>    <\/div><\/section>\n<section class=\"av_toggle_section\"  itemscope=\"itemscope\" itemtype=\"https:\/\/schema.org\/CreativeWork\"  >    <div class=\"single_toggle\" data-tags=\"{All} \"  >        <p data-fake-id=\"#toggle-id-3\" class=\"toggler\"  itemprop=\"headline\"  > W\u0142a\u015bciwo\u015bci mechaniczne 316\/316L<span class=\"toggle_icon\" >        <span class=\"vert_icon\"><\/span><span class=\"hor_icon\"><\/span><\/span><\/p>        <div id=\"toggle-id-3-container\" class=\"toggle_wrap\"  >            <div class=\"toggle_content invers-color\"  itemprop=\"text\"   ><table>\n<tbody>\n<tr>\n<td width=\"88\">Klas<\/td>\n<td width=\"88\">C<\/td>\n<td width=\"88\">Mn<\/td>\n<td width=\"88\">Si<\/td>\n<td width=\"88\">P<\/td>\n<td width=\"88\">S<\/td>\n<td width=\"88\">Kr<\/td>\n<td width=\"88\">Ni<\/td>\n<td width=\"88\">Pon<\/td>\n<td width=\"88\">N<\/td>\n<\/tr>\n<tr>\n<td width=\"88\">316<br \/>\n(S31600)<\/td>\n<td width=\"88\">\u22640,08<\/td>\n<td width=\"88\">\u22642,0<\/td>\n<td width=\"88\">\u22640,75<\/td>\n<td width=\"88\">\u22640,045<\/td>\n<td width=\"88\">\u22640,03<\/td>\n<td width=\"88\">16.0-18.0<\/td>\n<td width=\"88\">10.0-14.0<\/td>\n<td width=\"88\">2.0-3.0<\/td>\n<td width=\"88\">0.10<\/td>\n<\/tr>\n<tr>\n<td width=\"88\">316L<br \/>\n(S31603)<\/td>\n<td width=\"88\">\u22640,03<\/td>\n<td width=\"88\">\u22642,0<\/td>\n<td width=\"88\">\u22640,75<\/td>\n<td width=\"88\">\u22640,045<\/td>\n<td width=\"88\">\u22640,03<\/td>\n<td width=\"88\">16.0-18.0<\/td>\n<td width=\"88\">10.0-14.0<\/td>\n<td width=\"88\">2.0-3.0<\/td>\n<td width=\"88\">0.10<\/td>\n<\/tr>\n<\/tbody>\n<\/table>\n            <\/div>        <\/div>    <\/div><\/section>\n<\/div><\/p><\/div><\/div><!--close column table wrapper. Autoclose: 1 --><\/p>","protected":false},"excerpt":{"rendered":"","protected":false},"author":1,"featured_media":0,"parent":1323,"menu_order":0,"comment_status":"closed","ping_status":"closed","template":"","meta":{"footnotes":""},"class_list":["post-1502","page","type-page","status-publish","hentry"],"aioseo_notices":[],"_links":{"self":[{"href":"https:\/\/wldstainless.com\/pl\/wp-json\/wp\/v2\/pages\/1502","targetHints":{"allow":["GET"]}}],"collection":[{"href":"https:\/\/wldstainless.com\/pl\/wp-json\/wp\/v2\/pages"}],"about":[{"href":"https:\/\/wldstainless.com\/pl\/wp-json\/wp\/v2\/types\/page"}],"author":[{"embeddable":true,"href":"https:\/\/wldstainless.com\/pl\/wp-json\/wp\/v2\/users\/1"}],"replies":[{"embeddable":true,"href":"https:\/\/wldstainless.com\/pl\/wp-json\/wp\/v2\/comments?post=1502"}],"version-history":[{"count":6,"href":"https:\/\/wldstainless.com\/pl\/wp-json\/wp\/v2\/pages\/1502\/revisions"}],"predecessor-version":[{"id":1901,"href":"https:\/\/wldstainless.com\/pl\/wp-json\/wp\/v2\/pages\/1502\/revisions\/1901"}],"up":[{"embeddable":true,"href":"https:\/\/wldstainless.com\/pl\/wp-json\/wp\/v2\/pages\/1323"}],"wp:attachment":[{"href":"https:\/\/wldstainless.com\/pl\/wp-json\/wp\/v2\/media?parent=1502"}],"curies":[{"name":"wp","href":"https:\/\/api.w.org\/{rel}","templated":true}]}}