{"id":1375,"date":"2020-08-10T05:14:35","date_gmt":"2020-08-10T05:14:35","guid":{"rendered":"http:\/\/wldstainless.com\/?page_id=1375"},"modified":"2020-12-11T05:51:52","modified_gmt":"2020-12-11T05:51:52","slug":"stainless-steel-hot-rolled-plate-sheet-coil","status":"publish","type":"page","link":"https:\/\/wldstainless.com\/pl\/products\/stainless-steel-hot-rolled-plate-sheet-coil\/","title":{"rendered":"P\u0142yta \/ arkusz \/ cewka ze stali nierdzewnej walcowanej na gor\u0105co"},"content":{"rendered":"<div class=\"flex_column av_one_fourth  flex_column_div av-zero-column-padding first\" style='border-radius:0px; '><p><div class='avia-builder-widget-area clearfix'><div id=\"nav_menu-7\" class=\"widget clearfix widget_nav_menu\"><h3 class=\"widgettitle\">Produkty<\/h3><div class=\"menu-accessories-container\"><ul id=\"menu-accessories\" class=\"menu\"><li id=\"menu-item-1924\" class=\"menu-item menu-item-type-post_type menu-item-object-page menu-item-1924\"><a href=\"https:\/\/wldstainless.com\/pl\/products\/stainless-steel-angle\/\">K\u0105t ze stali nierdzewnej<\/a><\/li>\n<li id=\"menu-item-1925\" class=\"menu-item menu-item-type-post_type menu-item-object-page menu-item-1925\"><a href=\"https:\/\/wldstainless.com\/pl\/products\/stainless-steel-beam\/\">Belka ze stali nierdzewnej<\/a><\/li>\n<li id=\"menu-item-1926\" class=\"menu-item menu-item-type-post_type menu-item-object-page menu-item-1926\"><a href=\"https:\/\/wldstainless.com\/pl\/products\/stainless-steel-capillary-tubes\/\">Rurki kapilarne ze stali nierdzewnej<\/a><\/li>\n<li id=\"menu-item-1927\" class=\"menu-item menu-item-type-post_type menu-item-object-page menu-item-1927\"><a href=\"https:\/\/wldstainless.com\/pl\/products\/stainless-steel-channel\/\">Kana\u0142 ze stali nierdzewnej<\/a><\/li>\n<li id=\"menu-item-1928\" class=\"menu-item menu-item-type-post_type menu-item-object-page menu-item-1928\"><a href=\"https:\/\/wldstainless.com\/pl\/products\/stainless-steel-coiled-tube\/\">Zwijana rura ze stali nierdzewnej<\/a><\/li>\n<li id=\"menu-item-1929\" class=\"menu-item menu-item-type-post_type menu-item-object-page menu-item-1929\"><a href=\"https:\/\/wldstainless.com\/pl\/products\/stainless-steel-cold-rolled-plate-sheet-coil\/\">P\u0142yta \/ arkusz \/ cewka ze stali nierdzewnej walcowanej na zimno<\/a><\/li>\n<li id=\"menu-item-1930\" class=\"menu-item menu-item-type-post_type menu-item-object-page menu-item-1930\"><a href=\"https:\/\/wldstainless.com\/pl\/products\/stainless-steel-flats\/\">P\u0142askie ze stali nierdzewnej<\/a><\/li>\n<li id=\"menu-item-1931\" class=\"menu-item menu-item-type-post_type menu-item-object-page menu-item-1931\"><a href=\"https:\/\/wldstainless.com\/pl\/products\/stainless-steel-hexagon-bars\/\">Sze\u015bciok\u0105tne pr\u0119ty ze stali nierdzewnej<\/a><\/li>\n<li id=\"menu-item-1932\" class=\"menu-item menu-item-type-post_type menu-item-object-page menu-item-1932\"><a href=\"https:\/\/wldstainless.com\/pl\/products\/stainless-steel-hot-rolled-plate-sheet-coil\/\">P\u0142yta \/ arkusz \/ cewka ze stali nierdzewnej walcowanej na gor\u0105co<\/a><\/li>\n<li id=\"menu-item-1933\" class=\"menu-item menu-item-type-post_type menu-item-object-page menu-item-1933\"><a href=\"https:\/\/wldstainless.com\/pl\/products\/stainless-steel-large-diameter-pipe\/\">Rura ze stali nierdzewnej o du\u017cej \u015brednicy<\/a><\/li>\n<li id=\"menu-item-1934\" class=\"menu-item menu-item-type-post_type menu-item-object-page menu-item-1934\"><a href=\"https:\/\/wldstainless.com\/pl\/products\/stainless-steel-round-bars\/\">Pr\u0119ty okr\u0105g\u0142e ze stali nierdzewnej<\/a><\/li>\n<li id=\"menu-item-1935\" class=\"menu-item menu-item-type-post_type menu-item-object-page menu-item-1935\"><a href=\"https:\/\/wldstainless.com\/pl\/products\/stainless-steel-square-tube\/\">Kwadratowa rurka ze stali nierdzewnej<\/a><\/li>\n<li id=\"menu-item-1936\" class=\"menu-item menu-item-type-post_type menu-item-object-page menu-item-1936\"><a href=\"https:\/\/wldstainless.com\/pl\/products\/stainless-steel-u-bend-tube\/\">Rurka w kszta\u0142cie litery U ze stali nierdzewnej<\/a><\/li>\n<\/ul><\/div><\/div><\/div><br \/>\n<div  class='hr hr-default'><span class='hr-inner' ><span class='hr-inner-style'><\/span><\/span><\/div><br \/>\n<div class='avia-button-wrap avia-button-left'><a href='http:\/\/wldstainless.com\/contact\/#contact' class='avia-button   avia-icon_select-yes-left-icon avia-color-custom avia-size-large avia-position-left'  target=\"_blank\"  style='background-color:#e82221; border-color:#e82221; color:#ffffff; ' ><span class='avia_button_icon avia_button_icon_left' aria-hidden='true' data-av_icon='\ue84b' data-av_iconfont='entypo-fontello'><\/span><span class='avia_iconbox_title' >Poprosi\u0107 o wycen\u0119<\/span><\/a><\/div><\/p><\/div>\n<div class=\"flex_column av_three_fourth  flex_column_div\" style='padding:0px 0px 50px 0px ; border-radius:0px; '><p><div style='padding-bottom:10px;color:#d3311f;' class='av-special-heading av-special-heading-h3 custom-color-heading'><h3 class='av-special-heading-tag'  itemprop=\"headline\"  >Blacha \/ p\u0142yta \/ cewka ze stali nierdzewnej walcowanej na gor\u0105co<\/h3><div class='special-heading-border'><div class='special-heading-inner-border' style='border-color:#d3311f'><\/div><\/div><\/div><br \/>\n<div  class='hr hr-default'><span class='hr-inner' ><span class='hr-inner-style'><\/span><\/span><\/div><br \/>\n<section class=\"av_textblock_section\"  itemscope=\"itemscope\" itemtype=\"https:\/\/schema.org\/CreativeWork\" ><div class='avia_textblock'   itemprop=\"text\" ><p>P\u0142yta do walcowania na gor\u0105co ze stali nierdzewnej jest wykonana z wlewka (g\u0142\u00f3wnie wlewka ci\u0105g\u0142ego) po podgrzaniu w m\u0142ynie zgrubnym i wyka\u0144czaj\u0105cym. Walcowana na gor\u0105co p\u0142yta ze stali nierdzewnej ma dobr\u0105 wytrzyma\u0142o\u015b\u0107 i plastyczno\u015b\u0107, nisk\u0105 twardo\u015b\u0107, \u0142atw\u0105 obr\u00f3bk\u0119, dobr\u0105 ci\u0105gliwo\u015b\u0107, nisk\u0105 cen\u0119, ale w\u0142a\u015bciwo\u015bci mechaniczne i jako\u015b\u0107 powierzchni s\u0105 gorsze od blachy ze stali nierdzewnej obrabianej na zimno, ust\u0119puj\u0105c jedynie kutej p\u0142ycie stalowej. W por\u00f3wnaniu z blach\u0105 walcowan\u0105 na zimno, blacha walcowana na gor\u0105co ze stali nierdzewnej ma skal\u0119 tlenkow\u0105 i szar\u0105 powierzchni\u0119. Stosowany jest g\u0142\u00f3wnie w statkach, przemy\u015ble naftowym i gazie ziemnym, przemy\u015ble chemicznym, \u017cywno\u015bci, przyborach kuchennych, og\u00f3lnym sprz\u0119cie gospodarstwa domowego i tak dalej.<\/p>\n<p>Jako dostawca i producent blachy ze stali nierdzewnej, blachy zgodnej z normami ASTM, ASME i EN. Dostawa stali WLD Produkty walcowane na gor\u0105co ze stali nierdzewnej (arkusz, p\u0142yta, cewka, ta\u015bma) dost\u0119pne w typie 201, 304\/304L, 316\/316L, 430, 410S, 409\/409L i gatunku duplex 2205, wszystkie nasze produkty mog\u0105 by\u0107 ponownie proces gi\u0119cia, przycinania, trawienia, obr\u00f3bki cieplnej, powlekany lub inny.<\/p>\n<\/div><\/section><br \/>\n<div  class='hr hr-default'><span class='hr-inner' ><span class='hr-inner-style'><\/span><\/span><\/div><br \/>\n<section class=\"av_textblock_section\"  itemscope=\"itemscope\" itemtype=\"https:\/\/schema.org\/CreativeWork\" ><div class='avia_textblock'   itemprop=\"text\" ><p>Dane techniczne: ASTM A240, ASTM A480<\/p>\n<p>Wyko\u0144czenie powierzchni: nr 1<\/p>\n<p>Rozmiar: 800-2000*3-10,0 mm (p\u0142yta)<\/p>\n<p>Dost\u0119pne gatunki: 201, <a href=\"https:\/\/wldstainless.com\/materials\/austenitic-stainless-steel\/304-304l-stainless-steel\/\">304\/304L<\/a>, <a href=\"https:\/\/wldstainless.com\/materials\/austenitic-stainless-steel\/316-316l-stainless-steel\/\">316\/316L<\/a>, 317, 309S, 321H, 347, 409L, <a href=\"https:\/\/wldstainless.com\/materials\/austenitic-stainless-steel\/904l-stainless-steel\/\">904L<\/a>, <a href=\"https:\/\/wldstainless.com\/materials\/duplex-stainless-steel\/alloy-2205-stainless-steel\/\">2205<\/a><\/p>\n<h4>Rozmiar arkusza \/ p\u0142yty \/ cewki walcowanej na gor\u0105co ze stali nierdzewnej<\/h4>\n<table>\n<tbody>\n<tr>\n<td>Rodzaje wyko\u0144czenia powierzchni<\/td>\n<td colspan=\"2\">Typ produkt\u00f3w<\/td>\n<td>Grubo\u015b\u0107 nominalna<br \/>\nmm<\/td>\n<td>Szeroko\u015b\u0107 nominalna<br \/>\nmm<\/td>\n<td>Nominalna d\u0142ugo\u015b\u0107 p\u0142yty lub \u015brednica wewn\u0119trzna cewek, mm<\/td>\n<\/tr>\n<tr>\n<td>Nr 1U<br \/>\nNr 1C<\/td>\n<td>Cewka stalowa<\/td>\n<td>Bez ci\u0119cia kraw\u0119dzi<\/td>\n<td>2,0 ~ 10,0<\/td>\n<td>750 ~ 1600<\/td>\n<td>760 (cewka)<\/td>\n<\/tr>\n<tr>\n<td rowspan=\"4\">Nr 1<\/td>\n<td rowspan=\"2\">Blachy stalowej<\/td>\n<td>Ci\u0119cie kraw\u0119dziowe<\/td>\n<td rowspan=\"2\">2,0 ~ 10,0<\/td>\n<td>730 ~ 1570<\/td>\n<td rowspan=\"2\">1000 ~ 12000 (p\u0142yta)<\/td>\n<\/tr>\n<tr>\n<td>Bez ci\u0119cia kraw\u0119dzi<\/td>\n<td>750 ~ 1600<\/td>\n<\/tr>\n<tr>\n<td rowspan=\"2\">Cewka stalowa<\/td>\n<td>Ci\u0119cie kraw\u0119dziowe<\/td>\n<td rowspan=\"2\">2,0 ~ 10,0<\/td>\n<td>730 ~ 1570<\/td>\n<td rowspan=\"2\">610 (cewka)<\/td>\n<\/tr>\n<tr>\n<td>Bez ci\u0119cia kraw\u0119dzi<\/td>\n<td>750 ~ 1600<\/td>\n<\/tr>\n<\/tbody>\n<\/table>\n<\/div><\/section><\/p><\/div>","protected":false},"excerpt":{"rendered":"","protected":false},"author":1,"featured_media":0,"parent":346,"menu_order":0,"comment_status":"closed","ping_status":"closed","template":"","meta":{"footnotes":""},"class_list":["post-1375","page","type-page","status-publish","hentry"],"aioseo_notices":[],"_links":{"self":[{"href":"https:\/\/wldstainless.com\/pl\/wp-json\/wp\/v2\/pages\/1375","targetHints":{"allow":["GET"]}}],"collection":[{"href":"https:\/\/wldstainless.com\/pl\/wp-json\/wp\/v2\/pages"}],"about":[{"href":"https:\/\/wldstainless.com\/pl\/wp-json\/wp\/v2\/types\/page"}],"author":[{"embeddable":true,"href":"https:\/\/wldstainless.com\/pl\/wp-json\/wp\/v2\/users\/1"}],"replies":[{"embeddable":true,"href":"https:\/\/wldstainless.com\/pl\/wp-json\/wp\/v2\/comments?post=1375"}],"version-history":[{"count":12,"href":"https:\/\/wldstainless.com\/pl\/wp-json\/wp\/v2\/pages\/1375\/revisions"}],"predecessor-version":[{"id":2057,"href":"https:\/\/wldstainless.com\/pl\/wp-json\/wp\/v2\/pages\/1375\/revisions\/2057"}],"up":[{"embeddable":true,"href":"https:\/\/wldstainless.com\/pl\/wp-json\/wp\/v2\/pages\/346"}],"wp:attachment":[{"href":"https:\/\/wldstainless.com\/pl\/wp-json\/wp\/v2\/media?parent=1375"}],"curies":[{"name":"wp","href":"https:\/\/api.w.org\/{rel}","templated":true}]}}