{"id":122,"date":"2019-04-25T09:10:04","date_gmt":"2019-04-25T09:10:04","guid":{"rendered":"http:\/\/wldstainless.com\/?page_id=122"},"modified":"2020-09-16T15:02:46","modified_gmt":"2020-09-16T15:02:46","slug":"blog","status":"publish","type":"page","link":"https:\/\/wldstainless.com\/pl\/blog\/","title":{"rendered":"BLOG"},"content":{"rendered":"<div class=\"flex_column av_one_fourth  flex_column_div av-zero-column-padding first\" style='border-radius:0px; '><div class='avia-builder-widget-area clearfix'><section id=\"search-3\" class=\"widget clearfix widget_search\"><h3 class=\"widgettitle\">Szukaj<\/h3>\n\n<form action=\"https:\/\/wldstainless.com\/pl\/\" id=\"searchform\" method=\"get\" class=\"\" data-trp-original-action=\"https:\/\/wldstainless.com\/pl\/\">\n\t<div>\n\t\t<input type=\"submit\" value=\"\ue803\" id=\"searchsubmit\" class=\"button avia-font-entypo-fontello\" \/>\n\t\t<input type=\"text\" id=\"s\" name=\"s\" value=\"\" placeholder='Szukaj' \/>\n\t\t\t<\/div>\n<input type=\"hidden\" name=\"trp-form-language\" value=\"pl\"\/><\/form><span class=\"seperator extralight-border\"><\/span><\/section><section id=\"categories-3\" class=\"widget clearfix widget_categories\"><h3 class=\"widgettitle\">Kategorie<\/h3>\n\t\t\t<ul>\n\t\t\t\t\t<li class=\"cat-item cat-item-23\"><a href=\"https:\/\/wldstainless.com\/pl\/category\/news\/\">Aktualno\u015bci<\/a>\n<\/li>\n\t<li class=\"cat-item cat-item-1\"><a href=\"https:\/\/wldstainless.com\/pl\/category\/social-activities\/\">Dzia\u0142ania spo\u0142eczne<\/a>\n<\/li>\n\t\t\t<\/ul>\n\n\t\t\t<span class=\"seperator extralight-border\"><\/span><\/section>\n\t\t<section id=\"recent-posts-3\" class=\"widget clearfix widget_recent_entries\">\n\t\t<h3 class=\"widgettitle\">Najnowsze wiadomo\u015bci<\/h3>\n\t\t<ul>\n\t\t\t\t\t\t\t\t\t\t\t<li>\n\t\t\t\t\t<a href=\"https:\/\/wldstainless.com\/pl\/is-304-stainless-steel-medical-grade\/\">Czy stal nierdzewna 304 jest klasy medycznej?<\/a>\n\t\t\t\t\t\t\t\t\t<\/li>\n\t\t\t\t\t\t\t\t\t\t\t<li>\n\t\t\t\t\t<a href=\"https:\/\/wldstainless.com\/pl\/difference-between-2b-and-2d-stainless-steel-sheet\/\">R\u00f3\u017cnica mi\u0119dzy blach\u0105 ze stali nierdzewnej 2B i 2D<\/a>\n\t\t\t\t\t\t\t\t\t<\/li>\n\t\t\t\t\t\t\t\t\t\t\t<li>\n\t\t\t\t\t<a href=\"https:\/\/wldstainless.com\/pl\/whats-the-8k-mirror-stainless-steel-sheet\/\">Co to jest blacha ze stali nierdzewnej z lustrem 8K?<\/a>\n\t\t\t\t\t\t\t\t\t<\/li>\n\t\t\t\t\t\t\t\t\t\t\t<li>\n\t\t\t\t\t<a href=\"https:\/\/wldstainless.com\/pl\/stainless-steel-pipe-grades-for-oil-and-gas-field\/\">Gatunki rur ze stali nierdzewnej dla z\u0142\u00f3\u017c ropy i gazu<\/a>\n\t\t\t\t\t\t\t\t\t<\/li>\n\t\t\t\t\t\t\t\t\t\t\t<li>\n\t\t\t\t\t<a href=\"https:\/\/wldstainless.com\/pl\/how-the-alloying-element-affect-the-stainless-steel\/\">Jak pierwiastek stopowy wp\u0142ywa na stal nierdzewn\u0105?<\/a>\n\t\t\t\t\t\t\t\t\t<\/li>\n\t\t\t\t\t<\/ul>\n\n\t\t<span class=\"seperator extralight-border\"><\/span><\/section><\/div><\/div>\n<div class=\"flex_column av_three_fourth  flex_column_div av-zero-column-padding\" style='border-radius:0px; '><div  data-autoplay=''  data-interval='5'  data-animation='fade'  data-show_slide_delay='90'  class='avia-content-slider avia-content-grid-active avia-content-slider1 avia-content-slider-odd'  itemscope=\"itemscope\" itemtype=\"https:\/\/schema.org\/Blog\" ><div class='avia-content-slider-inner'><div class='slide-entry-wrap'><article class='slide-entry flex_column  post-entry post-entry-2262 slide-entry-overview slide-loop-1 slide-parity-odd  av_one_third first real-thumbnail'  itemscope=\"itemscope\" itemtype=\"https:\/\/schema.org\/BlogPosting\" itemprop=\"blogPost\" ><a href='https:\/\/wldstainless.com\/pl\/is-304-stainless-steel-medical-grade\/' data-rel='slide-1' class='slide-image' title=''><img decoding=\"async\" width=\"495\" height=\"350\" src=\"https:\/\/wldstainless.com\/wp-content\/uploads\/2021\/08\/ITZFC-495x350.jpg\" class=\"attachment-portfolio size-portfolio wp-post-image\" alt=\"\" srcset=\"https:\/\/wldstainless.com\/wp-content\/uploads\/2021\/08\/ITZFC-495x350.jpg 495w, https:\/\/wldstainless.com\/wp-content\/uploads\/2021\/08\/ITZFC-260x185.jpg 260w\" sizes=\"(max-width: 495px) 100vw, 495px\" \/><\/a><div class='slide-content'><header class=\"entry-content-header\"><h3 class='slide-entry-title entry-title'  itemprop=\"headline\" ><a href='https:\/\/wldstainless.com\/pl\/is-304-stainless-steel-medical-grade\/' title='Czy stal nierdzewna 304 jest klasy medycznej?'>Czy stal nierdzewna 304 jest klasy medycznej?<\/a><\/h3><span class=\"av-vertical-delimiter\"><\/span><\/header><div class='slide-meta'><time class='slide-meta-time updated'  itemprop=\"datePublished\" datetime=\"2021-08-12T09:00:38+00:00\" >12 sierpnia 2021<\/time><\/div><div class='slide-entry-excerpt entry-content'  itemprop=\"text\" >W por\u00f3wnaniu z przemys\u0142ow\u0105 stal\u0105 nierdzewn\u0105, medyczn\u0105 stal\u0105 nierdzewn\u0105\u2026<\/div><\/div><footer class=\"entry-footer\"><\/footer><span class='hidden'>\n\t\t\t<span class='av-structured-data'  itemprop=\"ImageObject\" itemscope=\"itemscope\" itemtype=\"https:\/\/schema.org\/ImageObject\">\n\t\t\t\t\t   <span itemprop='url' >https:\/\/wldstainless.com\/wp-content\/uploads\/2021\/08\/ITZFC.jpg<\/span>\n\t\t\t\t\t   <span itemprop='height' >350<\/span>\n\t\t\t\t\t   <span itemprop='width' >500<\/span>\n\t\t\t\t  <\/span><span class='av-structured-data'  itemprop=\"publisher\" itemtype=\"https:\/\/schema.org\/Organization\" itemscope=\"itemscope\" >\n\t\t\t\t<span itemprop='name'>WLD Stal nierdzewna<\/span>\n\t\t\t\t<span itemprop='logo' itemscope itemtype='http:\/\/schema.org\/ImageObject'>\n\t\t\t\t   <span itemprop='url'>http:\/\/wldstainless.com\/wp-content\/uploads\/2020\/08\/wldstainless-logo.png<\/span>\n\t\t\t\t <\/span>\n\t\t\t  <\/span><span class='av-structured-data'  itemprop=\"author\" itemscope=\"itemscope\" itemtype=\"https:\/\/schema.org\/Person\" ><span itemprop='name'>WLD Stal nierdzewna<\/span><\/span><span class='av-structured-data'  itemprop=\"datePublished\" datetime=\"2021-08-12T02:25:09+00:00\" >2021-08-12 09:00:38<\/span><span class='av-structured-data'  itemprop=\"dateModified\" itemtype=\"https:\/\/schema.org\/dateModified\" >2021-08-12 09:01:17<\/span><span class='av-structured-data'  itemprop=\"mainEntityOfPage\" itemtype=\"https:\/\/schema.org\/mainEntityOfPage\" ><span itemprop='name'>Czy stal nierdzewna 304 jest klasy medycznej?<\/span><\/span><\/span><\/article><article class='slide-entry flex_column  post-entry post-entry-2259 slide-entry-overview slide-loop-2 slide-parity-even  av_one_third  real-thumbnail'  itemscope=\"itemscope\" itemtype=\"https:\/\/schema.org\/BlogPosting\" itemprop=\"blogPost\" ><a href='https:\/\/wldstainless.com\/pl\/difference-between-2b-and-2d-stainless-steel-sheet\/' data-rel='slide-1' class='slide-image' title=''><img decoding=\"async\" width=\"495\" height=\"350\" src=\"https:\/\/wldstainless.com\/wp-content\/uploads\/2021\/08\/src-1-495x350.jpg\" class=\"attachment-portfolio size-portfolio wp-post-image\" alt=\"\" srcset=\"https:\/\/wldstainless.com\/wp-content\/uploads\/2021\/08\/src-1-495x350.jpg 495w, https:\/\/wldstainless.com\/wp-content\/uploads\/2021\/08\/src-1-260x185.jpg 260w\" sizes=\"(max-width: 495px) 100vw, 495px\" \/><\/a><div class='slide-content'><header class=\"entry-content-header\"><h3 class='slide-entry-title entry-title'  itemprop=\"headline\" ><a href='https:\/\/wldstainless.com\/pl\/difference-between-2b-and-2d-stainless-steel-sheet\/' title='R\u00f3\u017cnica mi\u0119dzy blach\u0105 ze stali nierdzewnej 2B i 2D'>R\u00f3\u017cnica mi\u0119dzy blach\u0105 ze stali nierdzewnej 2B i 2D<\/a><\/h3><span class=\"av-vertical-delimiter\"><\/span><\/header><div class='slide-meta'><time class='slide-meta-time updated'  itemprop=\"datePublished\" datetime=\"2021-08-12T02:56:21+00:00\" >12 sierpnia 2021<\/time><\/div><div class='slide-entry-excerpt entry-content'  itemprop=\"text\" >Stal nierdzewna sta\u0142a si\u0119 szeroko stosowanym materia\u0142em metalicznym ze wzgl\u0119du na\u2026<\/div><\/div><footer class=\"entry-footer\"><\/footer><span class='hidden'>\n\t\t\t<span class='av-structured-data'  itemprop=\"ImageObject\" itemscope=\"itemscope\" itemtype=\"https:\/\/schema.org\/ImageObject\">\n\t\t\t\t\t   <span itemprop='url' >https:\/\/wldstainless.com\/wp-content\/uploads\/2021\/08\/src-1.jpg<\/span>\n\t\t\t\t\t   <span itemprop='height' >350<\/span>\n\t\t\t\t\t   <span itemprop='width' >500<\/span>\n\t\t\t\t  <\/span><span class='av-structured-data'  itemprop=\"publisher\" itemtype=\"https:\/\/schema.org\/Organization\" itemscope=\"itemscope\" >\n\t\t\t\t<span itemprop='name'>WLD Stal nierdzewna<\/span>\n\t\t\t\t<span itemprop='logo' itemscope itemtype='http:\/\/schema.org\/ImageObject'>\n\t\t\t\t   <span itemprop='url'>http:\/\/wldstainless.com\/wp-content\/uploads\/2020\/08\/wldstainless-logo.png<\/span>\n\t\t\t\t <\/span>\n\t\t\t  <\/span><span class='av-structured-data'  itemprop=\"author\" itemscope=\"itemscope\" itemtype=\"https:\/\/schema.org\/Person\" ><span itemprop='name'>WLD Stal nierdzewna<\/span><\/span><span class='av-structured-data'  itemprop=\"datePublished\" datetime=\"2021-08-12T02:25:09+00:00\" >2021-08-12 02:56:21<\/span><span class='av-structured-data'  itemprop=\"dateModified\" itemtype=\"https:\/\/schema.org\/dateModified\" >2021-08-12 02:56:21<\/span><span class='av-structured-data'  itemprop=\"mainEntityOfPage\" itemtype=\"https:\/\/schema.org\/mainEntityOfPage\" ><span itemprop='name'>R\u00f3\u017cnica mi\u0119dzy blach\u0105 ze stali nierdzewnej 2B i 2D<\/span><\/span><\/span><\/article><article class='slide-entry flex_column  post-entry post-entry-2255 slide-entry-overview slide-loop-3 slide-parity-odd  post-entry-last  av_one_third  real-thumbnail'  itemscope=\"itemscope\" itemtype=\"https:\/\/schema.org\/BlogPosting\" itemprop=\"blogPost\" ><a href='https:\/\/wldstainless.com\/pl\/whats-the-8k-mirror-stainless-steel-sheet\/' data-rel='slide-1' class='slide-image' title=''><img decoding=\"async\" width=\"495\" height=\"350\" src=\"https:\/\/wldstainless.com\/wp-content\/uploads\/2021\/08\/11-495x350.jpg\" class=\"attachment-portfolio size-portfolio wp-post-image\" alt=\"\" srcset=\"https:\/\/wldstainless.com\/wp-content\/uploads\/2021\/08\/11-495x350.jpg 495w, https:\/\/wldstainless.com\/wp-content\/uploads\/2021\/08\/11-260x185.jpg 260w\" sizes=\"(max-width: 495px) 100vw, 495px\" \/><\/a><div class='slide-content'><header class=\"entry-content-header\"><h3 class='slide-entry-title entry-title'  itemprop=\"headline\" ><a href='https:\/\/wldstainless.com\/pl\/whats-the-8k-mirror-stainless-steel-sheet\/' title='Co to jest blacha ze stali nierdzewnej z lustrem 8K?'>Co to jest blacha ze stali nierdzewnej z lustrem 8K?<\/a><\/h3><span class=\"av-vertical-delimiter\"><\/span><\/header><div class='slide-meta'><time class='slide-meta-time updated'  itemprop=\"datePublished\" datetime=\"2021-08-12T02:25:09+00:00\" >12 sierpnia 2021<\/time><\/div><div class='slide-entry-excerpt entry-content'  itemprop=\"text\" >Ze wzgl\u0119du na wyj\u0105tkow\u0105 odporno\u015b\u0107 na korozj\u0119, dobr\u0105 wydajno\u015b\u0107 przetwarzania\u2026<\/div><\/div><footer class=\"entry-footer\"><\/footer><span class='hidden'>\n\t\t\t<span class='av-structured-data'  itemprop=\"ImageObject\" itemscope=\"itemscope\" itemtype=\"https:\/\/schema.org\/ImageObject\">\n\t\t\t\t\t   <span itemprop='url' >https:\/\/wldstainless.com\/wp-content\/uploads\/2021\/08\/11.jpg<\/span>\n\t\t\t\t\t   <span itemprop='height' >350<\/span>\n\t\t\t\t\t   <span itemprop='width' >500<\/span>\n\t\t\t\t  <\/span><span class='av-structured-data'  itemprop=\"publisher\" itemtype=\"https:\/\/schema.org\/Organization\" itemscope=\"itemscope\" >\n\t\t\t\t<span itemprop='name'>WLD Stal nierdzewna<\/span>\n\t\t\t\t<span itemprop='logo' itemscope itemtype='http:\/\/schema.org\/ImageObject'>\n\t\t\t\t   <span itemprop='url'>http:\/\/wldstainless.com\/wp-content\/uploads\/2020\/08\/wldstainless-logo.png<\/span>\n\t\t\t\t <\/span>\n\t\t\t  <\/span><span class='av-structured-data'  itemprop=\"author\" itemscope=\"itemscope\" itemtype=\"https:\/\/schema.org\/Person\" ><span itemprop='name'>WLD Stal nierdzewna<\/span><\/span><span class='av-structured-data'  itemprop=\"datePublished\" datetime=\"2021-08-12T02:25:09+00:00\" >2021-08-12 02:25:09<\/span><span class='av-structured-data'  itemprop=\"dateModified\" itemtype=\"https:\/\/schema.org\/dateModified\" >2021-08-12 02:29:24<\/span><span class='av-structured-data'  itemprop=\"mainEntityOfPage\" itemtype=\"https:\/\/schema.org\/mainEntityOfPage\" ><span itemprop='name'>Co to jest blacha ze stali nierdzewnej z lustrem 8K?<\/span><\/span><\/span><\/article><\/div><\/div><div class='pagination-wrap pagination-slider'><nav class='pagination'><span class='pagination-meta'>Strona 1 z 15<\/span><span class='current'>1<\/span><a href='https:\/\/wldstainless.com\/pl\/wp-json\/wp\/v2\/pages\/122\/page\/2\/' class='inactive' >2<\/a><a href='https:\/\/wldstainless.com\/pl\/wp-json\/wp\/v2\/pages\/122\/page\/3\/' class='inactive' >3<\/a><a href='https:\/\/wldstainless.com\/pl\/wp-json\/wp\/v2\/pages\/122\/page\/2\/'>\u203a<\/a><a href='https:\/\/wldstainless.com\/pl\/wp-json\/wp\/v2\/pages\/122\/page\/15\/'>\u00bb<\/a><\/nav>\n<\/div><\/div><\/div>","protected":false},"excerpt":{"rendered":"","protected":false},"author":1,"featured_media":0,"parent":0,"menu_order":0,"comment_status":"closed","ping_status":"closed","template":"","meta":{"footnotes":""},"class_list":["post-122","page","type-page","status-publish","hentry"],"aioseo_notices":[],"_links":{"self":[{"href":"https:\/\/wldstainless.com\/pl\/wp-json\/wp\/v2\/pages\/122","targetHints":{"allow":["GET"]}}],"collection":[{"href":"https:\/\/wldstainless.com\/pl\/wp-json\/wp\/v2\/pages"}],"about":[{"href":"https:\/\/wldstainless.com\/pl\/wp-json\/wp\/v2\/types\/page"}],"author":[{"embeddable":true,"href":"https:\/\/wldstainless.com\/pl\/wp-json\/wp\/v2\/users\/1"}],"replies":[{"embeddable":true,"href":"https:\/\/wldstainless.com\/pl\/wp-json\/wp\/v2\/comments?post=122"}],"version-history":[{"count":3,"href":"https:\/\/wldstainless.com\/pl\/wp-json\/wp\/v2\/pages\/122\/revisions"}],"predecessor-version":[{"id":1344,"href":"https:\/\/wldstainless.com\/pl\/wp-json\/wp\/v2\/pages\/122\/revisions\/1344"}],"wp:attachment":[{"href":"https:\/\/wldstainless.com\/pl\/wp-json\/wp\/v2\/media?parent=122"}],"curies":[{"name":"wp","href":"https:\/\/api.w.org\/{rel}","templated":true}]}}