{"id":114,"date":"2019-04-25T09:02:31","date_gmt":"2019-04-25T09:02:31","guid":{"rendered":"http:\/\/wldstainless.com\/?page_id=114"},"modified":"2020-12-11T06:24:33","modified_gmt":"2020-12-11T06:24:33","slug":"markets","status":"publish","type":"page","link":"https:\/\/wldstainless.com\/pl\/markets\/","title":{"rendered":"RYNKI"},"content":{"rendered":"<div id='fullscreen_slider_1' class='avia-fullscreen-slider main_color   container_wrap sidebar_left'   ><div  data-size='no scaling'  data-lightbox_size='large'  data-animation='slide'  data-ids='2034'  data-video_counter='0'  data-autoplay='false'  data-bg_slider='true'  data-slide_height='100'  data-handle='av_fullscreen'  data-interval='5'  data-class=' '  data-css_id='fullscreen_slider_1'  data-scroll_down=''  data-control_layout='av-control-default'  data-custom_markup=''  data-perma_caption=''  data-autoplay_stopper=''  data-image_attachment=''  data-min_height='0px'  data-stretch=''  class='avia-slideshow avia-slideshow-1  av-control-default av-default-height-applied avia-slideshow-no scaling av_fullscreen   avia-slide-slider'  itemprop=\"ImageObject\" itemscope=\"itemscope\" itemtype=\"https:\/\/schema.org\/ImageObject\" ><ul class='avia-slideshow-inner' style='padding-bottom: 43.9453125%;'><li style='background-position:center center;' data-img-url='https:\/\/wldstainless.com\/wp-content\/uploads\/2020\/10\/WLDSS.jpg' class='av-single-slide slide-1' ><div data-rel='slideshow-1' class='avia-slide-wrap'  ><\/div><\/li><\/ul><\/div><\/div>\n<div class=\"flex_column av_one_full  flex_column_div av-zero-column-padding first\" style='border-radius:0px; '><section class=\"av_textblock_section\"  itemscope=\"itemscope\" itemtype=\"https:\/\/schema.org\/CreativeWork\" ><div class='avia_textblock'   itemprop=\"text\" ><p>Od lat do\u015bwiadczenia WLD steel jest wiod\u0105cym dostawc\u0105 wyrob\u00f3w ze stali nierdzewnej do niezwykle wymagaj\u0105cych proces\u00f3w w przemy\u015ble spo\u017cywczym, petrochemicznym, motoryzacyjnym, nawozowym, medycznym, odsalaniu wody, przemy\u015ble nuklearnym i innych.<\/p>\n<p>Doskona\u0142e metalurgiczne, stabilne standardy zapewnienia jako\u015bci i szybka obs\u0142uga pomog\u0142y WLD Steel sta\u0107 si\u0119 prawdziwym partnerem, kt\u00f3ry pomaga swoim klientom uzyska\u0107 specyfikacje i materia\u0142y trudne do znalezienia. Stal WLD s\u0142u\u017c\u0105ca szerokiej gamie ga\u0142\u0119zi przemys\u0142u, kt\u00f3re wymagaj\u0105 najlepszych dost\u0119pnych stop\u00f3w metali.<\/p>\n<\/div><\/section><\/div>\n<div class=\"flex_column av_one_fourth  flex_column_div av-zero-column-padding first\" style='border-radius:0px; '><div class='avia-image-container  av-styling-    avia-align-center'  itemprop=\"ImageObject\" itemscope=\"itemscope\" itemtype=\"https:\/\/schema.org\/ImageObject\"  ><div class='avia-image-container-inner'><img class='avia_image' src='https:\/\/wldstainless.com\/wp-content\/uploads\/2020\/09\/Food-processing.png' alt='' title='Przetw\u00f3rstwo spo\u017cywcze'   itemprop=\"thumbnailUrl\"  \/><\/div><\/div><\/div>\n<div class=\"flex_column av_three_fourth  flex_column_div av-zero-column-padding\" style='border-radius:0px; '><section class=\"av_textblock_section\"  itemscope=\"itemscope\" itemtype=\"https:\/\/schema.org\/CreativeWork\" ><div class='avia_textblock'   itemprop=\"text\" ><h3>\u017bywno\u015b\u0107 i napoje<\/h3>\n<p>Stal nierdzewna jest szeroko stosowana w przemy\u015ble spo\u017cywczym i napoj\u00f3w.<br \/>\nStan powierzchni wydaje si\u0119 by\u0107 wa\u017cniejszy ni\u017c w innych obszarach, takich jak wydobycie ropy i gazu. Nie tylko jest odporny na korozj\u0119, ale jego w\u0142a\u015bciwo\u015bci sanitarne i wolne od przyczepno\u015bci decyduj\u0105 o optymalnym stanie powierzchni. G\u0142\u00f3wne bran\u017ce i segmenty obejmuj\u0105:<\/p>\n<ul>\n<li>Warzenie piwa<\/li>\n<li>Przemys\u0142 mleczarski<\/li>\n<li>Farmaceutyczny<\/li>\n<li>Kosmetyki lub inne ga\u0142\u0119zie przemys\u0142u og\u00f3lnego <span class=\"tran\" data-group=\"20_16\">fizyczny<\/span> <span class=\"tran\" data-group=\"21_17\">kontakt<\/span>.<\/li>\n<\/ul>\n<\/div><\/section><\/div>\n<div class=\"flex_column av_one_fourth  flex_column_div av-zero-column-padding first\" style='border-radius:0px; '><div class='avia-image-container  av-styling-    avia-align-center'  itemprop=\"ImageObject\" itemscope=\"itemscope\" itemtype=\"https:\/\/schema.org\/ImageObject\"  ><div class='avia-image-container-inner'><img class='avia_image' src='https:\/\/wldstainless.com\/wp-content\/uploads\/2020\/09\/Chemical.png' alt='' title='Chemiczny'   itemprop=\"thumbnailUrl\"  \/><\/div><\/div><\/div>\n<div class=\"flex_column av_three_fourth  flex_column_div av-zero-column-padding\" style='border-radius:0px; '><section class=\"av_textblock_section\"  itemscope=\"itemscope\" itemtype=\"https:\/\/schema.org\/CreativeWork\" ><div class='avia_textblock'   itemprop=\"text\" ><h3>Chemiczny<\/h3>\n<p>Zapotrzebowanie na chemikalia wymaga dobrej wytrzyma\u0142o\u015bci i odporno\u015bci na korozj\u0119, a nasze produkty oferuj\u0105ce produkty najwy\u017cszej jako\u015bci zaspokajaj\u0105 potrzeby naszych klient\u00f3w z tych rynk\u00f3w. Stale WLD maj\u0105 wymagane w\u0142a\u015bciwo\u015bci dla \u015brodowisk o wysokiej korozyjno\u015bci lub zmiennej kwasowo\u015bci i chloru, wyst\u0119puj\u0105cych w odwiertach naftowych i zak\u0142adach proces\u00f3w chemicznych.<\/p>\n<p>Stal nierdzewna typu duplex <a href=\"https:\/\/wldstainless.com\/materials\/duplex-stainless-steel\/alloy-2205-stainless-steel\/\">Rurka 2205<\/a> zawiera stosunkowo wysok\u0105 zawarto\u015b\u0107 chromu, molibdenu, wolframu i azotu, dzi\u0119ki czemu ma du\u017c\u0105 odporno\u015b\u0107 na korozj\u0119 i wytrzyma\u0142o\u015b\u0107 oraz mo\u017ce by\u0107 odporny na r\u00f3\u017cne \u017cr\u0105ce chemikalia, szczeg\u00f3lnie odpowiedni do r\u00f3\u017cnych zastosowa\u0144 chemicznych i petrochemicznych.<\/p>\n<\/div><\/section><\/div><div class=\"flex_column av_one_fourth  flex_column_div av-zero-column-padding first\" style='border-radius:0px; '><div class='avia-image-container  av-styling-    avia-align-center'  itemprop=\"ImageObject\" itemscope=\"itemscope\" itemtype=\"https:\/\/schema.org\/ImageObject\"  ><div class='avia-image-container-inner'><img class='avia_image' src='https:\/\/wldstainless.com\/wp-content\/uploads\/2020\/09\/medical.jpg' alt='' title='medyczny'   itemprop=\"thumbnailUrl\"  \/><\/div><\/div><\/div><\/p>\n<div class=\"flex_column av_three_fourth  flex_column_div av-zero-column-padding\" style='border-radius:0px; '><section class=\"av_textblock_section\"  itemscope=\"itemscope\" itemtype=\"https:\/\/schema.org\/CreativeWork\" ><div class='avia_textblock'   itemprop=\"text\" ><h3>Biologiczny<\/h3>\n<p>Materia\u0142 stosowany w pojemnikach produkcyjnych i systemach ruroci\u0105g\u00f3w dla przemys\u0142u biotechnologicznego powinien zapewnia\u0107 doskona\u0142\u0105 odporno\u015b\u0107 na korozj\u0119, aby zapewni\u0107 czysto\u015b\u0107 i jako\u015b\u0107 produktu. Materia\u0142 stalowy powinien tak\u017ce charakteryzowa\u0107 si\u0119 dobr\u0105 odporno\u015bci\u0105 na wysok\u0105 temperatur\u0119 i ci\u015bnienie w procesie produkcji, dezynfekcji i czyszczenia, a tak\u017ce dobr\u0105 spawalno\u015bci\u0105 i dobrym wyko\u0144czeniem powierzchni.<\/p>\n<p>Austenityczna stal nierdzewna 316L jest g\u0142\u00f3wnym materia\u0142em i idealnym materia\u0142em alternatywnym dla przemys\u0142u biotechnologicznego ze wzgl\u0119du na dobr\u0105 odporno\u015b\u0107 na korozj\u0119, spawalno\u015b\u0107 i w\u0142a\u015bciwo\u015bci polerowania elektrolitycznego. Klienci poprawili tak\u017ce wydajno\u015b\u0107 <a href=\"https:\/\/wldstainless.com\/materials\/austenitic-stainless-steel\/316-316l-stainless-steel\/\">316L<\/a> ze stali nierdzewnej poprzez staranny dob\u00f3r okre\u015blonych sk\u0142ad\u00f3w chemicznych <a href=\"https:\/\/wldstainless.com\/materials\/austenitic-stainless-steel\/316-316l-stainless-steel\/\">316L<\/a> ze stali nierdzewnej oraz udoskonalone procesy produkcyjne ESR. W ostatnich latach na tych rynkach bardziej popularna jest stal nierdzewna duplex 2205.<\/p>\n<\/div><\/section><\/div><div class=\"flex_column av_one_fourth  flex_column_div av-zero-column-padding first\" style='border-radius:0px; '><div class='avia-image-container  av-styling-    avia-align-center'  itemprop=\"ImageObject\" itemscope=\"itemscope\" itemtype=\"https:\/\/schema.org\/ImageObject\"  ><div class='avia-image-container-inner'><img class='avia_image' src='https:\/\/wldstainless.com\/wp-content\/uploads\/2020\/09\/Power.png' alt='' title='Moc'   itemprop=\"thumbnailUrl\"  \/><\/div><\/div><\/div><\/p>\n<div class=\"flex_column av_three_fourth  flex_column_div av-zero-column-padding\" style='border-radius:0px; '><section class=\"av_textblock_section\"  itemscope=\"itemscope\" itemtype=\"https:\/\/schema.org\/CreativeWork\" ><div class='avia_textblock'   itemprop=\"text\" ><h3>Moc<\/h3>\n<p>Generowanie energii cieplnej to spos\u00f3b wykorzystania ciep\u0142a wytwarzanego podczas spalania w\u0119gla w celu przekszta\u0142cenia wody w par\u0119 wysokoci\u015bnieniow\u0105, kt\u00f3ra nap\u0119dza generator w celu wytwarzania energii elektrycznej. Elektrownie w\u0119glowe sk\u0142adaj\u0105 si\u0119 g\u0142\u00f3wnie z kot\u0142a, turbiny parowej i generatora generuj\u0105cego energi\u0119 w rurze parowej i wodnej kot\u0142a, w tym rury podgrzewacza, \u015bciany wodnej, przegrzewacza, rury ekonomizera, rury podgrzewacza powietrza, rury cieplnej, rury spustowej i wszelkiego rodzaju urz\u0105dze\u0144 steruj\u0105cych, kt\u00f3re pracowa\u0142y w wysokiej temperaturze i wysokim ci\u015bnieniu w gazie i parze i b\u0119d\u0105 powodowa\u0107 utlenianie i korozj\u0119 w trudnych warunkach, dlatego rura ze stali nierdzewnej jest szeroko stosowana w kot\u0142ach cieplnych. Nasze <a href=\"https:\/\/wldstainless.com\/materials\/austenitic-stainless-steel\/309s-stainless-steel\/\">309H<\/a>, <a href=\"https:\/\/wldstainless.com\/materials\/austenitic-stainless-steel\/321-321h-stainless-steel\/\">321H<\/a> I <a href=\"https:\/\/wldstainless.com\/materials\/austenitic-stainless-steel\/347-347h-stainless-steel\/\">347H<\/a> Wyroby z rur, p\u0142askownik\u00f3w i p\u0142yt ze stali nierdzewnej wykorzystywane s\u0105 przede wszystkim do produkcji kot\u0142\u00f3w, \u0142opatek turbin parowych i gazowych.<\/p>\n<\/div><\/section><\/div>","protected":false},"excerpt":{"rendered":"","protected":false},"author":1,"featured_media":0,"parent":0,"menu_order":0,"comment_status":"closed","ping_status":"closed","template":"","meta":{"footnotes":""},"class_list":["post-114","page","type-page","status-publish","hentry"],"aioseo_notices":[],"_links":{"self":[{"href":"https:\/\/wldstainless.com\/pl\/wp-json\/wp\/v2\/pages\/114","targetHints":{"allow":["GET"]}}],"collection":[{"href":"https:\/\/wldstainless.com\/pl\/wp-json\/wp\/v2\/pages"}],"about":[{"href":"https:\/\/wldstainless.com\/pl\/wp-json\/wp\/v2\/types\/page"}],"author":[{"embeddable":true,"href":"https:\/\/wldstainless.com\/pl\/wp-json\/wp\/v2\/users\/1"}],"replies":[{"embeddable":true,"href":"https:\/\/wldstainless.com\/pl\/wp-json\/wp\/v2\/comments?post=114"}],"version-history":[{"count":13,"href":"https:\/\/wldstainless.com\/pl\/wp-json\/wp\/v2\/pages\/114\/revisions"}],"predecessor-version":[{"id":2062,"href":"https:\/\/wldstainless.com\/pl\/wp-json\/wp\/v2\/pages\/114\/revisions\/2062"}],"wp:attachment":[{"href":"https:\/\/wldstainless.com\/pl\/wp-json\/wp\/v2\/media?parent=114"}],"curies":[{"name":"wp","href":"https:\/\/api.w.org\/{rel}","templated":true}]}}