{"id":558,"date":"2019-06-26T00:45:37","date_gmt":"2019-06-26T00:45:37","guid":{"rendered":"http:\/\/wldstainless.com\/?page_id=558"},"modified":"2020-12-11T05:43:53","modified_gmt":"2020-12-11T05:43:53","slug":"stainless-steel-cold-rolled-plate-sheet-coil","status":"publish","type":"page","link":"https:\/\/wldstainless.com\/it\/products\/stainless-steel-cold-rolled-plate-sheet-coil\/","title":{"rendered":"Lamiera\/lamiera\/bobina laminata a freddo in acciaio inossidabile"},"content":{"rendered":"<div class=\"flex_column av_one_fourth  flex_column_div av-zero-column-padding first\" style='border-radius:0px; '><p><div class='avia-builder-widget-area clearfix'><div id=\"nav_menu-7\" class=\"widget clearfix widget_nav_menu\"><h3 class=\"widgettitle\">Prodotti<\/h3><div class=\"menu-accessories-container\"><ul id=\"menu-accessories\" class=\"menu\"><li id=\"menu-item-1924\" class=\"menu-item menu-item-type-post_type menu-item-object-page menu-item-1924\"><a href=\"https:\/\/wldstainless.com\/it\/products\/stainless-steel-angle\/\">Angolo in acciaio inossidabile<\/a><\/li>\n<li id=\"menu-item-1925\" class=\"menu-item menu-item-type-post_type menu-item-object-page menu-item-1925\"><a href=\"https:\/\/wldstainless.com\/it\/products\/stainless-steel-beam\/\">Trave in acciaio inossidabile<\/a><\/li>\n<li id=\"menu-item-1926\" class=\"menu-item menu-item-type-post_type menu-item-object-page menu-item-1926\"><a href=\"https:\/\/wldstainless.com\/it\/products\/stainless-steel-capillary-tubes\/\">Tubi capillari in acciaio inossidabile<\/a><\/li>\n<li id=\"menu-item-1927\" class=\"menu-item menu-item-type-post_type menu-item-object-page menu-item-1927\"><a href=\"https:\/\/wldstainless.com\/it\/products\/stainless-steel-channel\/\">Canale in acciaio inossidabile<\/a><\/li>\n<li id=\"menu-item-1928\" class=\"menu-item menu-item-type-post_type menu-item-object-page menu-item-1928\"><a href=\"https:\/\/wldstainless.com\/it\/products\/stainless-steel-coiled-tube\/\">Tubo a spirale in acciaio inossidabile<\/a><\/li>\n<li id=\"menu-item-1929\" class=\"menu-item menu-item-type-post_type menu-item-object-page menu-item-1929\"><a href=\"https:\/\/wldstainless.com\/it\/products\/stainless-steel-cold-rolled-plate-sheet-coil\/\">Lamiera\/lamiera\/bobina laminata a freddo in acciaio inossidabile<\/a><\/li>\n<li id=\"menu-item-1930\" class=\"menu-item menu-item-type-post_type menu-item-object-page menu-item-1930\"><a href=\"https:\/\/wldstainless.com\/it\/products\/stainless-steel-flats\/\">Piatti in acciaio inossidabile<\/a><\/li>\n<li id=\"menu-item-1931\" class=\"menu-item menu-item-type-post_type menu-item-object-page menu-item-1931\"><a href=\"https:\/\/wldstainless.com\/it\/products\/stainless-steel-hexagon-bars\/\">Barre esagonali in acciaio inossidabile<\/a><\/li>\n<li id=\"menu-item-1932\" class=\"menu-item menu-item-type-post_type menu-item-object-page menu-item-1932\"><a href=\"https:\/\/wldstainless.com\/it\/products\/stainless-steel-hot-rolled-plate-sheet-coil\/\">Lamiera\/lamiera\/bobina laminata a caldo in acciaio inossidabile<\/a><\/li>\n<li id=\"menu-item-1933\" class=\"menu-item menu-item-type-post_type menu-item-object-page menu-item-1933\"><a href=\"https:\/\/wldstainless.com\/it\/products\/stainless-steel-large-diameter-pipe\/\">Tubo in acciaio inossidabile di grande diametro<\/a><\/li>\n<li id=\"menu-item-1934\" class=\"menu-item menu-item-type-post_type menu-item-object-page menu-item-1934\"><a href=\"https:\/\/wldstainless.com\/it\/products\/stainless-steel-round-bars\/\">Barre tonde in acciaio inossidabile<\/a><\/li>\n<li id=\"menu-item-1935\" class=\"menu-item menu-item-type-post_type menu-item-object-page menu-item-1935\"><a href=\"https:\/\/wldstainless.com\/it\/products\/stainless-steel-square-tube\/\">Tubo quadrato in acciaio inossidabile<\/a><\/li>\n<li id=\"menu-item-1936\" class=\"menu-item menu-item-type-post_type menu-item-object-page menu-item-1936\"><a href=\"https:\/\/wldstainless.com\/it\/products\/stainless-steel-u-bend-tube\/\">Tubo piegato a U in acciaio inossidabile<\/a><\/li>\n<\/ul><\/div><\/div><\/div><br \/>\n<div  class='hr hr-default'><span class='hr-inner' ><span class='hr-inner-style'><\/span><\/span><\/div><br \/>\n<div class='avia-button-wrap avia-button-left'><a href='http:\/\/wldstainless.com\/contact\/#contact' class='avia-button   avia-icon_select-yes-left-icon avia-color-custom avia-size-large avia-position-left'  target=\"_blank\"  style='background-color:#e82221; border-color:#e82221; color:#ffffff; ' ><span class='avia_button_icon avia_button_icon_left' aria-hidden='true' data-av_icon='\ue84b' data-av_iconfont='entypo-fontello'><\/span><span class='avia_iconbox_title' >Richiedi un preventivo<\/span><\/a><\/div><\/p><\/div>\n<div class=\"flex_column av_three_fourth  flex_column_div\" style='padding:0px 0px 50px 0px ; border-radius:0px; '><p><div style='padding-bottom:10px;color:#d3311f;' class='av-special-heading av-special-heading-h3 custom-color-heading'><h3 class='av-special-heading-tag'  itemprop=\"headline\"  >Lamiera\/piastra\/bobina di acciaio inossidabile laminata a freddo<\/h3><div class='special-heading-border'><div class='special-heading-inner-border' style='border-color:#d3311f'><\/div><\/div><\/div><br \/>\n<div  class='hr hr-default'><span class='hr-inner' ><span class='hr-inner-style'><\/span><\/span><\/div><br \/>\n<section class=\"av_textblock_section\"  itemscope=\"itemscope\" itemtype=\"https:\/\/schema.org\/CreativeWork\" ><div class='avia_textblock'   itemprop=\"text\" ><p>Come suggerisce il nome, la lamiera laminata a freddo in acciaio inossidabile \u00e8 una lamiera di acciaio inossidabile prodotta mediante il processo di laminazione a freddo. Solitamente si fa riferimento allo spessore inferiore a 3 mm per la lamiera e superiore a 3 mm per la lamiera. Lamiere, bobine e nastri laminati a freddo in acciaio inossidabile hanno un&#039;eccellente resistenza alla corrosione, buone propriet\u00e0 meccaniche, propriet\u00e0 di lavorazione e una variet\u00e0 di finiture superficiali, sono stati ampiamente utilizzati negli elettrodomestici, nel settore petrolchimico, nelle apparecchiature mediche, nelle automobili, nelle navi, nell&#039;elettronica di precisione e altri campi.<\/p>\n<p>Il ritrattamento della superficie laminata a freddo consente alla superficie dell&#039;acciaio inossidabile di presentare una finitura, una consistenza e un colore diversi. Le finiture superficiali delle lamiere laminate a freddo in acciaio inossidabile includono 2D, 2B, N.3, N.4, 240, 320, N.7, N.8, HL, BA, TR, stato duro, goffrato e altri gradi di superficie. Pu\u00f2 essere ulteriormente lavorato mediante galvanica, elettrolucidatura, incisione, pallinatura, colorazione, rivestimento e varie combinazioni basate sulla laminazione a freddo.<\/p>\n<p>In qualit\u00e0 di fornitore e produttore di lamiere e piastre in acciaio inossidabile conformi alle norme ASTM, ASME ed EN. L&#039;acciaio WLD fornisce questi prodotti disponibili nel tipo 201, 304\/304L, 316\/316L, 430, 410S, 409\/409L e duplex grado 2205, tutti i nostri prodotti possono essere rilavorati per piegatura, rifilatura, decapaggio, trattamento termico, rivestiti o altri.<\/p>\n<\/div><\/section><br \/>\n<section class=\"av_textblock_section\"  itemscope=\"itemscope\" itemtype=\"https:\/\/schema.org\/CreativeWork\" ><div class='avia_textblock'   itemprop=\"text\" ><p>Specifiche: ASTM A240, ASTM A480<\/p>\n<p>Finitura superficiale: No1, 2D, 2B, BA, No 3, No4, No8, HL,<\/p>\n<p>Dimensioni: 800-1300*0,2-3,0 mm (bobina); 800-2000*0,2-100 mm (piastra)<\/p>\n<p>Gradi disponibili: 201, <a href=\"https:\/\/wldstainless.com\/materials\/austenitic-stainless-steel\/304-304l-stainless-steel\/\">304\/304L<\/a>, <a href=\"https:\/\/wldstainless.com\/materials\/austenitic-stainless-steel\/316-316l-stainless-steel\/\">316\/316L<\/a>, 317, 309S, 321H, <a href=\"https:\/\/wldstainless.com\/materials\/austenitic-stainless-steel\/347-347h-stainless-steel\/\">347<\/a>, 409L,<a href=\"https:\/\/wldstainless.com\/materials\/austenitic-stainless-steel\/904l-stainless-steel\/\"> 904L<\/a>,<a href=\"https:\/\/wldstainless.com\/materials\/duplex-stainless-steel\/alloy-2205-stainless-steel\/\"> 2205<\/a><\/p>\n<h4>La dimensione della lamiera\/piastra\/bobina laminata a freddo in acciaio inossidabile<\/h4>\n<table>\n<tbody>\n<tr>\n<td width=\"13.1000%\">Tipi di finitura superficiale<\/td>\n<td colspan=\"2\" width=\"32.5400%\">Prodotti<\/td>\n<td width=\"14.6200%\">Spessore nominale, mm<\/td>\n<td width=\"14.6400%\">Larghezza nominale, mm<\/td>\n<td width=\"22.9000%\">Lunghezza nominale piastra o diametro interno bobina, mm<\/td>\n<\/tr>\n<tr>\n<td rowspan=\"5\" width=\"13.1000%\">N.2E<\/td>\n<td rowspan=\"2\" width=\"14.4200%\">Lamiera di acciaio<\/td>\n<td width=\"17.7600%\">Taglio dei bordi<\/td>\n<td rowspan=\"2\" width=\"14.6200%\">1.4\uff5e6.5<\/td>\n<td width=\"14.6400%\">730\uff5e1570<\/td>\n<td rowspan=\"2\" width=\"22.9000%\">1000~12000 (piatto)<\/td>\n<\/tr>\n<tr>\n<td width=\"17.7600%\">Non tagliato ai bordi<\/td>\n<td width=\"14.6400%\">750\uff5e1600<\/td>\n<\/tr>\n<tr>\n<td rowspan=\"2\" width=\"14.4200%\">Bobina d&#039;acciaio<\/td>\n<td width=\"17.7600%\">Taglio dei bordi<\/td>\n<td rowspan=\"2\" width=\"14.6200%\">1.4\uff5e6.5<\/td>\n<td width=\"14.6400%\">730\uff5e1570<\/td>\n<td rowspan=\"2\" width=\"22.9000%\">610(Bobina)<\/td>\n<\/tr>\n<tr>\n<td width=\"17.7600%\">Non tagliato ai bordi<\/td>\n<td width=\"14.6400%\">750\uff5e1600<\/td>\n<\/tr>\n<tr>\n<td colspan=\"2\" width=\"32.5400%\">Bobina di acciaio a taglio longitudinale<\/td>\n<td width=\"14.6200%\">1.4\uff5e3.0<\/td>\n<td width=\"14.6400%\">120\uff5e700<\/td>\n<td width=\"22.9000%\">508\/610 (Bobina)<\/td>\n<\/tr>\n<tr>\n<td rowspan=\"5\" width=\"13.1000%\">N.2D<br \/>\nN.2B<\/td>\n<td rowspan=\"2\" width=\"14.4200%\">Lamiera di acciaio<\/td>\n<td width=\"17.7600%\">Taglio dei bordi<\/td>\n<td rowspan=\"2\" width=\"14.6200%\">0,20 ~ 3,0<\/td>\n<td width=\"14.6400%\">730\uff5e1350<\/td>\n<td rowspan=\"2\" width=\"22.9000%\">1000~5000 (piatto)<\/td>\n<\/tr>\n<tr>\n<td width=\"17.7600%\">Non tagliato ai bordi<\/td>\n<td width=\"14.6400%\">750\uff5e1350<\/td>\n<\/tr>\n<tr>\n<td rowspan=\"2\" width=\"14.4200%\">Bobina d&#039;acciaio<\/td>\n<td width=\"17.7600%\">Taglio dei bordi<\/td>\n<td rowspan=\"2\" width=\"14.6200%\">0,20 ~ 5,0<\/td>\n<td width=\"14.6400%\">730\uff5e1570<\/td>\n<td rowspan=\"3\" width=\"22.9000%\">508\/610 (Bobina)<\/td>\n<\/tr>\n<tr>\n<td width=\"17.7600%\">Non tagliato ai bordi<\/td>\n<td width=\"14.6400%\">750\uff5e1600<\/td>\n<\/tr>\n<tr>\n<td colspan=\"2\" width=\"32.5400%\">Bobina di acciaio a taglio longitudinale<\/td>\n<td width=\"14.6200%\">0,20 ~ 3,0<\/td>\n<td width=\"14.6400%\">120\uff5e700<\/td>\n<\/tr>\n<tr>\n<td rowspan=\"5\" width=\"13.1000%\">Numero 3<br \/>\nN.4<br \/>\nHL<br \/>\nBA<\/td>\n<td rowspan=\"2\" width=\"14.4200%\">Lamiera di acciaio<\/td>\n<td width=\"17.7600%\">Taglio dei bordi<\/td>\n<td rowspan=\"2\" width=\"14.6200%\">0,20 ~ 3,0<\/td>\n<td width=\"14.6400%\">730\uff5e1350<\/td>\n<td rowspan=\"2\" width=\"22.9000%\">1000~9000 (piatto)<\/td>\n<\/tr>\n<tr>\n<td width=\"17.7600%\">Non tagliato ai bordi<\/td>\n<td width=\"14.6400%\">750\uff5e1350<\/td>\n<\/tr>\n<tr>\n<td rowspan=\"2\" width=\"14.4200%\">Bobina d&#039;acciaio<\/td>\n<td width=\"17.7600%\">Taglio dei bordi<\/td>\n<td rowspan=\"2\" width=\"14.6200%\">0,20 ~ 3,0<\/td>\n<td width=\"14.6400%\">730\uff5e1570<\/td>\n<td rowspan=\"3\" width=\"22.9000%\">508\/610 (Bobina)<\/td>\n<\/tr>\n<tr>\n<td width=\"17.7600%\">Non tagliato ai bordi<\/td>\n<td width=\"14.6400%\">750\uff5e1600<\/td>\n<\/tr>\n<tr>\n<td colspan=\"2\" width=\"32.5400%\">Nastro di acciaio a taglio longitudinale<\/td>\n<td width=\"14.6200%\">0,20 ~ 3,0<\/td>\n<td width=\"14.6400%\">120\uff5e700<\/td>\n<\/tr>\n<\/tbody>\n<\/table>\n<\/div><\/section><\/p><\/div>","protected":false},"excerpt":{"rendered":"","protected":false},"author":1,"featured_media":0,"parent":346,"menu_order":0,"comment_status":"closed","ping_status":"closed","template":"","meta":{"footnotes":""},"class_list":["post-558","page","type-page","status-publish","hentry"],"aioseo_notices":[],"_links":{"self":[{"href":"https:\/\/wldstainless.com\/it\/wp-json\/wp\/v2\/pages\/558","targetHints":{"allow":["GET"]}}],"collection":[{"href":"https:\/\/wldstainless.com\/it\/wp-json\/wp\/v2\/pages"}],"about":[{"href":"https:\/\/wldstainless.com\/it\/wp-json\/wp\/v2\/types\/page"}],"author":[{"embeddable":true,"href":"https:\/\/wldstainless.com\/it\/wp-json\/wp\/v2\/users\/1"}],"replies":[{"embeddable":true,"href":"https:\/\/wldstainless.com\/it\/wp-json\/wp\/v2\/comments?post=558"}],"version-history":[{"count":16,"href":"https:\/\/wldstainless.com\/it\/wp-json\/wp\/v2\/pages\/558\/revisions"}],"predecessor-version":[{"id":2054,"href":"https:\/\/wldstainless.com\/it\/wp-json\/wp\/v2\/pages\/558\/revisions\/2054"}],"up":[{"embeddable":true,"href":"https:\/\/wldstainless.com\/it\/wp-json\/wp\/v2\/pages\/346"}],"wp:attachment":[{"href":"https:\/\/wldstainless.com\/it\/wp-json\/wp\/v2\/media?parent=558"}],"curies":[{"name":"wp","href":"https:\/\/api.w.org\/{rel}","templated":true}]}}