{"id":197,"date":"2019-05-16T14:56:59","date_gmt":"2019-05-16T14:56:59","guid":{"rendered":"http:\/\/wldstainless.com\/?page_id=197"},"modified":"2020-12-11T03:38:18","modified_gmt":"2020-12-11T03:38:18","slug":"steel-services","status":"publish","type":"page","link":"https:\/\/wldstainless.com\/it\/about\/steel-services\/","title":{"rendered":"SERVIZI"},"content":{"rendered":"<\/div><\/div><\/div><!-- close content main div --><\/div><\/div><div id='aboutpage' class='avia-section main_color avia-section-small avia-no-shadow avia-bg-style-scroll   container_wrap sidebar_left'   ><div class='container' ><div class='template-page content  av-content-small units'><div class='post-entry post-entry-type-page post-entry-197'><div class='entry-content-wrapper clearfix'>\n<div class=\"flex_column av_one_full  flex_column_div av-zero-column-padding first\" style='border-radius:0px; '><section class=\"av_textblock_section\"  itemscope=\"itemscope\" itemtype=\"https:\/\/schema.org\/CreativeWork\" ><div class='avia_textblock'   itemprop=\"text\" ><p>Con attrezzature avanzate e un rigoroso piano di produzione, WLD Steel produce prodotti speciali su misura in base alle esigenze e ai disegni specifici del cliente oltre ai nostri prodotti standard. Forniamo inoltre ai clienti una variet\u00e0 di servizi completi di lavorazione dell&#039;acciaio inossidabile come saldatura, foratura, piegatura, lucidatura e lavorazione al tornio.<\/p>\n<\/div><\/section><\/div><div class=\"flex_column av_one_fourth  flex_column_div av-zero-column-padding first\" style='border-radius:0px; '><div class='avia-image-container  av-styling-circle    avia-align-center'  itemprop=\"ImageObject\" itemscope=\"itemscope\" itemtype=\"https:\/\/schema.org\/ImageObject\"  ><div class='avia-image-container-inner'><img class='avia_image' src='https:\/\/wldstainless.com\/wp-content\/uploads\/2020\/08\/Water-jet-cutting.jpg' alt='' title='Taglio a getto d&#039;acqua'   itemprop=\"thumbnailUrl\"  \/><\/div><\/div><\/div><div class=\"flex_column av_three_fourth  flex_column_div\" style='padding:50px 0px 50px 0px ; border-radius:0px; '><section class=\"av_textblock_section\"  itemscope=\"itemscope\" itemtype=\"https:\/\/schema.org\/CreativeWork\" ><div class='avia_textblock'   itemprop=\"text\" ><h3 align=\"justify\"><\/h3>\n<h3>Servizio di taglio di precisione<\/h3>\n<p>Taglio laser<\/p>\n<p>Il taglio laser pu\u00f2 essere utilizzato per tagliare forme complesse o dove \u00e8 necessaria una dimensione di alta precisione, pu\u00f2 essere tagliato contemporaneamente su entrambi i lati del pezzo SS con elevata efficienza. Qui a WLD Steel siamo orgogliosi della nostra capacit\u00e0 di lavorare <a href=\"https:\/\/wldstainless.com\/products\/stainless-steel-coiled-tube\/\">tubo in acciaio inossidabile<\/a> oppure asta con diametro massimo di 508mm, lunghezza di 15,5m e piastra in acciaio inox con larghezza massima di 4,5m e spessore di 16mm.<\/p>\n<p>Taglio al plasma<\/p>\n<p>Il taglio al plasma \u00e8 un processo di taglio per fusione che UTILIZZA il calore del plasma caldo per fondere il metallo e soffiare via il metallo fuso dal taglio. Questo metodo \u00e8 efficace per tagliare piastre di acciaio inossidabile con uno spessore inferiore a 30 mm. Ha il vantaggio di una bassa deformazione perch\u00e9 il taglio viene effettuato in un&#039;area ristretta ad alta temperatura.<\/p>\n<p>Taglio con sega<\/p>\n<p>WLD Steel \u00e8 in grado di elaborare gli ordini in base alle esatte esigenze del cliente. I nostri tubi e profili in acciaio inossidabile possono essere tagliati con una linea retta o con l&#039;angolo richiesto, a seconda delle specifiche specificate. Il processo \u00e8 particolarmente adatto al settore dell&#039;edilizia e dell&#039;ingegneria.<\/p>\n<p>Taglia fuoco<\/p>\n<p>WLD Steel accetta il taglio a fiamma e a getto d&#039;acqua ad alta pressione. Il taglio a fiamma \u00e8 un processo in cui una miscela di ossigeno e gas viene utilizzata per fondere l&#039;acciaio e il metallo fuso viene bruciato da una pistola a spruzzo di ossigeno, adatta per tagliare lastre spesse di acciaio inossidabile.<\/p>\n<p>Taglio a getto d&#039;acqua HP<\/p>\n<p>Il taglio a getto d&#039;acqua \u00e8 un processo che utilizza un flusso d&#039;acqua ad alta pressione per trasportare una grana abrasiva. che \u00e8 caratterizzato da precisione, economico, rispettoso dell&#039;ambiente e senza trattamento successivo e non provoca deformazione termica dell&#039;area di taglio.<\/p>\n<\/div><\/section><br \/>\n<div style='height:50px' class='hr hr-invisible'><span class='hr-inner' ><span class='hr-inner-style'><\/span><\/span><\/div><\/p><\/div><\/div><\/div><\/div><!-- close content main div --><\/div><\/div><div id='after_section_1' class='main_color av_default_container_wrap container_wrap sidebar_left'   ><div class='container' ><div class='template-page content  av-content-small units'><div class='post-entry post-entry-type-page post-entry-197'><div class='entry-content-wrapper clearfix'><div class=\"flex_column av_one_fourth  flex_column_div av-zero-column-padding first\" style='border-radius:0px; '><div class='avia-image-container  av-styling-circle    avia-align-center'  itemprop=\"ImageObject\" itemscope=\"itemscope\" itemtype=\"https:\/\/schema.org\/ImageObject\"  ><div class='avia-image-container-inner'><img class='avia_image' src='https:\/\/wldstainless.com\/wp-content\/uploads\/2020\/08\/Sandblasting.jpg' alt='' title='Sabbiatura'   itemprop=\"thumbnailUrl\"  \/><\/div><\/div><\/div><\/p>\n<div class=\"flex_column av_three_fourth  flex_column_div av-zero-column-padding\" style='border-radius:0px; '><section class=\"av_textblock_section\"  itemscope=\"itemscope\" itemtype=\"https:\/\/schema.org\/CreativeWork\" ><div class='avia_textblock'   itemprop=\"text\" ><h3>Servizio di trattamento delle superfici<\/h3>\n<p>WLD Steel ha sempre elaborato una serie di trattamenti superficiali personalizzati su lamiere e lastre di acciaio inossidabile, tra cui 2B Mill, BA (Bright Annealed), #4 spazzolato \/ n. 4 finiture satinate, finitura hairline, finitura a specchio, cross hairline, rivestimento colorato\/PVD Finiture, rivestimento anti-impronta<\/p>\n<\/div><\/section><br \/>\n<div style='height:50px' class='hr hr-invisible'><span class='hr-inner' ><span class='hr-inner-style'><\/span><\/span><\/div><\/p><\/div><div class=\"flex_column av_one_fourth  flex_column_div av-zero-column-padding first\" style='border-radius:0px; '><div class='avia-image-container  av-styling-circle    avia-align-center'  itemprop=\"ImageObject\" itemscope=\"itemscope\" itemtype=\"https:\/\/schema.org\/ImageObject\"  ><div class='avia-image-container-inner'><img class='avia_image' src='https:\/\/wldstainless.com\/wp-content\/uploads\/2020\/08\/Bending-2.jpg' alt='' title='Piegatura'   itemprop=\"thumbnailUrl\"  \/><\/div><\/div><\/div><\/p>\n<div class=\"flex_column av_three_fourth  flex_column_div av-zero-column-padding\" style='border-radius:0px; '><section class=\"av_textblock_section\"  itemscope=\"itemscope\" itemtype=\"https:\/\/schema.org\/CreativeWork\" ><div class='avia_textblock'   itemprop=\"text\" ><h3>Servizio di piegatura CNC<\/h3>\n<p>La piegatura riguarda principalmente lamiere e profili in acciaio inox. La nostra piegatrice CNC ci consente di mantenere uno stretto controllo di qualit\u00e0 sui nostri processi di produzione, fornendo angoli di piegatura e una perfetta qualit\u00e0 della superficie. Offriamo anche servizi di prove di piegatura secondo specifiche senza compromessi come ANSI, ASTM e ASME.<\/p>\n<\/div><\/section><\/div>","protected":false},"excerpt":{"rendered":"","protected":false},"author":1,"featured_media":0,"parent":76,"menu_order":0,"comment_status":"closed","ping_status":"closed","template":"","meta":{"footnotes":""},"class_list":["post-197","page","type-page","status-publish","hentry"],"aioseo_notices":[],"_links":{"self":[{"href":"https:\/\/wldstainless.com\/it\/wp-json\/wp\/v2\/pages\/197","targetHints":{"allow":["GET"]}}],"collection":[{"href":"https:\/\/wldstainless.com\/it\/wp-json\/wp\/v2\/pages"}],"about":[{"href":"https:\/\/wldstainless.com\/it\/wp-json\/wp\/v2\/types\/page"}],"author":[{"embeddable":true,"href":"https:\/\/wldstainless.com\/it\/wp-json\/wp\/v2\/users\/1"}],"replies":[{"embeddable":true,"href":"https:\/\/wldstainless.com\/it\/wp-json\/wp\/v2\/comments?post=197"}],"version-history":[{"count":19,"href":"https:\/\/wldstainless.com\/it\/wp-json\/wp\/v2\/pages\/197\/revisions"}],"predecessor-version":[{"id":2048,"href":"https:\/\/wldstainless.com\/it\/wp-json\/wp\/v2\/pages\/197\/revisions\/2048"}],"up":[{"embeddable":true,"href":"https:\/\/wldstainless.com\/it\/wp-json\/wp\/v2\/pages\/76"}],"wp:attachment":[{"href":"https:\/\/wldstainless.com\/it\/wp-json\/wp\/v2\/media?parent=197"}],"curies":[{"name":"wp","href":"https:\/\/api.w.org\/{rel}","templated":true}]}}