{"id":1680,"date":"2020-09-09T02:11:54","date_gmt":"2020-09-09T02:11:54","guid":{"rendered":"http:\/\/wldstainless.com\/?page_id=1680"},"modified":"2020-12-11T06:05:25","modified_gmt":"2020-12-11T06:05:25","slug":"stainless-steel-square-tube","status":"publish","type":"page","link":"https:\/\/wldstainless.com\/it\/products\/stainless-steel-square-tube\/","title":{"rendered":"Tubo quadrato in acciaio inossidabile"},"content":{"rendered":"<div class=\"flex_column av_one_fourth  flex_column_div av-zero-column-padding first\" style='border-radius:0px; '><p><div class='avia-builder-widget-area clearfix'><div id=\"nav_menu-7\" class=\"widget clearfix widget_nav_menu\"><h3 class=\"widgettitle\">Prodotti<\/h3><div class=\"menu-accessories-container\"><ul id=\"menu-accessories\" class=\"menu\"><li id=\"menu-item-1924\" class=\"menu-item menu-item-type-post_type menu-item-object-page menu-item-1924\"><a href=\"https:\/\/wldstainless.com\/it\/products\/stainless-steel-angle\/\">Angolo in acciaio inossidabile<\/a><\/li>\n<li id=\"menu-item-1925\" class=\"menu-item menu-item-type-post_type menu-item-object-page menu-item-1925\"><a href=\"https:\/\/wldstainless.com\/it\/products\/stainless-steel-beam\/\">Trave in acciaio inossidabile<\/a><\/li>\n<li id=\"menu-item-1926\" class=\"menu-item menu-item-type-post_type menu-item-object-page menu-item-1926\"><a href=\"https:\/\/wldstainless.com\/it\/products\/stainless-steel-capillary-tubes\/\">Tubi capillari in acciaio inossidabile<\/a><\/li>\n<li id=\"menu-item-1927\" class=\"menu-item menu-item-type-post_type menu-item-object-page menu-item-1927\"><a href=\"https:\/\/wldstainless.com\/it\/products\/stainless-steel-channel\/\">Canale in acciaio inossidabile<\/a><\/li>\n<li id=\"menu-item-1928\" class=\"menu-item menu-item-type-post_type menu-item-object-page menu-item-1928\"><a href=\"https:\/\/wldstainless.com\/it\/products\/stainless-steel-coiled-tube\/\">Tubo a spirale in acciaio inossidabile<\/a><\/li>\n<li id=\"menu-item-1929\" class=\"menu-item menu-item-type-post_type menu-item-object-page menu-item-1929\"><a href=\"https:\/\/wldstainless.com\/it\/products\/stainless-steel-cold-rolled-plate-sheet-coil\/\">Lamiera\/lamiera\/bobina laminata a freddo in acciaio inossidabile<\/a><\/li>\n<li id=\"menu-item-1930\" class=\"menu-item menu-item-type-post_type menu-item-object-page menu-item-1930\"><a href=\"https:\/\/wldstainless.com\/it\/products\/stainless-steel-flats\/\">Piatti in acciaio inossidabile<\/a><\/li>\n<li id=\"menu-item-1931\" class=\"menu-item menu-item-type-post_type menu-item-object-page menu-item-1931\"><a href=\"https:\/\/wldstainless.com\/it\/products\/stainless-steel-hexagon-bars\/\">Barre esagonali in acciaio inossidabile<\/a><\/li>\n<li id=\"menu-item-1932\" class=\"menu-item menu-item-type-post_type menu-item-object-page menu-item-1932\"><a href=\"https:\/\/wldstainless.com\/it\/products\/stainless-steel-hot-rolled-plate-sheet-coil\/\">Lamiera\/lamiera\/bobina laminata a caldo in acciaio inossidabile<\/a><\/li>\n<li id=\"menu-item-1933\" class=\"menu-item menu-item-type-post_type menu-item-object-page menu-item-1933\"><a href=\"https:\/\/wldstainless.com\/it\/products\/stainless-steel-large-diameter-pipe\/\">Tubo in acciaio inossidabile di grande diametro<\/a><\/li>\n<li id=\"menu-item-1934\" class=\"menu-item menu-item-type-post_type menu-item-object-page menu-item-1934\"><a href=\"https:\/\/wldstainless.com\/it\/products\/stainless-steel-round-bars\/\">Barre tonde in acciaio inossidabile<\/a><\/li>\n<li id=\"menu-item-1935\" class=\"menu-item menu-item-type-post_type menu-item-object-page menu-item-1935\"><a href=\"https:\/\/wldstainless.com\/it\/products\/stainless-steel-square-tube\/\">Tubo quadrato in acciaio inossidabile<\/a><\/li>\n<li id=\"menu-item-1936\" class=\"menu-item menu-item-type-post_type menu-item-object-page menu-item-1936\"><a href=\"https:\/\/wldstainless.com\/it\/products\/stainless-steel-u-bend-tube\/\">Tubo piegato a U in acciaio inossidabile<\/a><\/li>\n<\/ul><\/div><\/div><\/div><br \/>\n<div  class='hr hr-default'><span class='hr-inner' ><span class='hr-inner-style'><\/span><\/span><\/div><br \/>\n<div class='avia-button-wrap avia-button-left'><a href='http:\/\/wldstainless.com\/contact\/#contact' class='avia-button   avia-icon_select-yes-left-icon avia-color-custom avia-size-large avia-position-left'  target=\"_blank\"  style='background-color:#e82221; border-color:#e82221; color:#ffffff; ' ><span class='avia_button_icon avia_button_icon_left' aria-hidden='true' data-av_icon='\ue84b' data-av_iconfont='entypo-fontello'><\/span><span class='avia_iconbox_title' >Richiedi un preventivo<\/span><\/a><\/div><\/p><\/div>\n<div class=\"flex_column av_three_fourth  flex_column_div\" style='padding:0px 0px 50px 0px ; border-radius:0px; '><p><div style='padding-bottom:10px;color:#d3311f;' class='av-special-heading av-special-heading-h3 custom-color-heading'><h3 class='av-special-heading-tag'  itemprop=\"headline\"  >Tubo quadrato in acciaio inossidabile<\/h3><div class='special-heading-border'><div class='special-heading-inner-border' style='border-color:#d3311f'><\/div><\/div><\/div><br \/>\n<section class=\"av_textblock_section\"  itemscope=\"itemscope\" itemtype=\"https:\/\/schema.org\/CreativeWork\" ><div class='avia_textblock'   itemprop=\"text\" ><p>Il tubo quadrato in acciaio inossidabile \u00e8 un tipo di lungo tubo cavo in acciaio con buona resistenza alla flessione e alla torsione, pu\u00f2 essere utilizzato per il trasporto di fluidi come petrolio, gas naturale, acqua, gas, vapore, ecc., nonch\u00e9 per la produzione di parti meccaniche e strutture ingegneristiche. I tubi quadrati in acciaio inossidabile possono essere senza saldatura e saldati, quadrati o rettangolari, a volte ci sono anche tubi in acciaio di altre forme come semicerchio ovale, esagono, triangolo equilatero, ottagonale. Il tubo quadrato in acciaio inossidabile sotto pressione del fluido deve essere testato idrostaticamente per verificarne le prestazioni di compressione e la qualit\u00e0. La parte del tubo quadrato deve essere sottoposta a prova di crimpatura, prova di espansione, prova di appiattimento e cos\u00ec via in base agli standard o ai requisiti del richiedente.<\/p>\n<p>WLD steel \u00e8 un fornitore, depositario e distributore leader di tubi quadrati in acciaio inossidabile con la massima resistenza alla corrosione e alla temperatura. Il tubo quadrato in acciaio inossidabile pu\u00f2 essere utilizzato ovunque come altre forme di acciaio inossidabile come edilizia, farmaceutica, semiconduttori, energia, petrolio e gas, militari e altre aziende commerciali e industriali. WLD steel garantisce che i tubi quadrati in acciaio inossidabile di massima qualit\u00e0 che forniamo provengono dall&#039;acciaieria leader in Cina per l&#039;uso in ambienti estremi. Vuoi acquistare tubi quadrati SS 201, 304, 316 al miglior prezzo in Cina? Contattaci ora.<\/p>\n<\/div><\/section><br \/>\n<div  class='hr hr-default'><span class='hr-inner' ><span class='hr-inner-style'><\/span><\/span><\/div><br \/>\n<div class='avia-gallery  avia-gallery-1 avia_lazyload avia_animate_when_visible'  itemprop=\"ImageObject\" itemscope=\"itemscope\" itemtype=\"https:\/\/schema.org\/ImageObject\" ><div class='avia-gallery-thumb'> <a href='https:\/\/wldstainless.com\/wp-content\/uploads\/2020\/09\/SS-suare-tube-1.jpg' data-rel='gallery-1' data-prev-img='https:\/\/wldstainless.com\/wp-content\/uploads\/2020\/09\/SS-suare-tube-1.jpg' class='first_thumb lightbox' data-onclick='1' title='304 Tubo rettangolare'  itemprop=\"thumbnailUrl\" ><img data-avia-tooltip='304 Rectangle Tube' src='https:\/\/wldstainless.com\/wp-content\/uploads\/2020\/09\/SS-suare-tube-1.jpg' width='300' height='300'  title='Tubo SS suare' alt='' \/><\/a> <a href='https:\/\/wldstainless.com\/wp-content\/uploads\/2020\/09\/304-SS-square-pipe.jpg' data-rel='gallery-1' data-prev-img='https:\/\/wldstainless.com\/wp-content\/uploads\/2020\/09\/304-SS-square-pipe.jpg' class='lightbox' data-onclick='2' title='304 Tubo quadro'  itemprop=\"thumbnailUrl\" ><img data-avia-tooltip='304 Square tube' src='https:\/\/wldstainless.com\/wp-content\/uploads\/2020\/09\/304-SS-square-pipe.jpg' width='300' height='300'  title='Tubo quadrato 304 SS' alt='' \/><\/a> <a href='https:\/\/wldstainless.com\/wp-content\/uploads\/2020\/09\/Square-Tube-2.jpg' data-rel='gallery-1' data-prev-img='https:\/\/wldstainless.com\/wp-content\/uploads\/2020\/09\/Square-Tube-2.jpg' class='lightbox' data-onclick='3' title='Tubo quadrato 316'  itemprop=\"thumbnailUrl\" ><img data-avia-tooltip='316 Square Tube' src='https:\/\/wldstainless.com\/wp-content\/uploads\/2020\/09\/Square-Tube-2.jpg' width='300' height='300'  title='Tubo quadrato' alt='' \/><\/a><\/div><\/div><br \/>\n<div  class='hr hr-default'><span class='hr-inner' ><span class='hr-inner-style'><\/span><\/span><\/div><br \/>\n<section class=\"av_textblock_section\"  itemscope=\"itemscope\" itemtype=\"https:\/\/schema.org\/CreativeWork\" ><div class='avia_textblock'   itemprop=\"text\" ><h4><strong>Specifiche del tubo industriale a forma di U SS<\/strong><\/h4>\n<table>\n<tbody>\n<tr>\n<td width=\"323\">Forme:<\/td>\n<td width=\"529\">Tubo quadrato SS<\/p>\n<p>Tubo rettangolare SS<\/td>\n<\/tr>\n<tr>\n<td width=\"323\">Materiale<\/td>\n<td width=\"529\">Acciaio inossidabile<\/p>\n<p>Acciaio inossidabile duplex<\/td>\n<\/tr>\n<tr>\n<td width=\"323\">Specifica<\/td>\n<td width=\"529\">\n<ul>\n<li>ASTM A249<\/li>\n<li>ASTM A269<\/li>\n<li>ASTM A312<\/li>\n<li>ASTM A358<\/li>\n<li>ASTM A409<\/li>\n<li>ASTM A554<\/li>\n<li>ASTM A778<\/li>\n<li>ASTM A789<\/li>\n<li>ASTM A790<\/li>\n<\/ul>\n<\/td>\n<\/tr>\n<tr>\n<td width=\"323\">Finitura superficiale<\/td>\n<td width=\"529\">Lucido, brillante, macinato, sabbiato, decapato, quadrato a specchio, rifinito al mulino<\/td>\n<\/tr>\n<tr>\n<td width=\"323\">Misurare<\/td>\n<td width=\"529\">PESO: 5 * 5 ~ 150 * 150 mm<\/p>\n<p>Diametro esterno: 0,4 ~ 6,0 mm<\/p>\n<p>Lunghezza: 6000 mm, 12000 mm +\/- 30 mm<\/td>\n<\/tr>\n<\/tbody>\n<\/table>\n<\/div><\/section><br \/>\n<div  class='hr hr-default'><span class='hr-inner' ><span class='hr-inner-style'><\/span><\/span><\/div><br \/>\n<section class=\"av_textblock_section\"  itemscope=\"itemscope\" itemtype=\"https:\/\/schema.org\/CreativeWork\" ><div class='avia_textblock'   itemprop=\"text\" ><h4>Gradi disponibili di tubi quadrati SS presso WID Steel<\/h4>\n<ul>\n<li>Acciaio inossidabile <a href=\"https:\/\/wldstainless.com\/materials\/austenitic-stainless-steel\/304-304l-stainless-steel\/\">304\/304L<\/a> Tubo quadrato<\/li>\n<li>Acciaio inossidabile <a href=\"https:\/\/wldstainless.com\/materials\/austenitic-stainless-steel\/316-316l-stainless-steel\/\">316\/316L<\/a> Tubo quadrato<\/li>\n<li>Tubo quadrato in acciaio inossidabile 309S<\/li>\n<li>Acciaio inossidabile <a href=\"https:\/\/wldstainless.com\/materials\/austenitic-stainless-steel\/321-321h-stainless-steel\/\">321\/321H<\/a> Tubo quadrato<\/li>\n<li>Acciaio inossidabile <a href=\"https:\/\/wldstainless.com\/materials\/austenitic-stainless-steel\/347-347h-stainless-steel\/\">347\/347H<\/a> Tubo quadrato<\/li>\n<li>Acciaio inossidabile <a href=\"https:\/\/wldstainless.com\/materials\/ferritic-stainless-steel\/409-409l-stainless-steel\/\">409<\/a> Tubo quadrato<\/li>\n<li>Acciaio inossidabile <a href=\"https:\/\/wldstainless.com\/materials\/austenitic-stainless-steel\/904l-stainless-steel\/\">904L<\/a> Tubo quadrato<\/li>\n<\/ul>\n<\/div><\/section><\/p><\/div>","protected":false},"excerpt":{"rendered":"","protected":false},"author":1,"featured_media":0,"parent":346,"menu_order":0,"comment_status":"closed","ping_status":"closed","template":"","meta":{"footnotes":""},"class_list":["post-1680","page","type-page","status-publish","hentry"],"aioseo_notices":[],"_links":{"self":[{"href":"https:\/\/wldstainless.com\/it\/wp-json\/wp\/v2\/pages\/1680","targetHints":{"allow":["GET"]}}],"collection":[{"href":"https:\/\/wldstainless.com\/it\/wp-json\/wp\/v2\/pages"}],"about":[{"href":"https:\/\/wldstainless.com\/it\/wp-json\/wp\/v2\/types\/page"}],"author":[{"embeddable":true,"href":"https:\/\/wldstainless.com\/it\/wp-json\/wp\/v2\/users\/1"}],"replies":[{"embeddable":true,"href":"https:\/\/wldstainless.com\/it\/wp-json\/wp\/v2\/comments?post=1680"}],"version-history":[{"count":12,"href":"https:\/\/wldstainless.com\/it\/wp-json\/wp\/v2\/pages\/1680\/revisions"}],"predecessor-version":[{"id":2059,"href":"https:\/\/wldstainless.com\/it\/wp-json\/wp\/v2\/pages\/1680\/revisions\/2059"}],"up":[{"embeddable":true,"href":"https:\/\/wldstainless.com\/it\/wp-json\/wp\/v2\/pages\/346"}],"wp:attachment":[{"href":"https:\/\/wldstainless.com\/it\/wp-json\/wp\/v2\/media?parent=1680"}],"curies":[{"name":"wp","href":"https:\/\/api.w.org\/{rel}","templated":true}]}}